{"id":5728,"date":"2021-07-13T11:33:38","date_gmt":"2021-07-13T08:33:38","guid":{"rendered":"https:\/\/portaltest.atauni.edu.tr\/bilgisayar-muhendisligi\/?page_id=5728"},"modified":"2021-08-27T15:49:46","modified_gmt":"2021-08-27T12:49:46","slug":"bolum-tanitimi","status":"publish","type":"page","link":"https:\/\/atauni.edu.tr\/ekonometri-bolumu\/bolum-tanitimi\/","title":{"rendered":"B\u00f6l\u00fcm Tan\u0131t\u0131m\u0131"},"content":{"rendered":"\t\t<div data-elementor-type=\"wp-page\" data-elementor-id=\"5728\" class=\"elementor elementor-5728\" data-elementor-post-type=\"page\">\n\t\t\t\t\t\t<section class=\"elementor-section elementor-top-section elementor-element elementor-element-730d320 elementor-section-boxed elementor-section-height-default elementor-section-height-default\" data-id=\"730d320\" data-element_type=\"section\">\n\t\t\t\t\t\t<div class=\"elementor-container elementor-column-gap-default\">\n\t\t\t\t\t<div class=\"elementor-column elementor-col-100 elementor-top-column elementor-element elementor-element-753d0860\" data-id=\"753d0860\" data-element_type=\"column\">\n\t\t\t<div class=\"elementor-widget-wrap\">\n\t\t\t\t\t\t\t<\/div>\n\t\t<\/div>\n\t\t\t\t\t<\/div>\n\t\t<\/section>\n\t\t\t\t<section class=\"elementor-section elementor-top-section elementor-element elementor-element-9be811a elementor-section-boxed elementor-section-height-default elementor-section-height-default\" data-id=\"9be811a\" data-element_type=\"section\">\n\t\t\t\t\t\t<div class=\"elementor-container elementor-column-gap-default\">\n\t\t\t\t\t<div class=\"elementor-column elementor-col-100 elementor-top-column elementor-element elementor-element-1ed847b7\" data-id=\"1ed847b7\" data-element_type=\"column\">\n\t\t\t<div class=\"elementor-widget-wrap elementor-element-populated\">\n\t\t\t\t\t\t<div class=\"elementor-element elementor-element-4ce0d07f elementor-widget elementor-widget-heading\" data-id=\"4ce0d07f\" data-element_type=\"widget\" data-widget_type=\"heading.default\">\n\t\t\t\t<div class=\"elementor-widget-container\">\n\t\t\t\t\t<h2 class=\"elementor-heading-title elementor-size-default\">B\u00f6l\u00fcm Tan\u0131t\u0131m\u0131<\/h2>\t\t\t\t<\/div>\n\t\t\t\t<\/div>\n\t\t\t\t<div class=\"elementor-element elementor-element-63260862 elementor-widget-divider--view-line elementor-widget elementor-widget-divider\" data-id=\"63260862\" data-element_type=\"widget\" data-widget_type=\"divider.default\">\n\t\t\t\t<div class=\"elementor-widget-container\">\n\t\t\t\t\t\t\t<div class=\"elementor-divider\">\n\t\t\t<span class=\"elementor-divider-separator\">\n\t\t\t\t\t\t<\/span>\n\t\t<\/div>\n\t\t\t\t\t\t<\/div>\n\t\t\t\t<\/div>\n\t\t\t\t\t<\/div>\n\t\t<\/div>\n\t\t\t\t\t<\/div>\n\t\t<\/section>\n\t\t\t\t<section class=\"elementor-section elementor-top-section elementor-element elementor-element-681db8b elementor-section-boxed elementor-section-height-default elementor-section-height-default\" data-id=\"681db8b\" data-element_type=\"section\">\n\t\t\t\t\t\t<div class=\"elementor-container elementor-column-gap-default\">\n\t\t\t\t\t<div class=\"elementor-column elementor-col-100 elementor-top-column elementor-element elementor-element-ad4dac5\" data-id=\"ad4dac5\" data-element_type=\"column\">\n\t\t\t<div class=\"elementor-widget-wrap elementor-element-populated\">\n\t\t\t\t\t\t<div class=\"elementor-element elementor-element-2f96b3d elementor-widget elementor-widget-text-editor\" data-id=\"2f96b3d\" data-element_type=\"widget\" data-widget_type=\"text-editor.default\">\n\t\t\t\t<div class=\"elementor-widget-container\">\n\t\t\t\t\t\t\t\t\t<p>Ekonometri b\u00f6l\u00fcm\u00fc, ekonomi biliminin\u91cf nicel verileri kullanarak analiz edilmesi ve yorumlanmas\u0131 amac\u0131yla kurulan bir b\u00f6l\u00fcmd\u00fcr. Bu b\u00f6l\u00fcmde \u00f6\u011frencilere ekonomik olaylar\u0131n nicel y\u00f6ntemlerle \u00e7\u00f6z\u00fcmlemesi \u00f6\u011fretildi\u011finden Ekonometri bilim dal\u0131n\u0131n temelini olu\u015fturur.<\/p>\n<p>Ekonometrinin amac\u0131, ekonomik teoriyi test etmek, ekonomik olaylar\u0131 a\u00e7\u0131klamak ve gelecekteki ekonomik geli\u015fmeleri tahmin etmektir. Ekonometri, iktisat teorisi ve istatistik ara\u00e7lar\u0131n\u0131 kullanarak ekonomik verileri analiz eder ve bu analizin sonu\u00e7lar\u0131n\u0131 ekonomik politika yap\u0131m\u0131na katk\u0131da bulunmak amac\u0131yla kullan\u0131r.<\/p>\n<p>Ekonometri b\u00f6l\u00fcm\u00fcnde verilen dersler aras\u0131nda mikroekonomi, makroekonomi, istatistik, olas\u0131l\u0131k teorisi, ekonometri, zaman serileri analizi gibi temel derslerin yan\u0131 s\u0131ra, uluslararas\u0131 ticaret, para ve bankac\u0131l\u0131k, kamu maliyesi gibi se\u00e7meli dersler de bulunur.<\/p>\n<p>Bu b\u00f6l\u00fcmde e\u011fitim alan \u00f6\u011frenciler, mezun olduktan sonra, \u00f6zel sekt\u00f6rde veya kamuda ekonomi ile ilgili konularda \u00e7al\u0131\u015fabilirler. Ayr\u0131ca, akademik kariyer yapmak isteyenler i\u00e7in y\u00fcksek lisans ve doktora programlar\u0131na ba\u015fvurabilecekleri gibi ara\u015ft\u0131rma kurumlar\u0131nda da g\u00f6rev alabilirler.<\/p>\t\t\t\t\t\t\t\t<\/div>\n\t\t\t\t<\/div>\n\t\t\t\t\t<\/div>\n\t\t<\/div>\n\t\t\t\t\t<\/div>\n\t\t<\/section>\n\t\t\t\t<\/div>\n\t\t","protected":false},"excerpt":{"rendered":"<p>Ekonometri B\u00f6l\u00fcm\u00fcm\u00fcz, \u00f6\u011frencilere ekonomi teorisini analiz etmek ve ekonomi politikalar\u0131n\u0131 de\u011ferlendirmek i\u00e7in gerekli olan istatistiksel ara\u00e7lar\u0131 ve y\u00f6ntemleri \u00f6\u011fretmeyi ama\u00e7lar. B\u00f6l\u00fcm\u00fcm\u00fczde, \u00f6\u011frenciler ekonomik verilerin toplanmas\u0131, analizi ve yorumlanmas\u0131 konular\u0131nda kapsaml\u0131 bir e\u011fitim al\u0131rlar. Ekonometri, ekonomi biliminin temel disiplinlerinden biri olarak, ekonomistlerin verileri analiz etme ve ekonomi politikalar\u0131n\u0131n etkilerini \u00f6l\u00e7me yeteneklerini geli\u015ftirmelerine yard\u0131mc\u0131 olur. B\u00f6l\u00fcm\u00fcm\u00fcz\u00fcn amac\u0131, [&hellip;]<\/p>\n","protected":false},"author":1,"featured_media":0,"parent":0,"menu_order":0,"comment_status":"closed","ping_status":"closed","template":"elementor_header_footer","meta":{"footnotes":""},"class_list":["post-5728","page","type-page","status-publish","hentry"],"_links":{"self":[{"href":"https:\/\/atauni.edu.tr\/ekonometri-bolumu\/wp-json\/wp\/v2\/pages\/5728","targetHints":{"allow":["GET"]}}],"collection":[{"href":"https:\/\/atauni.edu.tr\/ekonometri-bolumu\/wp-json\/wp\/v2\/pages"}],"about":[{"href":"https:\/\/atauni.edu.tr\/ekonometri-bolumu\/wp-json\/wp\/v2\/types\/page"}],"author":[{"embeddable":true,"href":"https:\/\/atauni.edu.tr\/ekonometri-bolumu\/wp-json\/wp\/v2\/users\/1"}],"replies":[{"embeddable":true,"href":"https:\/\/atauni.edu.tr\/ekonometri-bolumu\/wp-json\/wp\/v2\/comments?post=5728"}],"version-history":[{"count":8,"href":"https:\/\/atauni.edu.tr\/ekonometri-bolumu\/wp-json\/wp\/v2\/pages\/5728\/revisions"}],"predecessor-version":[{"id":6100,"href":"https:\/\/atauni.edu.tr\/ekonometri-bolumu\/wp-json\/wp\/v2\/pages\/5728\/revisions\/6100"}],"wp:attachment":[{"href":"https:\/\/atauni.edu.tr\/ekonometri-bolumu\/wp-json\/wp\/v2\/media?parent=5728"}],"curies":[{"name":"wp","href":"https:\/\/api.w.org\/{rel}","templated":true}]}}