{"id":6477,"date":"2025-05-15T00:06:50","date_gmt":"2025-05-14T21:06:50","guid":{"rendered":"https:\/\/birimler.atauni.edu.tr\/ekonometri-bolumu\/?page_id=6477"},"modified":"2025-05-15T00:06:50","modified_gmt":"2025-05-14T21:06:50","slug":"program-ogrenme-ciktilari","status":"publish","type":"page","link":"https:\/\/atauni.edu.tr\/ekonometri-bolumu\/program-ogrenme-ciktilari\/","title":{"rendered":"Program \u00d6\u011frenme \u00c7\u0131kt\u0131lar\u0131"},"content":{"rendered":"\n<ol class=\"wp-block-list\">\n<li>Ekonometri, iktisat ve istatistik alanlar\u0131ndaki temel kuramsal bilgileri a\u00e7\u0131klar ve bu bilgileri sosyal bilimlerin di\u011fer alanlar\u0131yla ili\u015fkilendirir.<\/li>\n\n\n\n<li>Zaman serisi, kesit, panel gibi farkl\u0131 veri yap\u0131lar\u0131 \u00fczerinde uygun istatistiksel ve ekonometrik y\u00f6ntemleri se\u00e7er, uygular ve yorumlar.<\/li>\n\n\n\n<li>Ekonomik ve sosyal problemlere y\u00f6nelik modelleme, analiz ve de\u011ferlendirme s\u00fcre\u00e7lerinde ele\u015ftirel d\u00fc\u015f\u00fcnce ve bilimsel y\u00f6ntem kullan\u0131r.<\/li>\n\n\n\n<li>\u0130statistiksel ve ekonometrik yaz\u0131l\u0131mlar\u0131 (Stata, EViews, SPSS vb.) kullanarak veri analizi yapar ve sonu\u00e7lar\u0131 raporlar.<\/li>\n\n\n\n<li>Etik de\u011ferlere uygun, ba\u011f\u0131ms\u0131z \u00e7al\u0131\u015fabilen ve toplumsal sorumluluk ta\u015f\u0131yan bir birey olarak karar alma ve uygulama s\u00fcre\u00e7lerine etkin kat\u0131l\u0131m sa\u011flar.<\/li>\n\n\n\n<li>S\u00f6zl\u00fc ve yaz\u0131l\u0131 ileti\u015fim becerilerini kullanarak \u00e7ok disiplinli ve \u00e7ok k\u00fclt\u00fcrl\u00fc ortamlarda etkili i\u015f birli\u011fi kurar; ya\u015fam boyu \u00f6\u011frenmeye a\u00e7\u0131k birey olarak mesleki geli\u015fimini s\u00fcrd\u00fcr\u00fcr.<\/li>\n<\/ol>\n","protected":false},"excerpt":{"rendered":"","protected":false},"author":511,"featured_media":0,"parent":0,"menu_order":0,"comment_status":"closed","ping_status":"closed","template":"","meta":{"footnotes":""},"class_list":["post-6477","page","type-page","status-publish","hentry"],"_links":{"self":[{"href":"https:\/\/atauni.edu.tr\/ekonometri-bolumu\/wp-json\/wp\/v2\/pages\/6477","targetHints":{"allow":["GET"]}}],"collection":[{"href":"https:\/\/atauni.edu.tr\/ekonometri-bolumu\/wp-json\/wp\/v2\/pages"}],"about":[{"href":"https:\/\/atauni.edu.tr\/ekonometri-bolumu\/wp-json\/wp\/v2\/types\/page"}],"author":[{"embeddable":true,"href":"https:\/\/atauni.edu.tr\/ekonometri-bolumu\/wp-json\/wp\/v2\/users\/511"}],"replies":[{"embeddable":true,"href":"https:\/\/atauni.edu.tr\/ekonometri-bolumu\/wp-json\/wp\/v2\/comments?post=6477"}],"version-history":[{"count":1,"href":"https:\/\/atauni.edu.tr\/ekonometri-bolumu\/wp-json\/wp\/v2\/pages\/6477\/revisions"}],"predecessor-version":[{"id":6478,"href":"https:\/\/atauni.edu.tr\/ekonometri-bolumu\/wp-json\/wp\/v2\/pages\/6477\/revisions\/6478"}],"wp:attachment":[{"href":"https:\/\/atauni.edu.tr\/ekonometri-bolumu\/wp-json\/wp\/v2\/media?parent=6477"}],"curies":[{"name":"wp","href":"https:\/\/api.w.org\/{rel}","templated":true}]}}