{"id":6481,"date":"2025-05-15T15:17:47","date_gmt":"2025-05-15T12:17:47","guid":{"rendered":"https:\/\/birimler.atauni.edu.tr\/ekonometri-bolumu\/?page_id=6481"},"modified":"2025-05-15T15:17:47","modified_gmt":"2025-05-15T12:17:47","slug":"program-egitim-amaclari","status":"publish","type":"page","link":"https:\/\/atauni.edu.tr\/ekonometri-bolumu\/program-egitim-amaclari\/","title":{"rendered":"Program E\u011fitim Ama\u00e7lar\u0131"},"content":{"rendered":"\n<ol class=\"wp-block-list\">\n<li>B\u00f6lgesel ve ulusal kalk\u0131nmaya katk\u0131 sunacak analitik d\u00fc\u015f\u00fcnen bireyler yeti\u015ftirmek<\/li>\n\n\n\n<li>Karma\u015f\u0131k problemleri \u00e7\u00f6zebilen, disiplinleraras\u0131 d\u00fc\u015f\u00fcnebilen uzmanlar yeti\u015ftirmek<\/li>\n\n\n\n<li>Yenilik\u00e7i d\u00fc\u015f\u00fcnce ve teknolojik geli\u015fmelere uyumlu kariyer profilleri olu\u015fturmak<\/li>\n\n\n\n<li>Bilimsel ara\u015ft\u0131rma ve ya\u015fam boyu \u00f6\u011frenmeye a\u00e7\u0131k bireyler kazand\u0131rmak<\/li>\n\n\n\n<li>Toplumsal sorumluluk ve etik de\u011ferlere duyarl\u0131 bireyler yeti\u015ftirmek<\/li>\n\n\n\n<li>K\u00fcresel d\u00fc\u015f\u00fcnen, etkili ileti\u015fim kurabilen ve sekt\u00f6rel ba\u011flant\u0131lar kuran bireyler yeti\u015ftirmek<\/li>\n<\/ol>\n","protected":false},"excerpt":{"rendered":"","protected":false},"author":511,"featured_media":0,"parent":0,"menu_order":0,"comment_status":"closed","ping_status":"closed","template":"","meta":{"footnotes":""},"class_list":["post-6481","page","type-page","status-publish","hentry"],"_links":{"self":[{"href":"https:\/\/atauni.edu.tr\/ekonometri-bolumu\/wp-json\/wp\/v2\/pages\/6481","targetHints":{"allow":["GET"]}}],"collection":[{"href":"https:\/\/atauni.edu.tr\/ekonometri-bolumu\/wp-json\/wp\/v2\/pages"}],"about":[{"href":"https:\/\/atauni.edu.tr\/ekonometri-bolumu\/wp-json\/wp\/v2\/types\/page"}],"author":[{"embeddable":true,"href":"https:\/\/atauni.edu.tr\/ekonometri-bolumu\/wp-json\/wp\/v2\/users\/511"}],"replies":[{"embeddable":true,"href":"https:\/\/atauni.edu.tr\/ekonometri-bolumu\/wp-json\/wp\/v2\/comments?post=6481"}],"version-history":[{"count":1,"href":"https:\/\/atauni.edu.tr\/ekonometri-bolumu\/wp-json\/wp\/v2\/pages\/6481\/revisions"}],"predecessor-version":[{"id":6482,"href":"https:\/\/atauni.edu.tr\/ekonometri-bolumu\/wp-json\/wp\/v2\/pages\/6481\/revisions\/6482"}],"wp:attachment":[{"href":"https:\/\/atauni.edu.tr\/ekonometri-bolumu\/wp-json\/wp\/v2\/media?parent=6481"}],"curies":[{"name":"wp","href":"https:\/\/api.w.org\/{rel}","templated":true}]}}