{"id":6552,"date":"2025-05-24T22:07:05","date_gmt":"2025-05-24T19:07:05","guid":{"rendered":"https:\/\/birimler.atauni.edu.tr\/ekonometri-bolumu\/?page_id=6552"},"modified":"2025-05-24T22:17:02","modified_gmt":"2025-05-24T19:17:02","slug":"tezli-lisansustu-programlari","status":"publish","type":"page","link":"https:\/\/atauni.edu.tr\/ekonometri-bolumu\/tezli-lisansustu-programlari\/","title":{"rendered":"Tezli Lisans\u00fcst\u00fc Programlar\u0131"},"content":{"rendered":"\n<p><strong>Y\u00fcksek Lisans Program<\/strong>\u0131<\/p>\n\n\n\n<ul class=\"wp-block-list\">\n<li>Ekonometri<\/li>\n<\/ul>\n\n\n\n<p><strong>Doktora Program<\/strong>\u0131<\/p>\n\n\n\n<ul class=\"wp-block-list\">\n<li>Ekonometri<\/li>\n<\/ul>\n","protected":false},"excerpt":{"rendered":"<p>Y\u00fcksek Lisans Program\u0131 Doktora Program\u0131<\/p>\n","protected":false},"author":511,"featured_media":0,"parent":0,"menu_order":0,"comment_status":"closed","ping_status":"closed","template":"","meta":{"footnotes":""},"class_list":["post-6552","page","type-page","status-publish","hentry"],"_links":{"self":[{"href":"https:\/\/atauni.edu.tr\/ekonometri-bolumu\/wp-json\/wp\/v2\/pages\/6552","targetHints":{"allow":["GET"]}}],"collection":[{"href":"https:\/\/atauni.edu.tr\/ekonometri-bolumu\/wp-json\/wp\/v2\/pages"}],"about":[{"href":"https:\/\/atauni.edu.tr\/ekonometri-bolumu\/wp-json\/wp\/v2\/types\/page"}],"author":[{"embeddable":true,"href":"https:\/\/atauni.edu.tr\/ekonometri-bolumu\/wp-json\/wp\/v2\/users\/511"}],"replies":[{"embeddable":true,"href":"https:\/\/atauni.edu.tr\/ekonometri-bolumu\/wp-json\/wp\/v2\/comments?post=6552"}],"version-history":[{"count":2,"href":"https:\/\/atauni.edu.tr\/ekonometri-bolumu\/wp-json\/wp\/v2\/pages\/6552\/revisions"}],"predecessor-version":[{"id":6556,"href":"https:\/\/atauni.edu.tr\/ekonometri-bolumu\/wp-json\/wp\/v2\/pages\/6552\/revisions\/6556"}],"wp:attachment":[{"href":"https:\/\/atauni.edu.tr\/ekonometri-bolumu\/wp-json\/wp\/v2\/media?parent=6552"}],"curies":[{"name":"wp","href":"https:\/\/api.w.org\/{rel}","templated":true}]}}