{"id":6561,"date":"2025-05-24T22:26:46","date_gmt":"2025-05-24T19:26:46","guid":{"rendered":"https:\/\/birimler.atauni.edu.tr\/ekonometri-bolumu\/?page_id=6561"},"modified":"2025-05-24T22:26:46","modified_gmt":"2025-05-24T19:26:46","slug":"lisansustu-basvuru","status":"publish","type":"page","link":"https:\/\/atauni.edu.tr\/ekonometri-bolumu\/lisansustu-basvuru\/","title":{"rendered":"Lisans\u00fcst\u00fc Ba\u015fvuru"},"content":{"rendered":"\n<p>Lisans\u00fcst\u00fc ba\u015fvuru ile iligli merak etti\u011finiz her \u015feye a\u015fa\u011f\u0131daki ba\u011flant\u0131 \u00fczerinden eri\u015febilirsiniz.<\/p>\n\n\n\n<p><a href=\"https:\/\/birimler.atauni.edu.tr\/ogrenci-isleri-daire-baskanligi\/lisansustu-programlar\/\" target=\"_blank\" rel=\"noreferrer noopener\"><strong>Lisans\u00fcst\u00fc Program Ba\u015fvuru Bilgilendirme Rehberi<\/strong><\/a><\/p>\n\n\n\n<p><\/p>\n","protected":false},"excerpt":{"rendered":"<p>Lisans\u00fcst\u00fc ba\u015fvuru ile iligli merak etti\u011finiz her \u015feye a\u015fa\u011f\u0131daki ba\u011flant\u0131 \u00fczerinden eri\u015febilirsiniz. Lisans\u00fcst\u00fc Program Ba\u015fvuru Bilgilendirme Rehberi<\/p>\n","protected":false},"author":511,"featured_media":0,"parent":0,"menu_order":0,"comment_status":"closed","ping_status":"closed","template":"","meta":{"footnotes":""},"class_list":["post-6561","page","type-page","status-publish","hentry"],"_links":{"self":[{"href":"https:\/\/atauni.edu.tr\/ekonometri-bolumu\/wp-json\/wp\/v2\/pages\/6561","targetHints":{"allow":["GET"]}}],"collection":[{"href":"https:\/\/atauni.edu.tr\/ekonometri-bolumu\/wp-json\/wp\/v2\/pages"}],"about":[{"href":"https:\/\/atauni.edu.tr\/ekonometri-bolumu\/wp-json\/wp\/v2\/types\/page"}],"author":[{"embeddable":true,"href":"https:\/\/atauni.edu.tr\/ekonometri-bolumu\/wp-json\/wp\/v2\/users\/511"}],"replies":[{"embeddable":true,"href":"https:\/\/atauni.edu.tr\/ekonometri-bolumu\/wp-json\/wp\/v2\/comments?post=6561"}],"version-history":[{"count":1,"href":"https:\/\/atauni.edu.tr\/ekonometri-bolumu\/wp-json\/wp\/v2\/pages\/6561\/revisions"}],"predecessor-version":[{"id":6562,"href":"https:\/\/atauni.edu.tr\/ekonometri-bolumu\/wp-json\/wp\/v2\/pages\/6561\/revisions\/6562"}],"wp:attachment":[{"href":"https:\/\/atauni.edu.tr\/ekonometri-bolumu\/wp-json\/wp\/v2\/media?parent=6561"}],"curies":[{"name":"wp","href":"https:\/\/api.w.org\/{rel}","templated":true}]}}