{"id":6578,"date":"2025-05-25T14:25:26","date_gmt":"2025-05-25T11:25:26","guid":{"rendered":"https:\/\/birimler.atauni.edu.tr\/ekonometri-bolumu\/?page_id=6578"},"modified":"2025-05-25T14:25:32","modified_gmt":"2025-05-25T11:25:32","slug":"mezuniyet","status":"publish","type":"page","link":"https:\/\/atauni.edu.tr\/ekonometri-bolumu\/mezuniyet\/","title":{"rendered":"Mezuniyet"},"content":{"rendered":"\n<div data-wp-interactive=\"core\/file\" class=\"wp-block-file\"><object data-wp-bind--hidden=\"!state.hasPdfPreview\" hidden class=\"wp-block-file__embed\" data=\"https:\/\/birimler.atauni.edu.tr\/ekonometri-bolumu\/wp-content\/uploads\/sites\/102\/2025\/05\/Mezuniyet-Yol-Haritasi.pdf\" type=\"application\/pdf\" style=\"width:100%;height:600px\" aria-label=\"Mezuniyet Yol Haritas\u0131 g\u00f6m\u00fcs\u00fc.\"><\/object><a id=\"wp-block-file--media-3887af55-69b8-482e-be87-9b3a785e029b\" href=\"https:\/\/birimler.atauni.edu.tr\/ekonometri-bolumu\/wp-content\/uploads\/sites\/102\/2025\/05\/Mezuniyet-Yol-Haritasi.pdf\">Mezuniyet Yol Haritas\u0131<\/a><a href=\"https:\/\/birimler.atauni.edu.tr\/ekonometri-bolumu\/wp-content\/uploads\/sites\/102\/2025\/05\/Mezuniyet-Yol-Haritasi.pdf\" class=\"wp-block-file__button wp-element-button\" download aria-describedby=\"wp-block-file--media-3887af55-69b8-482e-be87-9b3a785e029b\">\u0130ndir<\/a><\/div>\n","protected":false},"excerpt":{"rendered":"","protected":false},"author":511,"featured_media":0,"parent":0,"menu_order":0,"comment_status":"closed","ping_status":"closed","template":"","meta":{"footnotes":""},"class_list":["post-6578","page","type-page","status-publish","hentry"],"_links":{"self":[{"href":"https:\/\/atauni.edu.tr\/ekonometri-bolumu\/wp-json\/wp\/v2\/pages\/6578","targetHints":{"allow":["GET"]}}],"collection":[{"href":"https:\/\/atauni.edu.tr\/ekonometri-bolumu\/wp-json\/wp\/v2\/pages"}],"about":[{"href":"https:\/\/atauni.edu.tr\/ekonometri-bolumu\/wp-json\/wp\/v2\/types\/page"}],"author":[{"embeddable":true,"href":"https:\/\/atauni.edu.tr\/ekonometri-bolumu\/wp-json\/wp\/v2\/users\/511"}],"replies":[{"embeddable":true,"href":"https:\/\/atauni.edu.tr\/ekonometri-bolumu\/wp-json\/wp\/v2\/comments?post=6578"}],"version-history":[{"count":1,"href":"https:\/\/atauni.edu.tr\/ekonometri-bolumu\/wp-json\/wp\/v2\/pages\/6578\/revisions"}],"predecessor-version":[{"id":6580,"href":"https:\/\/atauni.edu.tr\/ekonometri-bolumu\/wp-json\/wp\/v2\/pages\/6578\/revisions\/6580"}],"wp:attachment":[{"href":"https:\/\/atauni.edu.tr\/ekonometri-bolumu\/wp-json\/wp\/v2\/media?parent=6578"}],"curies":[{"name":"wp","href":"https:\/\/api.w.org\/{rel}","templated":true}]}}