{"id":6585,"date":"2025-05-28T00:17:42","date_gmt":"2025-05-27T21:17:42","guid":{"rendered":"https:\/\/birimler.atauni.edu.tr\/ekonometri-bolumu\/?page_id=6585"},"modified":"2025-11-04T15:27:38","modified_gmt":"2025-11-04T12:27:38","slug":"akademik-danismanlik-2","status":"publish","type":"page","link":"https:\/\/atauni.edu.tr\/ekonometri-bolumu\/akademik-danismanlik-2\/","title":{"rendered":"Akademik Dan\u0131\u015fmanl\u0131k"},"content":{"rendered":"\n<p>B\u00f6l\u00fcm\u00fcm\u00fczdeki t\u00fcm \u00f6\u011frencilerimize b\u00f6l\u00fcmdeki \u00f6\u011fretim \u00fcyelerimiz taraf\u0131ndan akademik ment\u00f6rl\u00fck deste\u011fi verilerek, \u00f6\u011frencilerimizin fak\u00fclte, b\u00f6l\u00fcm, \u00fcniversite ya\u015fam\u0131 ve kariyer geli\u015fimi gibi konularda geli\u015fimlerine destek verilmesi ama\u00e7lanm\u0131\u015ft\u0131r. Bu kapsamda Akademik Dan\u0131\u015fmanl\u0131k sistemi i\u00e7erisinde \u00f6\u011fretim \u00fcyesi ve \u00f6\u011frenci e\u015fle\u015ftirmeleri sunulmu\u015ftur.&nbsp;<\/p>\n\n\n\n<div class=\"wp-block-file\"><a id=\"wp-block-file--media-7d489f5c-ba04-4922-b217-0f12e604e4a3\" href=\"https:\/\/birimler.atauni.edu.tr\/ekonometri-bolumu\/wp-content\/uploads\/sites\/102\/2025\/11\/Akademik-Danismanlik.xlsx\">Akademik-Danismanlik&#8230;.<\/a><a href=\"https:\/\/birimler.atauni.edu.tr\/ekonometri-bolumu\/wp-content\/uploads\/sites\/102\/2025\/11\/Akademik-Danismanlik.xlsx\" class=\"wp-block-file__button wp-element-button\" download aria-describedby=\"wp-block-file--media-7d489f5c-ba04-4922-b217-0f12e604e4a3\">\u0130ndir<\/a><\/div>\n","protected":false},"excerpt":{"rendered":"<p>B\u00f6l\u00fcm\u00fcm\u00fczdeki t\u00fcm \u00f6\u011frencilerimize b\u00f6l\u00fcmdeki \u00f6\u011fretim \u00fcyelerimiz taraf\u0131ndan akademik ment\u00f6rl\u00fck deste\u011fi verilerek, \u00f6\u011frencilerimizin fak\u00fclte, b\u00f6l\u00fcm, \u00fcniversite ya\u015fam\u0131 ve kariyer geli\u015fimi gibi konularda geli\u015fimlerine destek verilmesi ama\u00e7lanm\u0131\u015ft\u0131r. Bu kapsamda Akademik Dan\u0131\u015fmanl\u0131k sistemi i\u00e7erisinde \u00f6\u011fretim \u00fcyesi ve \u00f6\u011frenci e\u015fle\u015ftirmeleri sunulmu\u015ftur.&nbsp;<\/p>\n","protected":false},"author":511,"featured_media":0,"parent":0,"menu_order":0,"comment_status":"closed","ping_status":"closed","template":"","meta":{"footnotes":""},"class_list":["post-6585","page","type-page","status-publish","hentry"],"_links":{"self":[{"href":"https:\/\/atauni.edu.tr\/ekonometri-bolumu\/wp-json\/wp\/v2\/pages\/6585","targetHints":{"allow":["GET"]}}],"collection":[{"href":"https:\/\/atauni.edu.tr\/ekonometri-bolumu\/wp-json\/wp\/v2\/pages"}],"about":[{"href":"https:\/\/atauni.edu.tr\/ekonometri-bolumu\/wp-json\/wp\/v2\/types\/page"}],"author":[{"embeddable":true,"href":"https:\/\/atauni.edu.tr\/ekonometri-bolumu\/wp-json\/wp\/v2\/users\/511"}],"replies":[{"embeddable":true,"href":"https:\/\/atauni.edu.tr\/ekonometri-bolumu\/wp-json\/wp\/v2\/comments?post=6585"}],"version-history":[{"count":6,"href":"https:\/\/atauni.edu.tr\/ekonometri-bolumu\/wp-json\/wp\/v2\/pages\/6585\/revisions"}],"predecessor-version":[{"id":6734,"href":"https:\/\/atauni.edu.tr\/ekonometri-bolumu\/wp-json\/wp\/v2\/pages\/6585\/revisions\/6734"}],"wp:attachment":[{"href":"https:\/\/atauni.edu.tr\/ekonometri-bolumu\/wp-json\/wp\/v2\/media?parent=6585"}],"curies":[{"name":"wp","href":"https:\/\/api.w.org\/{rel}","templated":true}]}}