{"id":6628,"date":"2025-05-29T23:05:38","date_gmt":"2025-05-29T20:05:38","guid":{"rendered":"https:\/\/birimler.atauni.edu.tr\/ekonometri-bolumu\/?page_id=6628"},"modified":"2025-10-30T11:31:16","modified_gmt":"2025-10-30T08:31:16","slug":"kariyer-danismanligi","status":"publish","type":"page","link":"https:\/\/atauni.edu.tr\/ekonometri-bolumu\/kariyer-danismanligi\/","title":{"rendered":"Kariyer Dan\u0131\u015fmanl\u0131\u011f\u0131"},"content":{"rendered":"\n<p>Dr. \u00d6\u011fr. \u00dcyesi An\u0131l L\u00d6\u011e\u00dcN \u2013 1. s\u0131n\u0131f \u00f6\u011frencileri<\/p>\n\n\n\n<p>Dr. \u00d6\u011fr. \u00dcyesi Hasan H\u00fcseyin TEKMANLI \u2013 3 ve 4. s\u0131n\u0131f \u00f6\u011frencileri<\/p>\n\n\n\n<p>Ar\u015f. G\u00f6r. Dr. Enzel \u00d6ZGEN\u00c7 OSMANO\u011eLU \u2013 2. s\u0131n\u0131f \u00f6\u011frencileri<\/p>\n","protected":false},"excerpt":{"rendered":"<p>Dr. \u00d6\u011fr. \u00dcyesi An\u0131l L\u00d6\u011e\u00dcN \u2013 1. s\u0131n\u0131f \u00f6\u011frencileri Dr. \u00d6\u011fr. \u00dcyesi Hasan H\u00fcseyin TEKMANLI \u2013 3 ve 4. s\u0131n\u0131f \u00f6\u011frencileri Ar\u015f. G\u00f6r. Dr. Enzel \u00d6ZGEN\u00c7 OSMANO\u011eLU \u2013 2. s\u0131n\u0131f \u00f6\u011frencileri<\/p>\n","protected":false},"author":511,"featured_media":0,"parent":0,"menu_order":0,"comment_status":"closed","ping_status":"closed","template":"","meta":{"footnotes":""},"class_list":["post-6628","page","type-page","status-publish","hentry"],"_links":{"self":[{"href":"https:\/\/atauni.edu.tr\/ekonometri-bolumu\/wp-json\/wp\/v2\/pages\/6628","targetHints":{"allow":["GET"]}}],"collection":[{"href":"https:\/\/atauni.edu.tr\/ekonometri-bolumu\/wp-json\/wp\/v2\/pages"}],"about":[{"href":"https:\/\/atauni.edu.tr\/ekonometri-bolumu\/wp-json\/wp\/v2\/types\/page"}],"author":[{"embeddable":true,"href":"https:\/\/atauni.edu.tr\/ekonometri-bolumu\/wp-json\/wp\/v2\/users\/511"}],"replies":[{"embeddable":true,"href":"https:\/\/atauni.edu.tr\/ekonometri-bolumu\/wp-json\/wp\/v2\/comments?post=6628"}],"version-history":[{"count":2,"href":"https:\/\/atauni.edu.tr\/ekonometri-bolumu\/wp-json\/wp\/v2\/pages\/6628\/revisions"}],"predecessor-version":[{"id":6658,"href":"https:\/\/atauni.edu.tr\/ekonometri-bolumu\/wp-json\/wp\/v2\/pages\/6628\/revisions\/6658"}],"wp:attachment":[{"href":"https:\/\/atauni.edu.tr\/ekonometri-bolumu\/wp-json\/wp\/v2\/media?parent=6628"}],"curies":[{"name":"wp","href":"https:\/\/api.w.org\/{rel}","templated":true}]}}