{"id":6633,"date":"2025-06-26T11:09:09","date_gmt":"2025-06-26T08:09:09","guid":{"rendered":"https:\/\/birimler.atauni.edu.tr\/ekonometri-bolumu\/?page_id=6633"},"modified":"2025-07-30T14:12:17","modified_gmt":"2025-07-30T11:12:17","slug":"haberler","status":"publish","type":"page","link":"https:\/\/atauni.edu.tr\/ekonometri-bolumu\/haberler\/","title":{"rendered":"Haberler"},"content":{"rendered":"<form method=\"get\" class=\"row g-3\" style=\"margin-bottom: 20px;\"><div class=\"col-md-3\"><input type=\"text\" name=\"haber_ara\" class=\"form-control\" placeholder=\"Haber ara...\" value=\"\"><\/div><div class=\"col-md-3\"><input type=\"date\" name=\"baslangic_tarihi\" class=\"form-control\" value=\"\"><\/div><div class=\"col-md-3\"><input type=\"date\" name=\"bitis_tarihi\" class=\"form-control\" value=\"\"><\/div><div class=\"col-md-3\"><button type=\"submit\" class=\"btn btn-secondary w-50\">Filtrele<\/button><\/div><\/form><ul class=\"kategori-yazilari-liste\"><li style=\"display: flex; margin-bottom: 10px; align-items: center;\"><div class=\"post-content\" style=\"flex-grow: 1;\"><span class=\"post-date habertarih\" style=\"display: block; font-weight: bold; margin-bottom: 5px;\">18 Kas\u0131m 2025<\/span><a class=\"haberbaslik\" href=\"https:\/\/atauni.edu.tr\/ekonometri-bolumu\/2025\/11\/18\/sosyal-beseri-temel-bilimler-akreditasyon-ve-rating-dernegi-star-saha-ziyareti\/\">Sosyal Be\u015feri Temel Bilimler Akreditasyon ve Rating Derne\u011fi-STAR Saha Ziyareti<\/a><\/div><\/li><li style=\"display: flex; margin-bottom: 10px; align-items: center;\"><div class=\"post-content\" style=\"flex-grow: 1;\"><span class=\"post-date habertarih\" style=\"display: block; font-weight: bold; margin-bottom: 5px;\">30 Ekim 2025<\/span><a class=\"haberbaslik\" href=\"https:\/\/atauni.edu.tr\/ekonometri-bolumu\/2025\/10\/30\/anadolunun-zirvesindeki-kamu-hizmetlerinden-memnuniyetin-arastirilmasi-erzurum-ornegi-adli-proje-kapsaminda-anketorluk-egitimi\/\">&#8221;Anadolunun Zirvesindeki Kamu Hizmetlerinden Memnuniyetin Ara\u015ft\u0131r\u0131lmas\u0131: Erzurum \u00d6rne\u011fi &#8221;Adl\u0131 Proje Kapsam\u0131nda Anket\u00f6rl\u00fck E\u011fitimi<\/a><\/div><\/li><li style=\"display: flex; margin-bottom: 10px; align-items: center;\"><div class=\"post-content\" style=\"flex-grow: 1;\"><span class=\"post-date habertarih\" style=\"display: block; font-weight: bold; margin-bottom: 5px;\">23 Ekim 2025<\/span><a class=\"haberbaslik\" href=\"https:\/\/atauni.edu.tr\/ekonometri-bolumu\/2025\/10\/23\/bolum-akademik-kurulu-ve-akreditasyon-eylem-plani-toplantisi-2\/\">B\u00f6l\u00fcm Akademik Kurulu ve Akreditasyon Eylem Plan\u0131 Toplant\u0131s\u0131<\/a><\/div><\/li><li style=\"display: flex; margin-bottom: 10px; align-items: center;\"><div class=\"post-content\" style=\"flex-grow: 1;\"><span class=\"post-date habertarih\" style=\"display: block; font-weight: bold; margin-bottom: 5px;\">29 Temmuz 2025<\/span><a class=\"haberbaslik\" href=\"https:\/\/atauni.edu.tr\/ekonometri-bolumu\/2025\/07\/29\/dis-danisma-kurulu-uyeleri-ile-gorusme-3\/\">D\u0131\u015f Dan\u0131\u015fma Kurulu \u00dcyeleri \u0130le G\u00f6r\u00fc\u015fme<\/a><\/div><\/li><li style=\"display: flex; margin-bottom: 10px; align-items: center;\"><div class=\"post-content\" style=\"flex-grow: 1;\"><span class=\"post-date habertarih\" style=\"display: block; font-weight: bold; margin-bottom: 5px;\">13 May\u0131s 2025<\/span><a class=\"haberbaslik\" href=\"https:\/\/atauni.edu.tr\/ekonometri-bolumu\/2025\/05\/13\/dis-danisma-kurulu-uyeleri-ile-gorusme-2\/\">D\u0131\u015f Dan\u0131\u015fma Kurulu \u00dcyeleri \u0130le G\u00f6r\u00fc\u015fme<\/a><\/div><\/li><li style=\"display: flex; margin-bottom: 10px; align-items: center;\"><div class=\"post-content\" style=\"flex-grow: 1;\"><span class=\"post-date habertarih\" style=\"display: block; font-weight: bold; margin-bottom: 5px;\">13 May\u0131s 2025<\/span><a class=\"haberbaslik\" href=\"https:\/\/atauni.edu.tr\/ekonometri-bolumu\/2025\/05\/13\/dis-danisma-kurulu-uyeleri-ile-gorusme\/\">D\u0131\u015f Dan\u0131\u015fma Kurulu \u00dcyeleri \u0130le G\u00f6r\u00fc\u015fme<\/a><\/div><\/li><li style=\"display: flex; margin-bottom: 10px; align-items: center;\"><div class=\"post-content\" style=\"flex-grow: 1;\"><span class=\"post-date habertarih\" style=\"display: block; font-weight: bold; margin-bottom: 5px;\">13 May\u0131s 2025<\/span><a class=\"haberbaslik\" href=\"https:\/\/atauni.edu.tr\/ekonometri-bolumu\/2025\/05\/13\/bolum-akademik-genel-kurulu-toplantisi\/\">B\u00f6l\u00fcm Akademik Genel Kurulu Toplant\u0131s\u0131<\/a><\/div><\/li><li style=\"display: flex; margin-bottom: 10px; align-items: center;\"><div class=\"post-content\" style=\"flex-grow: 1;\"><span class=\"post-date habertarih\" style=\"display: block; font-weight: bold; margin-bottom: 5px;\">13 May\u0131s 2025<\/span><a class=\"haberbaslik\" href=\"https:\/\/atauni.edu.tr\/ekonometri-bolumu\/2025\/05\/13\/bolum-akademik-kurulu-ve-akreditasyon-eylem-plani-toplantisi\/\">B\u00f6l\u00fcm Akademik Kurulu ve Akreditasyon Eylem Plan\u0131 Toplant\u0131s\u0131<\/a><\/div><\/li><\/ul>\n\n\n\n<p><\/p>\n","protected":false},"excerpt":{"rendered":"","protected":false},"author":8,"featured_media":0,"parent":0,"menu_order":0,"comment_status":"closed","ping_status":"closed","template":"","meta":{"footnotes":""},"class_list":["post-6633","page","type-page","status-publish","hentry"],"_links":{"self":[{"href":"https:\/\/atauni.edu.tr\/ekonometri-bolumu\/wp-json\/wp\/v2\/pages\/6633","targetHints":{"allow":["GET"]}}],"collection":[{"href":"https:\/\/atauni.edu.tr\/ekonometri-bolumu\/wp-json\/wp\/v2\/pages"}],"about":[{"href":"https:\/\/atauni.edu.tr\/ekonometri-bolumu\/wp-json\/wp\/v2\/types\/page"}],"author":[{"embeddable":true,"href":"https:\/\/atauni.edu.tr\/ekonometri-bolumu\/wp-json\/wp\/v2\/users\/8"}],"replies":[{"embeddable":true,"href":"https:\/\/atauni.edu.tr\/ekonometri-bolumu\/wp-json\/wp\/v2\/comments?post=6633"}],"version-history":[{"count":2,"href":"https:\/\/atauni.edu.tr\/ekonometri-bolumu\/wp-json\/wp\/v2\/pages\/6633\/revisions"}],"predecessor-version":[{"id":6643,"href":"https:\/\/atauni.edu.tr\/ekonometri-bolumu\/wp-json\/wp\/v2\/pages\/6633\/revisions\/6643"}],"wp:attachment":[{"href":"https:\/\/atauni.edu.tr\/ekonometri-bolumu\/wp-json\/wp\/v2\/media?parent=6633"}],"curies":[{"name":"wp","href":"https:\/\/api.w.org\/{rel}","templated":true}]}}