{"id":6665,"date":"2025-10-30T14:00:58","date_gmt":"2025-10-30T11:00:58","guid":{"rendered":"https:\/\/birimler.atauni.edu.tr\/ekonometri-bolumu\/?page_id=6665"},"modified":"2025-11-07T11:35:13","modified_gmt":"2025-11-07T08:35:13","slug":"degisim-programlari","status":"publish","type":"page","link":"https:\/\/atauni.edu.tr\/ekonometri-bolumu\/degisim-programlari\/","title":{"rendered":"De\u011fi\u015fim Programlar\u0131"},"content":{"rendered":"\n<p>\u00dcniversitemizde Rekt\u00f6rl\u00fck b\u00fcnyesinde D\u0131\u015f \u0130li\u015fkiler Ofisi taraf\u0131ndan uluslararas\u0131 de\u011fi\u015fim programlar\u0131 ba\u015far\u0131l\u0131 bir \u015fekilde y\u00fcr\u00fct\u00fclmektedir. B\u00f6l\u00fcm d\u00fczeyinde ise g\u00f6revlendirilmi\u015f de\u011fi\u015fim programlar\u0131 koordinat\u00f6r\u00fc bulunmaktad\u0131r. B\u00f6l\u00fcm\u00fcm\u00fcz \u00f6\u011frencilerinden istekli olanlar, Atat\u00fcrk \u00dcniversitesinin d\u00e2hil oldu\u011fu Erasmus+, Mevlana, Farabi, EVS(AGH), Orhun ve PAX \u00f6\u011frenci de\u011fi\u015fim programlar\u0131ndan gerekli \u015fartlar\u0131 sa\u011flad\u0131klar\u0131 takdirde faydalanabilmektedirler. Birinci s\u0131n\u0131fa ba\u015flayan \u00f6\u011frencilere Atat\u00fcrk \u00dcniversitesinin d\u00e2hil oldu\u011fu de\u011fi\u015fim programlar\u0131 ile ilgili birinci d\u00f6nemin ba\u015flar\u0131nda tan\u0131t\u0131m programlar\u0131 yap\u0131larak \u00f6\u011frencilerin elde edecekleri kazan\u0131mlar anlat\u0131l\u0131r ve \u00f6\u011frenciler yap\u0131lan sunumlarla motive edilmeye \u00e7al\u0131\u015f\u0131l\u0131r. Ayr\u0131ca istekli \u00f6\u011frenciler tespit edilerek b\u00f6l\u00fcm de\u011fi\u015fim programlar\u0131 koordinat\u00f6r\u00fc arac\u0131l\u0131\u011f\u0131yla detayl\u0131 bilgiler verilir. De\u011fi\u015fim programlar\u0131n\u0131n tan\u0131t\u0131m\u0131 ve \u00f6\u011frencilerin konu hakk\u0131nda fark\u0131ndal\u0131klar\u0131n\u0131 y\u00fckseltmek maksad\u0131yla d\u00f6nem i\u00e7inde D\u0131\u015f \u0130li\u015fkiler Ofisi b\u00fcnyesinde gerek \u00f6\u011frenci gerekse de \u00f6\u011fretim elamanlar\u0131ndan y\u00fcksek kat\u0131l\u0131ml\u0131 bilgilendirme, tan\u0131t\u0131m ve oryantasyon etkinli\u011fi d\u00fczenlenmektedir. Bu toplant\u0131lara kat\u0131l\u0131m noktas\u0131nda B\u00f6l\u00fcm De\u011fi\u015fim Programlar\u0131 koordinat\u00f6r\u00fcm\u00fcz \u00f6\u011frencileri ve \u00f6\u011fretim elamanlar\u0131n\u0131 bilgilendirmektedir.&nbsp;<\/p>\n\n\n\n<p>Ekonometri B\u00f6l\u00fcm\u00fc (Lisans\/Y\u00fcksek Lisans\/Doktora) de\u011fi\u015fim programlar\u0131 (Erasmus+\/Mevlana\/Farabi) b\u00f6l\u00fcm koordinat\u00f6r\u00fcm\u00fcz Dr. \u00d6\u011fr. \u00dcyesi An\u0131l L\u00d6\u011e\u00dcN olup konu ile ilgili detayl\u0131 bilgiyi kendisinden alabilirsiniz.<\/p>\n\n\n\n<p>(Ana Bina 2. Kat No:231)<\/p>\n\n\n\n<p>De\u011fi\u015fim programlar\u0131 hakk\u0131nda daha detayl\u0131 bilgi alabilmek i\u00e7in Atat\u00fcrk \u00dcniversitesi D\u0131\u015f \u0130li\u015fkiler Ofisi sitesinden yararlanabilirsiniz. <a href=\"https:\/\/birimler.atauni.edu.tr\/dis-iliskiler-ofisi\/\">https:\/\/birimler.atauni.edu.tr\/dis-iliskiler-ofisi\/<\/a><\/p>\n","protected":false},"excerpt":{"rendered":"<p>\u00dcniversitemizde Rekt\u00f6rl\u00fck b\u00fcnyesinde D\u0131\u015f \u0130li\u015fkiler Ofisi taraf\u0131ndan uluslararas\u0131 de\u011fi\u015fim programlar\u0131 ba\u015far\u0131l\u0131 bir \u015fekilde y\u00fcr\u00fct\u00fclmektedir. B\u00f6l\u00fcm d\u00fczeyinde ise g\u00f6revlendirilmi\u015f de\u011fi\u015fim programlar\u0131 koordinat\u00f6r\u00fc bulunmaktad\u0131r. B\u00f6l\u00fcm\u00fcm\u00fcz \u00f6\u011frencilerinden istekli olanlar, Atat\u00fcrk \u00dcniversitesinin d\u00e2hil oldu\u011fu Erasmus+, Mevlana, Farabi, EVS(AGH), Orhun ve PAX \u00f6\u011frenci de\u011fi\u015fim programlar\u0131ndan gerekli \u015fartlar\u0131 sa\u011flad\u0131klar\u0131 takdirde faydalanabilmektedirler. Birinci s\u0131n\u0131fa ba\u015flayan \u00f6\u011frencilere Atat\u00fcrk \u00dcniversitesinin d\u00e2hil oldu\u011fu de\u011fi\u015fim programlar\u0131 [&hellip;]<\/p>\n","protected":false},"author":511,"featured_media":0,"parent":0,"menu_order":0,"comment_status":"closed","ping_status":"closed","template":"","meta":{"footnotes":""},"class_list":["post-6665","page","type-page","status-publish","hentry"],"_links":{"self":[{"href":"https:\/\/atauni.edu.tr\/ekonometri-bolumu\/wp-json\/wp\/v2\/pages\/6665","targetHints":{"allow":["GET"]}}],"collection":[{"href":"https:\/\/atauni.edu.tr\/ekonometri-bolumu\/wp-json\/wp\/v2\/pages"}],"about":[{"href":"https:\/\/atauni.edu.tr\/ekonometri-bolumu\/wp-json\/wp\/v2\/types\/page"}],"author":[{"embeddable":true,"href":"https:\/\/atauni.edu.tr\/ekonometri-bolumu\/wp-json\/wp\/v2\/users\/511"}],"replies":[{"embeddable":true,"href":"https:\/\/atauni.edu.tr\/ekonometri-bolumu\/wp-json\/wp\/v2\/comments?post=6665"}],"version-history":[{"count":2,"href":"https:\/\/atauni.edu.tr\/ekonometri-bolumu\/wp-json\/wp\/v2\/pages\/6665\/revisions"}],"predecessor-version":[{"id":6746,"href":"https:\/\/atauni.edu.tr\/ekonometri-bolumu\/wp-json\/wp\/v2\/pages\/6665\/revisions\/6746"}],"wp:attachment":[{"href":"https:\/\/atauni.edu.tr\/ekonometri-bolumu\/wp-json\/wp\/v2\/media?parent=6665"}],"curies":[{"name":"wp","href":"https:\/\/api.w.org\/{rel}","templated":true}]}}