{"id":6707,"date":"2025-11-03T22:15:08","date_gmt":"2025-11-03T19:15:08","guid":{"rendered":"https:\/\/birimler.atauni.edu.tr\/ekonometri-bolumu\/?page_id=6707"},"modified":"2025-11-16T13:30:18","modified_gmt":"2025-11-16T10:30:18","slug":"ogrenci-kulupleri","status":"publish","type":"page","link":"https:\/\/atauni.edu.tr\/ekonometri-bolumu\/ogrenci-kulupleri\/","title":{"rendered":"\u00d6\u011frenci Kul\u00fcpleri"},"content":{"rendered":"\n<p>B\u00f6l\u00fcm\u00fcm\u00fcz b\u00fcnyesinde faaliyetlerini s\u00fcrd\u00fcrmekte olan\u00a0<strong>\u201c\u0130KT\u0130SAD\u0130 V\u0130ZYON KUL\u00dcB\u00dc\u201d<\/strong>\u00a0fak\u00fcltemizin aktif \u00f6\u011frenci topluluklar\u0131ndan birisidir. Kuruldu\u011fu g\u00fcnden bu yana kul\u00fcp dan\u0131\u015fman hocam\u0131z Dr. \u00d6\u011fr. \u00dcyesi G\u00f6khan ERKAL \u00f6nc\u00fcl\u00fc\u011f\u00fcnde akran toplant\u0131lar\u0131, akademik ve k\u00fclt\u00fcrel geziler, kariyer ve tan\u0131t\u0131m toplant\u0131lar\u0131 vs. gibi bir\u00e7ok etkinlik ger\u00e7ekle\u015ftiren kul\u00fcb\u00fcm\u00fcz\u00fcn aktif olarak 103 \u00fcyesi bulunmaktad\u0131r. Kul\u00fcp faaliyetleri ile ilgili detayl\u0131 bilgiler i\u00e7in kul\u00fcb\u00fcm\u00fcz sosyal medya hesab\u0131n\u0131 (instagram: @atauniiktisadivizyon) takip edebilirsiniz.\u00a0<\/p>\n\n\n\n<figure class=\"wp-block-image size-large\"><img fetchpriority=\"high\" decoding=\"async\" width=\"1012\" height=\"1024\" src=\"https:\/\/birimler.atauni.edu.tr\/ekonometri-bolumu\/wp-content\/uploads\/sites\/102\/2025\/11\/WhatsApp-Image-2025-11-03-at-12.04.28-2-1012x1024.jpeg\" alt=\"\" class=\"wp-image-6708\" srcset=\"https:\/\/atauni.edu.tr\/ekonometri-bolumu\/wp-content\/uploads\/sites\/102\/2025\/11\/WhatsApp-Image-2025-11-03-at-12.04.28-2-1012x1024.jpeg 1012w, https:\/\/atauni.edu.tr\/ekonometri-bolumu\/wp-content\/uploads\/sites\/102\/2025\/11\/WhatsApp-Image-2025-11-03-at-12.04.28-2-296x300.jpeg 296w, https:\/\/atauni.edu.tr\/ekonometri-bolumu\/wp-content\/uploads\/sites\/102\/2025\/11\/WhatsApp-Image-2025-11-03-at-12.04.28-2-768x777.jpeg 768w, https:\/\/atauni.edu.tr\/ekonometri-bolumu\/wp-content\/uploads\/sites\/102\/2025\/11\/WhatsApp-Image-2025-11-03-at-12.04.28-2-593x600.jpeg 593w, https:\/\/atauni.edu.tr\/ekonometri-bolumu\/wp-content\/uploads\/sites\/102\/2025\/11\/WhatsApp-Image-2025-11-03-at-12.04.28-2-553x560.jpeg 553w, https:\/\/atauni.edu.tr\/ekonometri-bolumu\/wp-content\/uploads\/sites\/102\/2025\/11\/WhatsApp-Image-2025-11-03-at-12.04.28-2.jpeg 1080w\" sizes=\"(max-width: 1012px) 100vw, 1012px\" \/><\/figure>\n\n\n\n<figure class=\"wp-block-image size-large\"><img decoding=\"async\" width=\"999\" height=\"1024\" src=\"https:\/\/birimler.atauni.edu.tr\/ekonometri-bolumu\/wp-content\/uploads\/sites\/102\/2025\/11\/WhatsApp-Image-2025-11-03-at-12.04.28-1-1-999x1024.jpeg\" alt=\"\" class=\"wp-image-6709\" srcset=\"https:\/\/atauni.edu.tr\/ekonometri-bolumu\/wp-content\/uploads\/sites\/102\/2025\/11\/WhatsApp-Image-2025-11-03-at-12.04.28-1-1-999x1024.jpeg 999w, https:\/\/atauni.edu.tr\/ekonometri-bolumu\/wp-content\/uploads\/sites\/102\/2025\/11\/WhatsApp-Image-2025-11-03-at-12.04.28-1-1-293x300.jpeg 293w, https:\/\/atauni.edu.tr\/ekonometri-bolumu\/wp-content\/uploads\/sites\/102\/2025\/11\/WhatsApp-Image-2025-11-03-at-12.04.28-1-1-768x787.jpeg 768w, https:\/\/atauni.edu.tr\/ekonometri-bolumu\/wp-content\/uploads\/sites\/102\/2025\/11\/WhatsApp-Image-2025-11-03-at-12.04.28-1-1-585x600.jpeg 585w, https:\/\/atauni.edu.tr\/ekonometri-bolumu\/wp-content\/uploads\/sites\/102\/2025\/11\/WhatsApp-Image-2025-11-03-at-12.04.28-1-1-546x560.jpeg 546w, https:\/\/atauni.edu.tr\/ekonometri-bolumu\/wp-content\/uploads\/sites\/102\/2025\/11\/WhatsApp-Image-2025-11-03-at-12.04.28-1-1.jpeg 1080w\" sizes=\"(max-width: 999px) 100vw, 999px\" \/><\/figure>\n\n\n\n<figure class=\"wp-block-image size-large\"><img decoding=\"async\" width=\"1024\" height=\"671\" src=\"https:\/\/birimler.atauni.edu.tr\/ekonometri-bolumu\/wp-content\/uploads\/sites\/102\/2025\/11\/WhatsApp-Image-2025-11-03-at-12.04.29-1-1024x671.jpeg\" alt=\"\" class=\"wp-image-6710\" srcset=\"https:\/\/atauni.edu.tr\/ekonometri-bolumu\/wp-content\/uploads\/sites\/102\/2025\/11\/WhatsApp-Image-2025-11-03-at-12.04.29-1-1024x671.jpeg 1024w, https:\/\/atauni.edu.tr\/ekonometri-bolumu\/wp-content\/uploads\/sites\/102\/2025\/11\/WhatsApp-Image-2025-11-03-at-12.04.29-1-300x197.jpeg 300w, https:\/\/atauni.edu.tr\/ekonometri-bolumu\/wp-content\/uploads\/sites\/102\/2025\/11\/WhatsApp-Image-2025-11-03-at-12.04.29-1-768x503.jpeg 768w, https:\/\/atauni.edu.tr\/ekonometri-bolumu\/wp-content\/uploads\/sites\/102\/2025\/11\/WhatsApp-Image-2025-11-03-at-12.04.29-1-600x393.jpeg 600w, https:\/\/atauni.edu.tr\/ekonometri-bolumu\/wp-content\/uploads\/sites\/102\/2025\/11\/WhatsApp-Image-2025-11-03-at-12.04.29-1-560x367.jpeg 560w, https:\/\/atauni.edu.tr\/ekonometri-bolumu\/wp-content\/uploads\/sites\/102\/2025\/11\/WhatsApp-Image-2025-11-03-at-12.04.29-1.jpeg 1080w\" sizes=\"(max-width: 1024px) 100vw, 1024px\" \/><\/figure>\n\n\n\n<figure class=\"wp-block-image size-large\"><img loading=\"lazy\" decoding=\"async\" width=\"1024\" height=\"768\" src=\"https:\/\/birimler.atauni.edu.tr\/ekonometri-bolumu\/wp-content\/uploads\/sites\/102\/2025\/11\/WhatsApp-Image-2025-11-03-at-11.59.11-2-1024x768.jpeg\" alt=\"\" class=\"wp-image-6711\" srcset=\"https:\/\/atauni.edu.tr\/ekonometri-bolumu\/wp-content\/uploads\/sites\/102\/2025\/11\/WhatsApp-Image-2025-11-03-at-11.59.11-2-1024x768.jpeg 1024w, https:\/\/atauni.edu.tr\/ekonometri-bolumu\/wp-content\/uploads\/sites\/102\/2025\/11\/WhatsApp-Image-2025-11-03-at-11.59.11-2-300x225.jpeg 300w, https:\/\/atauni.edu.tr\/ekonometri-bolumu\/wp-content\/uploads\/sites\/102\/2025\/11\/WhatsApp-Image-2025-11-03-at-11.59.11-2-768x576.jpeg 768w, https:\/\/atauni.edu.tr\/ekonometri-bolumu\/wp-content\/uploads\/sites\/102\/2025\/11\/WhatsApp-Image-2025-11-03-at-11.59.11-2-1536x1152.jpeg 1536w, https:\/\/atauni.edu.tr\/ekonometri-bolumu\/wp-content\/uploads\/sites\/102\/2025\/11\/WhatsApp-Image-2025-11-03-at-11.59.11-2-600x450.jpeg 600w, https:\/\/atauni.edu.tr\/ekonometri-bolumu\/wp-content\/uploads\/sites\/102\/2025\/11\/WhatsApp-Image-2025-11-03-at-11.59.11-2-560x420.jpeg 560w, https:\/\/atauni.edu.tr\/ekonometri-bolumu\/wp-content\/uploads\/sites\/102\/2025\/11\/WhatsApp-Image-2025-11-03-at-11.59.11-2.jpeg 1600w\" sizes=\"(max-width: 1024px) 100vw, 1024px\" \/><\/figure>\n\n\n\n<figure class=\"wp-block-image size-large\"><img loading=\"lazy\" decoding=\"async\" width=\"1024\" height=\"768\" src=\"https:\/\/birimler.atauni.edu.tr\/ekonometri-bolumu\/wp-content\/uploads\/sites\/102\/2025\/11\/WhatsApp-Image-2025-11-03-at-11.59.11-1-1-1024x768.jpeg\" alt=\"\" class=\"wp-image-6712\" srcset=\"https:\/\/atauni.edu.tr\/ekonometri-bolumu\/wp-content\/uploads\/sites\/102\/2025\/11\/WhatsApp-Image-2025-11-03-at-11.59.11-1-1-1024x768.jpeg 1024w, https:\/\/atauni.edu.tr\/ekonometri-bolumu\/wp-content\/uploads\/sites\/102\/2025\/11\/WhatsApp-Image-2025-11-03-at-11.59.11-1-1-300x225.jpeg 300w, https:\/\/atauni.edu.tr\/ekonometri-bolumu\/wp-content\/uploads\/sites\/102\/2025\/11\/WhatsApp-Image-2025-11-03-at-11.59.11-1-1-768x576.jpeg 768w, https:\/\/atauni.edu.tr\/ekonometri-bolumu\/wp-content\/uploads\/sites\/102\/2025\/11\/WhatsApp-Image-2025-11-03-at-11.59.11-1-1-1536x1152.jpeg 1536w, https:\/\/atauni.edu.tr\/ekonometri-bolumu\/wp-content\/uploads\/sites\/102\/2025\/11\/WhatsApp-Image-2025-11-03-at-11.59.11-1-1-600x450.jpeg 600w, https:\/\/atauni.edu.tr\/ekonometri-bolumu\/wp-content\/uploads\/sites\/102\/2025\/11\/WhatsApp-Image-2025-11-03-at-11.59.11-1-1-560x420.jpeg 560w, https:\/\/atauni.edu.tr\/ekonometri-bolumu\/wp-content\/uploads\/sites\/102\/2025\/11\/WhatsApp-Image-2025-11-03-at-11.59.11-1-1.jpeg 2048w\" sizes=\"(max-width: 1024px) 100vw, 1024px\" \/><\/figure>\n","protected":false},"excerpt":{"rendered":"<p>B\u00f6l\u00fcm\u00fcm\u00fcz b\u00fcnyesinde faaliyetlerini s\u00fcrd\u00fcrmekte olan\u00a0\u201c\u0130KT\u0130SAD\u0130 V\u0130ZYON KUL\u00dcB\u00dc\u201d\u00a0fak\u00fcltemizin aktif \u00f6\u011frenci topluluklar\u0131ndan birisidir. Kuruldu\u011fu g\u00fcnden bu yana kul\u00fcp dan\u0131\u015fman hocam\u0131z Dr. \u00d6\u011fr. \u00dcyesi G\u00f6khan ERKAL \u00f6nc\u00fcl\u00fc\u011f\u00fcnde akran toplant\u0131lar\u0131, akademik ve k\u00fclt\u00fcrel geziler, kariyer ve tan\u0131t\u0131m toplant\u0131lar\u0131 vs. gibi bir\u00e7ok etkinlik ger\u00e7ekle\u015ftiren kul\u00fcb\u00fcm\u00fcz\u00fcn aktif olarak 103 \u00fcyesi bulunmaktad\u0131r. Kul\u00fcp faaliyetleri ile ilgili detayl\u0131 bilgiler i\u00e7in kul\u00fcb\u00fcm\u00fcz sosyal medya [&hellip;]<\/p>\n","protected":false},"author":511,"featured_media":0,"parent":0,"menu_order":0,"comment_status":"closed","ping_status":"closed","template":"","meta":{"footnotes":""},"class_list":["post-6707","page","type-page","status-publish","hentry"],"_links":{"self":[{"href":"https:\/\/atauni.edu.tr\/ekonometri-bolumu\/wp-json\/wp\/v2\/pages\/6707","targetHints":{"allow":["GET"]}}],"collection":[{"href":"https:\/\/atauni.edu.tr\/ekonometri-bolumu\/wp-json\/wp\/v2\/pages"}],"about":[{"href":"https:\/\/atauni.edu.tr\/ekonometri-bolumu\/wp-json\/wp\/v2\/types\/page"}],"author":[{"embeddable":true,"href":"https:\/\/atauni.edu.tr\/ekonometri-bolumu\/wp-json\/wp\/v2\/users\/511"}],"replies":[{"embeddable":true,"href":"https:\/\/atauni.edu.tr\/ekonometri-bolumu\/wp-json\/wp\/v2\/comments?post=6707"}],"version-history":[{"count":2,"href":"https:\/\/atauni.edu.tr\/ekonometri-bolumu\/wp-json\/wp\/v2\/pages\/6707\/revisions"}],"predecessor-version":[{"id":6791,"href":"https:\/\/atauni.edu.tr\/ekonometri-bolumu\/wp-json\/wp\/v2\/pages\/6707\/revisions\/6791"}],"wp:attachment":[{"href":"https:\/\/atauni.edu.tr\/ekonometri-bolumu\/wp-json\/wp\/v2\/media?parent=6707"}],"curies":[{"name":"wp","href":"https:\/\/api.w.org\/{rel}","templated":true}]}}