{"id":5638,"date":"2021-07-13T09:49:25","date_gmt":"2021-07-13T06:49:25","guid":{"rendered":"https:\/\/portaltest.atauni.edu.tr\/bilgisayar-muhendisligi\/?page_id=5638"},"modified":"2021-11-23T10:30:51","modified_gmt":"2021-11-23T07:30:51","slug":"tarihce","status":"publish","type":"page","link":"https:\/\/atauni.edu.tr\/elektrik-elektronik-muhendisligi\/tarihce\/","title":{"rendered":"Tarih\u00e7e"},"content":{"rendered":"\t\t<div data-elementor-type=\"wp-page\" data-elementor-id=\"5638\" class=\"elementor elementor-5638\" data-elementor-post-type=\"page\">\n\t\t\t\t\t\t<section class=\"elementor-section elementor-top-section elementor-element elementor-element-730d320 elementor-section-boxed elementor-section-height-default elementor-section-height-default\" data-id=\"730d320\" data-element_type=\"section\">\n\t\t\t\t\t\t<div class=\"elementor-container elementor-column-gap-default\">\n\t\t\t\t\t<div class=\"elementor-column elementor-col-100 elementor-top-column elementor-element elementor-element-753d0860\" data-id=\"753d0860\" data-element_type=\"column\">\n\t\t\t<div class=\"elementor-widget-wrap\">\n\t\t\t\t\t\t\t<\/div>\n\t\t<\/div>\n\t\t\t\t\t<\/div>\n\t\t<\/section>\n\t\t\t\t<section class=\"elementor-section elementor-top-section elementor-element elementor-element-9be811a elementor-section-boxed elementor-section-height-default elementor-section-height-default\" data-id=\"9be811a\" data-element_type=\"section\">\n\t\t\t\t\t\t<div class=\"elementor-container elementor-column-gap-default\">\n\t\t\t\t\t<div class=\"elementor-column elementor-col-100 elementor-top-column elementor-element elementor-element-1ed847b7\" data-id=\"1ed847b7\" data-element_type=\"column\">\n\t\t\t<div class=\"elementor-widget-wrap elementor-element-populated\">\n\t\t\t\t\t\t<div class=\"elementor-element elementor-element-4ce0d07f elementor-widget elementor-widget-heading\" data-id=\"4ce0d07f\" data-element_type=\"widget\" data-widget_type=\"heading.default\">\n\t\t\t\t<div class=\"elementor-widget-container\">\n\t\t\t\t\t<h2 class=\"elementor-heading-title elementor-size-default\">Tarih\u00e7e<\/h2>\t\t\t\t<\/div>\n\t\t\t\t<\/div>\n\t\t\t\t<div class=\"elementor-element elementor-element-63260862 elementor-widget-divider--view-line elementor-widget elementor-widget-divider\" data-id=\"63260862\" data-element_type=\"widget\" data-widget_type=\"divider.default\">\n\t\t\t\t<div class=\"elementor-widget-container\">\n\t\t\t\t\t\t\t<div class=\"elementor-divider\">\n\t\t\t<span class=\"elementor-divider-separator\">\n\t\t\t\t\t\t<\/span>\n\t\t<\/div>\n\t\t\t\t\t\t<\/div>\n\t\t\t\t<\/div>\n\t\t\t\t\t<\/div>\n\t\t<\/div>\n\t\t\t\t\t<\/div>\n\t\t<\/section>\n\t\t\t\t<section class=\"elementor-section elementor-top-section elementor-element elementor-element-681db8b elementor-section-boxed elementor-section-height-default elementor-section-height-default\" data-id=\"681db8b\" data-element_type=\"section\">\n\t\t\t\t\t\t<div class=\"elementor-container elementor-column-gap-default\">\n\t\t\t\t\t<div class=\"elementor-column elementor-col-100 elementor-top-column elementor-element elementor-element-ad4dac5\" data-id=\"ad4dac5\" data-element_type=\"column\">\n\t\t\t<div class=\"elementor-widget-wrap elementor-element-populated\">\n\t\t\t\t\t\t<div class=\"elementor-element elementor-element-2f96b3d elementor-widget elementor-widget-text-editor\" data-id=\"2f96b3d\" data-element_type=\"widget\" data-widget_type=\"text-editor.default\">\n\t\t\t\t<div class=\"elementor-widget-container\">\n\t\t\t\t\t\t\t\t\t<p>Atat\u00fcrk \u00dcniversitesi M\u00fchendislik Fak\u00fcltesi b\u00fcnyesinde 1992 y\u0131l\u0131nda Elektronik ve Haberle\u015fme M\u00fchendisli\u011fi ad\u0131 ile kurulmu\u015ftur. 2000 y\u0131l\u0131na kadar b\u00fcnyesine dahil etti\u011fi akademik elemanlar\u0131 yurtd\u0131\u015f\u0131nda ve yurti\u00e7inde \u00fcniversitelere g\u00f6ndererek lisans\u00fcst\u00fc e\u011fitim almalar\u0131 sa\u011flanm\u0131\u015ft\u0131r. 2004 y\u0131l\u0131nda Elektrik ve Elektronik M\u00fchendisli\u011fi B\u00f6l\u00fcm\u00fcne d\u00f6n\u00fc\u015ft\u00fcr\u00fclen birimde, &#8211; Kontrol ve Kumanda Sistemleri &#8211; Elektrik Tesisleri &#8211; Elektrik Makinalar\u0131 &#8211; Haberle\u015fme &#8211; Devreler ve Sistemler Teorisi &#8211; Elektromanyetik Alanlar ve Mikrodalga Tekni\u011fi &#8211; Elektronik olmak \u00fczere yedi Anabilim Dal\u0131 bulunmaktad\u0131r. 2004-2005 \u00f6\u011fretim y\u0131l\u0131ndan 30 \u00f6\u011frenci ile lisans e\u011fitimine ba\u015flam\u0131\u015ft\u0131r. Elektrik-Elektronik M\u00fchendisli\u011fi B\u00f6l\u00fcm\u00fcnde Y\u00fcksek Lisans ve Doktora programlar\u0131na da \u00f6\u011frenci kabul edilmektedir.<\/p>\t\t\t\t\t\t\t\t<\/div>\n\t\t\t\t<\/div>\n\t\t\t\t\t<\/div>\n\t\t<\/div>\n\t\t\t\t\t<\/div>\n\t\t<\/section>\n\t\t\t\t<\/div>\n\t\t","protected":false},"excerpt":{"rendered":"<p>Tarih\u00e7e Atat\u00fcrk \u00dcniversitesi M\u00fchendislik Fak\u00fcltesi b\u00fcnyesinde 1992 y\u0131l\u0131nda Elektronik ve Haberle\u015fme M\u00fchendisli\u011fi ad\u0131 ile kurulmu\u015ftur. 2000 y\u0131l\u0131na kadar b\u00fcnyesine dahil etti\u011fi akademik elemanlar\u0131 yurtd\u0131\u015f\u0131nda ve yurti\u00e7inde \u00fcniversitelere g\u00f6ndererek lisans\u00fcst\u00fc e\u011fitim almalar\u0131 sa\u011flanm\u0131\u015ft\u0131r. 2004 y\u0131l\u0131nda Elektrik ve Elektronik M\u00fchendisli\u011fi B\u00f6l\u00fcm\u00fcne d\u00f6n\u00fc\u015ft\u00fcr\u00fclen birimde, &#8211; Kontrol ve Kumanda Sistemleri &#8211; Elektrik Tesisleri &#8211; Elektrik Makinalar\u0131 &#8211; Haberle\u015fme &#8211; [&hellip;]<\/p>\n","protected":false},"author":1,"featured_media":0,"parent":0,"menu_order":0,"comment_status":"closed","ping_status":"closed","template":"","meta":{"footnotes":""},"class_list":["post-5638","page","type-page","status-publish","hentry"],"_links":{"self":[{"href":"https:\/\/atauni.edu.tr\/elektrik-elektronik-muhendisligi\/wp-json\/wp\/v2\/pages\/5638","targetHints":{"allow":["GET"]}}],"collection":[{"href":"https:\/\/atauni.edu.tr\/elektrik-elektronik-muhendisligi\/wp-json\/wp\/v2\/pages"}],"about":[{"href":"https:\/\/atauni.edu.tr\/elektrik-elektronik-muhendisligi\/wp-json\/wp\/v2\/types\/page"}],"author":[{"embeddable":true,"href":"https:\/\/atauni.edu.tr\/elektrik-elektronik-muhendisligi\/wp-json\/wp\/v2\/users\/1"}],"replies":[{"embeddable":true,"href":"https:\/\/atauni.edu.tr\/elektrik-elektronik-muhendisligi\/wp-json\/wp\/v2\/comments?post=5638"}],"version-history":[{"count":25,"href":"https:\/\/atauni.edu.tr\/elektrik-elektronik-muhendisligi\/wp-json\/wp\/v2\/pages\/5638\/revisions"}],"predecessor-version":[{"id":6249,"href":"https:\/\/atauni.edu.tr\/elektrik-elektronik-muhendisligi\/wp-json\/wp\/v2\/pages\/5638\/revisions\/6249"}],"wp:attachment":[{"href":"https:\/\/atauni.edu.tr\/elektrik-elektronik-muhendisligi\/wp-json\/wp\/v2\/media?parent=5638"}],"curies":[{"name":"wp","href":"https:\/\/api.w.org\/{rel}","templated":true}]}}