{"id":5682,"date":"2021-07-13T10:10:01","date_gmt":"2021-07-13T07:10:01","guid":{"rendered":"https:\/\/portaltest.atauni.edu.tr\/bilgisayar-muhendisligi\/?page_id=5682"},"modified":"2022-05-17T14:54:30","modified_gmt":"2022-05-17T11:54:30","slug":"misyon-ve-vizyon","status":"publish","type":"page","link":"https:\/\/atauni.edu.tr\/elektrik-elektronik-muhendisligi\/misyon-ve-vizyon\/","title":{"rendered":"Misyon ve Vizyon"},"content":{"rendered":"\t\t<div data-elementor-type=\"wp-page\" data-elementor-id=\"5682\" class=\"elementor elementor-5682\" data-elementor-post-type=\"page\">\n\t\t\t\t\t\t<section class=\"elementor-section elementor-top-section elementor-element elementor-element-730d320 elementor-section-boxed elementor-section-height-default elementor-section-height-default\" data-id=\"730d320\" data-element_type=\"section\">\n\t\t\t\t\t\t<div class=\"elementor-container elementor-column-gap-default\">\n\t\t\t\t\t<div class=\"elementor-column elementor-col-100 elementor-top-column elementor-element elementor-element-753d0860\" data-id=\"753d0860\" data-element_type=\"column\">\n\t\t\t<div class=\"elementor-widget-wrap\">\n\t\t\t\t\t\t\t<\/div>\n\t\t<\/div>\n\t\t\t\t\t<\/div>\n\t\t<\/section>\n\t\t\t\t<section class=\"elementor-section elementor-top-section elementor-element elementor-element-9be811a elementor-section-boxed elementor-section-height-default elementor-section-height-default\" data-id=\"9be811a\" data-element_type=\"section\">\n\t\t\t\t\t\t<div class=\"elementor-container elementor-column-gap-default\">\n\t\t\t\t\t<div class=\"elementor-column elementor-col-100 elementor-top-column elementor-element elementor-element-1ed847b7\" data-id=\"1ed847b7\" data-element_type=\"column\">\n\t\t\t<div class=\"elementor-widget-wrap elementor-element-populated\">\n\t\t\t\t\t\t<div class=\"elementor-element elementor-element-4ce0d07f elementor-widget elementor-widget-heading\" data-id=\"4ce0d07f\" data-element_type=\"widget\" data-widget_type=\"heading.default\">\n\t\t\t\t<div class=\"elementor-widget-container\">\n\t\t\t\t\t<h2 class=\"elementor-heading-title elementor-size-default\">Misyon ve Vizyon<\/h2>\t\t\t\t<\/div>\n\t\t\t\t<\/div>\n\t\t\t\t<div class=\"elementor-element elementor-element-63260862 elementor-widget-divider--view-line elementor-widget elementor-widget-divider\" data-id=\"63260862\" data-element_type=\"widget\" data-widget_type=\"divider.default\">\n\t\t\t\t<div class=\"elementor-widget-container\">\n\t\t\t\t\t\t\t<div class=\"elementor-divider\">\n\t\t\t<span class=\"elementor-divider-separator\">\n\t\t\t\t\t\t<\/span>\n\t\t<\/div>\n\t\t\t\t\t\t<\/div>\n\t\t\t\t<\/div>\n\t\t\t\t\t<\/div>\n\t\t<\/div>\n\t\t\t\t\t<\/div>\n\t\t<\/section>\n\t\t\t\t<section class=\"elementor-section elementor-top-section elementor-element elementor-element-681db8b elementor-section-boxed elementor-section-height-default elementor-section-height-default\" data-id=\"681db8b\" data-element_type=\"section\">\n\t\t\t\t\t\t<div class=\"elementor-container elementor-column-gap-default\">\n\t\t\t\t\t<div class=\"elementor-column elementor-col-100 elementor-top-column elementor-element elementor-element-ad4dac5\" data-id=\"ad4dac5\" data-element_type=\"column\">\n\t\t\t<div class=\"elementor-widget-wrap elementor-element-populated\">\n\t\t\t\t\t\t<div class=\"elementor-element elementor-element-2f96b3d elementor-widget elementor-widget-text-editor\" data-id=\"2f96b3d\" data-element_type=\"widget\" data-widget_type=\"text-editor.default\">\n\t\t\t\t<div class=\"elementor-widget-container\">\n\t\t\t\t\t\t\t\t\t<p><strong>Misyonumuz<\/strong>; Elektrik-Elektronik M\u00fchendisli\u011fi alan\u0131nda; ulusal ve uluslararas\u0131 standartlarda e\u011fitim alm\u0131\u015f,\u00a0\u00f6\u011frenmeye ve geli\u015fmeye a\u00e7\u0131k, ara\u015ft\u0131rmac\u0131, sekt\u00f6r\u00fcn sorunlar\u0131na \u00f6zg\u00fcn \u00e7\u00f6z\u00fcmler \u00fcretebilen ve m\u00fchendislik eti\u011fi ilkelerini benimsemi\u015f Elektrik-Elektronik M\u00fchendisleri yeti\u015ftirmek; \u00fclkemizin ihtiya\u00e7 duydu\u011fu alanlarda ara\u015ft\u0131rma yaparak teknolojik geli\u015fmelere katk\u0131da bulunmak.<\/p><p><strong>Vizyonumuz<\/strong>; Elektrik-Elektronik M\u00fchendisli\u011fi e\u011fitimini geli\u015fen s\u00fcre\u00e7lere paralel olarak s\u00fcrekli g\u00fcncelleyen, teknolojinin geli\u015fimine katk\u0131da bulunan ve y\u00fcr\u00fctt\u00fc\u011f\u00fc bilimsel faaliyetleri ile evrensel ba\u015far\u0131lara ula\u015fm\u0131\u015f bir b\u00f6l\u00fcm olmakt\u0131r.<\/p>\t\t\t\t\t\t\t\t<\/div>\n\t\t\t\t<\/div>\n\t\t\t\t\t<\/div>\n\t\t<\/div>\n\t\t\t\t\t<\/div>\n\t\t<\/section>\n\t\t\t\t<section class=\"elementor-section elementor-top-section elementor-element elementor-element-e06139c elementor-section-boxed elementor-section-height-default elementor-section-height-default\" data-id=\"e06139c\" data-element_type=\"section\">\n\t\t\t\t\t\t<div class=\"elementor-container elementor-column-gap-default\">\n\t\t\t\t\t<div class=\"elementor-column elementor-col-100 elementor-top-column elementor-element elementor-element-21a7fd0\" data-id=\"21a7fd0\" data-element_type=\"column\">\n\t\t\t<div class=\"elementor-widget-wrap\">\n\t\t\t\t\t\t\t<\/div>\n\t\t<\/div>\n\t\t\t\t\t<\/div>\n\t\t<\/section>\n\t\t\t\t<\/div>\n\t\t","protected":false},"excerpt":{"rendered":"<p>Misyon ve Vizyon Misyonumuz; Elektrik-Elektronik M\u00fchendisli\u011fi alan\u0131nda; ulusal ve uluslararas\u0131 standartlarda e\u011fitim alm\u0131\u015f,\u00a0\u00f6\u011frenmeye ve geli\u015fmeye a\u00e7\u0131k, ara\u015ft\u0131rmac\u0131, sekt\u00f6r\u00fcn sorunlar\u0131na \u00f6zg\u00fcn \u00e7\u00f6z\u00fcmler \u00fcretebilen ve m\u00fchendislik eti\u011fi ilkelerini benimsemi\u015f Elektrik-Elektronik M\u00fchendisleri yeti\u015ftirmek; \u00fclkemizin ihtiya\u00e7 duydu\u011fu alanlarda ara\u015ft\u0131rma yaparak teknolojik geli\u015fmelere katk\u0131da bulunmak. Vizyonumuz; Elektrik-Elektronik M\u00fchendisli\u011fi e\u011fitimini geli\u015fen s\u00fcre\u00e7lere paralel olarak s\u00fcrekli g\u00fcncelleyen, teknolojinin geli\u015fimine katk\u0131da bulunan ve [&hellip;]<\/p>\n","protected":false},"author":1,"featured_media":0,"parent":0,"menu_order":0,"comment_status":"closed","ping_status":"closed","template":"elementor_header_footer","meta":{"footnotes":""},"class_list":["post-5682","page","type-page","status-publish","hentry"],"_links":{"self":[{"href":"https:\/\/atauni.edu.tr\/elektrik-elektronik-muhendisligi\/wp-json\/wp\/v2\/pages\/5682","targetHints":{"allow":["GET"]}}],"collection":[{"href":"https:\/\/atauni.edu.tr\/elektrik-elektronik-muhendisligi\/wp-json\/wp\/v2\/pages"}],"about":[{"href":"https:\/\/atauni.edu.tr\/elektrik-elektronik-muhendisligi\/wp-json\/wp\/v2\/types\/page"}],"author":[{"embeddable":true,"href":"https:\/\/atauni.edu.tr\/elektrik-elektronik-muhendisligi\/wp-json\/wp\/v2\/users\/1"}],"replies":[{"embeddable":true,"href":"https:\/\/atauni.edu.tr\/elektrik-elektronik-muhendisligi\/wp-json\/wp\/v2\/comments?post=5682"}],"version-history":[{"count":31,"href":"https:\/\/atauni.edu.tr\/elektrik-elektronik-muhendisligi\/wp-json\/wp\/v2\/pages\/5682\/revisions"}],"predecessor-version":[{"id":7199,"href":"https:\/\/atauni.edu.tr\/elektrik-elektronik-muhendisligi\/wp-json\/wp\/v2\/pages\/5682\/revisions\/7199"}],"wp:attachment":[{"href":"https:\/\/atauni.edu.tr\/elektrik-elektronik-muhendisligi\/wp-json\/wp\/v2\/media?parent=5682"}],"curies":[{"name":"wp","href":"https:\/\/api.w.org\/{rel}","templated":true}]}}