{"id":5719,"date":"2021-07-13T10:45:18","date_gmt":"2021-07-13T07:45:18","guid":{"rendered":"https:\/\/portaltest.atauni.edu.tr\/bilgisayar-muhendisligi\/?page_id=5719"},"modified":"2023-02-28T13:22:23","modified_gmt":"2023-02-28T10:22:23","slug":"iletisim","status":"publish","type":"page","link":"https:\/\/atauni.edu.tr\/elektrik-elektronik-muhendisligi\/iletisim\/","title":{"rendered":"\u0130leti\u015fim"},"content":{"rendered":"\t\t<div data-elementor-type=\"wp-page\" data-elementor-id=\"5719\" class=\"elementor elementor-5719\" data-elementor-post-type=\"page\">\n\t\t\t\t\t\t<section class=\"elementor-section elementor-top-section elementor-element elementor-element-3702e049 elementor-section-boxed elementor-section-height-default elementor-section-height-default\" data-id=\"3702e049\" data-element_type=\"section\">\n\t\t\t\t\t\t<div class=\"elementor-container elementor-column-gap-default\">\n\t\t\t\t\t<div class=\"elementor-column elementor-col-100 elementor-top-column elementor-element elementor-element-9e6a0d0\" data-id=\"9e6a0d0\" data-element_type=\"column\">\n\t\t\t<div class=\"elementor-widget-wrap elementor-element-populated\">\n\t\t\t\t\t\t<section class=\"elementor-section elementor-inner-section elementor-element elementor-element-1991a46 elementor-section-boxed elementor-section-height-default elementor-section-height-default\" data-id=\"1991a46\" data-element_type=\"section\">\n\t\t\t\t\t\t<div class=\"elementor-container elementor-column-gap-default\">\n\t\t\t\t\t<div class=\"elementor-column elementor-col-100 elementor-inner-column elementor-element elementor-element-19c8f5b0\" data-id=\"19c8f5b0\" data-element_type=\"column\">\n\t\t\t<div class=\"elementor-widget-wrap elementor-element-populated\">\n\t\t\t\t\t\t<div class=\"elementor-element elementor-element-478796c5 elementor-widget elementor-widget-heading\" data-id=\"478796c5\" data-element_type=\"widget\" data-widget_type=\"heading.default\">\n\t\t\t\t<div class=\"elementor-widget-container\">\n\t\t\t\t\t<h2 class=\"elementor-heading-title elementor-size-default\">\u0130LET\u0130\u015e\u0130M<\/h2>\t\t\t\t<\/div>\n\t\t\t\t<\/div>\n\t\t\t\t<div class=\"elementor-element elementor-element-7033852b elementor-widget-divider--view-line elementor-widget elementor-widget-divider\" data-id=\"7033852b\" data-element_type=\"widget\" data-widget_type=\"divider.default\">\n\t\t\t\t<div class=\"elementor-widget-container\">\n\t\t\t\t\t\t\t<div class=\"elementor-divider\">\n\t\t\t<span class=\"elementor-divider-separator\">\n\t\t\t\t\t\t<\/span>\n\t\t<\/div>\n\t\t\t\t\t\t<\/div>\n\t\t\t\t<\/div>\n\t\t\t\t<div class=\"elementor-element elementor-element-4772dcd5 elementor-widget elementor-widget-text-editor\" data-id=\"4772dcd5\" data-element_type=\"widget\" data-widget_type=\"text-editor.default\">\n\t\t\t\t<div class=\"elementor-widget-container\">\n\t\t\t\t\t\t\t\t\t<div class=\"bilgiler\">\n<div class=\"bilgiler\"><strong>Adres:&nbsp;<\/strong>Atat\u00fcrk \u00dcniversitesi M\u00fchendislik Fak\u00fcltesi Elektrik &#8211; Elektronik M\u00fchendisli\u011fi B\u00f6l\u00fcm\u00fc 25240 ERZURUM<\/div>\n<div class=\"bilgiler\"><strong>Web Sayfas\u0131: <a href=\"http:\/\/birimler.atauni.edu.tr\/elektrik-elektronik-muhendisligi\/\">http:\/\/birimler.atauni.edu.tr\/elektrik-elektronik-muhendisligi\/<\/a><\/strong><\/div>\n<div class=\"bilgiler\"><strong>E-Posta: <a href=\"mailto:muhelek@atauni.edu.tr\">muhelek@atauni.edu.tr<\/a><\/strong><\/div>\n<div class=\"bilgiler\"><strong>Telefon: 0442 231 48 74 &#8211; 0442 231 48 80<br><\/strong><\/div>\n<div class=\"bilgiler\"><strong>Faks: 0442 231 49 10<\/strong><\/div><div class=\"bilgiler\"><strong><br><\/strong><\/div>\n<\/div>\t\t\t\t\t\t\t\t<\/div>\n\t\t\t\t<\/div>\n\t\t\t\t\t<\/div>\n\t\t<\/div>\n\t\t\t\t\t<\/div>\n\t\t<\/section>\n\t\t\t\t<div class=\"elementor-element elementor-element-45c2ecb9 elementor-widget elementor-widget-google_maps\" data-id=\"45c2ecb9\" data-element_type=\"widget\" data-widget_type=\"google_maps.default\">\n\t\t\t\t<div class=\"elementor-widget-container\">\n\t\t\t\t\t\t\t<div class=\"elementor-custom-embed\">\n\t\t\t<iframe loading=\"lazy\"\n\t\t\t\t\tsrc=\"https:\/\/maps.google.com\/maps?q=Atat%C3%BCrk%20%C3%9Cniversitesi%20M%C3%BChendislik%20Fak%C3%BCltesi&#038;t=m&#038;z=15&#038;output=embed&#038;iwloc=near\"\n\t\t\t\t\ttitle=\"Atat\u00fcrk \u00dcniversitesi M\u00fchendislik Fak\u00fcltesi\"\n\t\t\t\t\taria-label=\"Atat\u00fcrk \u00dcniversitesi M\u00fchendislik Fak\u00fcltesi\"\n\t\t\t><\/iframe>\n\t\t<\/div>\n\t\t\t\t\t\t<\/div>\n\t\t\t\t<\/div>\n\t\t\t\t<div class=\"elementor-element elementor-element-1fc3e584 elementor-widget elementor-widget-spacer\" data-id=\"1fc3e584\" data-element_type=\"widget\" data-widget_type=\"spacer.default\">\n\t\t\t\t<div class=\"elementor-widget-container\">\n\t\t\t\t\t\t\t<div class=\"elementor-spacer\">\n\t\t\t<div class=\"elementor-spacer-inner\"><\/div>\n\t\t<\/div>\n\t\t\t\t\t\t<\/div>\n\t\t\t\t<\/div>\n\t\t\t\t\t<\/div>\n\t\t<\/div>\n\t\t\t\t\t<\/div>\n\t\t<\/section>\n\t\t\t\t<\/div>\n\t\t","protected":false},"excerpt":{"rendered":"<p>\u0130LET\u0130\u015e\u0130M Adres:&nbsp;Atat\u00fcrk \u00dcniversitesi M\u00fchendislik Fak\u00fcltesi Elektrik &#8211; Elektronik M\u00fchendisli\u011fi B\u00f6l\u00fcm\u00fc 25240 ERZURUM Web Sayfas\u0131: http:\/\/birimler.atauni.edu.tr\/elektrik-elektronik-muhendisligi\/ E-Posta: muhelek@atauni.edu.tr Telefon: 0442 231 48 74 &#8211; 0442 231 48 80 Faks: 0442 231 49 10<\/p>\n","protected":false},"author":1,"featured_media":0,"parent":0,"menu_order":0,"comment_status":"closed","ping_status":"closed","template":"elementor_header_footer","meta":{"footnotes":""},"class_list":["post-5719","page","type-page","status-publish","hentry"],"_links":{"self":[{"href":"https:\/\/atauni.edu.tr\/elektrik-elektronik-muhendisligi\/wp-json\/wp\/v2\/pages\/5719","targetHints":{"allow":["GET"]}}],"collection":[{"href":"https:\/\/atauni.edu.tr\/elektrik-elektronik-muhendisligi\/wp-json\/wp\/v2\/pages"}],"about":[{"href":"https:\/\/atauni.edu.tr\/elektrik-elektronik-muhendisligi\/wp-json\/wp\/v2\/types\/page"}],"author":[{"embeddable":true,"href":"https:\/\/atauni.edu.tr\/elektrik-elektronik-muhendisligi\/wp-json\/wp\/v2\/users\/1"}],"replies":[{"embeddable":true,"href":"https:\/\/atauni.edu.tr\/elektrik-elektronik-muhendisligi\/wp-json\/wp\/v2\/comments?post=5719"}],"version-history":[{"count":29,"href":"https:\/\/atauni.edu.tr\/elektrik-elektronik-muhendisligi\/wp-json\/wp\/v2\/pages\/5719\/revisions"}],"predecessor-version":[{"id":7707,"href":"https:\/\/atauni.edu.tr\/elektrik-elektronik-muhendisligi\/wp-json\/wp\/v2\/pages\/5719\/revisions\/7707"}],"wp:attachment":[{"href":"https:\/\/atauni.edu.tr\/elektrik-elektronik-muhendisligi\/wp-json\/wp\/v2\/media?parent=5719"}],"curies":[{"name":"wp","href":"https:\/\/api.w.org\/{rel}","templated":true}]}}