{"id":5751,"date":"2021-07-13T12:50:27","date_gmt":"2021-07-13T09:50:27","guid":{"rendered":"https:\/\/portaltest.atauni.edu.tr\/bilgisayar-muhendisligi\/?page_id=5751"},"modified":"2026-02-23T15:22:03","modified_gmt":"2026-02-23T12:22:03","slug":"lisansustu-ders-listesi","status":"publish","type":"page","link":"https:\/\/atauni.edu.tr\/elektrik-elektronik-muhendisligi\/lisansustu-ders-listesi\/","title":{"rendered":"Lisans\u00fcst\u00fc Ders Listesi"},"content":{"rendered":"\t\t<div data-elementor-type=\"wp-page\" data-elementor-id=\"5751\" class=\"elementor elementor-5751\" data-elementor-post-type=\"page\">\n\t\t\t\t\t\t<section class=\"elementor-section elementor-top-section elementor-element elementor-element-730d320 elementor-section-boxed elementor-section-height-default elementor-section-height-default\" data-id=\"730d320\" data-element_type=\"section\">\n\t\t\t\t\t\t<div class=\"elementor-container elementor-column-gap-default\">\n\t\t\t\t\t<div class=\"elementor-column elementor-col-100 elementor-top-column elementor-element elementor-element-753d0860\" data-id=\"753d0860\" data-element_type=\"column\">\n\t\t\t<div class=\"elementor-widget-wrap\">\n\t\t\t\t\t\t\t<\/div>\n\t\t<\/div>\n\t\t\t\t\t<\/div>\n\t\t<\/section>\n\t\t\t\t<section class=\"elementor-section elementor-top-section elementor-element elementor-element-9be811a elementor-section-boxed elementor-section-height-default elementor-section-height-default\" data-id=\"9be811a\" data-element_type=\"section\">\n\t\t\t\t\t\t<div class=\"elementor-container elementor-column-gap-default\">\n\t\t\t\t\t<div class=\"elementor-column elementor-col-100 elementor-top-column elementor-element elementor-element-1ed847b7\" data-id=\"1ed847b7\" data-element_type=\"column\">\n\t\t\t<div class=\"elementor-widget-wrap elementor-element-populated\">\n\t\t\t\t\t\t<div class=\"elementor-element elementor-element-4ce0d07f elementor-widget elementor-widget-heading\" data-id=\"4ce0d07f\" data-element_type=\"widget\" data-widget_type=\"heading.default\">\n\t\t\t\t<div class=\"elementor-widget-container\">\n\t\t\t\t\t<h2 class=\"elementor-heading-title elementor-size-default\">Lisans\u00fcst\u00fc Ders Listesi<\/h2>\t\t\t\t<\/div>\n\t\t\t\t<\/div>\n\t\t\t\t<div class=\"elementor-element elementor-element-63260862 elementor-widget-divider--view-line elementor-widget elementor-widget-divider\" data-id=\"63260862\" data-element_type=\"widget\" data-widget_type=\"divider.default\">\n\t\t\t\t<div class=\"elementor-widget-container\">\n\t\t\t\t\t\t\t<div class=\"elementor-divider\">\n\t\t\t<span class=\"elementor-divider-separator\">\n\t\t\t\t\t\t<\/span>\n\t\t<\/div>\n\t\t\t\t\t\t<\/div>\n\t\t\t\t<\/div>\n\t\t\t\t\t<\/div>\n\t\t<\/div>\n\t\t\t\t\t<\/div>\n\t\t<\/section>\n\t\t\t\t<section class=\"elementor-section elementor-top-section elementor-element elementor-element-d41b0ed elementor-section-boxed elementor-section-height-default elementor-section-height-default\" data-id=\"d41b0ed\" data-element_type=\"section\">\n\t\t\t\t\t\t<div class=\"elementor-container elementor-column-gap-default\">\n\t\t\t\t\t<div class=\"elementor-column elementor-col-100 elementor-top-column elementor-element elementor-element-25bb788\" data-id=\"25bb788\" data-element_type=\"column\">\n\t\t\t<div class=\"elementor-widget-wrap elementor-element-populated\">\n\t\t\t\t\t\t<div class=\"elementor-element elementor-element-bae3588 elementor-widget elementor-widget-toggle\" data-id=\"bae3588\" data-element_type=\"widget\" data-widget_type=\"toggle.default\">\n\t\t\t\t<div class=\"elementor-widget-container\">\n\t\t\t\t\t\t\t<div class=\"elementor-toggle\">\n\t\t\t\t\t\t\t<div class=\"elementor-toggle-item\">\n\t\t\t\t\t<div id=\"elementor-tab-title-1951\" class=\"elementor-tab-title\" data-tab=\"1\" role=\"button\" aria-controls=\"elementor-tab-content-1951\" aria-expanded=\"false\">\n\t\t\t\t\t\t\t\t\t\t\t\t<span class=\"elementor-toggle-icon elementor-toggle-icon-left\" aria-hidden=\"true\">\n\t\t\t\t\t\t\t\t\t\t\t\t\t\t\t<span class=\"elementor-toggle-icon-closed\"><i class=\"fas fa-caret-right\"><\/i><\/span>\n\t\t\t\t\t\t\t\t<span class=\"elementor-toggle-icon-opened\"><i class=\"elementor-toggle-icon-opened fas fa-caret-up\"><\/i><\/span>\n\t\t\t\t\t\t\t\t\t\t\t\t\t<\/span>\n\t\t\t\t\t\t\t\t\t\t\t\t<a class=\"elementor-toggle-title\" tabindex=\"0\">2025-2026 E\u011fitim \u00d6\u011fretim Y\u0131l\u0131 Lisans\u00fcst\u00fc Ders Programlar\u0131<\/a>\n\t\t\t\t\t<\/div>\n\n\t\t\t\t\t<div id=\"elementor-tab-content-1951\" class=\"elementor-tab-content elementor-clearfix\" data-tab=\"1\" role=\"region\" aria-labelledby=\"elementor-tab-title-1951\"><p><a href=\"http:\/\/birimler.atauni.edu.tr\/elektrik-elektronik-muhendisligi\/wp-content\/uploads\/sites\/103\/2025\/10\/2025-2026-Lisansustu-Ders-Programi-Elektrik-Elektronik-Bolumu.xlsx\">2025-2026 G\u00fcz Lisans\u00fcst\u00fc ders program\u0131 (G\u00fcncelleme : 01.10.2025)<\/a><\/p><p><a href=\"http:\/\/atauni.edu.tr\/elektrik-elektronik-muhendisligi\/wp-content\/uploads\/sites\/103\/2026\/02\/Lisansustu-DP.pdf\">2025-2026 Bahar Lisans\u00fcst\u00fc ders program\u0131 (G\u00fcncelleme 23.02.2026)<\/a><\/p><\/div>\n\t\t\t\t<\/div>\n\t\t\t\t\t\t\t<div class=\"elementor-toggle-item\">\n\t\t\t\t\t<div id=\"elementor-tab-title-1952\" class=\"elementor-tab-title\" data-tab=\"2\" role=\"button\" aria-controls=\"elementor-tab-content-1952\" aria-expanded=\"false\">\n\t\t\t\t\t\t\t\t\t\t\t\t<span class=\"elementor-toggle-icon elementor-toggle-icon-left\" aria-hidden=\"true\">\n\t\t\t\t\t\t\t\t\t\t\t\t\t\t\t<span class=\"elementor-toggle-icon-closed\"><i class=\"fas fa-caret-right\"><\/i><\/span>\n\t\t\t\t\t\t\t\t<span class=\"elementor-toggle-icon-opened\"><i class=\"elementor-toggle-icon-opened fas fa-caret-up\"><\/i><\/span>\n\t\t\t\t\t\t\t\t\t\t\t\t\t<\/span>\n\t\t\t\t\t\t\t\t\t\t\t\t<a class=\"elementor-toggle-title\" tabindex=\"0\">2024-2025 E\u011fitim \u00d6\u011fretim Y\u0131l\u0131 Lisans\u00fcst\u00fc Ders Programlar\u0131<\/a>\n\t\t\t\t\t<\/div>\n\n\t\t\t\t\t<div id=\"elementor-tab-content-1952\" class=\"elementor-tab-content elementor-clearfix\" data-tab=\"2\" role=\"region\" aria-labelledby=\"elementor-tab-title-1952\"><p><a href=\"http:\/\/birimler.atauni.edu.tr\/elektrik-elektronik-muhendisligi\/wp-content\/uploads\/sites\/103\/2020\/07\/2024-2025-EE-Lisansustu-Ders-Programi.xlsx\" target=\"_blank\" rel=\"noopener\">2024-2025 G\u00fcz Lisans\u00fcst\u00fc ders program\u0131 (G\u00fcncel : 28.10.2024)<\/a><\/p><p><a href=\"http:\/\/birimler.atauni.edu.tr\/elektrik-elektronik-muhendisligi\/wp-content\/uploads\/sites\/103\/2025\/02\/EEM-2024-2025-BAHAR-DONEMI-LISANUSTU-DERS-PROGRAMI_V2.xlsx\" target=\"_blank\" rel=\"noopener\">2024-2025 Bahar Lisans\u00fcst\u00fc ders program\u0131 <\/a><\/p><\/div>\n\t\t\t\t<\/div>\n\t\t\t\t\t\t\t<div class=\"elementor-toggle-item\">\n\t\t\t\t\t<div id=\"elementor-tab-title-1953\" class=\"elementor-tab-title\" data-tab=\"3\" role=\"button\" aria-controls=\"elementor-tab-content-1953\" aria-expanded=\"false\">\n\t\t\t\t\t\t\t\t\t\t\t\t<span class=\"elementor-toggle-icon elementor-toggle-icon-left\" aria-hidden=\"true\">\n\t\t\t\t\t\t\t\t\t\t\t\t\t\t\t<span class=\"elementor-toggle-icon-closed\"><i class=\"fas fa-caret-right\"><\/i><\/span>\n\t\t\t\t\t\t\t\t<span class=\"elementor-toggle-icon-opened\"><i class=\"elementor-toggle-icon-opened fas fa-caret-up\"><\/i><\/span>\n\t\t\t\t\t\t\t\t\t\t\t\t\t<\/span>\n\t\t\t\t\t\t\t\t\t\t\t\t<a class=\"elementor-toggle-title\" tabindex=\"0\">2023-2024 E\u011fitim \u00d6\u011fretim Y\u0131l\u0131 Lisans\u00fcst\u00fc Ders Programlar\u0131<\/a>\n\t\t\t\t\t<\/div>\n\n\t\t\t\t\t<div id=\"elementor-tab-content-1953\" class=\"elementor-tab-content elementor-clearfix\" data-tab=\"3\" role=\"region\" aria-labelledby=\"elementor-tab-title-1953\"><p><a href=\"http:\/\/birimler.atauni.edu.tr\/elektrik-elektronik-muhendisligi\/wp-content\/uploads\/sites\/103\/2020\/07\/2023-2024-Lisansustu-ders-programi.xlsx\" target=\"_blank\" rel=\"noopener\">2023-2024 G\u00fcz Lisans\u00fcst\u00fc ders program\u0131<\/a><\/p><p><a href=\"http:\/\/birimler.atauni.edu.tr\/elektrik-elektronik-muhendisligi\/wp-content\/uploads\/sites\/103\/2020\/07\/2023-2024-Bahar-Lisansustu-ders-programi.xlsx\" target=\"_blank\" rel=\"noopener\">2023-2024 Bahar Lisans\u00fcst\u00fc ders program\u0131<\/a><\/p><\/div>\n\t\t\t\t<\/div>\n\t\t\t\t\t\t\t<div class=\"elementor-toggle-item\">\n\t\t\t\t\t<div id=\"elementor-tab-title-1954\" class=\"elementor-tab-title\" data-tab=\"4\" role=\"button\" aria-controls=\"elementor-tab-content-1954\" aria-expanded=\"false\">\n\t\t\t\t\t\t\t\t\t\t\t\t<span class=\"elementor-toggle-icon elementor-toggle-icon-left\" aria-hidden=\"true\">\n\t\t\t\t\t\t\t\t\t\t\t\t\t\t\t<span class=\"elementor-toggle-icon-closed\"><i class=\"fas fa-caret-right\"><\/i><\/span>\n\t\t\t\t\t\t\t\t<span class=\"elementor-toggle-icon-opened\"><i class=\"elementor-toggle-icon-opened fas fa-caret-up\"><\/i><\/span>\n\t\t\t\t\t\t\t\t\t\t\t\t\t<\/span>\n\t\t\t\t\t\t\t\t\t\t\t\t<a class=\"elementor-toggle-title\" tabindex=\"0\">2022-2023 E\u011fitim \u00d6\u011fretim Y\u0131l\u0131 Lisans\u00fcst\u00fc Ders Programlar\u0131<\/a>\n\t\t\t\t\t<\/div>\n\n\t\t\t\t\t<div id=\"elementor-tab-content-1954\" class=\"elementor-tab-content elementor-clearfix\" data-tab=\"4\" role=\"region\" aria-labelledby=\"elementor-tab-title-1954\"><p><a href=\"https:\/\/birimler.atauni.edu.tr\/elektrik-elektronik-muhendisligi\/wp-content\/uploads\/sites\/103\/2020\/07\/2022-2023-Lisansustu-Ders-Programi.xlsx.pdf\" target=\"_blank\" rel=\"noopener\">2022-2023 G\u00fcz D\u00f6nemi Lisans\u00fcst\u00fc Ders Program\u0131<\/a><\/p><p><a href=\"https:\/\/birimler.atauni.edu.tr\/elektrik-elektronik-muhendisligi\/wp-content\/uploads\/sites\/103\/2020\/07\/2022-2023_Bahar_Lisansustu_ders_programi.xlsx\" target=\"_blank\" rel=\"noopener\">2022-2023 Bahar Lisans\u00fcst\u00fc ders program\u0131<\/a><\/p><\/div>\n\t\t\t\t<\/div>\n\t\t\t\t\t\t\t\t<\/div>\n\t\t\t\t\t\t<\/div>\n\t\t\t\t<\/div>\n\t\t\t\t\t<\/div>\n\t\t<\/div>\n\t\t\t\t\t<\/div>\n\t\t<\/section>\n\t\t\t\t<\/div>\n\t\t","protected":false},"excerpt":{"rendered":"<p>Lisans\u00fcst\u00fc Ders Listesi 2025-2026 E\u011fitim \u00d6\u011fretim Y\u0131l\u0131 Lisans\u00fcst\u00fc Ders Programlar\u0131 2025-2026 G\u00fcz Lisans\u00fcst\u00fc ders program\u0131 (G\u00fcncelleme : 01.10.2025) 2025-2026 Bahar Lisans\u00fcst\u00fc ders program\u0131 (G\u00fcncelleme 23.02.2026) 2024-2025 E\u011fitim \u00d6\u011fretim Y\u0131l\u0131 Lisans\u00fcst\u00fc Ders Programlar\u0131 2024-2025 G\u00fcz Lisans\u00fcst\u00fc ders program\u0131 (G\u00fcncel : 28.10.2024) 2024-2025 Bahar Lisans\u00fcst\u00fc ders program\u0131 2023-2024 E\u011fitim \u00d6\u011fretim Y\u0131l\u0131 Lisans\u00fcst\u00fc Ders Programlar\u0131 2023-2024 G\u00fcz Lisans\u00fcst\u00fc [&hellip;]<\/p>\n","protected":false},"author":1,"featured_media":0,"parent":0,"menu_order":0,"comment_status":"closed","ping_status":"closed","template":"elementor_header_footer","meta":{"footnotes":""},"class_list":["post-5751","page","type-page","status-publish","hentry"],"_links":{"self":[{"href":"https:\/\/atauni.edu.tr\/elektrik-elektronik-muhendisligi\/wp-json\/wp\/v2\/pages\/5751","targetHints":{"allow":["GET"]}}],"collection":[{"href":"https:\/\/atauni.edu.tr\/elektrik-elektronik-muhendisligi\/wp-json\/wp\/v2\/pages"}],"about":[{"href":"https:\/\/atauni.edu.tr\/elektrik-elektronik-muhendisligi\/wp-json\/wp\/v2\/types\/page"}],"author":[{"embeddable":true,"href":"https:\/\/atauni.edu.tr\/elektrik-elektronik-muhendisligi\/wp-json\/wp\/v2\/users\/1"}],"replies":[{"embeddable":true,"href":"https:\/\/atauni.edu.tr\/elektrik-elektronik-muhendisligi\/wp-json\/wp\/v2\/comments?post=5751"}],"version-history":[{"count":69,"href":"https:\/\/atauni.edu.tr\/elektrik-elektronik-muhendisligi\/wp-json\/wp\/v2\/pages\/5751\/revisions"}],"predecessor-version":[{"id":9828,"href":"https:\/\/atauni.edu.tr\/elektrik-elektronik-muhendisligi\/wp-json\/wp\/v2\/pages\/5751\/revisions\/9828"}],"wp:attachment":[{"href":"https:\/\/atauni.edu.tr\/elektrik-elektronik-muhendisligi\/wp-json\/wp\/v2\/media?parent=5751"}],"curies":[{"name":"wp","href":"https:\/\/api.w.org\/{rel}","templated":true}]}}