{"id":5791,"date":"2021-07-13T13:07:15","date_gmt":"2021-07-13T10:07:15","guid":{"rendered":"https:\/\/portaltest.atauni.edu.tr\/bilgisayar-muhendisligi\/?page_id=5791"},"modified":"2025-10-27T13:51:59","modified_gmt":"2025-10-27T10:51:59","slug":"staj","status":"publish","type":"page","link":"https:\/\/atauni.edu.tr\/elektrik-elektronik-muhendisligi\/staj\/","title":{"rendered":"Staj"},"content":{"rendered":"\t\t<div data-elementor-type=\"wp-page\" data-elementor-id=\"5791\" class=\"elementor elementor-5791\" data-elementor-post-type=\"page\">\n\t\t\t\t\t\t<section class=\"elementor-section elementor-top-section elementor-element elementor-element-730d320 elementor-section-boxed elementor-section-height-default elementor-section-height-default\" data-id=\"730d320\" data-element_type=\"section\">\n\t\t\t\t\t\t<div class=\"elementor-container elementor-column-gap-default\">\n\t\t\t\t\t<div class=\"elementor-column elementor-col-100 elementor-top-column elementor-element elementor-element-753d0860\" data-id=\"753d0860\" data-element_type=\"column\">\n\t\t\t<div class=\"elementor-widget-wrap\">\n\t\t\t\t\t\t\t<\/div>\n\t\t<\/div>\n\t\t\t\t\t<\/div>\n\t\t<\/section>\n\t\t\t\t<section class=\"elementor-section elementor-top-section elementor-element elementor-element-9be811a elementor-section-boxed elementor-section-height-default elementor-section-height-default\" data-id=\"9be811a\" data-element_type=\"section\">\n\t\t\t\t\t\t<div class=\"elementor-container elementor-column-gap-default\">\n\t\t\t\t\t<div class=\"elementor-column elementor-col-100 elementor-top-column elementor-element elementor-element-1ed847b7\" data-id=\"1ed847b7\" data-element_type=\"column\">\n\t\t\t<div class=\"elementor-widget-wrap elementor-element-populated\">\n\t\t\t\t\t\t<div class=\"elementor-element elementor-element-4ce0d07f elementor-widget elementor-widget-heading\" data-id=\"4ce0d07f\" data-element_type=\"widget\" data-widget_type=\"heading.default\">\n\t\t\t\t<div class=\"elementor-widget-container\">\n\t\t\t\t\t<h2 class=\"elementor-heading-title elementor-size-default\">Staj<\/h2>\t\t\t\t<\/div>\n\t\t\t\t<\/div>\n\t\t\t\t<div class=\"elementor-element elementor-element-63260862 elementor-widget-divider--view-line elementor-widget elementor-widget-divider\" data-id=\"63260862\" data-element_type=\"widget\" data-widget_type=\"divider.default\">\n\t\t\t\t<div class=\"elementor-widget-container\">\n\t\t\t\t\t\t\t<div class=\"elementor-divider\">\n\t\t\t<span class=\"elementor-divider-separator\">\n\t\t\t\t\t\t<\/span>\n\t\t<\/div>\n\t\t\t\t\t\t<\/div>\n\t\t\t\t<\/div>\n\t\t\t\t\t<\/div>\n\t\t<\/div>\n\t\t\t\t\t<\/div>\n\t\t<\/section>\n\t\t\t\t<section class=\"elementor-section elementor-top-section elementor-element elementor-element-10e8347 elementor-section-boxed elementor-section-height-default elementor-section-height-default\" data-id=\"10e8347\" data-element_type=\"section\">\n\t\t\t\t\t\t<div class=\"elementor-container elementor-column-gap-default\">\n\t\t\t\t\t<div class=\"elementor-column elementor-col-100 elementor-top-column elementor-element elementor-element-795ab05\" data-id=\"795ab05\" data-element_type=\"column\">\n\t\t\t<div class=\"elementor-widget-wrap elementor-element-populated\">\n\t\t\t\t\t\t<div class=\"elementor-element elementor-element-4524745 elementor-widget elementor-widget-text-editor\" data-id=\"4524745\" data-element_type=\"widget\" data-widget_type=\"text-editor.default\">\n\t\t\t\t<div class=\"elementor-widget-container\">\n\t\t\t\t\t\t\t\t\t<h2><a href=\"https:\/\/birimler.atauni.edu.tr\/elektrik-elektronik-muhendisligi\/wp-content\/uploads\/sites\/103\/2020\/07\/Guncel-Online-Staj-Listesi-13.04.xlsx\" target=\"_blank\" rel=\"noopener\">G\u00fcncel Online Staj Listesi 13.04.2022<\/a><\/h2><h2><a href=\"https:\/\/birimler.atauni.edu.tr\/elektrik-elektronik-muhendisligi\/wp-content\/uploads\/sites\/103\/2020\/07\/Sikca-Sorulan-Sorular.pptx\"><span style=\"text-decoration: underline\">S\u0131k\u00e7a Sorulan Sorular<\/span><\/a><\/h2><h2><span style=\"text-decoration: underline\">Y\u00fcz Y\u00fcze Staj<\/span><\/h2><p><a href=\"https:\/\/atauni.edu.tr\/yuklemeler\/46d5e9254e15124c3742d974e2a686e3.pdf\">Atat\u00fcrk \u00dcniversitesi Staj Uygulama Esaslar\u0131 (22.02.2019_3_27)<\/a><\/p><p><a href=\"http:\/\/birimler.atauni.edu.tr\/elektrik-elektronik-muhendisligi\/wp-content\/uploads\/sites\/103\/2020\/07\/zorunlu_staj_formu.doc\">Staj M\u00fcracaat Formu (Zorunlu)<\/a> &#8211; \u0130ndirmek i\u00e7in mouse sa\u011f tu\u015fu ile gelen men\u00fcde save link as (hedefi farkl\u0131 kaydet) se\u00e7ene\u011fini kullan\u0131n\u0131z.<\/p><p><a href=\"http:\/\/birimler.atauni.edu.tr\/elektrik-elektronik-muhendisligi\/wp-content\/uploads\/sites\/103\/2025\/10\/Staj-Yol-Haritasi.pdf\">Staj Yol Haritas\u0131 (27.10.2025)<\/a><\/p><p><a href=\"https:\/\/birimler.atauni.edu.tr\/elektrik-elektronik-muhendisligi\/wp-content\/uploads\/sites\/103\/2020\/07\/Staj-Defteri.docx\">Staj Defteri<\/a><\/p><p><a href=\"https:\/\/birimler.atauni.edu.tr\/elektrik-elektronik-muhendisligi\/wp-content\/uploads\/sites\/103\/2020\/07\/Staj-Degerlendirme-Formu.pdf\">Staj De\u011ferlendirme Formu<\/a><\/p><h2><span style=\"text-decoration: underline\">Online Staj<\/span><\/h2><p><a href=\"https:\/\/birimler.atauni.edu.tr\/elektrik-elektronik-muhendisligi\/wp-content\/uploads\/sites\/103\/2020\/07\/Elektrik-Elektronik-Muhendisligi-Uzaktan-Egitim-Yaz-Staj-Yonergesi.pdf\">Elektrik-Elektronik M\u00fchendisli\u011fi Uzaktan E\u011fitim Yaz Staj Y\u00f6nergesi<\/a><\/p><p><a href=\"https:\/\/birimler.atauni.edu.tr\/elektrik-elektronik-muhendisligi\/wp-content\/uploads\/sites\/103\/2020\/07\/Staj-Muracaat-Formu.docx\">Staj M\u00fcracaat Formu<\/a><\/p><p><a href=\"https:\/\/birimler.atauni.edu.tr\/elektrik-elektronik-muhendisligi\/wp-content\/uploads\/sites\/103\/2020\/07\/Elektrik-makineleri-grubu-konulari.pdf\">Elektrik Makineleri Grubu Konular\u0131<\/a><\/p><p><a href=\"https:\/\/birimler.atauni.edu.tr\/elektrik-elektronik-muhendisligi\/wp-content\/uploads\/sites\/103\/2020\/07\/Elektronik-ve-haberlesme-grubu-konulari.pdf\">Elektronik ve Haberle\u015fme Grubu Konular\u0131<\/a><\/p><p><a href=\"https:\/\/birimler.atauni.edu.tr\/elektrik-elektronik-muhendisligi\/wp-content\/uploads\/sites\/103\/2020\/07\/Enerji-grubu-konulari.pdf\">Enerji Grubu Konular\u0131<\/a><\/p><p><a href=\"https:\/\/birimler.atauni.edu.tr\/elektrik-elektronik-muhendisligi\/wp-content\/uploads\/sites\/103\/2020\/07\/Kontrol-ve-otomasyon-grubu-konulari.pdf\">Kontrol ve Otomasyon Grubu Konular\u0131<\/a><\/p>\t\t\t\t\t\t\t\t<\/div>\n\t\t\t\t<\/div>\n\t\t\t\t\t<\/div>\n\t\t<\/div>\n\t\t\t\t\t<\/div>\n\t\t<\/section>\n\t\t\t\t<\/div>\n\t\t","protected":false},"excerpt":{"rendered":"<p>Staj G\u00fcncel Online Staj Listesi 13.04.2022 S\u0131k\u00e7a Sorulan Sorular Y\u00fcz Y\u00fcze Staj Atat\u00fcrk \u00dcniversitesi Staj Uygulama Esaslar\u0131 (22.02.2019_3_27) Staj M\u00fcracaat Formu (Zorunlu) &#8211; \u0130ndirmek i\u00e7in mouse sa\u011f tu\u015fu ile gelen men\u00fcde save link as (hedefi farkl\u0131 kaydet) se\u00e7ene\u011fini kullan\u0131n\u0131z. Staj Yol Haritas\u0131 (27.10.2025) Staj Defteri Staj De\u011ferlendirme Formu Online Staj Elektrik-Elektronik M\u00fchendisli\u011fi Uzaktan E\u011fitim Yaz [&hellip;]<\/p>\n","protected":false},"author":1,"featured_media":0,"parent":0,"menu_order":0,"comment_status":"closed","ping_status":"closed","template":"elementor_header_footer","meta":{"footnotes":""},"class_list":["post-5791","page","type-page","status-publish","hentry"],"_links":{"self":[{"href":"https:\/\/atauni.edu.tr\/elektrik-elektronik-muhendisligi\/wp-json\/wp\/v2\/pages\/5791","targetHints":{"allow":["GET"]}}],"collection":[{"href":"https:\/\/atauni.edu.tr\/elektrik-elektronik-muhendisligi\/wp-json\/wp\/v2\/pages"}],"about":[{"href":"https:\/\/atauni.edu.tr\/elektrik-elektronik-muhendisligi\/wp-json\/wp\/v2\/types\/page"}],"author":[{"embeddable":true,"href":"https:\/\/atauni.edu.tr\/elektrik-elektronik-muhendisligi\/wp-json\/wp\/v2\/users\/1"}],"replies":[{"embeddable":true,"href":"https:\/\/atauni.edu.tr\/elektrik-elektronik-muhendisligi\/wp-json\/wp\/v2\/comments?post=5791"}],"version-history":[{"count":56,"href":"https:\/\/atauni.edu.tr\/elektrik-elektronik-muhendisligi\/wp-json\/wp\/v2\/pages\/5791\/revisions"}],"predecessor-version":[{"id":9511,"href":"https:\/\/atauni.edu.tr\/elektrik-elektronik-muhendisligi\/wp-json\/wp\/v2\/pages\/5791\/revisions\/9511"}],"wp:attachment":[{"href":"https:\/\/atauni.edu.tr\/elektrik-elektronik-muhendisligi\/wp-json\/wp\/v2\/media?parent=5791"}],"curies":[{"name":"wp","href":"https:\/\/api.w.org\/{rel}","templated":true}]}}