{"id":6221,"date":"2021-11-15T16:33:27","date_gmt":"2021-11-15T13:33:27","guid":{"rendered":"http:\/\/birimler.atauni.edu.tr\/elektrik-elektronik-muhendisligi\/?page_id=6221"},"modified":"2025-11-26T11:58:49","modified_gmt":"2025-11-26T08:58:49","slug":"isletmede-mesleki-egitim-ime","status":"publish","type":"page","link":"https:\/\/atauni.edu.tr\/elektrik-elektronik-muhendisligi\/isletmede-mesleki-egitim-ime\/","title":{"rendered":"\u0130\u015fletmede Mesleki E\u011fitim (\u0130ME)"},"content":{"rendered":"\t\t<div data-elementor-type=\"wp-page\" data-elementor-id=\"6221\" class=\"elementor elementor-6221\" data-elementor-post-type=\"page\">\n\t\t\t\t\t\t<section class=\"elementor-section elementor-top-section elementor-element elementor-element-e15cff6 elementor-section-boxed elementor-section-height-default elementor-section-height-default\" data-id=\"e15cff6\" data-element_type=\"section\">\n\t\t\t\t\t\t<div class=\"elementor-container elementor-column-gap-default\">\n\t\t\t\t\t<div class=\"elementor-column elementor-col-100 elementor-top-column elementor-element elementor-element-6dd01ad\" data-id=\"6dd01ad\" data-element_type=\"column\">\n\t\t\t<div class=\"elementor-widget-wrap elementor-element-populated\">\n\t\t\t\t\t\t<div class=\"elementor-element elementor-element-6ac4a3a elementor-widget elementor-widget-heading\" data-id=\"6ac4a3a\" data-element_type=\"widget\" data-widget_type=\"heading.default\">\n\t\t\t\t<div class=\"elementor-widget-container\">\n\t\t\t\t\t<h2 class=\"elementor-heading-title elementor-size-default\">\u0130\u015fletmede Mesleki E\u011fitim (\u0130ME)<\/h2>\t\t\t\t<\/div>\n\t\t\t\t<\/div>\n\t\t\t\t<div class=\"elementor-element elementor-element-541085d elementor-widget-divider--view-line elementor-widget elementor-widget-divider\" data-id=\"541085d\" data-element_type=\"widget\" data-widget_type=\"divider.default\">\n\t\t\t\t<div class=\"elementor-widget-container\">\n\t\t\t\t\t\t\t<div class=\"elementor-divider\">\n\t\t\t<span class=\"elementor-divider-separator\">\n\t\t\t\t\t\t<\/span>\n\t\t<\/div>\n\t\t\t\t\t\t<\/div>\n\t\t\t\t<\/div>\n\t\t\t\t\t<\/div>\n\t\t<\/div>\n\t\t\t\t\t<\/div>\n\t\t<\/section>\n\t\t\t\t<section class=\"elementor-section elementor-top-section elementor-element elementor-element-4d1a5c9 elementor-section-boxed elementor-section-height-default elementor-section-height-default\" data-id=\"4d1a5c9\" data-element_type=\"section\">\n\t\t\t\t\t\t<div class=\"elementor-container elementor-column-gap-default\">\n\t\t\t\t\t<div class=\"elementor-column elementor-col-100 elementor-top-column elementor-element elementor-element-20c07ae\" data-id=\"20c07ae\" data-element_type=\"column\">\n\t\t\t<div class=\"elementor-widget-wrap elementor-element-populated\">\n\t\t\t\t\t\t<div class=\"elementor-element elementor-element-e9d923f elementor-widget elementor-widget-text-editor\" data-id=\"e9d923f\" data-element_type=\"widget\" data-widget_type=\"text-editor.default\">\n\t\t\t\t<div class=\"elementor-widget-container\">\n\t\t\t\t\t\t\t\t\t<h5><strong><span style=\"letter-spacing: 0px;color: #202b5d;font-family: Ubuntu;font-size: 1.25rem\">\u0130ME Ba\u015fvurular\u0131<\/span><\/strong><\/h5><div>\u00a0<\/div><p>Protokol Yap\u0131lan \u0130\u015fyerleri ve Kontenjanlar (13.11.2025)<\/p>\t\t\t\t\t\t\t\t<\/div>\n\t\t\t\t<\/div>\n\t\t\t\t\t<\/div>\n\t\t<\/div>\n\t\t\t\t\t<\/div>\n\t\t<\/section>\n\t\t\t\t<section class=\"elementor-section elementor-top-section elementor-element elementor-element-33ba0e7 elementor-section-boxed elementor-section-height-default elementor-section-height-default\" data-id=\"33ba0e7\" data-element_type=\"section\">\n\t\t\t\t\t\t<div class=\"elementor-container elementor-column-gap-default\">\n\t\t\t\t\t<div class=\"elementor-column elementor-col-100 elementor-top-column elementor-element elementor-element-4c95ee2\" data-id=\"4c95ee2\" data-element_type=\"column\">\n\t\t\t<div class=\"elementor-widget-wrap elementor-element-populated\">\n\t\t\t\t\t\t<div class=\"elementor-element elementor-element-7b44884 elementor-widget elementor-widget-pdfjs_viewer\" data-id=\"7b44884\" data-element_type=\"widget\" data-widget_type=\"pdfjs_viewer.default\">\n\t\t\t\t<div class=\"elementor-widget-container\">\n\t\t\t\t\t<iframe src=\"https:\/\/atauni.edu.tr\/elektrik-elektronik-muhendisligi\/wp-content\/plugins\/pdf-viewer-for-elementor\/assets\/pdfjs\/web\/viewer.html?file=https:\/\/birimler.atauni.edu.tr\/elektrik-elektronik-muhendisligi\/wp-content\/uploads\/sites\/103\/2025\/11\/2025-2026-IME-ISYERI-LISTESI-VE-ACIKLAMALAR_V3.pdf&amp;embedded=true\" style=\"display: block; margin-left: auto; margin-right: auto; width: 800px; height: 1020px;\" frameborder=\"1\" marginheight=\"0px\" marginwidth=\"0px\" allowfullscreen><\/iframe>\t\t\t\t<\/div>\n\t\t\t\t<\/div>\n\t\t\t\t\t<\/div>\n\t\t<\/div>\n\t\t\t\t\t<\/div>\n\t\t<\/section>\n\t\t\t\t<section class=\"elementor-section elementor-top-section elementor-element elementor-element-24d83cf elementor-section-boxed elementor-section-height-default elementor-section-height-default\" data-id=\"24d83cf\" data-element_type=\"section\">\n\t\t\t\t\t\t<div class=\"elementor-container elementor-column-gap-default\">\n\t\t\t\t\t<div class=\"elementor-column elementor-col-100 elementor-top-column elementor-element elementor-element-f1ed675\" data-id=\"f1ed675\" data-element_type=\"column\">\n\t\t\t<div class=\"elementor-widget-wrap elementor-element-populated\">\n\t\t\t\t\t\t<div class=\"elementor-element elementor-element-5d81d97 elementor-widget elementor-widget-text-editor\" data-id=\"5d81d97\" data-element_type=\"widget\" data-widget_type=\"text-editor.default\">\n\t\t\t\t<div class=\"elementor-widget-container\">\n\t\t\t\t\t\t\t\t\t<p><a href=\"http:\/\/birimler.atauni.edu.tr\/elektrik-elektronik-muhendisligi\/wp-content\/uploads\/sites\/103\/2020\/07\/IME-Basvuru-Formu.docx\">\u0130ME Dilek\u00e7esi<\/a> (Doc) &#8211; Mouse sa\u011f tu\u015fu ile Ba\u011flant\u0131y\u0131 (Hedefi) kaydet se\u00e7ene\u011fini ku\u0131llanarak indirebilirsiniz.<\/p><p><a href=\"http:\/\/birimler.atauni.edu.tr\/elektrik-elektronik-muhendisligi\/wp-content\/uploads\/sites\/103\/2020\/07\/IME-Basvuru-Formu.pdf\">\u0130ME Dilek\u00e7esi <\/a>(PDF)<\/p><p><a href=\"https:\/\/birimler.atauni.edu.tr\/elektrik-elektronik-muhendisligi\/wp-content\/uploads\/sites\/103\/2020\/07\/Ornek-CV.pptx\" target=\"_blank\" rel=\"noopener\">\u00d6rnek CV<\/a><\/p><p><a href=\"https:\/\/docs.google.com\/forms\/d\/1ph_qfZJC0u28rEkCcc8RZAQydW-LfHhnnapGvaJTc8U\/edit\">Ba\u015fvuru Linki<\/a>\u00a0(<span style=\"font-size: 1rem;letter-spacing: 0px\">Basvurular 26 Kasim \u00c7ar\u015famba 12.00 &#8216;da baslayip, 27 Kasim Per\u015fembe 23.59&#8217; da sona erecektir.)<\/span><\/p><p>Ba\u015fvuru Yapan \u00d6\u011frencilerin Listesi<\/p><p><a href=\"http:\/\/birimler.atauni.edu.tr\/elektrik-elektronik-muhendisligi\/wp-content\/uploads\/sites\/103\/2025\/02\/IME_ile_IIgili_Onemli_Hususlar.pdf\">\u0130ME ile \u0130Igili \u00d6nemli Hususlar<\/a><\/p><p><a href=\"https:\/\/birimler.atauni.edu.tr\/muhendislik-fakultesi\/ume-hakkinda-sik-sorulan-sorular\/\" target=\"_blank\" rel=\"noopener\">\u0130ME Hakk\u0131nda S\u0131k Sorulan Sorular<\/a><\/p><p><a href=\"https:\/\/birimler.atauni.edu.tr\/elektrik-elektronik-muhendisligi\/wp-content\/uploads\/sites\/103\/2020\/07\/IME-SOZLESMESI.pdf\" target=\"_blank\" rel=\"noopener\">\u0130ME S\u00f6zle\u015fmesi<\/a><\/p><p><a href=\"https:\/\/birimler.atauni.edu.tr\/elektrik-elektronik-muhendisligi\/wp-content\/uploads\/sites\/103\/2020\/07\/Ataturk-Universitesi-Uygulamali-Egitimler-Yonergesi_14012022_1_4.pdf\" target=\"_blank\" rel=\"noopener\">\u0130ME Y\u00f6nergesi (G\u00fcncel &#8211; 2024)<\/a><\/p><p><a href=\"https:\/\/birimler.atauni.edu.tr\/elektrik-elektronik-muhendisligi\/lisans-ders-listesi\/\" target=\"_blank\" rel=\"noopener\">\u0130ME&#8217;ye Gitmeyecek \u00d6\u011frenciler \u0130\u00e7in M\u00fcfredat<\/a><\/p><h5><strong style=\"font-size: 1.25rem;letter-spacing: 0px\">\u0130ME Yerle\u015ftirme Sonu\u00e7lar\u0131<\/strong><\/h5><div><strong>\u00a0<\/strong><\/div><p><span style=\"font-size: 1rem;letter-spacing: 0px\">\u00d6\u011frencilerin tercihleri do\u011frultusunda yerle\u015ftirme listesi ekte bulunmaktad\u0131r. M\u00fclakat ile \u00f6\u011frenci alacak kurumlara ilgili \u00f6\u011frencilerin CV ve transkript bilgileri taraf\u0131m\u0131zca g\u00f6nderilecek olup m\u00fclakat\u0131 olumsuz sonu\u00e7lanan \u00f6\u011frencilere bo\u015f kalan kontenjanlardan ek tercih hakk\u0131 tan\u0131nacakt\u0131r.<\/span><\/p><div>\u0130lk Yerle\u015ftirme (PDF)\u00a0<\/div><div>\u00a0<\/div><div>Son Yerle\u015ftirme (PDF)<\/div><div>\u00a0<\/div><div><span style=\"text-decoration: underline\">Not :<\/span><\/div><div><p>Ek tercih hakk\u0131 yaln\u0131zca tercih yapan \u00f6\u011frencilere verilecektir. Tercih yapmayan \u00f6\u011frenciler \u0130ME&#8217;ye ba\u015fvuru yapmam\u0131\u015f say\u0131lacak ve ba\u015fvurular\u0131 iptal edilecektir.<\/p><\/div><h5><strong style=\"font-size: 1.25rem;letter-spacing: 0px\">\u0130ME Devam Ederken ve \u0130ME Sonunda Doldurulmas\u0131 Gereken Formlar :<\/strong><\/h5><div><strong>\u00a0<\/strong><\/div><ol><li><a href=\"http:\/\/birimler.atauni.edu.tr\/elektrik-elektronik-muhendisligi\/wp-content\/uploads\/sites\/103\/2020\/07\/UME_Degerlendirme_Rubrigi.pdf\">\u0130ME De\u011ferlendirme Rubri\u011fi<\/a><\/li><li><a href=\"https:\/\/birimler.atauni.edu.tr\/elektrik-elektronik-muhendisligi\/wp-content\/uploads\/sites\/103\/2020\/07\/Isyeri_Sorumlu_Egitmen_Degerlendirme_Formu-1.docx\" target=\"_blank\" rel=\"noopener\">\u0130ME \u0130\u015fyeri Yetkilisi De\u011ferlendirme Formu<\/a><\/li><li><a href=\"https:\/\/birimler.atauni.edu.tr\/elektrik-elektronik-muhendisligi\/wp-content\/uploads\/sites\/103\/2020\/07\/IME-Dersi-Devam-Cizelgesi.docx\" target=\"_blank\" rel=\"noopener\">\u0130ME Dersi Devam \u00c7izelgesi<\/a><\/li><li><a href=\"https:\/\/birimler.atauni.edu.tr\/elektrik-elektronik-muhendisligi\/wp-content\/uploads\/sites\/103\/2020\/07\/EK-5-IME-Calisma-Takvimi.docx\" target=\"_blank\" rel=\"noopener\">\u0130ME \u00c7al\u0131\u015fma Takvimi<\/a><\/li><li><a href=\"https:\/\/birimler.atauni.edu.tr\/elektrik-elektronik-muhendisligi\/wp-content\/uploads\/sites\/103\/2020\/07\/Haftalik_IME_Rapor_Formu.docx\" target=\"_blank\" rel=\"noopener\">\u0130ME Haftal\u0131k Rapor Formu<\/a><\/li><li><a href=\"https:\/\/birimler.atauni.edu.tr\/elektrik-elektronik-muhendisligi\/wp-content\/uploads\/sites\/103\/2020\/07\/IME-Dosyasi.docx\" target=\"_blank\" rel=\"noopener\">\u0130ME Dosyas\u0131 (\u0130ME sonunda doldurulmu\u015f olan dosya)<\/a><\/li><\/ol><div class=\"ddict_btn\" style=\"top: 203px;left: 170.05px\">\u00a0<\/div>\t\t\t\t\t\t\t\t<\/div>\n\t\t\t\t<\/div>\n\t\t\t\t\t<\/div>\n\t\t<\/div>\n\t\t\t\t\t<\/div>\n\t\t<\/section>\n\t\t\t\t<\/div>\n\t\t","protected":false},"excerpt":{"rendered":"<p>\u0130\u015fletmede Mesleki E\u011fitim (\u0130ME) \u0130ME Ba\u015fvurular\u0131 \u00a0 Protokol Yap\u0131lan \u0130\u015fyerleri ve Kontenjanlar (13.11.2025) \u0130ME Dilek\u00e7esi (Doc) &#8211; Mouse sa\u011f tu\u015fu ile Ba\u011flant\u0131y\u0131 (Hedefi) kaydet se\u00e7ene\u011fini ku\u0131llanarak indirebilirsiniz. \u0130ME Dilek\u00e7esi (PDF) \u00d6rnek CV Ba\u015fvuru Linki\u00a0(Basvurular 26 Kasim \u00c7ar\u015famba 12.00 &#8216;da baslayip, 27 Kasim Per\u015fembe 23.59&#8217; da sona erecektir.) Ba\u015fvuru Yapan \u00d6\u011frencilerin Listesi \u0130ME ile \u0130Igili \u00d6nemli [&hellip;]<\/p>\n","protected":false},"author":273,"featured_media":0,"parent":0,"menu_order":0,"comment_status":"closed","ping_status":"closed","template":"","meta":{"footnotes":""},"class_list":["post-6221","page","type-page","status-publish","hentry"],"_links":{"self":[{"href":"https:\/\/atauni.edu.tr\/elektrik-elektronik-muhendisligi\/wp-json\/wp\/v2\/pages\/6221","targetHints":{"allow":["GET"]}}],"collection":[{"href":"https:\/\/atauni.edu.tr\/elektrik-elektronik-muhendisligi\/wp-json\/wp\/v2\/pages"}],"about":[{"href":"https:\/\/atauni.edu.tr\/elektrik-elektronik-muhendisligi\/wp-json\/wp\/v2\/types\/page"}],"author":[{"embeddable":true,"href":"https:\/\/atauni.edu.tr\/elektrik-elektronik-muhendisligi\/wp-json\/wp\/v2\/users\/273"}],"replies":[{"embeddable":true,"href":"https:\/\/atauni.edu.tr\/elektrik-elektronik-muhendisligi\/wp-json\/wp\/v2\/comments?post=6221"}],"version-history":[{"count":305,"href":"https:\/\/atauni.edu.tr\/elektrik-elektronik-muhendisligi\/wp-json\/wp\/v2\/pages\/6221\/revisions"}],"predecessor-version":[{"id":9625,"href":"https:\/\/atauni.edu.tr\/elektrik-elektronik-muhendisligi\/wp-json\/wp\/v2\/pages\/6221\/revisions\/9625"}],"wp:attachment":[{"href":"https:\/\/atauni.edu.tr\/elektrik-elektronik-muhendisligi\/wp-json\/wp\/v2\/media?parent=6221"}],"curies":[{"name":"wp","href":"https:\/\/api.w.org\/{rel}","templated":true}]}}