{"id":7152,"date":"2022-04-17T02:12:34","date_gmt":"2022-04-16T23:12:34","guid":{"rendered":"http:\/\/birimler.atauni.edu.tr\/elektrik-elektronik-muhendisligi\/?page_id=7152"},"modified":"2022-04-17T02:15:12","modified_gmt":"2022-04-16T23:15:12","slug":"ogrenci-deneyimi","status":"publish","type":"page","link":"https:\/\/atauni.edu.tr\/elektrik-elektronik-muhendisligi\/ogrenci-deneyimi\/","title":{"rendered":"\u00d6\u011frenci Deneyimi"},"content":{"rendered":"\t\t<div data-elementor-type=\"wp-page\" data-elementor-id=\"7152\" class=\"elementor elementor-7152\" data-elementor-post-type=\"page\">\n\t\t\t\t\t\t<section class=\"elementor-section elementor-top-section elementor-element elementor-element-9be811a elementor-section-boxed elementor-section-height-default elementor-section-height-default\" data-id=\"9be811a\" data-element_type=\"section\">\n\t\t\t\t\t\t<div class=\"elementor-container elementor-column-gap-default\">\n\t\t\t\t\t<div class=\"elementor-column elementor-col-100 elementor-top-column elementor-element elementor-element-1ed847b7\" data-id=\"1ed847b7\" data-element_type=\"column\">\n\t\t\t<div class=\"elementor-widget-wrap elementor-element-populated\">\n\t\t\t\t\t\t<div class=\"elementor-element elementor-element-4ce0d07f elementor-widget elementor-widget-heading\" data-id=\"4ce0d07f\" data-element_type=\"widget\" data-widget_type=\"heading.default\">\n\t\t\t\t<div class=\"elementor-widget-container\">\n\t\t\t\t\t<h2 class=\"elementor-heading-title elementor-size-default\">\u00d6\u011frenci Deneyimi<\/h2>\t\t\t\t<\/div>\n\t\t\t\t<\/div>\n\t\t\t\t<div class=\"elementor-element elementor-element-63260862 elementor-widget-divider--view-line elementor-widget elementor-widget-divider\" data-id=\"63260862\" data-element_type=\"widget\" data-widget_type=\"divider.default\">\n\t\t\t\t<div class=\"elementor-widget-container\">\n\t\t\t\t\t\t\t<div class=\"elementor-divider\">\n\t\t\t<span class=\"elementor-divider-separator\">\n\t\t\t\t\t\t<\/span>\n\t\t<\/div>\n\t\t\t\t\t\t<\/div>\n\t\t\t\t<\/div>\n\t\t\t\t\t<\/div>\n\t\t<\/div>\n\t\t\t\t\t<\/div>\n\t\t<\/section>\n\t\t\t\t<section class=\"elementor-section elementor-top-section elementor-element elementor-element-4debb41 elementor-section-boxed elementor-section-height-default elementor-section-height-default\" data-id=\"4debb41\" data-element_type=\"section\">\n\t\t\t\t\t\t<div class=\"elementor-container elementor-column-gap-default\">\n\t\t\t\t\t<div class=\"elementor-column elementor-col-100 elementor-top-column elementor-element elementor-element-28420b1\" data-id=\"28420b1\" data-element_type=\"column\">\n\t\t\t<div class=\"elementor-widget-wrap elementor-element-populated\">\n\t\t\t\t\t\t<div class=\"elementor-element elementor-element-6041195 elementor-widget elementor-widget-text-editor\" data-id=\"6041195\" data-element_type=\"widget\" data-widget_type=\"text-editor.default\">\n\t\t\t\t<div class=\"elementor-widget-container\">\n\t\t\t\t\t\t\t\t\t<div>&#8220;Krakow&#8217;da Erasmus!<\/div><div>\u00a0<\/div><div>Krakow sosyal aktiviteler bak\u0131m\u0131ndan tam anlam\u0131yla bir \u00f6\u011frenci \u015fehri. Budape\u015fte, Viyana ve Prag gibi \u015fehirlere otob\u00fcs arac\u0131l\u0131\u011f\u0131yla k\u0131<span id=\"OBJ_PREFIX_DWT96_com_zimbra_date\" class=\"Object\" role=\"link\"><span id=\"OBJ_PREFIX_DWT102_com_zimbra_date\" class=\"Object\" role=\"link\">sa<\/span><\/span> s\u00fcrede ula\u015f\u0131m imkan\u0131 var. Tarihi yap\u0131lar\u0131n\u0131n iyi korunmu\u015f olmas\u0131 sebebiyle gezmi\u015f oldu\u011fum \u015fehirler aras\u0131nda da ilk s\u0131ralarda. AGH \u00dcniversitesi ger\u00e7ekten kaliteli bir \u00fcniversite. Polonya \u00fcniversiteleri aras\u0131nda s\u0131ralamada ilk 3&#8217;te yer al\u0131yor. Polonya&#8217;n\u0131n en h\u0131zl\u0131 s\u00fc<span id=\"OBJ_PREFIX_DWT97_com_zimbra_date\" class=\"Object\" role=\"link\"><span id=\"OBJ_PREFIX_DWT103_com_zimbra_date\" class=\"Object\" role=\"link\">per<\/span><\/span> bilgisayar\u0131 olan Prometheus AGH \u00dcniversitesi Kamp\u00fcs\u00fc i\u00e7erisinde bulunuyor. Derslerde bizi ve kendi \u00f6\u011frencilerini zorluyorlar. Okul genelinde ki derslerin \u00e7o\u011funda laboratuvara ve uygulamalara \u00f6nem veriyorlar.<\/div><div>\u00a0<\/div><div>\u00d6\u011frenci arkada\u015flar\u0131ma Erasmus imkan\u0131ndan faydalanmalar\u0131n\u0131\u00a0tavsiye ediyorum.&#8221;<\/div><div>\u00a0<\/div><div>Ali Can Demir (2018) <\/div><div>\u00a0<\/div>\t\t\t\t\t\t\t\t<\/div>\n\t\t\t\t<\/div>\n\t\t\t\t<div class=\"elementor-element elementor-element-d2790bf elementor-widget elementor-widget-gallery\" data-id=\"d2790bf\" data-element_type=\"widget\" data-settings=\"{&quot;aspect_ratio&quot;:&quot;16:9&quot;,&quot;lazyload&quot;:&quot;yes&quot;,&quot;gallery_layout&quot;:&quot;grid&quot;,&quot;columns&quot;:4,&quot;columns_tablet&quot;:2,&quot;columns_mobile&quot;:1,&quot;gap&quot;:{&quot;unit&quot;:&quot;px&quot;,&quot;size&quot;:10,&quot;sizes&quot;:[]},&quot;gap_tablet&quot;:{&quot;unit&quot;:&quot;px&quot;,&quot;size&quot;:10,&quot;sizes&quot;:[]},&quot;gap_mobile&quot;:{&quot;unit&quot;:&quot;px&quot;,&quot;size&quot;:10,&quot;sizes&quot;:[]},&quot;link_to&quot;:&quot;file&quot;,&quot;overlay_background&quot;:&quot;yes&quot;,&quot;content_hover_animation&quot;:&quot;fade-in&quot;}\" data-widget_type=\"gallery.default\">\n\t\t\t\t<div class=\"elementor-widget-container\">\n\t\t\t\t\t\t\t<div class=\"elementor-gallery__container\">\n\t\t\t\t\t\t\t<a class=\"e-gallery-item elementor-gallery-item elementor-animated-content\" href=\"https:\/\/atauni.edu.tr\/elektrik-elektronik-muhendisligi\/wp-content\/uploads\/sites\/103\/2022\/04\/IMG_6504-scaled.jpg\" data-elementor-open-lightbox=\"yes\" data-elementor-lightbox-slideshow=\"d2790bf\" data-elementor-lightbox-title=\"IMG_6504\" data-e-action-hash=\"#elementor-action%3Aaction%3Dlightbox%26settings%3DeyJpZCI6NzE3MCwidXJsIjoiaHR0cHM6XC9cL2F0YXVuaS5lZHUudHJcL2VsZWt0cmlrLWVsZWt0cm9uaWstbXVoZW5kaXNsaWdpXC93cC1jb250ZW50XC91cGxvYWRzXC9zaXRlc1wvMTAzXC8yMDIyXC8wNFwvSU1HXzY1MDQtc2NhbGVkLmpwZyIsInNsaWRlc2hvdyI6ImQyNzkwYmYifQ%3D%3D\">\n\t\t\t\t\t<div class=\"e-gallery-image elementor-gallery-item__image\" data-thumbnail=\"https:\/\/atauni.edu.tr\/elektrik-elektronik-muhendisligi\/wp-content\/uploads\/sites\/103\/2022\/04\/IMG_6504-scaled.jpg\" data-width=\"1920\" data-height=\"2560\" aria-label=\"\" role=\"img\" ><\/div>\n\t\t\t\t\t\t\t\t\t\t\t<div class=\"elementor-gallery-item__overlay\"><\/div>\n\t\t\t\t\t\t\t\t\t\t\t\t\t\t<\/a>\n\t\t\t\t\t\t\t<a class=\"e-gallery-item elementor-gallery-item elementor-animated-content\" href=\"https:\/\/atauni.edu.tr\/elektrik-elektronik-muhendisligi\/wp-content\/uploads\/sites\/103\/2022\/04\/IMG_6160-scaled.jpg\" data-elementor-open-lightbox=\"yes\" data-elementor-lightbox-slideshow=\"d2790bf\" data-elementor-lightbox-title=\"IMG_6160\" data-e-action-hash=\"#elementor-action%3Aaction%3Dlightbox%26settings%3DeyJpZCI6NzE2OSwidXJsIjoiaHR0cHM6XC9cL2F0YXVuaS5lZHUudHJcL2VsZWt0cmlrLWVsZWt0cm9uaWstbXVoZW5kaXNsaWdpXC93cC1jb250ZW50XC91cGxvYWRzXC9zaXRlc1wvMTAzXC8yMDIyXC8wNFwvSU1HXzYxNjAtc2NhbGVkLmpwZyIsInNsaWRlc2hvdyI6ImQyNzkwYmYifQ%3D%3D\">\n\t\t\t\t\t<div class=\"e-gallery-image elementor-gallery-item__image\" data-thumbnail=\"https:\/\/atauni.edu.tr\/elektrik-elektronik-muhendisligi\/wp-content\/uploads\/sites\/103\/2022\/04\/IMG_6160-scaled.jpg\" data-width=\"2560\" data-height=\"1920\" aria-label=\"\" role=\"img\" ><\/div>\n\t\t\t\t\t\t\t\t\t\t\t<div class=\"elementor-gallery-item__overlay\"><\/div>\n\t\t\t\t\t\t\t\t\t\t\t\t\t\t<\/a>\n\t\t\t\t\t\t\t<a class=\"e-gallery-item elementor-gallery-item elementor-animated-content\" href=\"https:\/\/atauni.edu.tr\/elektrik-elektronik-muhendisligi\/wp-content\/uploads\/sites\/103\/2022\/04\/IMG_2783-scaled.jpg\" data-elementor-open-lightbox=\"yes\" data-elementor-lightbox-slideshow=\"d2790bf\" data-elementor-lightbox-title=\"IMG_2783\" data-e-action-hash=\"#elementor-action%3Aaction%3Dlightbox%26settings%3DeyJpZCI6NzE2OCwidXJsIjoiaHR0cHM6XC9cL2F0YXVuaS5lZHUudHJcL2VsZWt0cmlrLWVsZWt0cm9uaWstbXVoZW5kaXNsaWdpXC93cC1jb250ZW50XC91cGxvYWRzXC9zaXRlc1wvMTAzXC8yMDIyXC8wNFwvSU1HXzI3ODMtc2NhbGVkLmpwZyIsInNsaWRlc2hvdyI6ImQyNzkwYmYifQ%3D%3D\">\n\t\t\t\t\t<div class=\"e-gallery-image elementor-gallery-item__image\" data-thumbnail=\"https:\/\/atauni.edu.tr\/elektrik-elektronik-muhendisligi\/wp-content\/uploads\/sites\/103\/2022\/04\/IMG_2783-scaled.jpg\" data-width=\"2560\" data-height=\"1920\" aria-label=\"\" role=\"img\" ><\/div>\n\t\t\t\t\t\t\t\t\t\t\t<div class=\"elementor-gallery-item__overlay\"><\/div>\n\t\t\t\t\t\t\t\t\t\t\t\t\t\t<\/a>\n\t\t\t\t\t\t\t<a class=\"e-gallery-item elementor-gallery-item elementor-animated-content\" href=\"https:\/\/atauni.edu.tr\/elektrik-elektronik-muhendisligi\/wp-content\/uploads\/sites\/103\/2022\/04\/IMG_2782-scaled.jpg\" data-elementor-open-lightbox=\"yes\" data-elementor-lightbox-slideshow=\"d2790bf\" data-elementor-lightbox-title=\"IMG_2782\" data-e-action-hash=\"#elementor-action%3Aaction%3Dlightbox%26settings%3DeyJpZCI6NzE2NywidXJsIjoiaHR0cHM6XC9cL2F0YXVuaS5lZHUudHJcL2VsZWt0cmlrLWVsZWt0cm9uaWstbXVoZW5kaXNsaWdpXC93cC1jb250ZW50XC91cGxvYWRzXC9zaXRlc1wvMTAzXC8yMDIyXC8wNFwvSU1HXzI3ODItc2NhbGVkLmpwZyIsInNsaWRlc2hvdyI6ImQyNzkwYmYifQ%3D%3D\">\n\t\t\t\t\t<div class=\"e-gallery-image elementor-gallery-item__image\" data-thumbnail=\"https:\/\/atauni.edu.tr\/elektrik-elektronik-muhendisligi\/wp-content\/uploads\/sites\/103\/2022\/04\/IMG_2782-scaled.jpg\" data-width=\"2560\" data-height=\"1920\" aria-label=\"\" role=\"img\" ><\/div>\n\t\t\t\t\t\t\t\t\t\t\t<div class=\"elementor-gallery-item__overlay\"><\/div>\n\t\t\t\t\t\t\t\t\t\t\t\t\t\t<\/a>\n\t\t\t\t\t\t\t<a class=\"e-gallery-item elementor-gallery-item elementor-animated-content\" href=\"https:\/\/atauni.edu.tr\/elektrik-elektronik-muhendisligi\/wp-content\/uploads\/sites\/103\/2022\/04\/IMG_2704.jpg\" data-elementor-open-lightbox=\"yes\" data-elementor-lightbox-slideshow=\"d2790bf\" data-elementor-lightbox-title=\"IMG_2704\" data-e-action-hash=\"#elementor-action%3Aaction%3Dlightbox%26settings%3DeyJpZCI6NzE2NiwidXJsIjoiaHR0cHM6XC9cL2F0YXVuaS5lZHUudHJcL2VsZWt0cmlrLWVsZWt0cm9uaWstbXVoZW5kaXNsaWdpXC93cC1jb250ZW50XC91cGxvYWRzXC9zaXRlc1wvMTAzXC8yMDIyXC8wNFwvSU1HXzI3MDQuanBnIiwic2xpZGVzaG93IjoiZDI3OTBiZiJ9\">\n\t\t\t\t\t<div class=\"e-gallery-image elementor-gallery-item__image\" data-thumbnail=\"https:\/\/atauni.edu.tr\/elektrik-elektronik-muhendisligi\/wp-content\/uploads\/sites\/103\/2022\/04\/IMG_2704.jpg\" data-width=\"828\" data-height=\"621\" aria-label=\"\" role=\"img\" ><\/div>\n\t\t\t\t\t\t\t\t\t\t\t<div class=\"elementor-gallery-item__overlay\"><\/div>\n\t\t\t\t\t\t\t\t\t\t\t\t\t\t<\/a>\n\t\t\t\t\t\t\t<a class=\"e-gallery-item elementor-gallery-item elementor-animated-content\" href=\"https:\/\/atauni.edu.tr\/elektrik-elektronik-muhendisligi\/wp-content\/uploads\/sites\/103\/2022\/04\/IMG_1367-scaled.jpg\" data-elementor-open-lightbox=\"yes\" data-elementor-lightbox-slideshow=\"d2790bf\" data-elementor-lightbox-title=\"IMG_1367\" data-e-action-hash=\"#elementor-action%3Aaction%3Dlightbox%26settings%3DeyJpZCI6NzE2NSwidXJsIjoiaHR0cHM6XC9cL2F0YXVuaS5lZHUudHJcL2VsZWt0cmlrLWVsZWt0cm9uaWstbXVoZW5kaXNsaWdpXC93cC1jb250ZW50XC91cGxvYWRzXC9zaXRlc1wvMTAzXC8yMDIyXC8wNFwvSU1HXzEzNjctc2NhbGVkLmpwZyIsInNsaWRlc2hvdyI6ImQyNzkwYmYifQ%3D%3D\">\n\t\t\t\t\t<div class=\"e-gallery-image elementor-gallery-item__image\" data-thumbnail=\"https:\/\/atauni.edu.tr\/elektrik-elektronik-muhendisligi\/wp-content\/uploads\/sites\/103\/2022\/04\/IMG_1367-scaled.jpg\" data-width=\"2560\" data-height=\"1920\" aria-label=\"\" role=\"img\" ><\/div>\n\t\t\t\t\t\t\t\t\t\t\t<div class=\"elementor-gallery-item__overlay\"><\/div>\n\t\t\t\t\t\t\t\t\t\t\t\t\t\t<\/a>\n\t\t\t\t\t\t\t<a class=\"e-gallery-item elementor-gallery-item elementor-animated-content\" href=\"https:\/\/atauni.edu.tr\/elektrik-elektronik-muhendisligi\/wp-content\/uploads\/sites\/103\/2022\/04\/IMG_1325.jpg\" data-elementor-open-lightbox=\"yes\" data-elementor-lightbox-slideshow=\"d2790bf\" data-elementor-lightbox-title=\"IMG_1325\" data-e-action-hash=\"#elementor-action%3Aaction%3Dlightbox%26settings%3DeyJpZCI6NzE2NCwidXJsIjoiaHR0cHM6XC9cL2F0YXVuaS5lZHUudHJcL2VsZWt0cmlrLWVsZWt0cm9uaWstbXVoZW5kaXNsaWdpXC93cC1jb250ZW50XC91cGxvYWRzXC9zaXRlc1wvMTAzXC8yMDIyXC8wNFwvSU1HXzEzMjUuanBnIiwic2xpZGVzaG93IjoiZDI3OTBiZiJ9\">\n\t\t\t\t\t<div class=\"e-gallery-image elementor-gallery-item__image\" data-thumbnail=\"https:\/\/atauni.edu.tr\/elektrik-elektronik-muhendisligi\/wp-content\/uploads\/sites\/103\/2022\/04\/IMG_1325.jpg\" data-width=\"828\" data-height=\"621\" aria-label=\"\" role=\"img\" ><\/div>\n\t\t\t\t\t\t\t\t\t\t\t<div class=\"elementor-gallery-item__overlay\"><\/div>\n\t\t\t\t\t\t\t\t\t\t\t\t\t\t<\/a>\n\t\t\t\t\t\t\t<a class=\"e-gallery-item elementor-gallery-item elementor-animated-content\" href=\"https:\/\/atauni.edu.tr\/elektrik-elektronik-muhendisligi\/wp-content\/uploads\/sites\/103\/2022\/04\/IMG_1303.jpg\" data-elementor-open-lightbox=\"yes\" data-elementor-lightbox-slideshow=\"d2790bf\" data-elementor-lightbox-title=\"IMG_1303\" data-e-action-hash=\"#elementor-action%3Aaction%3Dlightbox%26settings%3DeyJpZCI6NzE2MywidXJsIjoiaHR0cHM6XC9cL2F0YXVuaS5lZHUudHJcL2VsZWt0cmlrLWVsZWt0cm9uaWstbXVoZW5kaXNsaWdpXC93cC1jb250ZW50XC91cGxvYWRzXC9zaXRlc1wvMTAzXC8yMDIyXC8wNFwvSU1HXzEzMDMuanBnIiwic2xpZGVzaG93IjoiZDI3OTBiZiJ9\">\n\t\t\t\t\t<div class=\"e-gallery-image elementor-gallery-item__image\" data-thumbnail=\"https:\/\/atauni.edu.tr\/elektrik-elektronik-muhendisligi\/wp-content\/uploads\/sites\/103\/2022\/04\/IMG_1303.jpg\" data-width=\"1366\" data-height=\"629\" aria-label=\"\" role=\"img\" ><\/div>\n\t\t\t\t\t\t\t\t\t\t\t<div class=\"elementor-gallery-item__overlay\"><\/div>\n\t\t\t\t\t\t\t\t\t\t\t\t\t\t<\/a>\n\t\t\t\t\t\t\t<a class=\"e-gallery-item elementor-gallery-item elementor-animated-content\" href=\"https:\/\/atauni.edu.tr\/elektrik-elektronik-muhendisligi\/wp-content\/uploads\/sites\/103\/2022\/04\/IMG_7180-scaled.jpg\" data-elementor-open-lightbox=\"yes\" data-elementor-lightbox-slideshow=\"d2790bf\" data-elementor-lightbox-title=\"IMG_7180\" data-e-action-hash=\"#elementor-action%3Aaction%3Dlightbox%26settings%3DeyJpZCI6NzE3MSwidXJsIjoiaHR0cHM6XC9cL2F0YXVuaS5lZHUudHJcL2VsZWt0cmlrLWVsZWt0cm9uaWstbXVoZW5kaXNsaWdpXC93cC1jb250ZW50XC91cGxvYWRzXC9zaXRlc1wvMTAzXC8yMDIyXC8wNFwvSU1HXzcxODAtc2NhbGVkLmpwZyIsInNsaWRlc2hvdyI6ImQyNzkwYmYifQ%3D%3D\">\n\t\t\t\t\t<div class=\"e-gallery-image elementor-gallery-item__image\" data-thumbnail=\"https:\/\/atauni.edu.tr\/elektrik-elektronik-muhendisligi\/wp-content\/uploads\/sites\/103\/2022\/04\/IMG_7180-scaled.jpg\" data-width=\"2560\" data-height=\"1920\" aria-label=\"\" role=\"img\" ><\/div>\n\t\t\t\t\t\t\t\t\t\t\t<div class=\"elementor-gallery-item__overlay\"><\/div>\n\t\t\t\t\t\t\t\t\t\t\t\t\t\t<\/a>\n\t\t\t\t\t\t\t<a class=\"e-gallery-item elementor-gallery-item elementor-animated-content\" href=\"https:\/\/atauni.edu.tr\/elektrik-elektronik-muhendisligi\/wp-content\/uploads\/sites\/103\/2022\/04\/IMG_7181-scaled.jpg\" data-elementor-open-lightbox=\"yes\" data-elementor-lightbox-slideshow=\"d2790bf\" data-elementor-lightbox-title=\"IMG_7181\" data-e-action-hash=\"#elementor-action%3Aaction%3Dlightbox%26settings%3DeyJpZCI6NzE3MiwidXJsIjoiaHR0cHM6XC9cL2F0YXVuaS5lZHUudHJcL2VsZWt0cmlrLWVsZWt0cm9uaWstbXVoZW5kaXNsaWdpXC93cC1jb250ZW50XC91cGxvYWRzXC9zaXRlc1wvMTAzXC8yMDIyXC8wNFwvSU1HXzcxODEtc2NhbGVkLmpwZyIsInNsaWRlc2hvdyI6ImQyNzkwYmYifQ%3D%3D\">\n\t\t\t\t\t<div class=\"e-gallery-image elementor-gallery-item__image\" data-thumbnail=\"https:\/\/atauni.edu.tr\/elektrik-elektronik-muhendisligi\/wp-content\/uploads\/sites\/103\/2022\/04\/IMG_7181-scaled.jpg\" data-width=\"2560\" data-height=\"1920\" aria-label=\"\" role=\"img\" ><\/div>\n\t\t\t\t\t\t\t\t\t\t\t<div class=\"elementor-gallery-item__overlay\"><\/div>\n\t\t\t\t\t\t\t\t\t\t\t\t\t\t<\/a>\n\t\t\t\t\t\t\t<a class=\"e-gallery-item elementor-gallery-item elementor-animated-content\" href=\"https:\/\/atauni.edu.tr\/elektrik-elektronik-muhendisligi\/wp-content\/uploads\/sites\/103\/2022\/04\/IMG_7182-scaled.jpg\" data-elementor-open-lightbox=\"yes\" data-elementor-lightbox-slideshow=\"d2790bf\" data-elementor-lightbox-title=\"IMG_7182\" data-e-action-hash=\"#elementor-action%3Aaction%3Dlightbox%26settings%3DeyJpZCI6NzE3MywidXJsIjoiaHR0cHM6XC9cL2F0YXVuaS5lZHUudHJcL2VsZWt0cmlrLWVsZWt0cm9uaWstbXVoZW5kaXNsaWdpXC93cC1jb250ZW50XC91cGxvYWRzXC9zaXRlc1wvMTAzXC8yMDIyXC8wNFwvSU1HXzcxODItc2NhbGVkLmpwZyIsInNsaWRlc2hvdyI6ImQyNzkwYmYifQ%3D%3D\">\n\t\t\t\t\t<div class=\"e-gallery-image elementor-gallery-item__image\" data-thumbnail=\"https:\/\/atauni.edu.tr\/elektrik-elektronik-muhendisligi\/wp-content\/uploads\/sites\/103\/2022\/04\/IMG_7182-scaled.jpg\" data-width=\"2560\" data-height=\"1920\" aria-label=\"\" role=\"img\" ><\/div>\n\t\t\t\t\t\t\t\t\t\t\t<div class=\"elementor-gallery-item__overlay\"><\/div>\n\t\t\t\t\t\t\t\t\t\t\t\t\t\t<\/a>\n\t\t\t\t\t<\/div>\n\t\t\t\t\t<\/div>\n\t\t\t\t<\/div>\n\t\t\t\t\t<\/div>\n\t\t<\/div>\n\t\t\t\t\t<\/div>\n\t\t<\/section>\n\t\t\t\t<\/div>\n\t\t","protected":false},"excerpt":{"rendered":"<p>\u00d6\u011frenci Deneyimi &#8220;Krakow&#8217;da Erasmus!\u00a0Krakow sosyal aktiviteler bak\u0131m\u0131ndan tam anlam\u0131yla bir \u00f6\u011frenci \u015fehri. Budape\u015fte, Viyana ve Prag gibi \u015fehirlere otob\u00fcs arac\u0131l\u0131\u011f\u0131yla k\u0131sa s\u00fcrede ula\u015f\u0131m imkan\u0131 var. Tarihi yap\u0131lar\u0131n\u0131n iyi korunmu\u015f olmas\u0131 sebebiyle gezmi\u015f oldu\u011fum \u015fehirler aras\u0131nda da ilk s\u0131ralarda. AGH \u00dcniversitesi ger\u00e7ekten kaliteli bir \u00fcniversite. Polonya \u00fcniversiteleri aras\u0131nda s\u0131ralamada ilk 3&#8217;te yer al\u0131yor. Polonya&#8217;n\u0131n en h\u0131zl\u0131 [&hellip;]<\/p>\n","protected":false},"author":273,"featured_media":0,"parent":0,"menu_order":0,"comment_status":"closed","ping_status":"closed","template":"elementor_header_footer","meta":{"footnotes":""},"class_list":["post-7152","page","type-page","status-publish","hentry"],"_links":{"self":[{"href":"https:\/\/atauni.edu.tr\/elektrik-elektronik-muhendisligi\/wp-json\/wp\/v2\/pages\/7152","targetHints":{"allow":["GET"]}}],"collection":[{"href":"https:\/\/atauni.edu.tr\/elektrik-elektronik-muhendisligi\/wp-json\/wp\/v2\/pages"}],"about":[{"href":"https:\/\/atauni.edu.tr\/elektrik-elektronik-muhendisligi\/wp-json\/wp\/v2\/types\/page"}],"author":[{"embeddable":true,"href":"https:\/\/atauni.edu.tr\/elektrik-elektronik-muhendisligi\/wp-json\/wp\/v2\/users\/273"}],"replies":[{"embeddable":true,"href":"https:\/\/atauni.edu.tr\/elektrik-elektronik-muhendisligi\/wp-json\/wp\/v2\/comments?post=7152"}],"version-history":[{"count":3,"href":"https:\/\/atauni.edu.tr\/elektrik-elektronik-muhendisligi\/wp-json\/wp\/v2\/pages\/7152\/revisions"}],"predecessor-version":[{"id":7176,"href":"https:\/\/atauni.edu.tr\/elektrik-elektronik-muhendisligi\/wp-json\/wp\/v2\/pages\/7152\/revisions\/7176"}],"wp:attachment":[{"href":"https:\/\/atauni.edu.tr\/elektrik-elektronik-muhendisligi\/wp-json\/wp\/v2\/media?parent=7152"}],"curies":[{"name":"wp","href":"https:\/\/api.w.org\/{rel}","templated":true}]}}