{"id":5682,"date":"2021-07-13T10:10:01","date_gmt":"2021-07-13T07:10:01","guid":{"rendered":"https:\/\/portaltest.atauni.edu.tr\/bilgisayar-muhendisligi\/?page_id=5682"},"modified":"2025-12-12T11:17:25","modified_gmt":"2025-12-12T08:17:25","slug":"misyon-vizyon-ve-temel-degerler","status":"publish","type":"page","link":"https:\/\/atauni.edu.tr\/elektronik-haberlesme-teknolojisi-programi\/misyon-vizyon-ve-temel-degerler\/","title":{"rendered":"Misyon, Vizyon ve Temel De\u011ferler"},"content":{"rendered":"\t\t<div data-elementor-type=\"wp-page\" data-elementor-id=\"5682\" class=\"elementor elementor-5682\" data-elementor-post-type=\"page\">\n\t\t\t\t\t\t<section class=\"elementor-section elementor-top-section elementor-element elementor-element-730d320 elementor-section-boxed elementor-section-height-default elementor-section-height-default\" data-id=\"730d320\" data-element_type=\"section\">\n\t\t\t\t\t\t<div class=\"elementor-container elementor-column-gap-default\">\n\t\t\t\t\t<div class=\"elementor-column elementor-col-100 elementor-top-column elementor-element elementor-element-753d0860\" data-id=\"753d0860\" data-element_type=\"column\">\n\t\t\t<div class=\"elementor-widget-wrap\">\n\t\t\t\t\t\t\t<\/div>\n\t\t<\/div>\n\t\t\t\t\t<\/div>\n\t\t<\/section>\n\t\t\t\t<section class=\"elementor-section elementor-top-section elementor-element elementor-element-9be811a elementor-section-boxed elementor-section-height-default elementor-section-height-default\" data-id=\"9be811a\" data-element_type=\"section\">\n\t\t\t\t\t\t<div class=\"elementor-container elementor-column-gap-default\">\n\t\t\t\t\t<div class=\"elementor-column elementor-col-100 elementor-top-column elementor-element elementor-element-1ed847b7\" data-id=\"1ed847b7\" data-element_type=\"column\">\n\t\t\t<div class=\"elementor-widget-wrap elementor-element-populated\">\n\t\t\t\t\t\t<div class=\"elementor-element elementor-element-4ce0d07f elementor-widget elementor-widget-heading\" data-id=\"4ce0d07f\" data-element_type=\"widget\" data-widget_type=\"heading.default\">\n\t\t\t\t<div class=\"elementor-widget-container\">\n\t\t\t\t\t<h2 class=\"elementor-heading-title elementor-size-default\">Misyon, Vizyon ve Temel De\u011ferler<\/h2>\t\t\t\t<\/div>\n\t\t\t\t<\/div>\n\t\t\t\t<div class=\"elementor-element elementor-element-63260862 elementor-widget-divider--view-line elementor-widget elementor-widget-divider\" data-id=\"63260862\" data-element_type=\"widget\" data-widget_type=\"divider.default\">\n\t\t\t\t<div class=\"elementor-widget-container\">\n\t\t\t\t\t\t\t<div class=\"elementor-divider\">\n\t\t\t<span class=\"elementor-divider-separator\">\n\t\t\t\t\t\t<\/span>\n\t\t<\/div>\n\t\t\t\t\t\t<\/div>\n\t\t\t\t<\/div>\n\t\t\t\t\t<\/div>\n\t\t<\/div>\n\t\t\t\t\t<\/div>\n\t\t<\/section>\n\t\t\t\t<section class=\"elementor-section elementor-top-section elementor-element elementor-element-681db8b elementor-section-boxed elementor-section-height-default elementor-section-height-default\" data-id=\"681db8b\" data-element_type=\"section\">\n\t\t\t\t\t\t<div class=\"elementor-container elementor-column-gap-default\">\n\t\t\t\t\t<div class=\"elementor-column elementor-col-100 elementor-top-column elementor-element elementor-element-ad4dac5\" data-id=\"ad4dac5\" data-element_type=\"column\">\n\t\t\t<div class=\"elementor-widget-wrap elementor-element-populated\">\n\t\t\t\t\t\t<div class=\"elementor-element elementor-element-2f96b3d elementor-widget elementor-widget-text-editor\" data-id=\"2f96b3d\" data-element_type=\"widget\" data-widget_type=\"text-editor.default\">\n\t\t\t\t<div class=\"elementor-widget-container\">\n\t\t\t\t\t\t\t\t\t<p><strong>Elektronik Haberle\u015fme Teknolojisi Program\u0131m\u0131z\u0131n misyonu, k\u00fcresel standartlarda s\u00fcrekli geli\u015fen elektronik ve haberle\u015fme teknolojileri sekt\u00f6r\u00fcn\u00fcn ihtiya\u00e7 duydu\u011fu bilgi, beceri ve etik sorumlulu\u011fa sahip, uygulamaya d\u00f6n\u00fck yetkinliklerle donat\u0131lm\u0131\u015f nitelikli teknikerler yeti\u015ftirmektir.<\/strong><\/p>\n<p><strong>Vizyonumuz; b\u00f6lgesel ve ulusal d\u00fczeyde, elektronik haberle\u015fme teknolojileri alan\u0131nda yetkin tekniker yeti\u015ftiren, sanayi ile g\u00fc\u00e7l\u00fc i\u015fbirlikleri kurmu\u015f ve e\u011fitim kalitesiyle \u00f6nc\u00fc bir program olmakt\u0131r.<\/strong><\/p><p><strong>Temel De\u011ferler:&nbsp;<\/strong><\/p><ul style=\"text-align: left\"><li><span>Bilimsellik<\/span><\/li><li><span>\u00d6zg\u00fcrl\u00fck<\/span><\/li><li><span>Adalet<\/span><\/li><li><span>Yenilik\u00e7ilik ve Yarat\u0131c\u0131l\u0131k<\/span><\/li><li><span>\u015eeffafl\u0131k ve Hesap Verebilirlik<\/span><\/li><li><span>Liyakat ve Ehliyet<\/span><\/li><li><span>Bireysel, Toplumsal ve Evrensel De\u011ferlere Sayg\u0131<\/span><\/li><li><span>\u00c7evreye Duyarl\u0131l\u0131k<\/span><\/li><\/ul>\t\t\t\t\t\t\t\t<\/div>\n\t\t\t\t<\/div>\n\t\t\t\t\t<\/div>\n\t\t<\/div>\n\t\t\t\t\t<\/div>\n\t\t<\/section>\n\t\t\t\t<\/div>\n\t\t","protected":false},"excerpt":{"rendered":"<p>Misyon, Vizyon ve Temel De\u011ferler Elektronik Haberle\u015fme Teknolojisi Program\u0131m\u0131z\u0131n misyonu, k\u00fcresel standartlarda s\u00fcrekli geli\u015fen elektronik ve haberle\u015fme teknolojileri sekt\u00f6r\u00fcn\u00fcn ihtiya\u00e7 duydu\u011fu bilgi, beceri ve etik sorumlulu\u011fa sahip, uygulamaya d\u00f6n\u00fck yetkinliklerle donat\u0131lm\u0131\u015f nitelikli teknikerler yeti\u015ftirmektir. Vizyonumuz; b\u00f6lgesel ve ulusal d\u00fczeyde, elektronik haberle\u015fme teknolojileri alan\u0131nda yetkin tekniker yeti\u015ftiren, sanayi ile g\u00fc\u00e7l\u00fc i\u015fbirlikleri kurmu\u015f ve e\u011fitim kalitesiyle \u00f6nc\u00fc [&hellip;]<\/p>\n","protected":false},"author":1,"featured_media":0,"parent":0,"menu_order":0,"comment_status":"closed","ping_status":"closed","template":"elementor_header_footer","meta":{"footnotes":""},"class_list":["post-5682","page","type-page","status-publish","hentry"],"_links":{"self":[{"href":"https:\/\/atauni.edu.tr\/elektronik-haberlesme-teknolojisi-programi\/wp-json\/wp\/v2\/pages\/5682","targetHints":{"allow":["GET"]}}],"collection":[{"href":"https:\/\/atauni.edu.tr\/elektronik-haberlesme-teknolojisi-programi\/wp-json\/wp\/v2\/pages"}],"about":[{"href":"https:\/\/atauni.edu.tr\/elektronik-haberlesme-teknolojisi-programi\/wp-json\/wp\/v2\/types\/page"}],"author":[{"embeddable":true,"href":"https:\/\/atauni.edu.tr\/elektronik-haberlesme-teknolojisi-programi\/wp-json\/wp\/v2\/users\/1"}],"replies":[{"embeddable":true,"href":"https:\/\/atauni.edu.tr\/elektronik-haberlesme-teknolojisi-programi\/wp-json\/wp\/v2\/comments?post=5682"}],"version-history":[{"count":14,"href":"https:\/\/atauni.edu.tr\/elektronik-haberlesme-teknolojisi-programi\/wp-json\/wp\/v2\/pages\/5682\/revisions"}],"predecessor-version":[{"id":6497,"href":"https:\/\/atauni.edu.tr\/elektronik-haberlesme-teknolojisi-programi\/wp-json\/wp\/v2\/pages\/5682\/revisions\/6497"}],"wp:attachment":[{"href":"https:\/\/atauni.edu.tr\/elektronik-haberlesme-teknolojisi-programi\/wp-json\/wp\/v2\/media?parent=5682"}],"curies":[{"name":"wp","href":"https:\/\/api.w.org\/{rel}","templated":true}]}}