{"id":6231,"date":"2025-05-27T12:00:09","date_gmt":"2025-05-27T09:00:09","guid":{"rendered":"https:\/\/birimler.atauni.edu.tr\/elektronik-haberlesme-teknolojisi-programi-io\/?page_id=6231"},"modified":"2025-05-27T12:00:51","modified_gmt":"2025-05-27T09:00:51","slug":"haberler","status":"publish","type":"page","link":"https:\/\/atauni.edu.tr\/elektronik-haberlesme-teknolojisi-programi\/haberler\/","title":{"rendered":"Haberler"},"content":{"rendered":"\t\t<div data-elementor-type=\"wp-page\" data-elementor-id=\"6231\" class=\"elementor elementor-6231\" data-elementor-post-type=\"page\">\n\t\t\t\t\t\t<section class=\"elementor-section elementor-top-section elementor-element elementor-element-318d3bd elementor-section-boxed elementor-section-height-default elementor-section-height-default\" data-id=\"318d3bd\" data-element_type=\"section\">\n\t\t\t\t\t\t<div class=\"elementor-container elementor-column-gap-default\">\n\t\t\t\t\t<div class=\"elementor-column elementor-col-100 elementor-top-column elementor-element elementor-element-2b96063\" data-id=\"2b96063\" data-element_type=\"column\">\n\t\t\t<div class=\"elementor-widget-wrap elementor-element-populated\">\n\t\t\t\t\t\t<div class=\"elementor-element elementor-element-3229316 elementor-widget elementor-widget-shortcode\" data-id=\"3229316\" data-element_type=\"widget\" data-widget_type=\"shortcode.default\">\n\t\t\t\t<div class=\"elementor-widget-container\">\n\t\t\t\t\t\t\t<div class=\"elementor-shortcode\"><form method=\"get\" class=\"row g-3\" style=\"margin-bottom: 20px;\"><div class=\"col-md-3\"><input type=\"text\" name=\"haber_ara\" class=\"form-control\" placeholder=\"Haber ara...\" value=\"\"><\/div><div class=\"col-md-3\"><input type=\"date\" name=\"baslangic_tarihi\" class=\"form-control\" value=\"\"><\/div><div class=\"col-md-3\"><input type=\"date\" name=\"bitis_tarihi\" class=\"form-control\" value=\"\"><\/div><div class=\"col-md-3\"><button type=\"submit\" class=\"btn btn-secondary w-50\">Filtrele<\/button><\/div><\/form><ul class=\"kategori-yazilari-liste\"><li style=\"display: flex; margin-bottom: 10px; align-items: center;\"><div class=\"post-content\" style=\"flex-grow: 1;\"><span class=\"post-date habertarih\" style=\"display: block; font-weight: bold; margin-bottom: 5px;\">12 Aral\u0131k 2025<\/span><a class=\"haberbaslik\" href=\"https:\/\/atauni.edu.tr\/elektronik-haberlesme-teknolojisi-programi\/2025\/12\/12\/karel-elektronik-sirketi-ile-dis-paydas-gorusmesi\/\">Karel Elektronik \u015eirketi ile D\u0131\u015f Payda\u015f G\u00f6r\u00fc\u015fmesi<\/a><\/div><\/li><li style=\"display: flex; margin-bottom: 10px; align-items: center;\"><div class=\"post-content\" style=\"flex-grow: 1;\"><span class=\"post-date habertarih\" style=\"display: block; font-weight: bold; margin-bottom: 5px;\">12 Aral\u0131k 2025<\/span><a class=\"haberbaslik\" href=\"https:\/\/atauni.edu.tr\/elektronik-haberlesme-teknolojisi-programi\/2025\/12\/12\/2025-2026-egitim-ogretim-yili-birim-oryantasyon-programi-duzenlendi\/\">2025-2026 E\u011fitim-\u00d6\u011fretim Y\u0131l\u0131 Birim Oryantasyon Program\u0131 D\u00fczenlendi.<\/a><\/div><\/li><li style=\"display: flex; margin-bottom: 10px; align-items: center;\"><div class=\"post-content\" style=\"flex-grow: 1;\"><span class=\"post-date habertarih\" style=\"display: block; font-weight: bold; margin-bottom: 5px;\">12 Aral\u0131k 2025<\/span><a class=\"haberbaslik\" href=\"https:\/\/atauni.edu.tr\/elektronik-haberlesme-teknolojisi-programi\/2025\/12\/12\/elektronik-haberlesme-teknolojisi-programindan-ogrencimiz-emirhan-varcan-teknofest-turkpatent-isif25-de-altin-madalya-kazandi\/\">Elektronik Haberle\u015fme Teknolojisi program\u0131ndan \u00f6\u011frencimiz Emirhan Varcan\u00a0TEKNOFEST T\u00dcRKPATENT ISIF\u201925 de alt\u0131n madalya kazand\u0131.<\/a><\/div><\/li><li style=\"display: flex; margin-bottom: 10px; align-items: center;\"><div class=\"post-content\" style=\"flex-grow: 1;\"><span class=\"post-date habertarih\" style=\"display: block; font-weight: bold; margin-bottom: 5px;\">12 Aral\u0131k 2025<\/span><a class=\"haberbaslik\" href=\"https:\/\/atauni.edu.tr\/elektronik-haberlesme-teknolojisi-programi\/2025\/12\/12\/2024-2025-egitim-ogretim-yili-mezuniyet-toreni-gerceklestirildi\/\">2024-2025 E\u011fitim-\u00d6\u011fretim Y\u0131l\u0131 Mezuniyet T\u00f6reni\u00a0Ger\u00e7ekle\u015ftirildi<\/a><\/div><\/li><\/ul><\/div>\n\t\t\t\t\t\t<\/div>\n\t\t\t\t<\/div>\n\t\t\t\t\t<\/div>\n\t\t<\/div>\n\t\t\t\t\t<\/div>\n\t\t<\/section>\n\t\t\t\t<\/div>\n\t\t","protected":false},"excerpt":{"rendered":"","protected":false},"author":1,"featured_media":0,"parent":0,"menu_order":0,"comment_status":"closed","ping_status":"closed","template":"","meta":{"footnotes":""},"class_list":["post-6231","page","type-page","status-publish","hentry"],"_links":{"self":[{"href":"https:\/\/atauni.edu.tr\/elektronik-haberlesme-teknolojisi-programi\/wp-json\/wp\/v2\/pages\/6231","targetHints":{"allow":["GET"]}}],"collection":[{"href":"https:\/\/atauni.edu.tr\/elektronik-haberlesme-teknolojisi-programi\/wp-json\/wp\/v2\/pages"}],"about":[{"href":"https:\/\/atauni.edu.tr\/elektronik-haberlesme-teknolojisi-programi\/wp-json\/wp\/v2\/types\/page"}],"author":[{"embeddable":true,"href":"https:\/\/atauni.edu.tr\/elektronik-haberlesme-teknolojisi-programi\/wp-json\/wp\/v2\/users\/1"}],"replies":[{"embeddable":true,"href":"https:\/\/atauni.edu.tr\/elektronik-haberlesme-teknolojisi-programi\/wp-json\/wp\/v2\/comments?post=6231"}],"version-history":[{"count":4,"href":"https:\/\/atauni.edu.tr\/elektronik-haberlesme-teknolojisi-programi\/wp-json\/wp\/v2\/pages\/6231\/revisions"}],"predecessor-version":[{"id":6236,"href":"https:\/\/atauni.edu.tr\/elektronik-haberlesme-teknolojisi-programi\/wp-json\/wp\/v2\/pages\/6231\/revisions\/6236"}],"wp:attachment":[{"href":"https:\/\/atauni.edu.tr\/elektronik-haberlesme-teknolojisi-programi\/wp-json\/wp\/v2\/media?parent=6231"}],"curies":[{"name":"wp","href":"https:\/\/api.w.org\/{rel}","templated":true}]}}