{"id":6238,"date":"2025-05-27T12:01:37","date_gmt":"2025-05-27T09:01:37","guid":{"rendered":"https:\/\/birimler.atauni.edu.tr\/elektronik-haberlesme-teknolojisi-programi-io\/?page_id=6238"},"modified":"2025-05-27T12:02:43","modified_gmt":"2025-05-27T09:02:43","slug":"duyurular","status":"publish","type":"page","link":"https:\/\/atauni.edu.tr\/elektronik-haberlesme-teknolojisi-programi\/duyurular\/","title":{"rendered":"Duyurular"},"content":{"rendered":"\t\t<div data-elementor-type=\"wp-page\" data-elementor-id=\"6238\" class=\"elementor elementor-6238\" data-elementor-post-type=\"page\">\n\t\t\t\t\t\t<section class=\"elementor-section elementor-top-section elementor-element elementor-element-9b05abc elementor-section-boxed elementor-section-height-default elementor-section-height-default\" data-id=\"9b05abc\" data-element_type=\"section\">\n\t\t\t\t\t\t<div class=\"elementor-container elementor-column-gap-default\">\n\t\t\t\t\t<div class=\"elementor-column elementor-col-100 elementor-top-column elementor-element elementor-element-ecc805c\" data-id=\"ecc805c\" data-element_type=\"column\">\n\t\t\t<div class=\"elementor-widget-wrap elementor-element-populated\">\n\t\t\t\t\t\t<div class=\"elementor-element elementor-element-6382b3a elementor-widget elementor-widget-shortcode\" data-id=\"6382b3a\" data-element_type=\"widget\" data-widget_type=\"shortcode.default\">\n\t\t\t\t<div class=\"elementor-widget-container\">\n\t\t\t\t\t\t\t<div class=\"elementor-shortcode\"><form method=\"get\" class=\"row g-3\" style=\"margin-bottom: 20px;\"><div class=\"col-md-3\"><input type=\"text\" name=\"Duyuru_ara\" class=\"form-control\" placeholder=\"Duyuru ara...\" value=\"\"><\/div><div class=\"col-md-3\"><input type=\"date\" name=\"baslangic_tarihi\" class=\"form-control\" value=\"\"><\/div><div class=\"col-md-3\"><input type=\"date\" name=\"bitis_tarihi\" class=\"form-control\" value=\"\"><\/div><div class=\"col-md-3\"><button type=\"submit\" class=\"btn btn-secondary w-50\">Filtrele<\/button><\/div><\/form><ul class=\"kategori-yazilari-liste\"><li style=\"display: flex; margin-bottom: 10px; align-items: center;\"><div class=\"post-content\" style=\"flex-grow: 1;\"><span class=\"post-date Duyurutarih\" style=\"display: block; font-weight: bold; margin-bottom: 5px;\">8 Aral\u0131k 2025<\/span><a class=\"Duyurubaslik\" href=\"https:\/\/atauni.edu.tr\/elektronik-haberlesme-teknolojisi-programi\/2025\/12\/08\/tbmyo-icin-usd-dersleri-vize-sinav-tarihleri\/\">TBMYO i\u00e7in \u00dcSD Dersleri Vize S\u0131nav Tarihleri<\/a><\/div><\/li><li style=\"display: flex; margin-bottom: 10px; align-items: center;\"><div class=\"post-content\" style=\"flex-grow: 1;\"><span class=\"post-date Duyurutarih\" style=\"display: block; font-weight: bold; margin-bottom: 5px;\">16 Haziran 2025<\/span><a class=\"Duyurubaslik\" href=\"https:\/\/atauni.edu.tr\/elektronik-haberlesme-teknolojisi-programi\/2025\/06\/16\/butunleme-sinav-programi\/\">B\u00fct\u00fcnleme S\u0131nav Program\u0131<\/a><\/div><\/li><li style=\"display: flex; margin-bottom: 10px; align-items: center;\"><div class=\"post-content\" style=\"flex-grow: 1;\"><span class=\"post-date Duyurutarih\" style=\"display: block; font-weight: bold; margin-bottom: 5px;\">16 Haziran 2025<\/span><a class=\"Duyurubaslik\" href=\"https:\/\/atauni.edu.tr\/elektronik-haberlesme-teknolojisi-programi\/2025\/06\/16\/final-sinav-programi\/\">Final S\u0131nav Program\u0131<\/a><\/div><\/li><\/ul><\/div>\n\t\t\t\t\t\t<\/div>\n\t\t\t\t<\/div>\n\t\t\t\t\t<\/div>\n\t\t<\/div>\n\t\t\t\t\t<\/div>\n\t\t<\/section>\n\t\t\t\t<\/div>\n\t\t","protected":false},"excerpt":{"rendered":"","protected":false},"author":1,"featured_media":0,"parent":0,"menu_order":0,"comment_status":"closed","ping_status":"closed","template":"","meta":{"footnotes":""},"class_list":["post-6238","page","type-page","status-publish","hentry"],"_links":{"self":[{"href":"https:\/\/atauni.edu.tr\/elektronik-haberlesme-teknolojisi-programi\/wp-json\/wp\/v2\/pages\/6238","targetHints":{"allow":["GET"]}}],"collection":[{"href":"https:\/\/atauni.edu.tr\/elektronik-haberlesme-teknolojisi-programi\/wp-json\/wp\/v2\/pages"}],"about":[{"href":"https:\/\/atauni.edu.tr\/elektronik-haberlesme-teknolojisi-programi\/wp-json\/wp\/v2\/types\/page"}],"author":[{"embeddable":true,"href":"https:\/\/atauni.edu.tr\/elektronik-haberlesme-teknolojisi-programi\/wp-json\/wp\/v2\/users\/1"}],"replies":[{"embeddable":true,"href":"https:\/\/atauni.edu.tr\/elektronik-haberlesme-teknolojisi-programi\/wp-json\/wp\/v2\/comments?post=6238"}],"version-history":[{"count":4,"href":"https:\/\/atauni.edu.tr\/elektronik-haberlesme-teknolojisi-programi\/wp-json\/wp\/v2\/pages\/6238\/revisions"}],"predecessor-version":[{"id":6246,"href":"https:\/\/atauni.edu.tr\/elektronik-haberlesme-teknolojisi-programi\/wp-json\/wp\/v2\/pages\/6238\/revisions\/6246"}],"wp:attachment":[{"href":"https:\/\/atauni.edu.tr\/elektronik-haberlesme-teknolojisi-programi\/wp-json\/wp\/v2\/media?parent=6238"}],"curies":[{"name":"wp","href":"https:\/\/api.w.org\/{rel}","templated":true}]}}