{"id":6306,"date":"2025-12-08T12:34:55","date_gmt":"2025-12-08T09:34:55","guid":{"rendered":"https:\/\/birimler.atauni.edu.tr\/elektronik-haberlesme-teknolojisi-programi\/?page_id=6306"},"modified":"2025-12-09T12:42:20","modified_gmt":"2025-12-09T09:42:20","slug":"anketler","status":"publish","type":"page","link":"https:\/\/atauni.edu.tr\/elektronik-haberlesme-teknolojisi-programi\/anketler\/","title":{"rendered":"Anketler"},"content":{"rendered":"\t\t<div data-elementor-type=\"wp-page\" data-elementor-id=\"6306\" class=\"elementor elementor-6306\" data-elementor-post-type=\"page\">\n\t\t\t\t\t\t<section class=\"elementor-section elementor-top-section elementor-element elementor-element-7dfab32 elementor-section-boxed elementor-section-height-default elementor-section-height-default\" data-id=\"7dfab32\" data-element_type=\"section\">\n\t\t\t\t\t\t<div class=\"elementor-container elementor-column-gap-default\">\n\t\t\t\t\t<div class=\"elementor-column elementor-col-100 elementor-top-column elementor-element elementor-element-af51cf7\" data-id=\"af51cf7\" data-element_type=\"column\">\n\t\t\t<div class=\"elementor-widget-wrap elementor-element-populated\">\n\t\t\t\t\t\t<div class=\"elementor-element elementor-element-29f8c07 elementor-widget elementor-widget-text-editor\" data-id=\"29f8c07\" data-element_type=\"widget\" data-widget_type=\"text-editor.default\">\n\t\t\t\t<div class=\"elementor-widget-container\">\n\t\t\t\t\t\t\t\t\t<ul><li><a href=\"https:\/\/docs.google.com\/forms\/d\/e\/1FAIpQLSfd-7IV7L0tQaLiSwqBtrOMoQLfRN_-UoXIPHp6YvxI-YmspQ\/viewform\" target=\"_blank\" rel=\"noopener\"><strong>Oryantasyon De\u011ferlendirme Anketi<\/strong><\/a><\/li><li><a href=\"https:\/\/docs.google.com\/forms\/d\/e\/1FAIpQLSdI5TMetC5dhhjEuTQlvmkVG_g9qcrNXK5gGk_I1lhAMSURcA\/viewform\" target=\"_blank\" rel=\"noopener\"><strong>Dan\u0131\u015fman De\u011ferlendirme Anketi<\/strong><\/a><\/li><li><a href=\"https:\/\/docs.google.com\/forms\/d\/e\/1FAIpQLScg278NcjrM8TVMr190GHJKpgn9nQjDohXf7QTJPHDk1A--jg\/viewform\" target=\"_blank\" rel=\"noopener\"><strong>Ders De\u011ferlendirme Anketi<\/strong><\/a><\/li><\/ul>\t\t\t\t\t\t\t\t<\/div>\n\t\t\t\t<\/div>\n\t\t\t\t\t<\/div>\n\t\t<\/div>\n\t\t\t\t\t<\/div>\n\t\t<\/section>\n\t\t\t\t<\/div>\n\t\t","protected":false},"excerpt":{"rendered":"<p>Oryantasyon De\u011ferlendirme Anketi Dan\u0131\u015fman De\u011ferlendirme Anketi Ders De\u011ferlendirme Anketi<\/p>\n","protected":false},"author":665,"featured_media":0,"parent":0,"menu_order":0,"comment_status":"closed","ping_status":"closed","template":"","meta":{"footnotes":""},"class_list":["post-6306","page","type-page","status-publish","hentry"],"_links":{"self":[{"href":"https:\/\/atauni.edu.tr\/elektronik-haberlesme-teknolojisi-programi\/wp-json\/wp\/v2\/pages\/6306","targetHints":{"allow":["GET"]}}],"collection":[{"href":"https:\/\/atauni.edu.tr\/elektronik-haberlesme-teknolojisi-programi\/wp-json\/wp\/v2\/pages"}],"about":[{"href":"https:\/\/atauni.edu.tr\/elektronik-haberlesme-teknolojisi-programi\/wp-json\/wp\/v2\/types\/page"}],"author":[{"embeddable":true,"href":"https:\/\/atauni.edu.tr\/elektronik-haberlesme-teknolojisi-programi\/wp-json\/wp\/v2\/users\/665"}],"replies":[{"embeddable":true,"href":"https:\/\/atauni.edu.tr\/elektronik-haberlesme-teknolojisi-programi\/wp-json\/wp\/v2\/comments?post=6306"}],"version-history":[{"count":7,"href":"https:\/\/atauni.edu.tr\/elektronik-haberlesme-teknolojisi-programi\/wp-json\/wp\/v2\/pages\/6306\/revisions"}],"predecessor-version":[{"id":6419,"href":"https:\/\/atauni.edu.tr\/elektronik-haberlesme-teknolojisi-programi\/wp-json\/wp\/v2\/pages\/6306\/revisions\/6419"}],"wp:attachment":[{"href":"https:\/\/atauni.edu.tr\/elektronik-haberlesme-teknolojisi-programi\/wp-json\/wp\/v2\/media?parent=6306"}],"curies":[{"name":"wp","href":"https:\/\/api.w.org\/{rel}","templated":true}]}}