{"id":6361,"date":"2025-12-09T11:55:38","date_gmt":"2025-12-09T08:55:38","guid":{"rendered":"https:\/\/birimler.atauni.edu.tr\/elektronik-haberlesme-teknolojisi-programi\/?page_id=6361"},"modified":"2025-12-09T11:58:22","modified_gmt":"2025-12-09T08:58:22","slug":"laboratuvarlar","status":"publish","type":"page","link":"https:\/\/atauni.edu.tr\/elektronik-haberlesme-teknolojisi-programi\/laboratuvarlar\/","title":{"rendered":"Laboratuvarlar"},"content":{"rendered":"\t\t<div data-elementor-type=\"wp-page\" data-elementor-id=\"6361\" class=\"elementor elementor-6361\" data-elementor-post-type=\"page\">\n\t\t\t\t\t\t<section class=\"elementor-section elementor-top-section elementor-element elementor-element-248a3d3 elementor-section-boxed elementor-section-height-default elementor-section-height-default\" data-id=\"248a3d3\" data-element_type=\"section\">\n\t\t\t\t\t\t<div class=\"elementor-container elementor-column-gap-default\">\n\t\t\t\t\t<div class=\"elementor-column elementor-col-100 elementor-top-column elementor-element elementor-element-49456f4\" data-id=\"49456f4\" data-element_type=\"column\">\n\t\t\t<div class=\"elementor-widget-wrap elementor-element-populated\">\n\t\t\t\t\t\t<div class=\"elementor-element elementor-element-80e95f9 elementor-widget elementor-widget-text-editor\" data-id=\"80e95f9\" data-element_type=\"widget\" data-widget_type=\"text-editor.default\">\n\t\t\t\t<div class=\"elementor-widget-container\">\n\t\t\t\t\t\t\t\t\t<p><strong>Telekom\u00fcnikasyon sekt\u00f6r\u00fcn\u00fcn nitelikli eleman ihtiyac\u0131n\u0131 kar\u015f\u0131lamak \u00fczere T\u00fcrk Telekom i\u015f birli\u011fiyle kurulan Telekom\u00fcnikasyon Teknolojileri Uygulamal\u0131 Laboratuvar\u0131\u2019nda alan\u0131nda uzman \u00f6\u011freticiler taraf\u0131ndan Haberle\u015fmenin Geli\u015fimi, Eri\u015fim \u015eebekeleri &#8211; Bak\u0131r Kablo Ek ve \u00d6l\u00e7\u00fcm Metotlar\u0131, T\u00fcrk Telekom\u2019da PSTN VE XDSL Servisleri, Eri\u015fim \u015eebekeleri Fiber Ek ve \u00d6l\u00e7\u00fcm Metotlar\u0131, Yeni Nesil Eri\u015fim Teknolojileri- FTTH, IPTV, WiFi, FTTB\/C Sistemleri, T\u00fcrk Telekom\u2019da Enerji ve So\u011futma Sistemleri ile Temel Network E\u011fitimi\u00a0verilmektedir. Laboratuvar\u0131m\u0131z \u00dcniversite-Sanayi i\u015f birli\u011fine \u00f6nemli bir rol model olmaktad\u0131r.<\/strong><\/p>\t\t\t\t\t\t\t\t<\/div>\n\t\t\t\t<\/div>\n\t\t\t\t\t<\/div>\n\t\t<\/div>\n\t\t\t\t\t<\/div>\n\t\t<\/section>\n\t\t\t\t<section class=\"elementor-section elementor-top-section elementor-element elementor-element-3fe87ab elementor-section-boxed elementor-section-height-default elementor-section-height-default\" data-id=\"3fe87ab\" data-element_type=\"section\">\n\t\t\t\t\t\t<div class=\"elementor-container elementor-column-gap-default\">\n\t\t\t\t\t<div class=\"elementor-column elementor-col-33 elementor-top-column elementor-element elementor-element-fd019e8\" data-id=\"fd019e8\" data-element_type=\"column\">\n\t\t\t<div class=\"elementor-widget-wrap elementor-element-populated\">\n\t\t\t\t\t\t<div class=\"elementor-element elementor-element-6934ba3 elementor-widget elementor-widget-image\" data-id=\"6934ba3\" data-element_type=\"widget\" data-widget_type=\"image.default\">\n\t\t\t\t<div class=\"elementor-widget-container\">\n\t\t\t\t\t\t\t\t\t\t\t\t\t\t\t<img fetchpriority=\"high\" decoding=\"async\" width=\"792\" height=\"397\" src=\"https:\/\/atauni.edu.tr\/elektronik-haberlesme-teknolojisi-programi\/wp-content\/uploads\/sites\/286\/2025\/12\/1c.jpg\" class=\"attachment-large size-large wp-image-6360\" alt=\"\" srcset=\"https:\/\/atauni.edu.tr\/elektronik-haberlesme-teknolojisi-programi\/wp-content\/uploads\/sites\/286\/2025\/12\/1c.jpg 792w, https:\/\/atauni.edu.tr\/elektronik-haberlesme-teknolojisi-programi\/wp-content\/uploads\/sites\/286\/2025\/12\/1c-300x150.jpg 300w, https:\/\/atauni.edu.tr\/elektronik-haberlesme-teknolojisi-programi\/wp-content\/uploads\/sites\/286\/2025\/12\/1c-768x385.jpg 768w, https:\/\/atauni.edu.tr\/elektronik-haberlesme-teknolojisi-programi\/wp-content\/uploads\/sites\/286\/2025\/12\/1c-600x301.jpg 600w, https:\/\/atauni.edu.tr\/elektronik-haberlesme-teknolojisi-programi\/wp-content\/uploads\/sites\/286\/2025\/12\/1c-560x281.jpg 560w\" sizes=\"(max-width: 792px) 100vw, 792px\" \/>\t\t\t\t\t\t\t\t\t\t\t\t\t\t\t<\/div>\n\t\t\t\t<\/div>\n\t\t\t\t\t<\/div>\n\t\t<\/div>\n\t\t\t\t<div class=\"elementor-column elementor-col-33 elementor-top-column elementor-element elementor-element-6170c52\" data-id=\"6170c52\" data-element_type=\"column\">\n\t\t\t<div class=\"elementor-widget-wrap elementor-element-populated\">\n\t\t\t\t\t\t<div class=\"elementor-element elementor-element-b61cd85 elementor-widget elementor-widget-image\" data-id=\"b61cd85\" data-element_type=\"widget\" data-widget_type=\"image.default\">\n\t\t\t\t<div class=\"elementor-widget-container\">\n\t\t\t\t\t\t\t\t\t\t\t\t\t\t\t<img decoding=\"async\" width=\"793\" height=\"362\" src=\"https:\/\/atauni.edu.tr\/elektronik-haberlesme-teknolojisi-programi\/wp-content\/uploads\/sites\/286\/2025\/12\/1b.jpg\" class=\"attachment-large size-large wp-image-6359\" alt=\"\" srcset=\"https:\/\/atauni.edu.tr\/elektronik-haberlesme-teknolojisi-programi\/wp-content\/uploads\/sites\/286\/2025\/12\/1b.jpg 793w, https:\/\/atauni.edu.tr\/elektronik-haberlesme-teknolojisi-programi\/wp-content\/uploads\/sites\/286\/2025\/12\/1b-300x137.jpg 300w, https:\/\/atauni.edu.tr\/elektronik-haberlesme-teknolojisi-programi\/wp-content\/uploads\/sites\/286\/2025\/12\/1b-768x351.jpg 768w, https:\/\/atauni.edu.tr\/elektronik-haberlesme-teknolojisi-programi\/wp-content\/uploads\/sites\/286\/2025\/12\/1b-600x274.jpg 600w, https:\/\/atauni.edu.tr\/elektronik-haberlesme-teknolojisi-programi\/wp-content\/uploads\/sites\/286\/2025\/12\/1b-560x256.jpg 560w\" sizes=\"(max-width: 793px) 100vw, 793px\" \/>\t\t\t\t\t\t\t\t\t\t\t\t\t\t\t<\/div>\n\t\t\t\t<\/div>\n\t\t\t\t\t<\/div>\n\t\t<\/div>\n\t\t\t\t<div class=\"elementor-column elementor-col-33 elementor-top-column elementor-element elementor-element-cc866db\" data-id=\"cc866db\" data-element_type=\"column\">\n\t\t\t<div class=\"elementor-widget-wrap elementor-element-populated\">\n\t\t\t\t\t\t<div class=\"elementor-element elementor-element-d1171db elementor-widget elementor-widget-image\" data-id=\"d1171db\" data-element_type=\"widget\" data-widget_type=\"image.default\">\n\t\t\t\t<div class=\"elementor-widget-container\">\n\t\t\t\t\t\t\t\t\t\t\t\t\t\t\t<img decoding=\"async\" width=\"797\" height=\"380\" src=\"https:\/\/atauni.edu.tr\/elektronik-haberlesme-teknolojisi-programi\/wp-content\/uploads\/sites\/286\/2025\/12\/1a.jpg\" class=\"attachment-large size-large wp-image-6358\" alt=\"\" srcset=\"https:\/\/atauni.edu.tr\/elektronik-haberlesme-teknolojisi-programi\/wp-content\/uploads\/sites\/286\/2025\/12\/1a.jpg 797w, https:\/\/atauni.edu.tr\/elektronik-haberlesme-teknolojisi-programi\/wp-content\/uploads\/sites\/286\/2025\/12\/1a-300x143.jpg 300w, https:\/\/atauni.edu.tr\/elektronik-haberlesme-teknolojisi-programi\/wp-content\/uploads\/sites\/286\/2025\/12\/1a-768x366.jpg 768w, https:\/\/atauni.edu.tr\/elektronik-haberlesme-teknolojisi-programi\/wp-content\/uploads\/sites\/286\/2025\/12\/1a-600x286.jpg 600w, https:\/\/atauni.edu.tr\/elektronik-haberlesme-teknolojisi-programi\/wp-content\/uploads\/sites\/286\/2025\/12\/1a-560x267.jpg 560w\" sizes=\"(max-width: 797px) 100vw, 797px\" \/>\t\t\t\t\t\t\t\t\t\t\t\t\t\t\t<\/div>\n\t\t\t\t<\/div>\n\t\t\t\t\t<\/div>\n\t\t<\/div>\n\t\t\t\t\t<\/div>\n\t\t<\/section>\n\t\t\t\t<\/div>\n\t\t","protected":false},"excerpt":{"rendered":"<p>Telekom\u00fcnikasyon sekt\u00f6r\u00fcn\u00fcn nitelikli eleman ihtiyac\u0131n\u0131 kar\u015f\u0131lamak \u00fczere T\u00fcrk Telekom i\u015f birli\u011fiyle kurulan Telekom\u00fcnikasyon Teknolojileri Uygulamal\u0131 Laboratuvar\u0131\u2019nda alan\u0131nda uzman \u00f6\u011freticiler taraf\u0131ndan Haberle\u015fmenin Geli\u015fimi, Eri\u015fim \u015eebekeleri &#8211; Bak\u0131r Kablo Ek ve \u00d6l\u00e7\u00fcm Metotlar\u0131, T\u00fcrk Telekom\u2019da PSTN VE XDSL Servisleri, Eri\u015fim \u015eebekeleri Fiber Ek ve \u00d6l\u00e7\u00fcm Metotlar\u0131, Yeni Nesil Eri\u015fim Teknolojileri- FTTH, IPTV, WiFi, FTTB\/C Sistemleri, T\u00fcrk Telekom\u2019da [&hellip;]<\/p>\n","protected":false},"author":665,"featured_media":0,"parent":0,"menu_order":0,"comment_status":"closed","ping_status":"closed","template":"","meta":{"footnotes":""},"class_list":["post-6361","page","type-page","status-publish","hentry"],"_links":{"self":[{"href":"https:\/\/atauni.edu.tr\/elektronik-haberlesme-teknolojisi-programi\/wp-json\/wp\/v2\/pages\/6361","targetHints":{"allow":["GET"]}}],"collection":[{"href":"https:\/\/atauni.edu.tr\/elektronik-haberlesme-teknolojisi-programi\/wp-json\/wp\/v2\/pages"}],"about":[{"href":"https:\/\/atauni.edu.tr\/elektronik-haberlesme-teknolojisi-programi\/wp-json\/wp\/v2\/types\/page"}],"author":[{"embeddable":true,"href":"https:\/\/atauni.edu.tr\/elektronik-haberlesme-teknolojisi-programi\/wp-json\/wp\/v2\/users\/665"}],"replies":[{"embeddable":true,"href":"https:\/\/atauni.edu.tr\/elektronik-haberlesme-teknolojisi-programi\/wp-json\/wp\/v2\/comments?post=6361"}],"version-history":[{"count":4,"href":"https:\/\/atauni.edu.tr\/elektronik-haberlesme-teknolojisi-programi\/wp-json\/wp\/v2\/pages\/6361\/revisions"}],"predecessor-version":[{"id":6366,"href":"https:\/\/atauni.edu.tr\/elektronik-haberlesme-teknolojisi-programi\/wp-json\/wp\/v2\/pages\/6361\/revisions\/6366"}],"wp:attachment":[{"href":"https:\/\/atauni.edu.tr\/elektronik-haberlesme-teknolojisi-programi\/wp-json\/wp\/v2\/media?parent=6361"}],"curies":[{"name":"wp","href":"https:\/\/api.w.org\/{rel}","templated":true}]}}