{"id":6367,"date":"2025-12-09T12:01:48","date_gmt":"2025-12-09T09:01:48","guid":{"rendered":"https:\/\/birimler.atauni.edu.tr\/elektronik-haberlesme-teknolojisi-programi\/?page_id=6367"},"modified":"2025-12-09T12:31:49","modified_gmt":"2025-12-09T09:31:49","slug":"sosyal-sorumluluk-projeleri","status":"publish","type":"page","link":"https:\/\/atauni.edu.tr\/elektronik-haberlesme-teknolojisi-programi\/sosyal-sorumluluk-projeleri\/","title":{"rendered":"Sosyal Sorumluluk Projeleri"},"content":{"rendered":"\t\t<div data-elementor-type=\"wp-page\" data-elementor-id=\"6367\" class=\"elementor elementor-6367\" data-elementor-post-type=\"page\">\n\t\t\t\t\t\t<section class=\"elementor-section elementor-top-section elementor-element elementor-element-10a41e8 elementor-section-boxed elementor-section-height-default elementor-section-height-default\" data-id=\"10a41e8\" data-element_type=\"section\">\n\t\t\t\t\t\t<div class=\"elementor-container elementor-column-gap-default\">\n\t\t\t\t\t<div class=\"elementor-column elementor-col-100 elementor-top-column elementor-element elementor-element-a839cb4\" data-id=\"a839cb4\" data-element_type=\"column\">\n\t\t\t<div class=\"elementor-widget-wrap elementor-element-populated\">\n\t\t\t\t\t\t<div class=\"elementor-element elementor-element-8aaf093 elementor-widget elementor-widget-text-editor\" data-id=\"8aaf093\" data-element_type=\"widget\" data-widget_type=\"text-editor.default\">\n\t\t\t\t<div class=\"elementor-widget-container\">\n\t\t\t\t\t\t\t\t\t<p><strong>Toplumsal Duyarl\u0131l\u0131k Projeleri, bireylerin topluma kar\u015f\u0131 sorumluluklar\u0131n\u0131 fark etmelerini, anlamalar\u0131n\u0131 ve bu sorumluluklar\u0131 yerine getirmelerini sa\u011flamak amac\u0131yla tasarlanan projelerdir. Bu projeler, mevcut toplumsal sorunlara (e\u011fitim, sa\u011fl\u0131k, \u00e7evre, dezavantajl\u0131 gruplar vb.) \u00e7\u00f6z\u00fcm \u00f6nerileri geli\u015ftirmeyi ve bu \u00f6nerileri hayata ge\u00e7irerek toplumda fark\u0131ndal\u0131k yaratmay\u0131 hedefler. Ayn\u0131 zamanda bireylerin tak\u0131m \u00e7al\u0131\u015fmas\u0131 becerilerini geli\u015ftirmesini ve farkl\u0131 kurum ve kurulu\u015flarla i\u015fbirli\u011fi yapmas\u0131n\u0131 te\u015fvik eder.<\/strong><\/p>\t\t\t\t\t\t\t\t<\/div>\n\t\t\t\t<\/div>\n\t\t\t\t\t<\/div>\n\t\t<\/div>\n\t\t\t\t\t<\/div>\n\t\t<\/section>\n\t\t\t\t<section class=\"elementor-section elementor-top-section elementor-element elementor-element-0a198be elementor-section-boxed elementor-section-height-default elementor-section-height-default\" data-id=\"0a198be\" data-element_type=\"section\">\n\t\t\t\t\t\t<div class=\"elementor-container elementor-column-gap-default\">\n\t\t\t\t\t<div class=\"elementor-column elementor-col-25 elementor-top-column elementor-element elementor-element-5b9ce9b\" data-id=\"5b9ce9b\" data-element_type=\"column\">\n\t\t\t<div class=\"elementor-widget-wrap elementor-element-populated\">\n\t\t\t\t\t\t<div class=\"elementor-element elementor-element-ac9ecee elementor-widget elementor-widget-image\" data-id=\"ac9ecee\" data-element_type=\"widget\" data-widget_type=\"image.default\">\n\t\t\t\t<div class=\"elementor-widget-container\">\n\t\t\t\t\t\t\t\t\t\t\t\t\t\t\t<img fetchpriority=\"high\" decoding=\"async\" width=\"227\" height=\"300\" src=\"https:\/\/atauni.edu.tr\/elektronik-haberlesme-teknolojisi-programi\/wp-content\/uploads\/sites\/286\/2025\/12\/2c-227x300.jpg\" class=\"attachment-medium size-medium wp-image-6403\" alt=\"\" srcset=\"https:\/\/atauni.edu.tr\/elektronik-haberlesme-teknolojisi-programi\/wp-content\/uploads\/sites\/286\/2025\/12\/2c-227x300.jpg 227w, https:\/\/atauni.edu.tr\/elektronik-haberlesme-teknolojisi-programi\/wp-content\/uploads\/sites\/286\/2025\/12\/2c-454x600.jpg 454w, https:\/\/atauni.edu.tr\/elektronik-haberlesme-teknolojisi-programi\/wp-content\/uploads\/sites\/286\/2025\/12\/2c-423x560.jpg 423w, https:\/\/atauni.edu.tr\/elektronik-haberlesme-teknolojisi-programi\/wp-content\/uploads\/sites\/286\/2025\/12\/2c.jpg 480w\" sizes=\"(max-width: 227px) 100vw, 227px\" \/>\t\t\t\t\t\t\t\t\t\t\t\t\t\t\t<\/div>\n\t\t\t\t<\/div>\n\t\t\t\t\t<\/div>\n\t\t<\/div>\n\t\t\t\t<div class=\"elementor-column elementor-col-25 elementor-top-column elementor-element elementor-element-dcb5f52\" data-id=\"dcb5f52\" data-element_type=\"column\">\n\t\t\t<div class=\"elementor-widget-wrap elementor-element-populated\">\n\t\t\t\t\t\t<div class=\"elementor-element elementor-element-6b79a17 elementor-widget elementor-widget-image\" data-id=\"6b79a17\" data-element_type=\"widget\" data-widget_type=\"image.default\">\n\t\t\t\t<div class=\"elementor-widget-container\">\n\t\t\t\t\t\t\t\t\t\t\t\t\t\t\t<img decoding=\"async\" width=\"738\" height=\"437\" src=\"https:\/\/atauni.edu.tr\/elektronik-haberlesme-teknolojisi-programi\/wp-content\/uploads\/sites\/286\/2025\/12\/2b.jpg\" class=\"attachment-large size-large wp-image-6402\" alt=\"\" srcset=\"https:\/\/atauni.edu.tr\/elektronik-haberlesme-teknolojisi-programi\/wp-content\/uploads\/sites\/286\/2025\/12\/2b.jpg 738w, https:\/\/atauni.edu.tr\/elektronik-haberlesme-teknolojisi-programi\/wp-content\/uploads\/sites\/286\/2025\/12\/2b-300x178.jpg 300w, https:\/\/atauni.edu.tr\/elektronik-haberlesme-teknolojisi-programi\/wp-content\/uploads\/sites\/286\/2025\/12\/2b-600x355.jpg 600w, https:\/\/atauni.edu.tr\/elektronik-haberlesme-teknolojisi-programi\/wp-content\/uploads\/sites\/286\/2025\/12\/2b-560x332.jpg 560w\" sizes=\"(max-width: 738px) 100vw, 738px\" \/>\t\t\t\t\t\t\t\t\t\t\t\t\t\t\t<\/div>\n\t\t\t\t<\/div>\n\t\t\t\t\t<\/div>\n\t\t<\/div>\n\t\t\t\t<div class=\"elementor-column elementor-col-25 elementor-top-column elementor-element elementor-element-894f0c9\" data-id=\"894f0c9\" data-element_type=\"column\">\n\t\t\t<div class=\"elementor-widget-wrap elementor-element-populated\">\n\t\t\t\t\t\t<div class=\"elementor-element elementor-element-c20aa6e elementor-widget elementor-widget-image\" data-id=\"c20aa6e\" data-element_type=\"widget\" data-widget_type=\"image.default\">\n\t\t\t\t<div class=\"elementor-widget-container\">\n\t\t\t\t\t\t\t\t\t\t\t\t\t\t\t<img decoding=\"async\" width=\"788\" height=\"481\" src=\"https:\/\/atauni.edu.tr\/elektronik-haberlesme-teknolojisi-programi\/wp-content\/uploads\/sites\/286\/2025\/12\/2a.jpg\" class=\"attachment-large size-large wp-image-6401\" alt=\"\" srcset=\"https:\/\/atauni.edu.tr\/elektronik-haberlesme-teknolojisi-programi\/wp-content\/uploads\/sites\/286\/2025\/12\/2a.jpg 788w, https:\/\/atauni.edu.tr\/elektronik-haberlesme-teknolojisi-programi\/wp-content\/uploads\/sites\/286\/2025\/12\/2a-300x183.jpg 300w, https:\/\/atauni.edu.tr\/elektronik-haberlesme-teknolojisi-programi\/wp-content\/uploads\/sites\/286\/2025\/12\/2a-768x469.jpg 768w, https:\/\/atauni.edu.tr\/elektronik-haberlesme-teknolojisi-programi\/wp-content\/uploads\/sites\/286\/2025\/12\/2a-600x366.jpg 600w, https:\/\/atauni.edu.tr\/elektronik-haberlesme-teknolojisi-programi\/wp-content\/uploads\/sites\/286\/2025\/12\/2a-560x342.jpg 560w\" sizes=\"(max-width: 788px) 100vw, 788px\" \/>\t\t\t\t\t\t\t\t\t\t\t\t\t\t\t<\/div>\n\t\t\t\t<\/div>\n\t\t\t\t\t<\/div>\n\t\t<\/div>\n\t\t\t\t<div class=\"elementor-column elementor-col-25 elementor-top-column elementor-element elementor-element-b18b9c1\" data-id=\"b18b9c1\" data-element_type=\"column\">\n\t\t\t<div class=\"elementor-widget-wrap elementor-element-populated\">\n\t\t\t\t\t\t<div class=\"elementor-element elementor-element-65f4b9c elementor-widget elementor-widget-image\" data-id=\"65f4b9c\" data-element_type=\"widget\" data-widget_type=\"image.default\">\n\t\t\t\t<div class=\"elementor-widget-container\">\n\t\t\t\t\t\t\t\t\t\t\t\t\t\t\t<img loading=\"lazy\" decoding=\"async\" width=\"789\" height=\"333\" src=\"https:\/\/atauni.edu.tr\/elektronik-haberlesme-teknolojisi-programi\/wp-content\/uploads\/sites\/286\/2025\/12\/2d.jpg\" class=\"attachment-large size-large wp-image-6404\" alt=\"\" srcset=\"https:\/\/atauni.edu.tr\/elektronik-haberlesme-teknolojisi-programi\/wp-content\/uploads\/sites\/286\/2025\/12\/2d.jpg 789w, https:\/\/atauni.edu.tr\/elektronik-haberlesme-teknolojisi-programi\/wp-content\/uploads\/sites\/286\/2025\/12\/2d-300x127.jpg 300w, https:\/\/atauni.edu.tr\/elektronik-haberlesme-teknolojisi-programi\/wp-content\/uploads\/sites\/286\/2025\/12\/2d-768x324.jpg 768w, https:\/\/atauni.edu.tr\/elektronik-haberlesme-teknolojisi-programi\/wp-content\/uploads\/sites\/286\/2025\/12\/2d-600x253.jpg 600w, https:\/\/atauni.edu.tr\/elektronik-haberlesme-teknolojisi-programi\/wp-content\/uploads\/sites\/286\/2025\/12\/2d-560x236.jpg 560w\" sizes=\"(max-width: 789px) 100vw, 789px\" \/>\t\t\t\t\t\t\t\t\t\t\t\t\t\t\t<\/div>\n\t\t\t\t<\/div>\n\t\t\t\t\t<\/div>\n\t\t<\/div>\n\t\t\t\t\t<\/div>\n\t\t<\/section>\n\t\t\t\t<\/div>\n\t\t","protected":false},"excerpt":{"rendered":"<p>Toplumsal Duyarl\u0131l\u0131k Projeleri, bireylerin topluma kar\u015f\u0131 sorumluluklar\u0131n\u0131 fark etmelerini, anlamalar\u0131n\u0131 ve bu sorumluluklar\u0131 yerine getirmelerini sa\u011flamak amac\u0131yla tasarlanan projelerdir. Bu projeler, mevcut toplumsal sorunlara (e\u011fitim, sa\u011fl\u0131k, \u00e7evre, dezavantajl\u0131 gruplar vb.) \u00e7\u00f6z\u00fcm \u00f6nerileri geli\u015ftirmeyi ve bu \u00f6nerileri hayata ge\u00e7irerek toplumda fark\u0131ndal\u0131k yaratmay\u0131 hedefler. Ayn\u0131 zamanda bireylerin tak\u0131m \u00e7al\u0131\u015fmas\u0131 becerilerini geli\u015ftirmesini ve farkl\u0131 kurum ve kurulu\u015flarla i\u015fbirli\u011fi [&hellip;]<\/p>\n","protected":false},"author":665,"featured_media":0,"parent":0,"menu_order":0,"comment_status":"closed","ping_status":"closed","template":"","meta":{"footnotes":""},"class_list":["post-6367","page","type-page","status-publish","hentry"],"_links":{"self":[{"href":"https:\/\/atauni.edu.tr\/elektronik-haberlesme-teknolojisi-programi\/wp-json\/wp\/v2\/pages\/6367","targetHints":{"allow":["GET"]}}],"collection":[{"href":"https:\/\/atauni.edu.tr\/elektronik-haberlesme-teknolojisi-programi\/wp-json\/wp\/v2\/pages"}],"about":[{"href":"https:\/\/atauni.edu.tr\/elektronik-haberlesme-teknolojisi-programi\/wp-json\/wp\/v2\/types\/page"}],"author":[{"embeddable":true,"href":"https:\/\/atauni.edu.tr\/elektronik-haberlesme-teknolojisi-programi\/wp-json\/wp\/v2\/users\/665"}],"replies":[{"embeddable":true,"href":"https:\/\/atauni.edu.tr\/elektronik-haberlesme-teknolojisi-programi\/wp-json\/wp\/v2\/comments?post=6367"}],"version-history":[{"count":4,"href":"https:\/\/atauni.edu.tr\/elektronik-haberlesme-teknolojisi-programi\/wp-json\/wp\/v2\/pages\/6367\/revisions"}],"predecessor-version":[{"id":6407,"href":"https:\/\/atauni.edu.tr\/elektronik-haberlesme-teknolojisi-programi\/wp-json\/wp\/v2\/pages\/6367\/revisions\/6407"}],"wp:attachment":[{"href":"https:\/\/atauni.edu.tr\/elektronik-haberlesme-teknolojisi-programi\/wp-json\/wp\/v2\/media?parent=6367"}],"curies":[{"name":"wp","href":"https:\/\/api.w.org\/{rel}","templated":true}]}}