{"id":5638,"date":"2021-07-13T09:49:25","date_gmt":"2021-07-13T06:49:25","guid":{"rendered":"https:\/\/portaltest.atauni.edu.tr\/bilgisayar-muhendisligi\/?page_id=5638"},"modified":"2021-12-17T13:09:34","modified_gmt":"2021-12-17T10:09:34","slug":"tarihce","status":"publish","type":"page","link":"https:\/\/atauni.edu.tr\/endustri-muhendisligi\/tarihce\/","title":{"rendered":"Tarih\u00e7e"},"content":{"rendered":"\t\t<div data-elementor-type=\"wp-page\" data-elementor-id=\"5638\" class=\"elementor elementor-5638\" data-elementor-post-type=\"page\">\n\t\t\t\t\t\t<section class=\"elementor-section elementor-top-section elementor-element elementor-element-730d320 elementor-section-boxed elementor-section-height-default elementor-section-height-default\" data-id=\"730d320\" data-element_type=\"section\">\n\t\t\t\t\t\t<div class=\"elementor-container elementor-column-gap-default\">\n\t\t\t\t\t<div class=\"elementor-column elementor-col-100 elementor-top-column elementor-element elementor-element-753d0860\" data-id=\"753d0860\" data-element_type=\"column\">\n\t\t\t<div class=\"elementor-widget-wrap\">\n\t\t\t\t\t\t\t<\/div>\n\t\t<\/div>\n\t\t\t\t\t<\/div>\n\t\t<\/section>\n\t\t\t\t<section class=\"elementor-section elementor-top-section elementor-element elementor-element-9be811a elementor-section-boxed elementor-section-height-default elementor-section-height-default\" data-id=\"9be811a\" data-element_type=\"section\">\n\t\t\t\t\t\t<div class=\"elementor-container elementor-column-gap-default\">\n\t\t\t\t\t<div class=\"elementor-column elementor-col-100 elementor-top-column elementor-element elementor-element-1ed847b7\" data-id=\"1ed847b7\" data-element_type=\"column\">\n\t\t\t<div class=\"elementor-widget-wrap elementor-element-populated\">\n\t\t\t\t\t\t<div class=\"elementor-element elementor-element-4ce0d07f elementor-widget elementor-widget-heading\" data-id=\"4ce0d07f\" data-element_type=\"widget\" data-widget_type=\"heading.default\">\n\t\t\t\t<div class=\"elementor-widget-container\">\n\t\t\t\t\t<h2 class=\"elementor-heading-title elementor-size-default\">Tarih\u00e7e<\/h2>\t\t\t\t<\/div>\n\t\t\t\t<\/div>\n\t\t\t\t<div class=\"elementor-element elementor-element-63260862 elementor-widget-divider--view-line elementor-widget elementor-widget-divider\" data-id=\"63260862\" data-element_type=\"widget\" data-widget_type=\"divider.default\">\n\t\t\t\t<div class=\"elementor-widget-container\">\n\t\t\t\t\t\t\t<div class=\"elementor-divider\">\n\t\t\t<span class=\"elementor-divider-separator\">\n\t\t\t\t\t\t<\/span>\n\t\t<\/div>\n\t\t\t\t\t\t<\/div>\n\t\t\t\t<\/div>\n\t\t\t\t\t<\/div>\n\t\t<\/div>\n\t\t\t\t\t<\/div>\n\t\t<\/section>\n\t\t\t\t<section class=\"elementor-section elementor-top-section elementor-element elementor-element-d8b1717 elementor-section-boxed elementor-section-height-default elementor-section-height-default\" data-id=\"d8b1717\" data-element_type=\"section\">\n\t\t\t\t\t\t<div class=\"elementor-container elementor-column-gap-default\">\n\t\t\t\t\t<div class=\"elementor-column elementor-col-100 elementor-top-column elementor-element elementor-element-0666899\" data-id=\"0666899\" data-element_type=\"column\">\n\t\t\t<div class=\"elementor-widget-wrap elementor-element-populated\">\n\t\t\t\t\t\t<div class=\"elementor-element elementor-element-bae5cee elementor-widget elementor-widget-text-editor\" data-id=\"bae5cee\" data-element_type=\"widget\" data-widget_type=\"text-editor.default\">\n\t\t\t\t<div class=\"elementor-widget-container\">\n\t\t\t\t\t\t\t\t\t<p><span style=\"font-size: 10.5pt;line-height: 107%;font-family: Arial, sans-serif;color: black;background-image: initial;background-position: initial;background-size: initial;background-attachment: initial\">End\u00fcstri M\u00fchendisli\u011fi B\u00f6l\u00fcm\u00fc, M\u00fchendislik Fak\u00fcltesi b\u00fcnyesinde Y\u00d6K&#8217;\u00fcn 25.02.1994 tarih ve 827-7693 say\u0131l\u0131 karar\u0131yla kurulmu\u015ftur. B\u00f6l\u00fcm\u00fcm\u00fcze 2009-2010 e\u011fitim-\u00f6\u011fretim y\u0131l\u0131ndan itibaren \u00f6rg\u00fcn ve ikinci \u00f6\u011fretim programlar\u0131na \u00f6\u011frenci al\u0131narak lisans program\u0131nda e\u011fitim \u00f6\u011fretim faaliyetlerine ba\u015flan\u0131lm\u0131\u015ft\u0131r.&nbsp;B\u00f6l\u00fcm\u00fcm\u00fcz, Atat\u00fcrk \u00dcniversitesi Fen Bilimleri Enstit\u00fcs\u00fc b\u00fcnyesinde olmak \u00fczere Tezli Y\u00fcksek Lisans Program\u0131n\u0131 2007 y\u0131l\u0131ndan, Doktora Program\u0131n\u0131 ise 2012 y\u0131l\u0131ndan g\u00fcn\u00fcm\u00fcze s\u00fcrd\u00fcrmektedir.<\/span><\/p>\t\t\t\t\t\t\t\t<\/div>\n\t\t\t\t<\/div>\n\t\t\t\t\t<\/div>\n\t\t<\/div>\n\t\t\t\t\t<\/div>\n\t\t<\/section>\n\t\t\t\t<\/div>\n\t\t","protected":false},"excerpt":{"rendered":"<p>Tarih\u00e7e End\u00fcstri M\u00fchendisli\u011fi B\u00f6l\u00fcm\u00fc, M\u00fchendislik Fak\u00fcltesi b\u00fcnyesinde Y\u00d6K&#8217;\u00fcn 25.02.1994 tarih ve 827-7693 say\u0131l\u0131 karar\u0131yla kurulmu\u015ftur. B\u00f6l\u00fcm\u00fcm\u00fcze 2009-2010 e\u011fitim-\u00f6\u011fretim y\u0131l\u0131ndan itibaren \u00f6rg\u00fcn ve ikinci \u00f6\u011fretim programlar\u0131na \u00f6\u011frenci al\u0131narak lisans program\u0131nda e\u011fitim \u00f6\u011fretim faaliyetlerine ba\u015flan\u0131lm\u0131\u015ft\u0131r.&nbsp;B\u00f6l\u00fcm\u00fcm\u00fcz, Atat\u00fcrk \u00dcniversitesi Fen Bilimleri Enstit\u00fcs\u00fc b\u00fcnyesinde olmak \u00fczere Tezli Y\u00fcksek Lisans Program\u0131n\u0131 2007 y\u0131l\u0131ndan, Doktora Program\u0131n\u0131 ise 2012 y\u0131l\u0131ndan g\u00fcn\u00fcm\u00fcze s\u00fcrd\u00fcrmektedir.<\/p>\n","protected":false},"author":1,"featured_media":0,"parent":0,"menu_order":0,"comment_status":"closed","ping_status":"closed","template":"","meta":{"footnotes":""},"class_list":["post-5638","page","type-page","status-publish","hentry"],"_links":{"self":[{"href":"https:\/\/atauni.edu.tr\/endustri-muhendisligi\/wp-json\/wp\/v2\/pages\/5638","targetHints":{"allow":["GET"]}}],"collection":[{"href":"https:\/\/atauni.edu.tr\/endustri-muhendisligi\/wp-json\/wp\/v2\/pages"}],"about":[{"href":"https:\/\/atauni.edu.tr\/endustri-muhendisligi\/wp-json\/wp\/v2\/types\/page"}],"author":[{"embeddable":true,"href":"https:\/\/atauni.edu.tr\/endustri-muhendisligi\/wp-json\/wp\/v2\/users\/1"}],"replies":[{"embeddable":true,"href":"https:\/\/atauni.edu.tr\/endustri-muhendisligi\/wp-json\/wp\/v2\/comments?post=5638"}],"version-history":[{"count":34,"href":"https:\/\/atauni.edu.tr\/endustri-muhendisligi\/wp-json\/wp\/v2\/pages\/5638\/revisions"}],"predecessor-version":[{"id":6242,"href":"https:\/\/atauni.edu.tr\/endustri-muhendisligi\/wp-json\/wp\/v2\/pages\/5638\/revisions\/6242"}],"wp:attachment":[{"href":"https:\/\/atauni.edu.tr\/endustri-muhendisligi\/wp-json\/wp\/v2\/media?parent=5638"}],"curies":[{"name":"wp","href":"https:\/\/api.w.org\/{rel}","templated":true}]}}