{"id":5762,"date":"2021-07-13T12:55:48","date_gmt":"2021-07-13T09:55:48","guid":{"rendered":"https:\/\/portaltest.atauni.edu.tr\/bilgisayar-muhendisligi\/?page_id=5762"},"modified":"2023-04-28T16:47:13","modified_gmt":"2023-04-28T13:47:13","slug":"lisans-ders-listesi","status":"publish","type":"page","link":"https:\/\/atauni.edu.tr\/endustri-muhendisligi\/lisans-ders-listesi\/","title":{"rendered":"Ders Listesi"},"content":{"rendered":"\t\t<div data-elementor-type=\"wp-page\" data-elementor-id=\"5762\" class=\"elementor elementor-5762\" data-elementor-post-type=\"page\">\n\t\t\t\t\t\t<section class=\"elementor-section elementor-top-section elementor-element elementor-element-9be811a elementor-section-boxed elementor-section-height-default elementor-section-height-default\" data-id=\"9be811a\" data-element_type=\"section\">\n\t\t\t\t\t\t<div class=\"elementor-container elementor-column-gap-default\">\n\t\t\t\t\t<div class=\"elementor-column elementor-col-100 elementor-top-column elementor-element elementor-element-1ed847b7\" data-id=\"1ed847b7\" data-element_type=\"column\">\n\t\t\t<div class=\"elementor-widget-wrap elementor-element-populated\">\n\t\t\t\t\t\t<div class=\"elementor-element elementor-element-4ce0d07f elementor-widget elementor-widget-heading\" data-id=\"4ce0d07f\" data-element_type=\"widget\" data-widget_type=\"heading.default\">\n\t\t\t\t<div class=\"elementor-widget-container\">\n\t\t\t\t\t<h2 class=\"elementor-heading-title elementor-size-default\">Lisans Ders \u0130\u00e7erikleri<\/h2>\t\t\t\t<\/div>\n\t\t\t\t<\/div>\n\t\t\t\t<div class=\"elementor-element elementor-element-63260862 elementor-widget-divider--view-line elementor-widget elementor-widget-divider\" data-id=\"63260862\" data-element_type=\"widget\" data-widget_type=\"divider.default\">\n\t\t\t\t<div class=\"elementor-widget-container\">\n\t\t\t\t\t\t\t<div class=\"elementor-divider\">\n\t\t\t<span class=\"elementor-divider-separator\">\n\t\t\t\t\t\t<\/span>\n\t\t<\/div>\n\t\t\t\t\t\t<\/div>\n\t\t\t\t<\/div>\n\t\t\t\t\t<\/div>\n\t\t<\/div>\n\t\t\t\t\t<\/div>\n\t\t<\/section>\n\t\t\t\t<section class=\"elementor-section elementor-top-section elementor-element elementor-element-ff12562 elementor-section-boxed elementor-section-height-default elementor-section-height-default\" data-id=\"ff12562\" data-element_type=\"section\">\n\t\t\t\t\t\t<div class=\"elementor-container elementor-column-gap-default\">\n\t\t\t\t\t<div class=\"elementor-column elementor-col-100 elementor-top-column elementor-element elementor-element-2aa5f38\" data-id=\"2aa5f38\" data-element_type=\"column\">\n\t\t\t<div class=\"elementor-widget-wrap elementor-element-populated\">\n\t\t\t\t\t\t<div class=\"elementor-element elementor-element-3f6c81d elementor-widget elementor-widget-text-editor\" data-id=\"3f6c81d\" data-element_type=\"widget\" data-widget_type=\"text-editor.default\">\n\t\t\t\t<div class=\"elementor-widget-container\">\n\t\t\t\t\t\t\t\t\t<p><strong><span style=\"color: #333333;font-family: monospace;font-size: 14.16px;background-color: #fdfcfa\"><span style=\"text-decoration: underline\"><em>Dijital D\u00f6n\u00fc\u015f\u00fcm Ekosistemi<\/em><\/span> <\/span><\/strong><span style=\"color: #333333;font-family: monospace;font-size: 14.16px;background-color: #fdfcfa\">dersine ait ders i\u00e7eri\u011fi i\u00e7in t\u0131klay\u0131n\u0131z:<\/span><\/p><p><a href=\"http:\/\/birimler.atauni.edu.tr\/endustri-muhendisligi\/wp-content\/uploads\/sites\/104\/2020\/07\/Dijital-Donusum-Ekosistemi-Ders-Icerigi.pdf\">Dijital D\u00f6n\u00fc\u015f\u00fcm Ekosistemi Ders \u0130\u00e7eri\u011fi<\/a><\/p><ul><li>Ders i\u00e7erikleri ile alakal\u0131 detayl\u0131 bilgiye, b\u00f6l\u00fcm web sayfam\u0131z\u0131n sa\u011f alt k\u0131sm\u0131nda yer alan <strong>&#8220;H\u0131zl\u0131 Ba\u011flant\u0131lar&#8221;<\/strong> men\u00fcs\u00fcnden <strong><span style=\"text-decoration: underline\">&#8216;<a href=\"https:\/\/obs.atauni.edu.tr\/moduller\/dbp\/eobs\/icerik\/anasayfa\">Ders Bilgi Paketi<\/a>&#8216;<\/span><\/strong>ne t\u0131klayarak ula\u015fabilirsiniz.<\/li><\/ul>\t\t\t\t\t\t\t\t<\/div>\n\t\t\t\t<\/div>\n\t\t\t\t\t<\/div>\n\t\t<\/div>\n\t\t\t\t\t<\/div>\n\t\t<\/section>\n\t\t\t\t<\/div>\n\t\t","protected":false},"excerpt":{"rendered":"<p>Lisans Ders \u0130\u00e7erikleri Dijital D\u00f6n\u00fc\u015f\u00fcm Ekosistemi dersine ait ders i\u00e7eri\u011fi i\u00e7in t\u0131klay\u0131n\u0131z: Dijital D\u00f6n\u00fc\u015f\u00fcm Ekosistemi Ders \u0130\u00e7eri\u011fi Ders i\u00e7erikleri ile alakal\u0131 detayl\u0131 bilgiye, b\u00f6l\u00fcm web sayfam\u0131z\u0131n sa\u011f alt k\u0131sm\u0131nda yer alan &#8220;H\u0131zl\u0131 Ba\u011flant\u0131lar&#8221; men\u00fcs\u00fcnden &#8216;Ders Bilgi Paketi&#8216;ne t\u0131klayarak ula\u015fabilirsiniz.<\/p>\n","protected":false},"author":1,"featured_media":0,"parent":0,"menu_order":0,"comment_status":"closed","ping_status":"closed","template":"","meta":{"footnotes":""},"class_list":["post-5762","page","type-page","status-publish","hentry"],"_links":{"self":[{"href":"https:\/\/atauni.edu.tr\/endustri-muhendisligi\/wp-json\/wp\/v2\/pages\/5762","targetHints":{"allow":["GET"]}}],"collection":[{"href":"https:\/\/atauni.edu.tr\/endustri-muhendisligi\/wp-json\/wp\/v2\/pages"}],"about":[{"href":"https:\/\/atauni.edu.tr\/endustri-muhendisligi\/wp-json\/wp\/v2\/types\/page"}],"author":[{"embeddable":true,"href":"https:\/\/atauni.edu.tr\/endustri-muhendisligi\/wp-json\/wp\/v2\/users\/1"}],"replies":[{"embeddable":true,"href":"https:\/\/atauni.edu.tr\/endustri-muhendisligi\/wp-json\/wp\/v2\/comments?post=5762"}],"version-history":[{"count":27,"href":"https:\/\/atauni.edu.tr\/endustri-muhendisligi\/wp-json\/wp\/v2\/pages\/5762\/revisions"}],"predecessor-version":[{"id":6833,"href":"https:\/\/atauni.edu.tr\/endustri-muhendisligi\/wp-json\/wp\/v2\/pages\/5762\/revisions\/6833"}],"wp:attachment":[{"href":"https:\/\/atauni.edu.tr\/endustri-muhendisligi\/wp-json\/wp\/v2\/media?parent=5762"}],"curies":[{"name":"wp","href":"https:\/\/api.w.org\/{rel}","templated":true}]}}