{"id":5800,"date":"2021-07-13T13:12:45","date_gmt":"2021-07-13T10:12:45","guid":{"rendered":"https:\/\/portaltest.atauni.edu.tr\/bilgisayar-muhendisligi\/?page_id=5800"},"modified":"2026-02-25T15:12:34","modified_gmt":"2026-02-25T12:12:34","slug":"bitirme-projeleri","status":"publish","type":"page","link":"https:\/\/atauni.edu.tr\/endustri-muhendisligi\/bitirme-projeleri\/","title":{"rendered":"Bitirme Projeleri"},"content":{"rendered":"\t\t<div data-elementor-type=\"wp-page\" data-elementor-id=\"5800\" class=\"elementor elementor-5800\" data-elementor-post-type=\"page\">\n\t\t\t\t\t\t<section class=\"elementor-section elementor-top-section elementor-element elementor-element-730d320 elementor-section-boxed elementor-section-height-default elementor-section-height-default\" data-id=\"730d320\" data-element_type=\"section\">\n\t\t\t\t\t\t<div class=\"elementor-container elementor-column-gap-default\">\n\t\t\t\t\t<div class=\"elementor-column elementor-col-100 elementor-top-column elementor-element elementor-element-753d0860\" data-id=\"753d0860\" data-element_type=\"column\">\n\t\t\t<div class=\"elementor-widget-wrap\">\n\t\t\t\t\t\t\t<\/div>\n\t\t<\/div>\n\t\t\t\t\t<\/div>\n\t\t<\/section>\n\t\t\t\t<section class=\"elementor-section elementor-top-section elementor-element elementor-element-9be811a elementor-section-boxed elementor-section-height-default elementor-section-height-default\" data-id=\"9be811a\" data-element_type=\"section\">\n\t\t\t\t\t\t<div class=\"elementor-container elementor-column-gap-default\">\n\t\t\t\t\t<div class=\"elementor-column elementor-col-100 elementor-top-column elementor-element elementor-element-1ed847b7\" data-id=\"1ed847b7\" data-element_type=\"column\">\n\t\t\t<div class=\"elementor-widget-wrap elementor-element-populated\">\n\t\t\t\t\t\t<div class=\"elementor-element elementor-element-4ce0d07f elementor-widget elementor-widget-heading\" data-id=\"4ce0d07f\" data-element_type=\"widget\" data-widget_type=\"heading.default\">\n\t\t\t\t<div class=\"elementor-widget-container\">\n\t\t\t\t\t<h2 class=\"elementor-heading-title elementor-size-default\">Se\u00e7meli Tasar\u0131m I-II Dersleri<\/h2>\t\t\t\t<\/div>\n\t\t\t\t<\/div>\n\t\t\t\t<div class=\"elementor-element elementor-element-63260862 elementor-widget-divider--view-line elementor-widget elementor-widget-divider\" data-id=\"63260862\" data-element_type=\"widget\" data-widget_type=\"divider.default\">\n\t\t\t\t<div class=\"elementor-widget-container\">\n\t\t\t\t\t\t\t<div class=\"elementor-divider\">\n\t\t\t<span class=\"elementor-divider-separator\">\n\t\t\t\t\t\t<\/span>\n\t\t<\/div>\n\t\t\t\t\t\t<\/div>\n\t\t\t\t<\/div>\n\t\t\t\t\t<\/div>\n\t\t<\/div>\n\t\t\t\t\t<\/div>\n\t\t<\/section>\n\t\t\t\t<section class=\"elementor-section elementor-top-section elementor-element elementor-element-bf69137 elementor-section-boxed elementor-section-height-default elementor-section-height-default\" data-id=\"bf69137\" data-element_type=\"section\">\n\t\t\t\t\t\t<div class=\"elementor-container elementor-column-gap-default\">\n\t\t\t\t\t<div class=\"elementor-column elementor-col-100 elementor-top-column elementor-element elementor-element-81f68be\" data-id=\"81f68be\" data-element_type=\"column\">\n\t\t\t<div class=\"elementor-widget-wrap elementor-element-populated\">\n\t\t\t\t\t\t<div class=\"elementor-element elementor-element-ed279da elementor-widget elementor-widget-text-editor\" data-id=\"ed279da\" data-element_type=\"widget\" data-widget_type=\"text-editor.default\">\n\t\t\t\t<div class=\"elementor-widget-container\">\n\t\t\t\t\t\t\t\t\t<hr \/><p><span style=\"font-weight: bolder;color: var( --e-global-color-text );font-family: var( --e-global-typography-text-font-family ), Sans-serif;letter-spacing: 0px\">Se\u00e7meli Tasar\u0131m Dersi i\u00e7in Dan\u0131\u015fman Tercih Formu Dilek\u00e7esi:<\/span><\/p><p><a href=\"http:\/\/birimler.atauni.edu.tr\/endustri-muhendisligi\/wp-content\/uploads\/sites\/104\/2025\/10\/Secmeli-tasarim-dersi-danisman-tercih-formu-2025.pdf\">Se\u00e7meli Tasar\u0131m Dersi Dan\u0131\u015fman Tercih Dilek\u00e7esi<\/a><\/p><p><span style=\"text-decoration: underline\">Se\u00e7meli Tasar\u0131m Dersi i\u00e7in Dan\u0131\u015fman Tercih Sonu\u00e7lar\u0131<span style=\"color: var( --e-global-color-text );font-family: var( --e-global-typography-text-font-family ), Sans-serif;font-weight: var( --e-global-typography-text-font-weight );font-size: 1rem;letter-spacing: 0px;text-decoration: underline\"><span style=\"font-weight: bolder\">(<\/span><\/span><strong><span style=\"color: var( --e-global-color-text );font-family: var( --e-global-typography-text-font-family ), Sans-serif;font-size: 1rem;letter-spacing: 0px;text-decoration: underline\">2025-2026 G\u00fcz Yar\u0131y\u0131l\u0131<\/span><\/strong><span style=\"color: var( --e-global-color-text );font-family: var( --e-global-typography-text-font-family ), Sans-serif;font-size: 1rem;letter-spacing: 0px;font-weight: bolder;text-decoration: underline\">):<\/span><\/span><\/p><p><a href=\"http:\/\/birimler.atauni.edu.tr\/endustri-muhendisligi\/wp-content\/uploads\/sites\/104\/2025\/10\/Secmeli-Tasarim-Dersi-Atamalar-2025-Guz.pdf\">Se\u00e7meli Tasar\u0131m Dersi Atamalar-2025 G\u00fcz<\/a><\/p><p><span style=\"text-decoration: underline\">Se\u00e7meli Tasar\u0131m Dersi i\u00e7in Dan\u0131\u015fman Tercih Sonu\u00e7lar\u0131\u00a0<strong><span style=\"color: var( --e-global-color-text );font-family: var( --e-global-typography-text-font-family ), Sans-serif;font-size: 1rem;letter-spacing: 0px;text-decoration: underline\">(<\/span><span style=\"color: var( --e-global-color-text );font-family: var( --e-global-typography-text-font-family ), Sans-serif;font-size: 1rem;letter-spacing: 0px;text-decoration: underline\">2025-2026 Bahar Yar\u0131y\u0131l\u0131<\/span><\/strong><span style=\"color: var( --e-global-color-text );font-family: var( --e-global-typography-text-font-family ), Sans-serif;font-size: 1rem;letter-spacing: 0px;text-decoration: underline\"><strong>)<\/strong>:<\/span><\/span><\/p><p><a href=\"http:\/\/atauni.edu.tr\/endustri-muhendisligi\/wp-content\/uploads\/sites\/104\/2026\/02\/Secmeli-Tasarim-Dersi-Atamalar-2026-Bahar.pdf\">Se\u00e7meli Tasar\u0131m Dersi Atamalar-2026 Bahar<\/a><\/p><p><span style=\"text-decoration: underline\"><strong>Se\u00e7meli Tasar\u0131m Dersi\u00a0 \u015eablonu:<\/strong><\/span><\/p><p><a href=\"http:\/\/birimler.atauni.edu.tr\/endustri-muhendisligi\/wp-content\/uploads\/sites\/104\/2025\/10\/Secmeli_Tasarim_Dersleri_Sablonu-Guncel.pdf\">Secmeli_Tasarim_Dersleri_Sablonu-Guncel<\/a><\/p>\t\t\t\t\t\t\t\t<\/div>\n\t\t\t\t<\/div>\n\t\t\t\t\t<\/div>\n\t\t<\/div>\n\t\t\t\t\t<\/div>\n\t\t<\/section>\n\t\t\t\t<\/div>\n\t\t","protected":false},"excerpt":{"rendered":"<p>Se\u00e7meli Tasar\u0131m I-II Dersleri Se\u00e7meli Tasar\u0131m Dersi i\u00e7in Dan\u0131\u015fman Tercih Formu Dilek\u00e7esi: Se\u00e7meli Tasar\u0131m Dersi Dan\u0131\u015fman Tercih Dilek\u00e7esi Se\u00e7meli Tasar\u0131m Dersi i\u00e7in Dan\u0131\u015fman Tercih Sonu\u00e7lar\u0131(2025-2026 G\u00fcz Yar\u0131y\u0131l\u0131): Se\u00e7meli Tasar\u0131m Dersi Atamalar-2025 G\u00fcz Se\u00e7meli Tasar\u0131m Dersi i\u00e7in Dan\u0131\u015fman Tercih Sonu\u00e7lar\u0131\u00a0(2025-2026 Bahar Yar\u0131y\u0131l\u0131): Se\u00e7meli Tasar\u0131m Dersi Atamalar-2026 Bahar Se\u00e7meli Tasar\u0131m Dersi\u00a0 \u015eablonu: Secmeli_Tasarim_Dersleri_Sablonu-Guncel<\/p>\n","protected":false},"author":1,"featured_media":0,"parent":0,"menu_order":0,"comment_status":"closed","ping_status":"closed","template":"elementor_header_footer","meta":{"footnotes":""},"class_list":["post-5800","page","type-page","status-publish","hentry"],"_links":{"self":[{"href":"https:\/\/atauni.edu.tr\/endustri-muhendisligi\/wp-json\/wp\/v2\/pages\/5800","targetHints":{"allow":["GET"]}}],"collection":[{"href":"https:\/\/atauni.edu.tr\/endustri-muhendisligi\/wp-json\/wp\/v2\/pages"}],"about":[{"href":"https:\/\/atauni.edu.tr\/endustri-muhendisligi\/wp-json\/wp\/v2\/types\/page"}],"author":[{"embeddable":true,"href":"https:\/\/atauni.edu.tr\/endustri-muhendisligi\/wp-json\/wp\/v2\/users\/1"}],"replies":[{"embeddable":true,"href":"https:\/\/atauni.edu.tr\/endustri-muhendisligi\/wp-json\/wp\/v2\/comments?post=5800"}],"version-history":[{"count":161,"href":"https:\/\/atauni.edu.tr\/endustri-muhendisligi\/wp-json\/wp\/v2\/pages\/5800\/revisions"}],"predecessor-version":[{"id":8786,"href":"https:\/\/atauni.edu.tr\/endustri-muhendisligi\/wp-json\/wp\/v2\/pages\/5800\/revisions\/8786"}],"wp:attachment":[{"href":"https:\/\/atauni.edu.tr\/endustri-muhendisligi\/wp-json\/wp\/v2\/media?parent=5800"}],"curies":[{"name":"wp","href":"https:\/\/api.w.org\/{rel}","templated":true}]}}