{"id":6399,"date":"2022-02-18T13:37:50","date_gmt":"2022-02-18T10:37:50","guid":{"rendered":"https:\/\/birimler.atauni.edu.tr\/endustri-muhendisligi\/?page_id=6399"},"modified":"2023-06-07T11:01:53","modified_gmt":"2023-06-07T08:01:53","slug":"staj-3","status":"publish","type":"page","link":"https:\/\/atauni.edu.tr\/endustri-muhendisligi\/staj-3\/","title":{"rendered":"Staj ile ilgili Gerekli Dosyalar"},"content":{"rendered":"\t\t<div data-elementor-type=\"wp-page\" data-elementor-id=\"6399\" class=\"elementor elementor-6399\" data-elementor-post-type=\"page\">\n\t\t\t\t\t\t<section class=\"elementor-section elementor-top-section elementor-element elementor-element-3a458884 elementor-section-boxed elementor-section-height-default elementor-section-height-default\" data-id=\"3a458884\" data-element_type=\"section\">\n\t\t\t\t\t\t<div class=\"elementor-container elementor-column-gap-default\">\n\t\t\t\t\t<div class=\"elementor-column elementor-col-100 elementor-top-column elementor-element elementor-element-11659d87\" data-id=\"11659d87\" data-element_type=\"column\">\n\t\t\t<div class=\"elementor-widget-wrap elementor-element-populated\">\n\t\t\t\t\t\t<div class=\"elementor-element elementor-element-48aacb5 elementor-widget elementor-widget-heading\" data-id=\"48aacb5\" data-element_type=\"widget\" data-widget_type=\"heading.default\">\n\t\t\t\t<div class=\"elementor-widget-container\">\n\t\t\t\t\t<h2 class=\"elementor-heading-title elementor-size-default\">Staj ile \u0130lgili Gerekli Dosyalar:<\/h2>\t\t\t\t<\/div>\n\t\t\t\t<\/div>\n\t\t\t\t<div class=\"elementor-element elementor-element-16f2a67 elementor-widget-divider--view-line elementor-widget elementor-widget-divider\" data-id=\"16f2a67\" data-element_type=\"widget\" data-widget_type=\"divider.default\">\n\t\t\t\t<div class=\"elementor-widget-container\">\n\t\t\t\t\t\t\t<div class=\"elementor-divider\">\n\t\t\t<span class=\"elementor-divider-separator\">\n\t\t\t\t\t\t<\/span>\n\t\t<\/div>\n\t\t\t\t\t\t<\/div>\n\t\t\t\t<\/div>\n\t\t\t\t<div class=\"elementor-element elementor-element-55e12d87 elementor-widget elementor-widget-text-editor\" data-id=\"55e12d87\" data-element_type=\"widget\" data-widget_type=\"text-editor.default\">\n\t\t\t\t<div class=\"elementor-widget-container\">\n\t\t\t\t\t\t\t\t\t<p><span style=\"text-decoration: underline\"><span style=\"font-weight: bolder\">T\u00fcm \u00f6\u011frencilerimizin tabi oldu\u011fu STAJ Y\u00d6NERGES\u0130:<\/span><\/span><\/p><p><a href=\"http:\/\/birimler.atauni.edu.tr\/endustri-muhendisligi\/wp-content\/uploads\/sites\/104\/2020\/07\/Endustri-Muhendisligi-Staj-Yonergesi.pdf\">Endustri-Muhendisligi-Staj-Yonergesi<\/a><\/p><p><span style=\"text-decoration: underline\"><span style=\"font-weight: bolder\">Staj Bilgi Rehberi:\u00a0<\/span><\/span><\/p><p><a href=\"http:\/\/birimler.atauni.edu.tr\/endustri-muhendisligi\/wp-content\/uploads\/sites\/104\/2020\/07\/Staj-Bilgi-Rehberi.pdf\">Staj Bilgi Rehberi<\/a><\/p><p><span style=\"text-decoration: underline\"><strong>Staj De\u011ferlendirme Formu:<\/strong><\/span><\/p><p><a href=\"http:\/\/birimler.atauni.edu.tr\/endustri-muhendisligi\/wp-content\/uploads\/sites\/104\/2020\/07\/Staj-Degerlendirme-Formu.pdf\">Staj De\u011ferlendirme Formu<\/a><\/p><p><span style=\"text-decoration: underline\"><strong>Staj Defteri Tasla\u011f\u0131 i\u00e7in t\u0131klay\u0131n\u0131z:<\/strong><\/span><\/p><p><strong><a href=\"https:\/\/atabulut.atauni.edu.tr\/atabulut\/index.php\/s\/GEsEKTkjn6wgUxc\">https:\/\/atabulut.atauni.edu.tr\/atabulut\/index.php\/s\/GEsEKTkjn6wgUxc<\/a><\/strong><span style=\"text-decoration: underline\"><strong><br \/><\/strong><\/span><\/p>\t\t\t\t\t\t\t\t<\/div>\n\t\t\t\t<\/div>\n\t\t\t\t\t<\/div>\n\t\t<\/div>\n\t\t\t\t\t<\/div>\n\t\t<\/section>\n\t\t\t\t<\/div>\n\t\t","protected":false},"excerpt":{"rendered":"<p>Staj ile \u0130lgili Gerekli Dosyalar: T\u00fcm \u00f6\u011frencilerimizin tabi oldu\u011fu STAJ Y\u00d6NERGES\u0130: Endustri-Muhendisligi-Staj-Yonergesi Staj Bilgi Rehberi:\u00a0 Staj Bilgi Rehberi Staj De\u011ferlendirme Formu: Staj De\u011ferlendirme Formu Staj Defteri Tasla\u011f\u0131 i\u00e7in t\u0131klay\u0131n\u0131z: https:\/\/atabulut.atauni.edu.tr\/atabulut\/index.php\/s\/GEsEKTkjn6wgUxc<\/p>\n","protected":false},"author":92,"featured_media":0,"parent":0,"menu_order":0,"comment_status":"closed","ping_status":"closed","template":"","meta":{"footnotes":""},"class_list":["post-6399","page","type-page","status-publish","hentry"],"_links":{"self":[{"href":"https:\/\/atauni.edu.tr\/endustri-muhendisligi\/wp-json\/wp\/v2\/pages\/6399","targetHints":{"allow":["GET"]}}],"collection":[{"href":"https:\/\/atauni.edu.tr\/endustri-muhendisligi\/wp-json\/wp\/v2\/pages"}],"about":[{"href":"https:\/\/atauni.edu.tr\/endustri-muhendisligi\/wp-json\/wp\/v2\/types\/page"}],"author":[{"embeddable":true,"href":"https:\/\/atauni.edu.tr\/endustri-muhendisligi\/wp-json\/wp\/v2\/users\/92"}],"replies":[{"embeddable":true,"href":"https:\/\/atauni.edu.tr\/endustri-muhendisligi\/wp-json\/wp\/v2\/comments?post=6399"}],"version-history":[{"count":33,"href":"https:\/\/atauni.edu.tr\/endustri-muhendisligi\/wp-json\/wp\/v2\/pages\/6399\/revisions"}],"predecessor-version":[{"id":6875,"href":"https:\/\/atauni.edu.tr\/endustri-muhendisligi\/wp-json\/wp\/v2\/pages\/6399\/revisions\/6875"}],"wp:attachment":[{"href":"https:\/\/atauni.edu.tr\/endustri-muhendisligi\/wp-json\/wp\/v2\/media?parent=6399"}],"curies":[{"name":"wp","href":"https:\/\/api.w.org\/{rel}","templated":true}]}}