{"id":6550,"date":"2022-06-10T10:38:35","date_gmt":"2022-06-10T07:38:35","guid":{"rendered":"https:\/\/birimler.atauni.edu.tr\/endustri-muhendisligi\/?page_id=6550"},"modified":"2025-02-26T11:23:06","modified_gmt":"2025-02-26T08:23:06","slug":"lisans-programlari-mufredatlar","status":"publish","type":"page","link":"https:\/\/atauni.edu.tr\/endustri-muhendisligi\/lisans-programlari-mufredatlar\/","title":{"rendered":"Lisans Programlar\u0131 (M\u00fcfredatlar)"},"content":{"rendered":"\t\t<div data-elementor-type=\"wp-page\" data-elementor-id=\"6550\" class=\"elementor elementor-6550\" data-elementor-post-type=\"page\">\n\t\t\t\t\t\t<section class=\"elementor-section elementor-top-section elementor-element elementor-element-4cb403b2 elementor-section-boxed elementor-section-height-default elementor-section-height-default\" data-id=\"4cb403b2\" data-element_type=\"section\">\n\t\t\t\t\t\t<div class=\"elementor-container elementor-column-gap-default\">\n\t\t\t\t\t<div class=\"elementor-column elementor-col-100 elementor-top-column elementor-element elementor-element-3ca2463c\" data-id=\"3ca2463c\" data-element_type=\"column\">\n\t\t\t<div class=\"elementor-widget-wrap elementor-element-populated\">\n\t\t\t\t\t\t<div class=\"elementor-element elementor-element-7c60aa30 elementor-widget elementor-widget-text-editor\" data-id=\"7c60aa30\" data-element_type=\"widget\" data-widget_type=\"text-editor.default\">\n\t\t\t\t<div class=\"elementor-widget-container\">\n\t\t\t\t\t\t\t\t\t<p><strong>2022-2023 e\u011fitim \u00f6\u011fretim y\u0131l\u0131 itibariyle uygulanacak olan 4 y\u0131ll\u0131k \u00f6\u011fretim program\u0131:<\/strong><\/p>\n<p><a href=\"http:\/\/birimler.atauni.edu.tr\/endustri-muhendisligi\/wp-content\/uploads\/sites\/104\/2025\/02\/Endustri-Muhendisligi-Bolumu_-Lisans-Programi_Ogretim-Plani.pdf\">End\u00fcstri M\u00fchendisli\u011fi M\u00fcfredat<\/a><\/p>\n<p><!-- \/wp:paragraph --><!-- wp:file {\"id\":6910,\"href\":\"https:\/\/birimler.atauni.edu.tr\/endustri-muhendisligi\/wp-content\/uploads\/sites\/104\/2023\/09\/ENDUSTRI-MUH.xlsx\"} \/--><!-- wp:paragraph \/--><!-- wp:file {\"id\":6557,\"href\":\"https:\/\/birimler.atauni.edu.tr\/endustri-muhendisligi\/wp-content\/uploads\/sites\/104\/2022\/06\/Endustri-Muhendisligi-Bolumu-Lisans-Programi-Mufredatlar.pdf\",\"displayPreview\":true} \/--><\/p>\t\t\t\t\t\t\t\t<\/div>\n\t\t\t\t<\/div>\n\t\t\t\t\t<\/div>\n\t\t<\/div>\n\t\t\t\t\t<\/div>\n\t\t<\/section>\n\t\t\t\t<\/div>\n\t\t","protected":false},"excerpt":{"rendered":"<p>2022-2023 e\u011fitim \u00f6\u011fretim y\u0131l\u0131 itibariyle uygulanacak olan 4 y\u0131ll\u0131k \u00f6\u011fretim program\u0131: End\u00fcstri M\u00fchendisli\u011fi M\u00fcfredat<\/p>\n","protected":false},"author":92,"featured_media":0,"parent":0,"menu_order":0,"comment_status":"closed","ping_status":"closed","template":"","meta":{"footnotes":""},"class_list":["post-6550","page","type-page","status-publish","hentry"],"_links":{"self":[{"href":"https:\/\/atauni.edu.tr\/endustri-muhendisligi\/wp-json\/wp\/v2\/pages\/6550","targetHints":{"allow":["GET"]}}],"collection":[{"href":"https:\/\/atauni.edu.tr\/endustri-muhendisligi\/wp-json\/wp\/v2\/pages"}],"about":[{"href":"https:\/\/atauni.edu.tr\/endustri-muhendisligi\/wp-json\/wp\/v2\/types\/page"}],"author":[{"embeddable":true,"href":"https:\/\/atauni.edu.tr\/endustri-muhendisligi\/wp-json\/wp\/v2\/users\/92"}],"replies":[{"embeddable":true,"href":"https:\/\/atauni.edu.tr\/endustri-muhendisligi\/wp-json\/wp\/v2\/comments?post=6550"}],"version-history":[{"count":46,"href":"https:\/\/atauni.edu.tr\/endustri-muhendisligi\/wp-json\/wp\/v2\/pages\/6550\/revisions"}],"predecessor-version":[{"id":7421,"href":"https:\/\/atauni.edu.tr\/endustri-muhendisligi\/wp-json\/wp\/v2\/pages\/6550\/revisions\/7421"}],"wp:attachment":[{"href":"https:\/\/atauni.edu.tr\/endustri-muhendisligi\/wp-json\/wp\/v2\/media?parent=6550"}],"curies":[{"name":"wp","href":"https:\/\/api.w.org\/{rel}","templated":true}]}}