{"id":6565,"date":"2022-06-22T20:03:24","date_gmt":"2022-06-22T17:03:24","guid":{"rendered":"https:\/\/birimler.atauni.edu.tr\/endustri-muhendisligi\/?page_id=6565"},"modified":"2022-06-22T20:11:21","modified_gmt":"2022-06-22T17:11:21","slug":"egitim-amaclari","status":"publish","type":"page","link":"https:\/\/atauni.edu.tr\/endustri-muhendisligi\/egitim-amaclari\/","title":{"rendered":"E\u011fitim Ama\u00e7lar\u0131"},"content":{"rendered":"\n<p>End\u00fcstri M\u00fchendisli\u011fi program\u0131 e\u011fitim ama\u00e7lar\u0131 a\u015fa\u011f\u0131daki gibi belirlenmi\u015ftir<\/p>\n\n\n\n<ol class=\"wp-block-list\" type=\"1\"><li>Kamu veya \u00f6zel kurulu\u015flarda; \u00fcretim, planlama, kalite kontrol, Ar-Ge, y\u00f6netim, sat\u0131\u015f ve \u00e7e\u015fitli pozisyonlarda End\u00fcstri M\u00fchendisi olarak \u00e7al\u0131\u015f\u0131rlar veya kendi \u015firketlerini kurarlar.<\/li><li>End\u00fcstri M\u00fchendisli\u011fi ile ilgili disiplinlerde veya disiplinler aras\u0131 alanlarda \u00fcniversitelerin lisans\u00fcst\u00fc programlar\u0131na devam ederler ve akademik ara\u015ft\u0131rmalarda yer al\u0131rlar.<\/li><\/ol>\n","protected":false},"excerpt":{"rendered":"<p>End\u00fcstri M\u00fchendisli\u011fi program\u0131 e\u011fitim ama\u00e7lar\u0131 a\u015fa\u011f\u0131daki gibi belirlenmi\u015ftir Kamu veya \u00f6zel kurulu\u015flarda; \u00fcretim, planlama, kalite kontrol, Ar-Ge, y\u00f6netim, sat\u0131\u015f ve \u00e7e\u015fitli pozisyonlarda End\u00fcstri M\u00fchendisi olarak \u00e7al\u0131\u015f\u0131rlar veya kendi \u015firketlerini kurarlar. End\u00fcstri M\u00fchendisli\u011fi ile ilgili disiplinlerde veya disiplinler aras\u0131 alanlarda \u00fcniversitelerin lisans\u00fcst\u00fc programlar\u0131na devam ederler ve akademik ara\u015ft\u0131rmalarda yer al\u0131rlar.<\/p>\n","protected":false},"author":92,"featured_media":0,"parent":0,"menu_order":0,"comment_status":"closed","ping_status":"closed","template":"","meta":{"footnotes":""},"class_list":["post-6565","page","type-page","status-publish","hentry"],"_links":{"self":[{"href":"https:\/\/atauni.edu.tr\/endustri-muhendisligi\/wp-json\/wp\/v2\/pages\/6565","targetHints":{"allow":["GET"]}}],"collection":[{"href":"https:\/\/atauni.edu.tr\/endustri-muhendisligi\/wp-json\/wp\/v2\/pages"}],"about":[{"href":"https:\/\/atauni.edu.tr\/endustri-muhendisligi\/wp-json\/wp\/v2\/types\/page"}],"author":[{"embeddable":true,"href":"https:\/\/atauni.edu.tr\/endustri-muhendisligi\/wp-json\/wp\/v2\/users\/92"}],"replies":[{"embeddable":true,"href":"https:\/\/atauni.edu.tr\/endustri-muhendisligi\/wp-json\/wp\/v2\/comments?post=6565"}],"version-history":[{"count":3,"href":"https:\/\/atauni.edu.tr\/endustri-muhendisligi\/wp-json\/wp\/v2\/pages\/6565\/revisions"}],"predecessor-version":[{"id":6570,"href":"https:\/\/atauni.edu.tr\/endustri-muhendisligi\/wp-json\/wp\/v2\/pages\/6565\/revisions\/6570"}],"wp:attachment":[{"href":"https:\/\/atauni.edu.tr\/endustri-muhendisligi\/wp-json\/wp\/v2\/media?parent=6565"}],"curies":[{"name":"wp","href":"https:\/\/api.w.org\/{rel}","templated":true}]}}