{"id":6766,"date":"2023-04-28T12:37:39","date_gmt":"2023-04-28T09:37:39","guid":{"rendered":"https:\/\/birimler.atauni.edu.tr\/endustri-muhendisligi\/?page_id=6766"},"modified":"2023-04-28T14:38:35","modified_gmt":"2023-04-28T11:38:35","slug":"ata-genc-endustri-muhendisleri-kulubu","status":"publish","type":"page","link":"https:\/\/atauni.edu.tr\/endustri-muhendisligi\/ata-genc-endustri-muhendisleri-kulubu\/","title":{"rendered":""},"content":{"rendered":"\t\t<div data-elementor-type=\"wp-page\" data-elementor-id=\"6766\" class=\"elementor elementor-6766\" data-elementor-post-type=\"page\">\n\t\t\t\t\t\t<section class=\"elementor-section elementor-top-section elementor-element elementor-element-784dfc96 elementor-section-boxed elementor-section-height-default elementor-section-height-default\" data-id=\"784dfc96\" data-element_type=\"section\">\n\t\t\t\t\t\t<div class=\"elementor-container elementor-column-gap-default\">\n\t\t\t\t\t<div class=\"elementor-column elementor-col-100 elementor-top-column elementor-element elementor-element-565f8047\" data-id=\"565f8047\" data-element_type=\"column\">\n\t\t\t<div class=\"elementor-widget-wrap elementor-element-populated\">\n\t\t\t\t\t\t<div class=\"elementor-element elementor-element-1510710 elementor-widget elementor-widget-text-editor\" data-id=\"1510710\" data-element_type=\"widget\" data-widget_type=\"text-editor.default\">\n\t\t\t\t<div class=\"elementor-widget-container\">\n\t\t\t\t\t\t\t\t\t<p><\/p>\n<h3 class=\"wp-block-heading\"><span style=\"color: #000000\"><strong><span style=\"text-decoration: underline\">Ata Gen\u00e7 End\u00fcstri M\u00fchendisleri Kul\u00fcb\u00fc<\/span><\/strong><\/span><\/h3>\n<p><span style=\"color: #000000\"><strong><span style=\"text-decoration: underline\">Kul\u00fcp Hakk\u0131nda<\/span><\/strong><\/span><\/p>\n<p><span style=\"color: #000000\"><strong>Birim: <\/strong><\/span>M\u00fchendislik Fak\u00fcltesi\/End\u00fcstri M\u00fchendisli\u011fi B\u00f6l\u00fcm\u00fc<\/p>\n<p><\/p>\n<p><\/p>\n<p><\/p>\n<p><strong><span style=\"color: #000000\">Ama\u00e7<\/span><\/strong><\/p>\n<p><\/p>\n<p>1. \u00d6\u011frencileri End\u00fcstri M\u00fchendisli\u011fi ile ilgili faaliyetlere te\u015fvik etmek.<\/p>\n<p><\/p>\n<p>2. \u00dcyelerin g\u00f6rev, sorumluluk alma ve toplu \u00e7al\u0131\u015fma bilincini geli\u015ftirmek.<\/p>\n<p><\/p>\n<p>3. Atat\u00fcrk \u00dcniversitesi \u00f6\u011frencilerinin, mezun olduktan sonra \u00e7al\u0131\u015fma hayat\u0131nda tercih edebilecekleri sekt\u00f6r, \u015firketleri ve i\u015f kollar\u0131n\u0131 yak\u0131ndan tan\u0131yabilmeleri i\u00e7in etkinlikler d\u00fczenlemek ve \u015firketler taraf\u0131ndan d\u00fczenlenecek etkinliklerin organize edilmesini sa\u011flamak.<\/p>\n<p><\/p>\n<p>4. Atat\u00fcrk \u00dcniversitesi \u00f6\u011frencilerinin sosyal \u00e7evrelerini geni\u015fletmeyi ama\u00e7layan etkinlikler d\u00fczenlemek.<\/p>\n<p><\/p>\n<p><strong><span style=\"text-decoration: underline;color: #000000\">Kul\u00fcp Y\u00f6netimi<\/span><\/strong><\/p>\n<p><strong><span style=\"color: #000000\"><\/span><\/strong><\/p>\n<p><strong><span style=\"color: #000000\">Kul\u00fcp Dan\u0131\u015fman\u0131: <\/span><\/strong>Prof.Dr. Elif KILI\u00c7 DEL\u0130CE<\/p>\n<p><\/p>\n<p><\/p>\n<p><strong><span style=\"color: #000000\">Ba\u015fkan: <\/span><\/strong>R\u00fcmeysa AYDIN<\/p>\n<p><\/p>\n<p><\/p>\n<p><strong><span style=\"color: #000000\">Ba\u015fkan Yard\u0131mc\u0131s\u0131: <\/span><\/strong>Cansu U\u00c7AK<\/p>\n<p><\/p>\n<p><\/p>\n<p><\/p>\n<p>\u00dcniversitemizde faaliyet g\u00f6steren di\u011fer \u00f6\u011frenci kul\u00fcpleri hakk\u0131nda bilgi i\u00e7in t\u0131klay\u0131n\u0131z:\u00a0<\/p>\n<p><\/p>\t\t\t\t\t\t\t\t<\/div>\n\t\t\t\t<\/div>\n\t\t\t\t<div class=\"elementor-element elementor-element-d133efe elementor-align-left elementor-widget elementor-widget-button\" data-id=\"d133efe\" data-element_type=\"widget\" data-widget_type=\"button.default\">\n\t\t\t\t<div class=\"elementor-widget-container\">\n\t\t\t\t\t\t\t\t\t<div class=\"elementor-button-wrapper\">\n\t\t\t\t\t<a class=\"elementor-button elementor-button-link elementor-size-sm\" href=\"http:\/\/kulupler.atauni.edu.tr\/index.php\/kulupler\" target=\"_blank\">\n\t\t\t\t\t\t<span class=\"elementor-button-content-wrapper\">\n\t\t\t\t\t\t\t\t\t<span class=\"elementor-button-text\">Buraya t\u0131kla<\/span>\n\t\t\t\t\t<\/span>\n\t\t\t\t\t<\/a>\n\t\t\t\t<\/div>\n\t\t\t\t\t\t\t\t<\/div>\n\t\t\t\t<\/div>\n\t\t\t\t\t<\/div>\n\t\t<\/div>\n\t\t\t\t\t<\/div>\n\t\t<\/section>\n\t\t\t\t<\/div>\n\t\t","protected":false},"excerpt":{"rendered":"<p>Ata Gen\u00e7 End\u00fcstri M\u00fchendisleri Kul\u00fcb\u00fc Kul\u00fcp Hakk\u0131nda Birim: M\u00fchendislik Fak\u00fcltesi\/End\u00fcstri M\u00fchendisli\u011fi B\u00f6l\u00fcm\u00fc Ama\u00e7 1. \u00d6\u011frencileri End\u00fcstri M\u00fchendisli\u011fi ile ilgili faaliyetlere te\u015fvik etmek. 2. \u00dcyelerin g\u00f6rev, sorumluluk alma ve toplu \u00e7al\u0131\u015fma bilincini geli\u015ftirmek. 3. Atat\u00fcrk \u00dcniversitesi \u00f6\u011frencilerinin, mezun olduktan sonra \u00e7al\u0131\u015fma hayat\u0131nda tercih edebilecekleri sekt\u00f6r, \u015firketleri ve i\u015f kollar\u0131n\u0131 yak\u0131ndan tan\u0131yabilmeleri i\u00e7in etkinlikler d\u00fczenlemek ve \u015firketler [&hellip;]<\/p>\n","protected":false},"author":92,"featured_media":0,"parent":0,"menu_order":0,"comment_status":"closed","ping_status":"closed","template":"","meta":{"footnotes":""},"class_list":["post-6766","page","type-page","status-publish","hentry"],"_links":{"self":[{"href":"https:\/\/atauni.edu.tr\/endustri-muhendisligi\/wp-json\/wp\/v2\/pages\/6766","targetHints":{"allow":["GET"]}}],"collection":[{"href":"https:\/\/atauni.edu.tr\/endustri-muhendisligi\/wp-json\/wp\/v2\/pages"}],"about":[{"href":"https:\/\/atauni.edu.tr\/endustri-muhendisligi\/wp-json\/wp\/v2\/types\/page"}],"author":[{"embeddable":true,"href":"https:\/\/atauni.edu.tr\/endustri-muhendisligi\/wp-json\/wp\/v2\/users\/92"}],"replies":[{"embeddable":true,"href":"https:\/\/atauni.edu.tr\/endustri-muhendisligi\/wp-json\/wp\/v2\/comments?post=6766"}],"version-history":[{"count":21,"href":"https:\/\/atauni.edu.tr\/endustri-muhendisligi\/wp-json\/wp\/v2\/pages\/6766\/revisions"}],"predecessor-version":[{"id":6790,"href":"https:\/\/atauni.edu.tr\/endustri-muhendisligi\/wp-json\/wp\/v2\/pages\/6766\/revisions\/6790"}],"wp:attachment":[{"href":"https:\/\/atauni.edu.tr\/endustri-muhendisligi\/wp-json\/wp\/v2\/media?parent=6766"}],"curies":[{"name":"wp","href":"https:\/\/api.w.org\/{rel}","templated":true}]}}