{"id":6798,"date":"2023-04-28T15:07:59","date_gmt":"2023-04-28T12:07:59","guid":{"rendered":"https:\/\/birimler.atauni.edu.tr\/endustri-muhendisligi\/?page_id=6798"},"modified":"2025-09-26T13:41:35","modified_gmt":"2025-09-26T10:41:35","slug":"komisyonlar-ve-koordinatorlukler","status":"publish","type":"page","link":"https:\/\/atauni.edu.tr\/endustri-muhendisligi\/komisyonlar-ve-koordinatorlukler\/","title":{"rendered":"Komisyonlar ve Koordinat\u00f6rl\u00fckler"},"content":{"rendered":"\t\t<div data-elementor-type=\"wp-page\" data-elementor-id=\"6798\" class=\"elementor elementor-6798\" data-elementor-post-type=\"page\">\n\t\t\t\t\t\t<section class=\"elementor-section elementor-top-section elementor-element elementor-element-a0ef77d elementor-section-boxed elementor-section-height-default elementor-section-height-default\" data-id=\"a0ef77d\" data-element_type=\"section\">\n\t\t\t\t\t\t<div class=\"elementor-container elementor-column-gap-default\">\n\t\t\t\t\t<div class=\"elementor-column elementor-col-100 elementor-top-column elementor-element elementor-element-04849f6\" data-id=\"04849f6\" data-element_type=\"column\">\n\t\t\t<div class=\"elementor-widget-wrap elementor-element-populated\">\n\t\t\t\t\t\t<div class=\"elementor-element elementor-element-47328dc elementor-widget elementor-widget-text-editor\" data-id=\"47328dc\" data-element_type=\"widget\" data-widget_type=\"text-editor.default\">\n\t\t\t\t<div class=\"elementor-widget-container\">\n\t\t\t\t\t\t\t\t\t<p><strong><span style=\"text-decoration: underline\">B\u00f6l\u00fcm\u00fcm\u00fcz Komisyon ve Koordinat\u00f6rl\u00fckleri:<\/span><\/strong><\/p><p><span style=\"text-decoration: underline\"><a href=\"http:\/\/birimler.atauni.edu.tr\/endustri-muhendisligi\/wp-content\/uploads\/sites\/104\/2025\/09\/Temel-Sorumluluklar-Gorevliler-25.9.2025.pdf\">Komisyon ve Koordinat\u00f6rl\u00fckler<\/a><\/span><\/p>\t\t\t\t\t\t\t\t<\/div>\n\t\t\t\t<\/div>\n\t\t\t\t\t<\/div>\n\t\t<\/div>\n\t\t\t\t\t<\/div>\n\t\t<\/section>\n\t\t\t\t<\/div>\n\t\t","protected":false},"excerpt":{"rendered":"<p>B\u00f6l\u00fcm\u00fcm\u00fcz Komisyon ve Koordinat\u00f6rl\u00fckleri: Komisyon ve Koordinat\u00f6rl\u00fckler<\/p>\n","protected":false},"author":92,"featured_media":0,"parent":0,"menu_order":0,"comment_status":"closed","ping_status":"closed","template":"","meta":{"footnotes":""},"class_list":["post-6798","page","type-page","status-publish","hentry"],"_links":{"self":[{"href":"https:\/\/atauni.edu.tr\/endustri-muhendisligi\/wp-json\/wp\/v2\/pages\/6798","targetHints":{"allow":["GET"]}}],"collection":[{"href":"https:\/\/atauni.edu.tr\/endustri-muhendisligi\/wp-json\/wp\/v2\/pages"}],"about":[{"href":"https:\/\/atauni.edu.tr\/endustri-muhendisligi\/wp-json\/wp\/v2\/types\/page"}],"author":[{"embeddable":true,"href":"https:\/\/atauni.edu.tr\/endustri-muhendisligi\/wp-json\/wp\/v2\/users\/92"}],"replies":[{"embeddable":true,"href":"https:\/\/atauni.edu.tr\/endustri-muhendisligi\/wp-json\/wp\/v2\/comments?post=6798"}],"version-history":[{"count":10,"href":"https:\/\/atauni.edu.tr\/endustri-muhendisligi\/wp-json\/wp\/v2\/pages\/6798\/revisions"}],"predecessor-version":[{"id":7762,"href":"https:\/\/atauni.edu.tr\/endustri-muhendisligi\/wp-json\/wp\/v2\/pages\/6798\/revisions\/7762"}],"wp:attachment":[{"href":"https:\/\/atauni.edu.tr\/endustri-muhendisligi\/wp-json\/wp\/v2\/media?parent=6798"}],"curies":[{"name":"wp","href":"https:\/\/api.w.org\/{rel}","templated":true}]}}