{"id":7519,"date":"2025-06-26T11:13:18","date_gmt":"2025-06-26T08:13:18","guid":{"rendered":"https:\/\/birimler.atauni.edu.tr\/endustri-muhendisligi\/?page_id=7519"},"modified":"2025-07-30T14:20:22","modified_gmt":"2025-07-30T11:20:22","slug":"etkinlikler","status":"publish","type":"page","link":"https:\/\/atauni.edu.tr\/endustri-muhendisligi\/etkinlikler\/","title":{"rendered":"Etkinlikler"},"content":{"rendered":"<form method=\"get\" class=\"row g-3\" style=\"margin-bottom: 20px;\"><div class=\"col-md-3\"><input type=\"text\" name=\"etkinlik_ara\" class=\"form-control\" placeholder=\"Etkinlik ara...\" value=\"\"><\/div><div class=\"col-md-3\"><input type=\"date\" name=\"baslangic_tarihi\" class=\"form-control\" value=\"\"><\/div><div class=\"col-md-3\"><input type=\"date\" name=\"bitis_tarihi\" class=\"form-control\" value=\"\"><\/div><div class=\"col-md-3\"><button type=\"submit\" class=\"btn btn-secondary w-50\">Filtrele<\/button><\/div><\/form><div class=\"etkinlikler-grid-container\" style=\"display: grid; grid-template-columns: repeat(3, 1fr); gap: 20px;\"><div class=\"etkinlik-grid-item\"><div class=\"etkinlik-thumbnail\"><img fetchpriority=\"high\" decoding=\"async\" width=\"300\" height=\"199\" src=\"https:\/\/atauni.edu.tr\/endustri-muhendisligi\/wp-content\/uploads\/sites\/104\/2026\/03\/WhatsApp-Image-2026-02-25-at-15.23.02-3-300x199.jpeg\" class=\"img-fluid wp-post-image\" alt=\"\" srcset=\"https:\/\/atauni.edu.tr\/endustri-muhendisligi\/wp-content\/uploads\/sites\/104\/2026\/03\/WhatsApp-Image-2026-02-25-at-15.23.02-3-300x199.jpeg 300w, https:\/\/atauni.edu.tr\/endustri-muhendisligi\/wp-content\/uploads\/sites\/104\/2026\/03\/WhatsApp-Image-2026-02-25-at-15.23.02-3-1024x678.jpeg 1024w, https:\/\/atauni.edu.tr\/endustri-muhendisligi\/wp-content\/uploads\/sites\/104\/2026\/03\/WhatsApp-Image-2026-02-25-at-15.23.02-3-768x508.jpeg 768w, https:\/\/atauni.edu.tr\/endustri-muhendisligi\/wp-content\/uploads\/sites\/104\/2026\/03\/WhatsApp-Image-2026-02-25-at-15.23.02-3-1536x1017.jpeg 1536w, https:\/\/atauni.edu.tr\/endustri-muhendisligi\/wp-content\/uploads\/sites\/104\/2026\/03\/WhatsApp-Image-2026-02-25-at-15.23.02-3-1200x800.jpeg 1200w, https:\/\/atauni.edu.tr\/endustri-muhendisligi\/wp-content\/uploads\/sites\/104\/2026\/03\/WhatsApp-Image-2026-02-25-at-15.23.02-3-600x397.jpeg 600w, https:\/\/atauni.edu.tr\/endustri-muhendisligi\/wp-content\/uploads\/sites\/104\/2026\/03\/WhatsApp-Image-2026-02-25-at-15.23.02-3-560x371.jpeg 560w, https:\/\/atauni.edu.tr\/endustri-muhendisligi\/wp-content\/uploads\/sites\/104\/2026\/03\/WhatsApp-Image-2026-02-25-at-15.23.02-3.jpeg 1600w\" sizes=\"(max-width: 300px) 100vw, 300px\" \/><\/div><div class=\"etkinlik-datee\"><span class=\"day\">02<\/span><span class=\"month\">Mart<\/span><span class=\"year\">2026<\/span><\/div><a href=\"https:\/\/atauni.edu.tr\/endustri-muhendisligi\/2026\/03\/02\/ata-genc-endustri-muhendisleri-kulubu-teknik-gezi-etkinligi-duzenledi-3\/\" class=\"etkinlik-titlee\">Ata Gen\u00e7 End\u00fcstri M\u00fchendisleri Kul\u00fcb\u00fc teknik gezi etkinli\u011fi d\u00fczenledi.<\/a><\/div><\/div><div class=\"pagination\" style=\"margin-top: 20px;\"><\/div>\n\n\n\n<p><\/p>\n","protected":false},"excerpt":{"rendered":"","protected":false},"author":8,"featured_media":0,"parent":0,"menu_order":0,"comment_status":"closed","ping_status":"closed","template":"","meta":{"footnotes":""},"class_list":["post-7519","page","type-page","status-publish","hentry"],"_links":{"self":[{"href":"https:\/\/atauni.edu.tr\/endustri-muhendisligi\/wp-json\/wp\/v2\/pages\/7519","targetHints":{"allow":["GET"]}}],"collection":[{"href":"https:\/\/atauni.edu.tr\/endustri-muhendisligi\/wp-json\/wp\/v2\/pages"}],"about":[{"href":"https:\/\/atauni.edu.tr\/endustri-muhendisligi\/wp-json\/wp\/v2\/types\/page"}],"author":[{"embeddable":true,"href":"https:\/\/atauni.edu.tr\/endustri-muhendisligi\/wp-json\/wp\/v2\/users\/8"}],"replies":[{"embeddable":true,"href":"https:\/\/atauni.edu.tr\/endustri-muhendisligi\/wp-json\/wp\/v2\/comments?post=7519"}],"version-history":[{"count":2,"href":"https:\/\/atauni.edu.tr\/endustri-muhendisligi\/wp-json\/wp\/v2\/pages\/7519\/revisions"}],"predecessor-version":[{"id":7575,"href":"https:\/\/atauni.edu.tr\/endustri-muhendisligi\/wp-json\/wp\/v2\/pages\/7519\/revisions\/7575"}],"wp:attachment":[{"href":"https:\/\/atauni.edu.tr\/endustri-muhendisligi\/wp-json\/wp\/v2\/media?parent=7519"}],"curies":[{"name":"wp","href":"https:\/\/api.w.org\/{rel}","templated":true}]}}