{"id":5637,"date":"2021-07-13T10:10:14","date_gmt":"2021-07-13T07:10:14","guid":{"rendered":"https:\/\/portaltest.atauni.edu.tr\/muhendislik-fakultesi\/?page_id=5637"},"modified":"2021-08-19T11:38:08","modified_gmt":"2021-08-19T08:38:08","slug":"dekanlik-calisanlari","status":"publish","type":"page","link":"https:\/\/atauni.edu.tr\/fakulte\/dekanlik-calisanlari\/","title":{"rendered":"Dekanl\u0131k \u00c7al\u0131\u015fanlar\u0131"},"content":{"rendered":"\t\t<div data-elementor-type=\"wp-page\" data-elementor-id=\"5637\" class=\"elementor elementor-5637\" data-elementor-post-type=\"page\">\n\t\t\t\t\t\t<section class=\"elementor-section elementor-top-section elementor-element elementor-element-46c2cb5d elementor-section-boxed elementor-section-height-default elementor-section-height-default\" data-id=\"46c2cb5d\" data-element_type=\"section\">\n\t\t\t\t\t\t<div class=\"elementor-container elementor-column-gap-default\">\n\t\t\t\t\t<div class=\"elementor-column elementor-col-100 elementor-top-column elementor-element elementor-element-299813e7\" data-id=\"299813e7\" data-element_type=\"column\">\n\t\t\t<div class=\"elementor-widget-wrap elementor-element-populated\">\n\t\t\t\t\t\t<div class=\"elementor-element elementor-element-3ec495a9 elementor-widget elementor-widget-heading\" data-id=\"3ec495a9\" data-element_type=\"widget\" data-widget_type=\"heading.default\">\n\t\t\t\t<div class=\"elementor-widget-container\">\n\t\t\t\t\t<h2 class=\"elementor-heading-title elementor-size-default\">Dekanl\u0131k \u00c7al\u0131\u015fanlar\u0131<\/h2>\t\t\t\t<\/div>\n\t\t\t\t<\/div>\n\t\t\t\t<div class=\"elementor-element elementor-element-2092e3b3 elementor-widget-divider--view-line elementor-widget elementor-widget-divider\" data-id=\"2092e3b3\" data-element_type=\"widget\" data-widget_type=\"divider.default\">\n\t\t\t\t<div class=\"elementor-widget-container\">\n\t\t\t\t\t\t\t<div class=\"elementor-divider\">\n\t\t\t<span class=\"elementor-divider-separator\">\n\t\t\t\t\t\t<\/span>\n\t\t<\/div>\n\t\t\t\t\t\t<\/div>\n\t\t\t\t<\/div>\n\t\t\t\t\t<\/div>\n\t\t<\/div>\n\t\t\t\t\t<\/div>\n\t\t<\/section>\n\t\t\t\t<section class=\"elementor-section elementor-top-section elementor-element elementor-element-ad5c269 elementor-section-boxed elementor-section-height-default elementor-section-height-default\" data-id=\"ad5c269\" data-element_type=\"section\">\n\t\t\t\t\t\t<div class=\"elementor-container elementor-column-gap-default\">\n\t\t\t\t\t<div class=\"elementor-column elementor-col-100 elementor-top-column elementor-element elementor-element-e067859\" data-id=\"e067859\" data-element_type=\"column\">\n\t\t\t<div class=\"elementor-widget-wrap elementor-element-populated\">\n\t\t\t\t\t\t<div class=\"elementor-element elementor-element-85d3b39 elementor-widget elementor-widget-shortcode\" data-id=\"85d3b39\" data-element_type=\"widget\" data-widget_type=\"shortcode.default\">\n\t\t\t\t<div class=\"elementor-widget-container\">\n\t\t\t\t\t<br \/>\n<b>Warning<\/b>:  Invalid argument supplied for foreach() in <b>\/var\/www\/html\/wp-content\/themes\/egovt\/hy.php<\/b> on line <b>576<\/b><br \/>\n<br \/>\n<b>Warning<\/b>:  Invalid argument supplied for foreach() in <b>\/var\/www\/html\/wp-content\/themes\/egovt\/hy.php<\/b> on line <b>663<\/b><br \/>\n<br \/>\n<b>Warning<\/b>:  Invalid argument supplied for foreach() in <b>\/var\/www\/html\/wp-content\/themes\/egovt\/hy.php<\/b> on line <b>750<\/b><br \/>\n<br \/>\n<b>Warning<\/b>:  Invalid argument supplied for foreach() in <b>\/var\/www\/html\/wp-content\/themes\/egovt\/hy.php<\/b> on line <b>836<\/b><br \/>\n<br \/>\n<b>Warning<\/b>:  Invalid argument supplied for foreach() in <b>\/var\/www\/html\/wp-content\/themes\/egovt\/hy.php<\/b> on line <b>924<\/b><br \/>\n<br \/>\n<b>Warning<\/b>:  Invalid argument supplied for foreach() in <b>\/var\/www\/html\/wp-content\/themes\/egovt\/hy.php<\/b> on line <b>1011<\/b><br \/>\n\t\t<div class=\"elementor-shortcode\"><\/div>\n\t\t\t\t\t\t<\/div>\n\t\t\t\t<\/div>\n\t\t\t\t\t<\/div>\n\t\t<\/div>\n\t\t\t\t\t<\/div>\n\t\t<\/section>\n\t\t\t\t<\/div>\n\t\t","protected":false},"excerpt":{"rendered":"<p>Dekanl\u0131k \u00c7al\u0131\u015fanlar\u0131<\/p>\n","protected":false},"author":1,"featured_media":0,"parent":0,"menu_order":0,"comment_status":"closed","ping_status":"closed","template":"elementor_header_footer","meta":{"footnotes":""},"class_list":["post-5637","page","type-page","status-publish","hentry"],"_links":{"self":[{"href":"https:\/\/atauni.edu.tr\/fakulte\/wp-json\/wp\/v2\/pages\/5637","targetHints":{"allow":["GET"]}}],"collection":[{"href":"https:\/\/atauni.edu.tr\/fakulte\/wp-json\/wp\/v2\/pages"}],"about":[{"href":"https:\/\/atauni.edu.tr\/fakulte\/wp-json\/wp\/v2\/types\/page"}],"author":[{"embeddable":true,"href":"https:\/\/atauni.edu.tr\/fakulte\/wp-json\/wp\/v2\/users\/1"}],"replies":[{"embeddable":true,"href":"https:\/\/atauni.edu.tr\/fakulte\/wp-json\/wp\/v2\/comments?post=5637"}],"version-history":[{"count":20,"href":"https:\/\/atauni.edu.tr\/fakulte\/wp-json\/wp\/v2\/pages\/5637\/revisions"}],"predecessor-version":[{"id":6240,"href":"https:\/\/atauni.edu.tr\/fakulte\/wp-json\/wp\/v2\/pages\/5637\/revisions\/6240"}],"wp:attachment":[{"href":"https:\/\/atauni.edu.tr\/fakulte\/wp-json\/wp\/v2\/media?parent=5637"}],"curies":[{"name":"wp","href":"https:\/\/api.w.org\/{rel}","templated":true}]}}