{"id":5674,"date":"2021-07-13T10:47:12","date_gmt":"2021-07-13T07:47:12","guid":{"rendered":"https:\/\/portaltest.atauni.edu.tr\/muhendislik-fakultesi\/?page_id=5674"},"modified":"2021-08-27T15:18:51","modified_gmt":"2021-08-27T12:18:51","slug":"fakulte-kurulu","status":"publish","type":"page","link":"https:\/\/atauni.edu.tr\/fakulte\/fakulte-kurulu\/","title":{"rendered":"Fak\u00fclte Kurulu"},"content":{"rendered":"\t\t<div data-elementor-type=\"wp-page\" data-elementor-id=\"5674\" class=\"elementor elementor-5674\" data-elementor-post-type=\"page\">\n\t\t\t\t\t\t<section class=\"elementor-section elementor-top-section elementor-element elementor-element-46c2cb5d elementor-section-boxed elementor-section-height-default elementor-section-height-default\" data-id=\"46c2cb5d\" data-element_type=\"section\">\n\t\t\t\t\t\t<div class=\"elementor-container elementor-column-gap-default\">\n\t\t\t\t\t<div class=\"elementor-column elementor-col-100 elementor-top-column elementor-element elementor-element-299813e7\" data-id=\"299813e7\" data-element_type=\"column\">\n\t\t\t<div class=\"elementor-widget-wrap elementor-element-populated\">\n\t\t\t\t\t\t<div class=\"elementor-element elementor-element-3ec495a9 elementor-widget elementor-widget-heading\" data-id=\"3ec495a9\" data-element_type=\"widget\" data-widget_type=\"heading.default\">\n\t\t\t\t<div class=\"elementor-widget-container\">\n\t\t\t\t\t<h2 class=\"elementor-heading-title elementor-size-default\">Fak\u00fclte Kurulu<\/h2>\t\t\t\t<\/div>\n\t\t\t\t<\/div>\n\t\t\t\t<div class=\"elementor-element elementor-element-2092e3b3 elementor-widget-divider--view-line elementor-widget elementor-widget-divider\" data-id=\"2092e3b3\" data-element_type=\"widget\" data-widget_type=\"divider.default\">\n\t\t\t\t<div class=\"elementor-widget-container\">\n\t\t\t\t\t\t\t<div class=\"elementor-divider\">\n\t\t\t<span class=\"elementor-divider-separator\">\n\t\t\t\t\t\t<\/span>\n\t\t<\/div>\n\t\t\t\t\t\t<\/div>\n\t\t\t\t<\/div>\n\t\t\t\t\t<\/div>\n\t\t<\/div>\n\t\t\t\t\t<\/div>\n\t\t<\/section>\n\t\t\t\t<section class=\"elementor-section elementor-top-section elementor-element elementor-element-7727b5a elementor-section-boxed elementor-section-height-default elementor-section-height-default\" data-id=\"7727b5a\" data-element_type=\"section\">\n\t\t\t\t\t\t<div class=\"elementor-container elementor-column-gap-default\">\n\t\t\t\t\t<div class=\"elementor-column elementor-col-100 elementor-top-column elementor-element elementor-element-590a86b\" data-id=\"590a86b\" data-element_type=\"column\">\n\t\t\t<div class=\"elementor-widget-wrap elementor-element-populated\">\n\t\t\t\t\t\t<div class=\"elementor-element elementor-element-e02a6b9 elementor-widget elementor-widget-text-editor\" data-id=\"e02a6b9\" data-element_type=\"widget\" data-widget_type=\"text-editor.default\">\n\t\t\t\t<div class=\"elementor-widget-container\">\n\t\t\t\t\t\t\t\t\tM\u00fchendislik Fak\u00fcltesi&#8217;nin karar alma s\u00fcre\u00e7lerinde \u00f6nemli bir role sahip olan Fak\u00fclte Kurulu, akademik personelin ve \u00f6\u011frenci temsilcilerinin kat\u0131l\u0131m\u0131yla olu\u015fur. Kurul, fak\u00fcltenin e\u011fitim-\u00f6\u011fretim faaliyetleri, ara\u015ft\u0131rma projeleri ve idari i\u015fleyi\u015fine y\u00f6n vermek amac\u0131yla d\u00fczenli aral\u0131klarla toplan\u0131r. \u00dcyeler, fak\u00fcltenin t\u00fcm birimleri ve b\u00f6l\u00fcmlerini temsil ederek, karar s\u00fcre\u00e7lerine katk\u0131 sa\u011flar. Ayr\u0131ca, kurul \u00f6\u011frencilerin e\u011fitim ya\u015fam\u0131n\u0131 etkileyen konularda g\u00f6r\u00fc\u015f ve \u00f6nerilerini sunarak onlar\u0131n sesini duyurur. M\u00fchendislik Fak\u00fcltesi&#8217;nin geli\u015fimine ve akademik standard\u0131n\u0131n y\u00fckseltilmesine odaklanan Fak\u00fclte Kurulu, \u00fcyelerin deneyim ve uzmanl\u0131klar\u0131n\u0131 bir araya getirerek fak\u00fcltenin vizyonuna ula\u015f\u0131lmas\u0131na \u00e7al\u0131\u015f\u0131r.\t\t\t\t\t\t\t\t<\/div>\n\t\t\t\t<\/div>\n\t\t\t\t\t<\/div>\n\t\t<\/div>\n\t\t\t\t\t<\/div>\n\t\t<\/section>\n\t\t\t\t<\/div>\n\t\t","protected":false},"excerpt":{"rendered":"<p>Fak\u00fclte Kurulu M\u00fchendislik Fak\u00fcltemizin en \u00fcst karar organ\u0131 Fak\u00fclte Kuruludur. Fak\u00fclte Kurulu, dekan\u0131n ba\u015fkanl\u0131\u011f\u0131nda; dekan yard\u0131mc\u0131lar\u0131, b\u00f6l\u00fcm ba\u015fkanlar\u0131, m\u00fcd\u00fcrler ve \u00f6\u011fretim \u00fcyeleri ile birlikte toplam 20 ki\u015fiden olu\u015fmaktad\u0131r. Fak\u00fclte Kurulu, M\u00fchendislik Fak\u00fcltesi b\u00fcnyesindeki akademik, idari ve teknik t\u00fcm konular\u0131 g\u00f6r\u00fc\u015ferek kararlar almaktad\u0131r. Kurul, fak\u00fcltenin akademik faaliyetlerinin y\u00fcr\u00fct\u00fclmesi, e\u011fitim-\u00f6\u011fretim programlar\u0131n\u0131n d\u00fczenlenmesi, ara\u015ft\u0131rma projelerinin de\u011ferlendirilmesi ve personele [&hellip;]<\/p>\n","protected":false},"author":1,"featured_media":0,"parent":0,"menu_order":0,"comment_status":"closed","ping_status":"closed","template":"elementor_header_footer","meta":{"footnotes":""},"class_list":["post-5674","page","type-page","status-publish","hentry"],"_links":{"self":[{"href":"https:\/\/atauni.edu.tr\/fakulte\/wp-json\/wp\/v2\/pages\/5674","targetHints":{"allow":["GET"]}}],"collection":[{"href":"https:\/\/atauni.edu.tr\/fakulte\/wp-json\/wp\/v2\/pages"}],"about":[{"href":"https:\/\/atauni.edu.tr\/fakulte\/wp-json\/wp\/v2\/types\/page"}],"author":[{"embeddable":true,"href":"https:\/\/atauni.edu.tr\/fakulte\/wp-json\/wp\/v2\/users\/1"}],"replies":[{"embeddable":true,"href":"https:\/\/atauni.edu.tr\/fakulte\/wp-json\/wp\/v2\/comments?post=5674"}],"version-history":[{"count":14,"href":"https:\/\/atauni.edu.tr\/fakulte\/wp-json\/wp\/v2\/pages\/5674\/revisions"}],"predecessor-version":[{"id":6386,"href":"https:\/\/atauni.edu.tr\/fakulte\/wp-json\/wp\/v2\/pages\/5674\/revisions\/6386"}],"wp:attachment":[{"href":"https:\/\/atauni.edu.tr\/fakulte\/wp-json\/wp\/v2\/media?parent=5674"}],"curies":[{"name":"wp","href":"https:\/\/api.w.org\/{rel}","templated":true}]}}