{"id":5691,"date":"2021-07-13T10:56:29","date_gmt":"2021-07-13T07:56:29","guid":{"rendered":"https:\/\/portaltest.atauni.edu.tr\/muhendislik-fakultesi\/?page_id=5691"},"modified":"2021-08-27T15:19:13","modified_gmt":"2021-08-27T12:19:13","slug":"yonetim-kurulu","status":"publish","type":"page","link":"https:\/\/atauni.edu.tr\/fakulte\/yonetim-kurulu\/","title":{"rendered":"Y\u00f6netim Kurulu"},"content":{"rendered":"\t\t<div data-elementor-type=\"wp-page\" data-elementor-id=\"5691\" class=\"elementor elementor-5691\" data-elementor-post-type=\"page\">\n\t\t\t\t\t\t<section class=\"elementor-section elementor-top-section elementor-element elementor-element-46c2cb5d elementor-section-boxed elementor-section-height-default elementor-section-height-default\" data-id=\"46c2cb5d\" data-element_type=\"section\">\n\t\t\t\t\t\t<div class=\"elementor-container elementor-column-gap-default\">\n\t\t\t\t\t<div class=\"elementor-column elementor-col-100 elementor-top-column elementor-element elementor-element-299813e7\" data-id=\"299813e7\" data-element_type=\"column\">\n\t\t\t<div class=\"elementor-widget-wrap elementor-element-populated\">\n\t\t\t\t\t\t<div class=\"elementor-element elementor-element-3ec495a9 elementor-widget elementor-widget-heading\" data-id=\"3ec495a9\" data-element_type=\"widget\" data-widget_type=\"heading.default\">\n\t\t\t\t<div class=\"elementor-widget-container\">\n\t\t\t\t\t<h2 class=\"elementor-heading-title elementor-size-default\">Y\u00f6netim Kurulu<\/h2>\t\t\t\t<\/div>\n\t\t\t\t<\/div>\n\t\t\t\t<div class=\"elementor-element elementor-element-2092e3b3 elementor-widget-divider--view-line elementor-widget elementor-widget-divider\" data-id=\"2092e3b3\" data-element_type=\"widget\" data-widget_type=\"divider.default\">\n\t\t\t\t<div class=\"elementor-widget-container\">\n\t\t\t\t\t\t\t<div class=\"elementor-divider\">\n\t\t\t<span class=\"elementor-divider-separator\">\n\t\t\t\t\t\t<\/span>\n\t\t<\/div>\n\t\t\t\t\t\t<\/div>\n\t\t\t\t<\/div>\n\t\t\t\t\t<\/div>\n\t\t<\/div>\n\t\t\t\t\t<\/div>\n\t\t<\/section>\n\t\t\t\t<section class=\"elementor-section elementor-top-section elementor-element elementor-element-e5dfdc3 elementor-section-boxed elementor-section-height-default elementor-section-height-default\" data-id=\"e5dfdc3\" data-element_type=\"section\">\n\t\t\t\t\t\t<div class=\"elementor-container elementor-column-gap-default\">\n\t\t\t\t\t<div class=\"elementor-column elementor-col-100 elementor-top-column elementor-element elementor-element-0e7cb33\" data-id=\"0e7cb33\" data-element_type=\"column\">\n\t\t\t<div class=\"elementor-widget-wrap elementor-element-populated\">\n\t\t\t\t\t\t<div class=\"elementor-element elementor-element-e23f401 elementor-widget elementor-widget-text-editor\" data-id=\"e23f401\" data-element_type=\"widget\" data-widget_type=\"text-editor.default\">\n\t\t\t\t<div class=\"elementor-widget-container\">\n\t\t\t\t\t\t\t\t\tM\u00fchendislik Fak\u00fcltesi&#8217;nin y\u00f6netim yap\u0131s\u0131, akademik ve idari i\u015fleyi\u015fini sa\u011fl\u0131kl\u0131 bir \u015fekilde y\u00fcr\u00fctmek i\u00e7in \u00f6nemlidir. Y\u00f6netim Kurulu, bu yap\u0131 binnen en \u00f6nemli organlardan biri olup, Fak\u00fcltenin genel politikas\u0131n\u0131 belirlemek, e\u011fitim-\u00f6\u011fretim ve ara\u015ft\u0131rma faaliyetlerini y\u00f6nlendirmekle sorumludur.\n\nY\u00f6netim Kurulu, Fak\u00fclte Dekan\u0131 ba\u015fkanl\u0131\u011f\u0131nda toplan\u0131r ve Dekan taraf\u0131ndan belirlenen \u00fcyelerden olu\u015fur. \u00dcyeler aras\u0131nda \u00f6\u011fretim \u00fcyeleri, idari personele ve \u00f6\u011frenci temsilcileri bulunur. Bu \u0111a \u00e7e\u015fitlilik, karar alma s\u00fcrecinde \u00e7e\u015fitli bak\u0131\u015f a\u00e7\u0131lar\u0131n\u0131n dikkate al\u0131nmas\u0131n\u0131 sa\u011flar.\n\nY\u00f6netim Kurulu&#8217;nun g\u00f6revleri aras\u0131nda \u015funlar yer al\u0131r:\n&#8211; Fak\u00fclte stratejisinin belirlenmesi\n&#8211; E\u011fitim programlar\u0131n\u0131n geli\u015ftirilmesi ve g\u00fcncellenmesi\n&#8211; Ara\u015ft\u0131rma faaliyetlerinin desteklenmesi\n&#8211; \u00d6\u011fretim \u00fcyeleri ve idari personelin performans\u0131n\u0131n de\u011ferlendirilmesi\n&#8211; B\u00fct\u00e7e planlamas\u0131 ve kaynak tahsisi\n\nFak\u00fcltenin misyonu ve vizyonuna uygun olarak, Y\u00f6netim Kurulu kararlar\u0131n\u0131 \u015feffaf ve kat\u0131l\u0131mc\u0131 bir s\u00fcre\u00e7 i\u00e7inde al\u0131r. Toplant\u0131lar d\u00fczenli aral\u0131klarla yap\u0131l\u0131r ve al\u0131nan kararlar Fak\u00fclte i\u00e7i payda\u015flarla payla\u015f\u0131l\u0131r.\n\nM\u00fchendislik Fak\u00fcltesi&#8217;nin ba\u015far\u0131s\u0131, b\u00fcy\u00fck \u00f6l\u00e7\u00fcde etkili y\u00f6netim yap\u0131s\u0131na ve i\u015fbirli\u011fi i\u00e7inde \u00e7al\u0131\u015fan ekiplere ba\u011fl\u0131d\u0131r. Y\u00f6netim Kurulu, bu ba\u011flamda \u00f6nemli bir rol oynayarak Fak\u00fcltenin s\u00fcrekli geli\u015fimini ve akademik m\u00fckemmelli\u011fini sa\u011flar.\t\t\t\t\t\t\t\t<\/div>\n\t\t\t\t<\/div>\n\t\t\t\t\t<\/div>\n\t\t<\/div>\n\t\t\t\t\t<\/div>\n\t\t<\/section>\n\t\t\t\t<\/div>\n\t\t","protected":false},"excerpt":{"rendered":"<p>**Y\u00f6netim Kurulu** M\u00fchendislik Fak\u00fcltesinin stratejik hedeflerini belirlemek, akademik programlar\u0131 geli\u015ftirmek ve \u00f6\u011fretim faaliyetlerinin hi\u1ec7u qu\u1ea3 bir \u015fekilde y\u00fcr\u00fct\u00fclmesini sa\u011flamak amac\u0131yla kurulan Y\u00f6netim Kurulu, fak\u00fcltemizin temel karar alma organ\u0131d\u0131r. Bu kurul, deneyimimli ve uzman kadrodan olu\u015fan \u00fcyelerden olu\u015fmaktad\u0131r. **G\u00f6rev ve Sorumluluklar** Y\u00f6netim Kurulunun ana g\u00f6revleri aras\u0131nda: &#8211; Fak\u00fcltenin uzun vadeli stratejik planlar\u0131n\u0131 haz\u0131rlamak ve uygulamaya koymak, [&hellip;]<\/p>\n","protected":false},"author":1,"featured_media":0,"parent":0,"menu_order":0,"comment_status":"closed","ping_status":"closed","template":"elementor_header_footer","meta":{"footnotes":""},"class_list":["post-5691","page","type-page","status-publish","hentry"],"_links":{"self":[{"href":"https:\/\/atauni.edu.tr\/fakulte\/wp-json\/wp\/v2\/pages\/5691","targetHints":{"allow":["GET"]}}],"collection":[{"href":"https:\/\/atauni.edu.tr\/fakulte\/wp-json\/wp\/v2\/pages"}],"about":[{"href":"https:\/\/atauni.edu.tr\/fakulte\/wp-json\/wp\/v2\/types\/page"}],"author":[{"embeddable":true,"href":"https:\/\/atauni.edu.tr\/fakulte\/wp-json\/wp\/v2\/users\/1"}],"replies":[{"embeddable":true,"href":"https:\/\/atauni.edu.tr\/fakulte\/wp-json\/wp\/v2\/comments?post=5691"}],"version-history":[{"count":17,"href":"https:\/\/atauni.edu.tr\/fakulte\/wp-json\/wp\/v2\/pages\/5691\/revisions"}],"predecessor-version":[{"id":6392,"href":"https:\/\/atauni.edu.tr\/fakulte\/wp-json\/wp\/v2\/pages\/5691\/revisions\/6392"}],"wp:attachment":[{"href":"https:\/\/atauni.edu.tr\/fakulte\/wp-json\/wp\/v2\/media?parent=5691"}],"curies":[{"name":"wp","href":"https:\/\/api.w.org\/{rel}","templated":true}]}}