{"id":5717,"date":"2021-07-13T11:26:14","date_gmt":"2021-07-13T08:26:14","guid":{"rendered":"https:\/\/portaltest.atauni.edu.tr\/muhendislik-fakultesi\/?page_id=5717"},"modified":"2021-08-27T15:19:11","modified_gmt":"2021-08-27T12:19:11","slug":"komisyonlar","status":"publish","type":"page","link":"https:\/\/atauni.edu.tr\/fakulte\/komisyonlar\/","title":{"rendered":"Komisyonlar"},"content":{"rendered":"\t\t<div data-elementor-type=\"wp-page\" data-elementor-id=\"5717\" class=\"elementor elementor-5717\" data-elementor-post-type=\"page\">\n\t\t\t\t\t\t<section class=\"elementor-section elementor-top-section elementor-element elementor-element-46c2cb5d elementor-section-boxed elementor-section-height-default elementor-section-height-default\" data-id=\"46c2cb5d\" data-element_type=\"section\">\n\t\t\t\t\t\t<div class=\"elementor-container elementor-column-gap-default\">\n\t\t\t\t\t<div class=\"elementor-column elementor-col-100 elementor-top-column elementor-element elementor-element-299813e7\" data-id=\"299813e7\" data-element_type=\"column\">\n\t\t\t<div class=\"elementor-widget-wrap elementor-element-populated\">\n\t\t\t\t\t\t<div class=\"elementor-element elementor-element-3ec495a9 elementor-widget elementor-widget-heading\" data-id=\"3ec495a9\" data-element_type=\"widget\" data-widget_type=\"heading.default\">\n\t\t\t\t<div class=\"elementor-widget-container\">\n\t\t\t\t\t<h2 class=\"elementor-heading-title elementor-size-default\">KOM\u0130SYONLAR<\/h2>\t\t\t\t<\/div>\n\t\t\t\t<\/div>\n\t\t\t\t<div class=\"elementor-element elementor-element-2092e3b3 elementor-widget-divider--view-line elementor-widget elementor-widget-divider\" data-id=\"2092e3b3\" data-element_type=\"widget\" data-widget_type=\"divider.default\">\n\t\t\t\t<div class=\"elementor-widget-container\">\n\t\t\t\t\t\t\t<div class=\"elementor-divider\">\n\t\t\t<span class=\"elementor-divider-separator\">\n\t\t\t\t\t\t<\/span>\n\t\t<\/div>\n\t\t\t\t\t\t<\/div>\n\t\t\t\t<\/div>\n\t\t\t\t\t<\/div>\n\t\t<\/div>\n\t\t\t\t\t<\/div>\n\t\t<\/section>\n\t\t\t\t<section class=\"elementor-section elementor-top-section elementor-element elementor-element-658ec73 elementor-section-boxed elementor-section-height-default elementor-section-height-default\" data-id=\"658ec73\" data-element_type=\"section\">\n\t\t\t\t\t\t<div class=\"elementor-container elementor-column-gap-default\">\n\t\t\t\t\t<div class=\"elementor-column elementor-col-100 elementor-top-column elementor-element elementor-element-6513a20\" data-id=\"6513a20\" data-element_type=\"column\">\n\t\t\t<div class=\"elementor-widget-wrap elementor-element-populated\">\n\t\t\t\t\t\t<div class=\"elementor-element elementor-element-ae6a295 elementor-widget elementor-widget-text-editor\" data-id=\"ae6a295\" data-element_type=\"widget\" data-widget_type=\"text-editor.default\">\n\t\t\t\t<div class=\"elementor-widget-container\">\n\t\t\t\t\t\t\t\t\t<p>M&uuml;hendislik Fak&uuml;ltesi i&ccedil;erisinde &ccedil;e\u015fitli komisyonlar bulunmakta olup, bunlar fak&uuml;ltede &ccedil;e\u015fitli konularda g&ouml;rev yapmaktad\u0131rlar. Bu komisyonlar &uuml;niversitenin genel y&ouml;netim ve i&ccedil; i\u015fleyi\u015fine katk\u0131da bulunurlar.<\/p>\n<p>&Ouml;rne\u011fin, E\u011fitimi Geli\u015ftirme Komisyonu e\u011fitim kalitesini art\u0131rmaya odaklan\u0131rken, Ara\u015ft\u0131rma Komisyonu ara\u015ft\u0131rmalar\u0131n desteklenmesini ve koordine edilmesini sa\u011flar. Ayr\u0131ca, Sosyal Etkinlikler Komisyonu &ouml;\u011frencilerin sosyal ve k&uuml;lt&uuml;rel geli\u015fimine katk\u0131da bulunur.<\/p>\n<p>Bu komisyonlara ek olarak, Fak&uuml;lte i&ccedil;i disiplin kurallar\u0131n\u0131 uygulayan Disiplin Kurulu da bulunmaktad\u0131r. Ayn\u0131 zamanda, &ouml;\u011frencilerin akademik ve sosyal sorunlar\u0131na yard\u0131mc\u0131 olmak &uuml;zere &Ouml;\u011frenci \u0130\u015fleri Komisyonu gibi komisyonlar da mevcuttur.<\/p>\n<p>B&uuml;t&uuml;n bu komisyonlar M&uuml;hendislik Fak&uuml;ltesinin i\u015fleyi\u015fini daha verimli hale getirmek i&ccedil;in &ccedil;al\u0131\u015f\u0131r ve &ouml;\u011frencilere daha iyi bir e\u011fitim ortam\u0131 sunmak &uuml;zere gayret sarf ederler.<\/p>\t\t\t\t\t\t\t\t<\/div>\n\t\t\t\t<\/div>\n\t\t\t\t\t<\/div>\n\t\t<\/div>\n\t\t\t\t\t<\/div>\n\t\t<\/section>\n\t\t\t\t<\/div>\n\t\t","protected":false},"excerpt":{"rendered":"<p>**Komisyonlar** M\u00fchendislik Fak\u00fcltesi b\u00fcnyesinde, \u00e7e\u015fitli akademik ve idari konular\u0131 ele almak amac\u0131yla kurulmu\u015f olan komisyonlar\u0131m\u0131z bulunmaktad\u0131r. Bu komisyonlar, fak\u00fcltemizin ama\u00e7lar\u0131na ula\u015fmas\u0131n\u0131 sa\u011flamak, \u00f6\u011frenci ve personelin ihtiya\u00e7lar\u0131n\u0131 kar\u015f\u0131lamak, akademik ve ara\u015ft\u0131rma faaliyetlerini desteklemek amac\u0131yla \u00e7al\u0131\u015fmalar y\u00fcr\u00fctmektedir. **Komisyon T\u00fcrleri** &#8211; **Akademik Komisyon:** Akademik konularla ilgilenen bu komisyon, ders i\u00e7eriklerinin g\u00fcncellenmesi, yeni programlar\u0131n geli\u015ftirilmesi, \u00f6\u011fretim y\u00f6ntemlerinin iyile\u015ftirilmesi gibi [&hellip;]<\/p>\n","protected":false},"author":1,"featured_media":0,"parent":0,"menu_order":0,"comment_status":"closed","ping_status":"closed","template":"elementor_header_footer","meta":{"footnotes":""},"class_list":["post-5717","page","type-page","status-publish","hentry"],"_links":{"self":[{"href":"https:\/\/atauni.edu.tr\/fakulte\/wp-json\/wp\/v2\/pages\/5717","targetHints":{"allow":["GET"]}}],"collection":[{"href":"https:\/\/atauni.edu.tr\/fakulte\/wp-json\/wp\/v2\/pages"}],"about":[{"href":"https:\/\/atauni.edu.tr\/fakulte\/wp-json\/wp\/v2\/types\/page"}],"author":[{"embeddable":true,"href":"https:\/\/atauni.edu.tr\/fakulte\/wp-json\/wp\/v2\/users\/1"}],"replies":[{"embeddable":true,"href":"https:\/\/atauni.edu.tr\/fakulte\/wp-json\/wp\/v2\/comments?post=5717"}],"version-history":[{"count":29,"href":"https:\/\/atauni.edu.tr\/fakulte\/wp-json\/wp\/v2\/pages\/5717\/revisions"}],"predecessor-version":[{"id":6389,"href":"https:\/\/atauni.edu.tr\/fakulte\/wp-json\/wp\/v2\/pages\/5717\/revisions\/6389"}],"wp:attachment":[{"href":"https:\/\/atauni.edu.tr\/fakulte\/wp-json\/wp\/v2\/media?parent=5717"}],"curies":[{"name":"wp","href":"https:\/\/api.w.org\/{rel}","templated":true}]}}