{"id":5743,"date":"2021-07-13T11:47:21","date_gmt":"2021-07-13T08:47:21","guid":{"rendered":"https:\/\/portaltest.atauni.edu.tr\/muhendislik-fakultesi\/?page_id=5743"},"modified":"2021-09-13T10:14:12","modified_gmt":"2021-09-13T07:14:12","slug":"misyon-vizyon-ve-temel-degerler","status":"publish","type":"page","link":"https:\/\/atauni.edu.tr\/fakulte\/misyon-vizyon-ve-temel-degerler\/","title":{"rendered":"Misyon, Vizyon ve Temel De\u011ferler"},"content":{"rendered":"\t\t<div data-elementor-type=\"wp-page\" data-elementor-id=\"5743\" class=\"elementor elementor-5743\" data-elementor-post-type=\"page\">\n\t\t\t\t\t\t<section class=\"elementor-section elementor-top-section elementor-element elementor-element-46c2cb5d elementor-section-boxed elementor-section-height-default elementor-section-height-default\" data-id=\"46c2cb5d\" data-element_type=\"section\">\n\t\t\t\t\t\t<div class=\"elementor-container elementor-column-gap-default\">\n\t\t\t\t\t<div class=\"elementor-column elementor-col-100 elementor-top-column elementor-element elementor-element-299813e7\" data-id=\"299813e7\" data-element_type=\"column\">\n\t\t\t<div class=\"elementor-widget-wrap elementor-element-populated\">\n\t\t\t\t\t\t<div class=\"elementor-element elementor-element-3ec495a9 elementor-widget elementor-widget-heading\" data-id=\"3ec495a9\" data-element_type=\"widget\" data-widget_type=\"heading.default\">\n\t\t\t\t<div class=\"elementor-widget-container\">\n\t\t\t\t\t<h2 class=\"elementor-heading-title elementor-size-default\">Misyon, Vizyon ve Temel De\u011ferler<\/h2>\t\t\t\t<\/div>\n\t\t\t\t<\/div>\n\t\t\t\t<div class=\"elementor-element elementor-element-2092e3b3 elementor-widget-divider--view-line elementor-widget elementor-widget-divider\" data-id=\"2092e3b3\" data-element_type=\"widget\" data-widget_type=\"divider.default\">\n\t\t\t\t<div class=\"elementor-widget-container\">\n\t\t\t\t\t\t\t<div class=\"elementor-divider\">\n\t\t\t<span class=\"elementor-divider-separator\">\n\t\t\t\t\t\t<\/span>\n\t\t<\/div>\n\t\t\t\t\t\t<\/div>\n\t\t\t\t<\/div>\n\t\t\t\t\t<\/div>\n\t\t<\/div>\n\t\t\t\t\t<\/div>\n\t\t<\/section>\n\t\t\t\t<section class=\"elementor-section elementor-top-section elementor-element elementor-element-d76d987 elementor-section-boxed elementor-section-height-default elementor-section-height-default\" data-id=\"d76d987\" data-element_type=\"section\">\n\t\t\t\t\t\t<div class=\"elementor-container elementor-column-gap-default\">\n\t\t\t\t\t<div class=\"elementor-column elementor-col-100 elementor-top-column elementor-element elementor-element-acd741f\" data-id=\"acd741f\" data-element_type=\"column\">\n\t\t\t<div class=\"elementor-widget-wrap elementor-element-populated\">\n\t\t\t\t\t\t<div class=\"elementor-element elementor-element-dd538b4 elementor-widget elementor-widget-text-editor\" data-id=\"dd538b4\" data-element_type=\"widget\" data-widget_type=\"text-editor.default\">\n\t\t\t\t<div class=\"elementor-widget-container\">\n\t\t\t\t\t\t\t\t\t<p>M\u00fchendislik Fak\u00fcltesi olarak amac\u0131m\u0131z, \u00f6\u011frencilerimizi bilgi ve beceri a\u00e7\u0131s\u0131ndan donan\u0131ml\u0131, toplumsal sorumluluk bilinci\u5f3a, \u00e7evresine duyarl\u0131 ve s\u00fcrekli \u00f6\u011frenme arzusuna sahip bireyler olarak yeti\u015ftirmektir.<\/p>\n<p>Misyonumuz, \u00fclkemizin ve d\u00fcnyan\u0131n ihtiya\u00e7 duydu\u011fu nitelikli m\u00fchendisleri yeti\u015ftirerek topluma katk\u0131da bulunmakt\u0131r. Bunu ger\u00e7ekle\u015ftirmek i\u00e7in akademik m\u00fckemmellik, disiplinler aras\u0131 \u00e7al\u0131\u015fmalara \u00f6nem vermekteyiz.<\/p>\n<p>Vizyonumuz, m\u00fchendislik e\u011fitiminde uluslararas\u0131 d\u00fczeyde tan\u0131nan ve say\u0131lan bir fak\u00fclte olmak, \u00f6\u011frencilerimizle birlikte toplumun geli\u015fimine katk\u0131da bulunmakt\u0131r. \u00d6\u011frencilere sundu\u011fumuz e\u011fitim ve ara\u015ft\u0131rma f\u0131rsatlar\u0131 ile gelece\u011fin liderlerini yeti\u015ftirmeyi ama\u00e7l\u0131yoruz.<\/p>\n<p>Temel de\u011ferlerimiz aras\u0131nda akademik d\u00fcr\u00fcstl\u00fck,\u521bativite, i\u015f birli\u011fi, \u00f6\u011frenci merkezli \u00f6\u011frenme, sosyal sorumluluk ve s\u00fcrekli iyile\u015fme yer almaktad\u0131r. \u00d6\u011frencilerimizin ki\u015fisel ve mesleki geli\u015fimini desteklemek i\u00e7in \u00e7e\u015fitli oportuniteleri sunmaya \u00e7al\u0131\u015f\u0131yoruz.<\/p>\t\t\t\t\t\t\t\t<\/div>\n\t\t\t\t<\/div>\n\t\t\t\t\t<\/div>\n\t\t<\/div>\n\t\t\t\t\t<\/div>\n\t\t<\/section>\n\t\t\t\t<\/div>\n\t\t","protected":false},"excerpt":{"rendered":"<p>M\u00fchendislik Fak\u00fcltesi, toplumun ihtiyac\u0131 olan nitelikli m\u00fchendisleri yeti\u015ftirmek ve \u00fclkemizin teknolojik ilerlemesine katk\u0131da bulunmak vizyonuyla hareket etmektedir. Misyonumuz, \u00f6\u011frencilerimize g\u00fcncel bilgilerle donat\u0131lm\u0131\u015f, pratik becerileri geli\u015fmi\u015f, yarat\u0131c\u0131 d\u00fc\u015f\u00fcnebilen ve toplumsal sorumluluk bilinci ta\u015f\u0131yan bir e\u011fitim sunmakt\u0131r. Vizyonumuz, ulusal ve uluslararas\u0131 d\u00fczeyde sayg\u0131n bir m\u00fchendislik fak\u00fcltesi olmak, akademik ve uygulamal\u0131 ara\u015ft\u0131rmalara liderlik etmek ve end\u00fcstri ile i\u015fbirli\u011fini [&hellip;]<\/p>\n","protected":false},"author":1,"featured_media":0,"parent":0,"menu_order":0,"comment_status":"closed","ping_status":"closed","template":"elementor_header_footer","meta":{"footnotes":""},"class_list":["post-5743","page","type-page","status-publish","hentry"],"_links":{"self":[{"href":"https:\/\/atauni.edu.tr\/fakulte\/wp-json\/wp\/v2\/pages\/5743","targetHints":{"allow":["GET"]}}],"collection":[{"href":"https:\/\/atauni.edu.tr\/fakulte\/wp-json\/wp\/v2\/pages"}],"about":[{"href":"https:\/\/atauni.edu.tr\/fakulte\/wp-json\/wp\/v2\/types\/page"}],"author":[{"embeddable":true,"href":"https:\/\/atauni.edu.tr\/fakulte\/wp-json\/wp\/v2\/users\/1"}],"replies":[{"embeddable":true,"href":"https:\/\/atauni.edu.tr\/fakulte\/wp-json\/wp\/v2\/comments?post=5743"}],"version-history":[{"count":11,"href":"https:\/\/atauni.edu.tr\/fakulte\/wp-json\/wp\/v2\/pages\/5743\/revisions"}],"predecessor-version":[{"id":6541,"href":"https:\/\/atauni.edu.tr\/fakulte\/wp-json\/wp\/v2\/pages\/5743\/revisions\/6541"}],"wp:attachment":[{"href":"https:\/\/atauni.edu.tr\/fakulte\/wp-json\/wp\/v2\/media?parent=5743"}],"curies":[{"name":"wp","href":"https:\/\/api.w.org\/{rel}","templated":true}]}}