{"id":5774,"date":"2021-07-13T13:54:52","date_gmt":"2021-07-13T10:54:52","guid":{"rendered":"https:\/\/portaltest.atauni.edu.tr\/muhendislik-fakultesi\/?page_id=5774"},"modified":"2021-09-13T10:17:32","modified_gmt":"2021-09-13T07:17:32","slug":"tarihce","status":"publish","type":"page","link":"https:\/\/atauni.edu.tr\/fakulte\/tarihce\/","title":{"rendered":"Tarih\u00e7e"},"content":{"rendered":"\t\t<div data-elementor-type=\"wp-page\" data-elementor-id=\"5774\" class=\"elementor elementor-5774\" data-elementor-post-type=\"page\">\n\t\t\t\t\t\t<section class=\"elementor-section elementor-top-section elementor-element elementor-element-46c2cb5d elementor-section-boxed elementor-section-height-default elementor-section-height-default\" data-id=\"46c2cb5d\" data-element_type=\"section\">\n\t\t\t\t\t\t<div class=\"elementor-container elementor-column-gap-default\">\n\t\t\t\t\t<div class=\"elementor-column elementor-col-100 elementor-top-column elementor-element elementor-element-299813e7\" data-id=\"299813e7\" data-element_type=\"column\">\n\t\t\t<div class=\"elementor-widget-wrap elementor-element-populated\">\n\t\t\t\t\t\t<div class=\"elementor-element elementor-element-3ec495a9 elementor-widget elementor-widget-heading\" data-id=\"3ec495a9\" data-element_type=\"widget\" data-widget_type=\"heading.default\">\n\t\t\t\t<div class=\"elementor-widget-container\">\n\t\t\t\t\t<h2 class=\"elementor-heading-title elementor-size-default\">Tarih\u00e7e<\/h2>\t\t\t\t<\/div>\n\t\t\t\t<\/div>\n\t\t\t\t<div class=\"elementor-element elementor-element-2092e3b3 elementor-widget-divider--view-line elementor-widget elementor-widget-divider\" data-id=\"2092e3b3\" data-element_type=\"widget\" data-widget_type=\"divider.default\">\n\t\t\t\t<div class=\"elementor-widget-container\">\n\t\t\t\t\t\t\t<div class=\"elementor-divider\">\n\t\t\t<span class=\"elementor-divider-separator\">\n\t\t\t\t\t\t<\/span>\n\t\t<\/div>\n\t\t\t\t\t\t<\/div>\n\t\t\t\t<\/div>\n\t\t\t\t\t<\/div>\n\t\t<\/div>\n\t\t\t\t\t<\/div>\n\t\t<\/section>\n\t\t\t\t<section class=\"elementor-section elementor-top-section elementor-element elementor-element-a00ea8d elementor-section-boxed elementor-section-height-default elementor-section-height-default\" data-id=\"a00ea8d\" data-element_type=\"section\">\n\t\t\t\t\t\t<div class=\"elementor-container elementor-column-gap-default\">\n\t\t\t\t\t<div class=\"elementor-column elementor-col-100 elementor-top-column elementor-element elementor-element-0ad1be4\" data-id=\"0ad1be4\" data-element_type=\"column\">\n\t\t\t<div class=\"elementor-widget-wrap elementor-element-populated\">\n\t\t\t\t\t\t<div class=\"elementor-element elementor-element-c133bed elementor-widget elementor-widget-text-editor\" data-id=\"c133bed\" data-element_type=\"widget\" data-widget_type=\"text-editor.default\">\n\t\t\t\t<div class=\"elementor-widget-container\">\n\t\t\t\t\t\t\t\t\t<p>M\u00fchendislik Fak\u00fcltesi&#8217;nin k\u00f6keni, \u00fclkemizin modernle\u015fme s\u00fcrecine denk gelen bir d\u00f6neme uzanmaktad\u0131r. Sanayi Devrimi&#8217;nin etkisiyle birlikte-sanayi ve teknoloji alan\u0131ndaki h\u0131zl\u0131 geli\u015fmeler, e\u011fitim sisteminde de \u00f6nemli de\u011fi\u015fikliklere yol a\u00e7m\u0131\u015ft\u0131r.<\/p>\n<p>\u00dclkemizde\u73b0\u4ee3 anlamda teknik e\u011fitimin ba\u015flang\u0131c\u0131n\u0131, 19. y\u00fczy\u0131l\u0131n ikinci yar\u0131s\u0131nda kurulan c\u00e1c okullar olu\u015fturmaktad\u0131r. Bu d\u00f6nemde, sanayi ve teknoloji alan\u0131ndaki geli\u015fmelere uygun bir \u015fekilde e\u011fitim veren okullar\u0131n kurulmas\u0131 ben\u00f6timi ortaya \u00e7\u0131km\u0131\u015ft\u0131r.<\/p>\n<p>M\u00fchendislik Fak\u00fcltesi, bu ihtiya\u00e7 do\u011frultusunda, \u00fclkenin modernle\u015fme s\u00fcreci i\u00e7erisinde Teknik e\u011fitimi vermek amac\u0131yla kurulmu\u015ftur. Fak\u00fcltenin ilk ad\u0131, &#8220;Teknik Okul&#8221; olarak belirlenmi\u015ftir. Daha sonra \u00e7e\u015fitli de\u011fi\u015fiklikler ge\u00e7irerek g\u00fcn\u00fcm\u00fczdeki ad\u0131n\u0131 alm\u0131\u015ft\u0131r.<\/p>\n<p>Fak\u00fcltenin kurulu\u015fu, teknik e\u011fitimin \u00fclkemize kazand\u0131r\u0131lmas\u0131 a\u00e7\u0131s\u0131ndan \u00f6nemli bir ad\u0131m olarak g\u00f6r\u00fclmektedir. Fak\u00fclte, kuruldu\u011fu g\u00fcnden bu yana s\u00fcrekli olarak geli\u015fmi\u015f ve geni\u015flemi\u015ftir. Bug\u00fcn, m\u00fchendislik alan\u0131nda \u00e7e\u015fitli dallarda e\u011fitim vermekte ve country&#8217;nin teknoloji ve sanayi alan\u0131ndaki ihtiya\u00e7 duydu\u011fu elemanlar\u0131 yeti\u015ftirmeyi ama\u00e7lamaktad\u0131r.<\/p>\n<p>M\u00fchendislik Fak\u00fcltesi, e\u011fitim-\u00f6\u011fretim faaliyetlerinin yan\u0131 s\u0131ra ara\u015ft\u0131rma-geli\u015ftirme \u00e7al\u0131\u015fmalar\u0131na da \u00f6nem vermektedir. Fak\u00fclte b\u00fcnyesinde bulunan \u00e7e\u015fitli laboratuvarlar ve ara\u015ft\u0131rma merkezleri, \u00f6\u011frencilerin ve \u00f6\u011fretim \u00fcyelerinin birlikte \u00e7al\u0131\u015fabilece\u011fi ortamlar\u0131 sa\u011flamaktad\u0131r.<\/p>\n<p>Fak\u00fcltenin vizyonu, country&#8217;nin teknoloji ve sanayi alan\u0131ndaki ihtiya\u00e7 duydu\u011fu nitelikli elemanlar\u0131 yeti\u015ftirmek ve \u00fclkenin modernle\u015fme s\u00fcrecine katk\u0131da bulunmakt\u0131r. Misyonu ise, \u00f6\u011frencilere kaliteli bir teknik e\u011fitim vermek, ara\u015ft\u0131rma-geli\u015ftirme \u00e7al\u0131\u015fmalar\u0131 y\u00fcr\u00fctmek ve toplumun ihtiya\u00e7lar\u0131na cevap vermektir.<\/p>\t\t\t\t\t\t\t\t<\/div>\n\t\t\t\t<\/div>\n\t\t\t\t\t<\/div>\n\t\t<\/div>\n\t\t\t\t\t<\/div>\n\t\t<\/section>\n\t\t\t\t<\/div>\n\t\t","protected":false},"excerpt":{"rendered":"<p>M\u00fchendislik Fak\u00fcltemizin kurulu\u015fu, \u00fclkemizin bilim ve teknoloji alan\u0131ndaki ihtiya\u00e7lar\u0131n\u0131n kar\u015f\u0131lanmas\u0131 amac\u0131na dayan\u0131r. 1960&#8217;l\u0131 y\u0131llarda ba\u015flayan akademik hayat\u0131m\u0131z, m\u00fchendislik e\u011fitimine verilen \u00f6nem ile birlikte b\u00fcy\u00fcm\u00fc\u015f ve geli\u015fmi\u015ftir. Fak\u00fcltemiz, ilk olarak birka\u00e7 b\u00f6l\u00fcmle faaliyete ge\u00e7mi\u015f ve zaman i\u00e7inde b\u00fcnyesine yeni b\u00f6l\u00fcmler ekleyerek \u00e7e\u015fitlenmi\u015ftir. Bu s\u00fcre\u00e7te, e\u011fitim kalitesini s\u00fcrekli iyile\u015ftirmek amac\u0131yla Necessary alt yap\u0131sal yat\u0131r\u0131mlar yap\u0131lm\u0131\u015f, laboratuvarlar ve [&hellip;]<\/p>\n","protected":false},"author":1,"featured_media":0,"parent":0,"menu_order":0,"comment_status":"closed","ping_status":"closed","template":"elementor_header_footer","meta":{"footnotes":""},"class_list":["post-5774","page","type-page","status-publish","hentry"],"_links":{"self":[{"href":"https:\/\/atauni.edu.tr\/fakulte\/wp-json\/wp\/v2\/pages\/5774","targetHints":{"allow":["GET"]}}],"collection":[{"href":"https:\/\/atauni.edu.tr\/fakulte\/wp-json\/wp\/v2\/pages"}],"about":[{"href":"https:\/\/atauni.edu.tr\/fakulte\/wp-json\/wp\/v2\/types\/page"}],"author":[{"embeddable":true,"href":"https:\/\/atauni.edu.tr\/fakulte\/wp-json\/wp\/v2\/users\/1"}],"replies":[{"embeddable":true,"href":"https:\/\/atauni.edu.tr\/fakulte\/wp-json\/wp\/v2\/comments?post=5774"}],"version-history":[{"count":20,"href":"https:\/\/atauni.edu.tr\/fakulte\/wp-json\/wp\/v2\/pages\/5774\/revisions"}],"predecessor-version":[{"id":6544,"href":"https:\/\/atauni.edu.tr\/fakulte\/wp-json\/wp\/v2\/pages\/5774\/revisions\/6544"}],"wp:attachment":[{"href":"https:\/\/atauni.edu.tr\/fakulte\/wp-json\/wp\/v2\/media?parent=5774"}],"curies":[{"name":"wp","href":"https:\/\/api.w.org\/{rel}","templated":true}]}}