{"id":5789,"date":"2021-07-13T14:10:52","date_gmt":"2021-07-13T11:10:52","guid":{"rendered":"https:\/\/portaltest.atauni.edu.tr\/muhendislik-fakultesi\/?page_id=5789"},"modified":"2021-08-27T15:20:21","modified_gmt":"2021-08-27T12:20:21","slug":"staj","status":"publish","type":"page","link":"https:\/\/atauni.edu.tr\/fakulte\/staj\/","title":{"rendered":"Staj"},"content":{"rendered":"\t\t<div data-elementor-type=\"wp-page\" data-elementor-id=\"5789\" class=\"elementor elementor-5789\" data-elementor-post-type=\"page\">\n\t\t\t\t\t\t<section class=\"elementor-section elementor-top-section elementor-element elementor-element-46c2cb5d elementor-section-boxed elementor-section-height-default elementor-section-height-default\" data-id=\"46c2cb5d\" data-element_type=\"section\">\n\t\t\t\t\t\t<div class=\"elementor-container elementor-column-gap-default\">\n\t\t\t\t\t<div class=\"elementor-column elementor-col-100 elementor-top-column elementor-element elementor-element-299813e7\" data-id=\"299813e7\" data-element_type=\"column\">\n\t\t\t<div class=\"elementor-widget-wrap elementor-element-populated\">\n\t\t\t\t\t\t<div class=\"elementor-element elementor-element-3ec495a9 elementor-widget elementor-widget-heading\" data-id=\"3ec495a9\" data-element_type=\"widget\" data-widget_type=\"heading.default\">\n\t\t\t\t<div class=\"elementor-widget-container\">\n\t\t\t\t\t<h2 class=\"elementor-heading-title elementor-size-default\">Staj<\/h2>\t\t\t\t<\/div>\n\t\t\t\t<\/div>\n\t\t\t\t<div class=\"elementor-element elementor-element-2092e3b3 elementor-widget-divider--view-line elementor-widget elementor-widget-divider\" data-id=\"2092e3b3\" data-element_type=\"widget\" data-widget_type=\"divider.default\">\n\t\t\t\t<div class=\"elementor-widget-container\">\n\t\t\t\t\t\t\t<div class=\"elementor-divider\">\n\t\t\t<span class=\"elementor-divider-separator\">\n\t\t\t\t\t\t<\/span>\n\t\t<\/div>\n\t\t\t\t\t\t<\/div>\n\t\t\t\t<\/div>\n\t\t\t\t\t<\/div>\n\t\t<\/div>\n\t\t\t\t\t<\/div>\n\t\t<\/section>\n\t\t\t\t<section class=\"elementor-section elementor-top-section elementor-element elementor-element-55dbe3f elementor-section-boxed elementor-section-height-default elementor-section-height-default\" data-id=\"55dbe3f\" data-element_type=\"section\">\n\t\t\t\t\t\t<div class=\"elementor-container elementor-column-gap-default\">\n\t\t\t\t\t<div class=\"elementor-column elementor-col-100 elementor-top-column elementor-element elementor-element-c38135b\" data-id=\"c38135b\" data-element_type=\"column\">\n\t\t\t<div class=\"elementor-widget-wrap elementor-element-populated\">\n\t\t\t\t\t\t<div class=\"elementor-element elementor-element-70f771c elementor-widget elementor-widget-text-editor\" data-id=\"70f771c\" data-element_type=\"widget\" data-widget_type=\"text-editor.default\">\n\t\t\t\t<div class=\"elementor-widget-container\">\n\t\t\t\t\t\t\t\t\t<p>M\u00fchendislik Fak\u00fcltesi \u00f6\u011frencilerinin e\u011fitimlerini desteklemek amac\u0131yla staj \u00e7al\u0131\u015fmalar\u0131 b\u00fcy\u00fck \u00f6nem ta\u015f\u0131maktad\u0131r. Staj, \u00f6\u011frencilerin teorik bilgilerini pratik uygulamalarla peki\u015ftirmelerine ve sekt\u00f6rde deneyim kazanmalar\u0131na olanak tan\u0131yan de\u011ferli bir \u00f6\u011frenim deneyimidir.<\/p>\n<p>Staj d\u00f6neminde \u00f6\u011frenciler, m\u00fchendislik alan\u0131ndaki \u00e7e\u015fitli uygulamalar\u0131 yak\u0131ndan g\u00f6rm\u00fc\u015f olurlar. Bu sayede mezun olduktan sonra i\u015f ya\u015fam\u0131na daha haz\u0131r bir \u015fekilde ba\u015flama \u015fans\u0131n\u0131 elde ederler. Ayr\u0131ca staj, \u00f6\u011frencilerin kendi ilgi ve yeteneklerine uygun alanlar\u0131 ke\u015ffetmelerine de yard\u0131mc\u0131 olur.<\/p>\n<p>Fak\u00fcltemiz, \u00f6\u011frencilerinin staj s\u00fcre\u00e7lerini desteklemek i\u00e7in gerekli d\u00fczenlemeleri yapar. \u00d6\u011frencilere, staj ba\u015fvurular\u0131 esnas\u0131nda ve staj s\u00fcreci boyunca rehberlik hizmetleri sunulur. Ayr\u0131ca, sekt\u00f6rle i\u015fbirli\u011fi i\u00e7erisinde olmak suretiyle \u00f6\u011frencilerin nitelikli bir \u015fekilde staj yapmalar\u0131na \u00f6zen g\u00f6sterilir.<\/p>\n<p>Staj programlar\u0131, genellikle yaz aylar\u0131nda veya akademik y\u0131l i\u00e7erisinde belirli d\u00f6nemlerde ger\u00e7ekle\u015ftirilir. \u00d6\u011frenciler, stajyer olarak \u00e7al\u0131\u015ft\u0131klar\u0131 d\u00f6nemde edindikleri deneyim ve bilgilerle birlikte mezuniyet sonras\u0131 i\u015f ba\u015fvurular\u0131nda da \u00f6ne ge\u00e7me f\u0131rsat\u0131n\u0131 elde ederler.<\/p>\n<p>M\u00fchendislik Fak\u00fcltesi olarak amac\u0131m\u0131z, \u00f6\u011frencilerimizin sadece akademik anlamda de\u011fil, ayn\u0131 zamanda mesleki uygulamalarda da donan\u0131ml\u0131 bir \u015fekilde yeti\u015fmelerine katk\u0131da bulunmakt\u0131r. Bu hedefe ula\u015fmak i\u00e7in staj programlar\u0131na b\u00fcy\u00fck \u00f6nem veriyoruz ve \u00f6\u011frencilerimizi desteklemeye devam edece\u011fiz.<\/p>\t\t\t\t\t\t\t\t<\/div>\n\t\t\t\t<\/div>\n\t\t\t\t\t<\/div>\n\t\t<\/div>\n\t\t\t\t\t<\/div>\n\t\t<\/section>\n\t\t\t\t<\/div>\n\t\t","protected":false},"excerpt":{"rendered":"<p>**Staj** M\u00fchendislik Fak\u00fcltemizde \u00f6\u011frencilerimize teorik bilgiyi peki\u015ftirmeleri ve uygulama becerilerini geli\u015ftirmeleri i\u00e7in staj olanaklar\u0131 sunulmaktad\u0131r. Staj, \u00f6\u011frencilerin i\u015f ortam\u0131nda deneyim kazanmalar\u0131n\u0131 ve sekt\u00f6rle ba\u011flant\u0131 kurmalar\u0131n\u0131 sa\u011flayan \u00f6nemli bir ad\u0131md\u0131r. Staj programlar\u0131m\u0131z, \u00f6\u011frencileri end\u00fcstriyel ortamlarda \u00e7al\u0131\u015fmaya haz\u0131rlamak amac\u0131yla tasarlanm\u0131\u015ft\u0131r. \u00d6\u011frencilerimiz, staj s\u00fcresince \u00e7e\u015fitli projelerde g\u00f6rev al\u0131r, problem \u00e7\u00f6zme becerilerini geli\u015ftirir ve ileti\u015fim yeteneklerini g\u00fc\u00e7lendirirler. Ayr\u0131ca, sekt\u00f6r\u00fcn [&hellip;]<\/p>\n","protected":false},"author":1,"featured_media":0,"parent":0,"menu_order":0,"comment_status":"closed","ping_status":"closed","template":"elementor_header_footer","meta":{"footnotes":""},"class_list":["post-5789","page","type-page","status-publish","hentry"],"_links":{"self":[{"href":"https:\/\/atauni.edu.tr\/fakulte\/wp-json\/wp\/v2\/pages\/5789","targetHints":{"allow":["GET"]}}],"collection":[{"href":"https:\/\/atauni.edu.tr\/fakulte\/wp-json\/wp\/v2\/pages"}],"about":[{"href":"https:\/\/atauni.edu.tr\/fakulte\/wp-json\/wp\/v2\/types\/page"}],"author":[{"embeddable":true,"href":"https:\/\/atauni.edu.tr\/fakulte\/wp-json\/wp\/v2\/users\/1"}],"replies":[{"embeddable":true,"href":"https:\/\/atauni.edu.tr\/fakulte\/wp-json\/wp\/v2\/comments?post=5789"}],"version-history":[{"count":20,"href":"https:\/\/atauni.edu.tr\/fakulte\/wp-json\/wp\/v2\/pages\/5789\/revisions"}],"predecessor-version":[{"id":6398,"href":"https:\/\/atauni.edu.tr\/fakulte\/wp-json\/wp\/v2\/pages\/5789\/revisions\/6398"}],"wp:attachment":[{"href":"https:\/\/atauni.edu.tr\/fakulte\/wp-json\/wp\/v2\/media?parent=5789"}],"curies":[{"name":"wp","href":"https:\/\/api.w.org\/{rel}","templated":true}]}}