{"id":5807,"date":"2021-07-13T14:25:31","date_gmt":"2021-07-13T11:25:31","guid":{"rendered":"https:\/\/portaltest.atauni.edu.tr\/muhendislik-fakultesi\/?page_id=5807"},"modified":"2021-08-27T15:20:55","modified_gmt":"2021-08-27T12:20:55","slug":"ders-programlari","status":"publish","type":"page","link":"https:\/\/atauni.edu.tr\/fakulte\/ders-programlari\/","title":{"rendered":"Ders Programlar\u0131"},"content":{"rendered":"\t\t<div data-elementor-type=\"wp-page\" data-elementor-id=\"5807\" class=\"elementor elementor-5807\" data-elementor-post-type=\"page\">\n\t\t\t\t\t\t<section class=\"elementor-section elementor-top-section elementor-element elementor-element-46c2cb5d elementor-section-boxed elementor-section-height-default elementor-section-height-default\" data-id=\"46c2cb5d\" data-element_type=\"section\">\n\t\t\t\t\t\t<div class=\"elementor-container elementor-column-gap-default\">\n\t\t\t\t\t<div class=\"elementor-column elementor-col-100 elementor-top-column elementor-element elementor-element-299813e7\" data-id=\"299813e7\" data-element_type=\"column\">\n\t\t\t<div class=\"elementor-widget-wrap elementor-element-populated\">\n\t\t\t\t\t\t<div class=\"elementor-element elementor-element-3ec495a9 elementor-widget elementor-widget-heading\" data-id=\"3ec495a9\" data-element_type=\"widget\" data-widget_type=\"heading.default\">\n\t\t\t\t<div class=\"elementor-widget-container\">\n\t\t\t\t\t<h2 class=\"elementor-heading-title elementor-size-default\">Ders Program\u0131<\/h2>\t\t\t\t<\/div>\n\t\t\t\t<\/div>\n\t\t\t\t<div class=\"elementor-element elementor-element-2092e3b3 elementor-widget-divider--view-line elementor-widget elementor-widget-divider\" data-id=\"2092e3b3\" data-element_type=\"widget\" data-widget_type=\"divider.default\">\n\t\t\t\t<div class=\"elementor-widget-container\">\n\t\t\t\t\t\t\t<div class=\"elementor-divider\">\n\t\t\t<span class=\"elementor-divider-separator\">\n\t\t\t\t\t\t<\/span>\n\t\t<\/div>\n\t\t\t\t\t\t<\/div>\n\t\t\t\t<\/div>\n\t\t\t\t\t<\/div>\n\t\t<\/div>\n\t\t\t\t\t<\/div>\n\t\t<\/section>\n\t\t\t\t<section class=\"elementor-section elementor-top-section elementor-element elementor-element-33c46b8 elementor-section-boxed elementor-section-height-default elementor-section-height-default\" data-id=\"33c46b8\" data-element_type=\"section\">\n\t\t\t\t\t\t<div class=\"elementor-container elementor-column-gap-default\">\n\t\t\t\t\t<div class=\"elementor-column elementor-col-100 elementor-top-column elementor-element elementor-element-1def29c\" data-id=\"1def29c\" data-element_type=\"column\">\n\t\t\t<div class=\"elementor-widget-wrap elementor-element-populated\">\n\t\t\t\t\t\t<div class=\"elementor-element elementor-element-3c63582 elementor-widget elementor-widget-text-editor\" data-id=\"3c63582\" data-element_type=\"widget\" data-widget_type=\"text-editor.default\">\n\t\t\t\t<div class=\"elementor-widget-container\">\n\t\t\t\t\t\t\t\t\t<html>\n<body>\n<h2>Ders Programlar\u0131<\/h2>\nM\u00fchendislik Fak\u00fcltesi, \u00f6\u011frencilerin akademik ve mesleki geli\u015fimini desteklemek amac\u0131yla \u00e7e\u015fitli ders programlar\u0131 sunmaktad\u0131r. Bu programlar, \u00f6\u011frencilere teorik ve pratik bilgilerin yan\u0131 s\u0131ra end\u00fcstriyel uygulamalar hakk\u0131nda derinlemesine bilgi kazand\u0131rmay\u0131 ama\u00e7lar.\n<p>\nDerslerimiz, alan\u0131nda uzman \u00f6\u011fretim \u00fcyeleri taraf\u0131ndan verilir ve \u00f6\u011frencilerin aktif kat\u0131l\u0131m\u0131n\u0131 te\u015fvik eder. Programlar\u0131m\u0131z, m\u00fchendislik disiplinlerinin temel ilkelerine odaklan\u0131rken ayn\u0131 zamanda g\u00fcncel teknolojik geli\u015fmeleri de i\u00e7ermektedir. M\u00fchendislik Fak\u00fcltesi&#8217;nin sundu\u011fu ders programlar\u0131 aras\u0131nda;\n<\/p>\n<ul>\n<li>Temel m\u00fchendislik bilimleri (matematik, fizik, kimya vb.)<\/li>\n<li>M\u00fchendislik tasar\u0131m\u0131 ve proje y\u00f6netimi<\/li>\n<li>Malzeme bilim ve m\u00fchendisli\u011fi<\/li>\n<li>\u00dcretim ve imalat m\u00fchendisli\u011fi<\/li>\n<li>Bilgisayar destekli tasar\u0131m ve modelleme<\/li>\n<li>Enerji sistemleri ve s\u00fcrd\u00fcr\u00fclebilirlik<\/li>\n<\/ul>\n<p>\nBu ders programlar\u0131, \u00f6\u011frencilere geni\u015f bir yelpazede bilgi ve beceri kazand\u0131rarak onlar\u0131 end\u00fcstriye haz\u0131r bir \u015fekilde mezun olmalar\u0131n\u0131 sa\u011flar. Ayr\u0131ca, fak\u00fcltemiz \u00e7e\u015fitli se\u00e7meli dersler sunarak \u00f6\u011frencilerin ilgi alanlar\u0131na g\u00f6re uzmanla\u015fmalar\u0131na olanak tan\u0131r.\n<\/p>\n<p>\nM\u00fchendislik Fak\u00fcltesi, e\u011fitimini tamamlad\u0131\u011f\u0131nda, \u00f6\u011frencilerimiz m\u00fchendislik uygulamalar\u0131nda liderlik yapma yeteneklerine sahip, yarat\u0131c\u0131 ve yenilik\u00e7i \u00e7\u00f6z\u00fcmler \u00fcretebilen bireyler olarak mezun olurlar. Mezunlar\u0131m\u0131z, \u00e7e\u015fitli sekt\u00f6rlerde ba\u015far\u0131l\u0131 bir \u015fekilde \u00e7al\u0131\u015fmak i\u00e7in gereken bilgi, beceri ve tutkuya sahiptirler.\n<\/p>\n<\/body>\n<\/html>\t\t\t\t\t\t\t\t<\/div>\n\t\t\t\t<\/div>\n\t\t\t\t\t<\/div>\n\t\t<\/div>\n\t\t\t\t\t<\/div>\n\t\t<\/section>\n\t\t\t\t<\/div>\n\t\t","protected":false},"excerpt":{"rendered":"<p>DERS PROGRAMLARI M\u00fchendislik Fak\u00fcltesi olarak, \u00f6\u011frencilerimize en kaliteli e\u011fitim hizmeti sunmak i\u00e7in s\u00fcrekli \u00e7al\u0131\u015f\u0131yoruz. Ders programlar\u0131m\u0131z, \u00f6\u011frencilerin mezun olduklar\u0131nda ihtiya\u00e7 duyacaklar\u0131 bilgi ve becerileri kazand\u0131rmak amac\u0131yla tasarlanm\u0131\u015ft\u0131r. Ders programlar\u0131m\u0131z a\u015fa\u011f\u0131daki b\u00f6l\u00fcmlerden olu\u015fmaktad\u0131r: &#8211; Temel Bilimler: Matematik, fizik, kimya gibi temel bilim dallar\u0131nda g\u00fc\u00e7l\u00fc bir temel olu\u015fturmak &#8211; M\u00fchendislik Temelleri: M\u00fchendislik ilkeleri, malzeme bilimi, mekanik, elektrik [&hellip;]<\/p>\n","protected":false},"author":1,"featured_media":0,"parent":0,"menu_order":0,"comment_status":"closed","ping_status":"closed","template":"elementor_header_footer","meta":{"footnotes":""},"class_list":["post-5807","page","type-page","status-publish","hentry"],"_links":{"self":[{"href":"https:\/\/atauni.edu.tr\/fakulte\/wp-json\/wp\/v2\/pages\/5807","targetHints":{"allow":["GET"]}}],"collection":[{"href":"https:\/\/atauni.edu.tr\/fakulte\/wp-json\/wp\/v2\/pages"}],"about":[{"href":"https:\/\/atauni.edu.tr\/fakulte\/wp-json\/wp\/v2\/types\/page"}],"author":[{"embeddable":true,"href":"https:\/\/atauni.edu.tr\/fakulte\/wp-json\/wp\/v2\/users\/1"}],"replies":[{"embeddable":true,"href":"https:\/\/atauni.edu.tr\/fakulte\/wp-json\/wp\/v2\/comments?post=5807"}],"version-history":[{"count":17,"href":"https:\/\/atauni.edu.tr\/fakulte\/wp-json\/wp\/v2\/pages\/5807\/revisions"}],"predecessor-version":[{"id":6404,"href":"https:\/\/atauni.edu.tr\/fakulte\/wp-json\/wp\/v2\/pages\/5807\/revisions\/6404"}],"wp:attachment":[{"href":"https:\/\/atauni.edu.tr\/fakulte\/wp-json\/wp\/v2\/media?parent=5807"}],"curies":[{"name":"wp","href":"https:\/\/api.w.org\/{rel}","templated":true}]}}