{"id":5847,"date":"2021-07-13T14:56:17","date_gmt":"2021-07-13T11:56:17","guid":{"rendered":"https:\/\/portaltest.atauni.edu.tr\/muhendislik-fakultesi\/?page_id=5847"},"modified":"2021-08-27T15:21:04","modified_gmt":"2021-08-27T12:21:04","slug":"formlar","status":"publish","type":"page","link":"https:\/\/atauni.edu.tr\/fakulte\/formlar\/","title":{"rendered":"Formlar"},"content":{"rendered":"\t\t<div data-elementor-type=\"wp-page\" data-elementor-id=\"5847\" class=\"elementor elementor-5847\" data-elementor-post-type=\"page\">\n\t\t\t\t\t\t<section class=\"elementor-section elementor-top-section elementor-element elementor-element-46c2cb5d elementor-section-boxed elementor-section-height-default elementor-section-height-default\" data-id=\"46c2cb5d\" data-element_type=\"section\">\n\t\t\t\t\t\t<div class=\"elementor-container elementor-column-gap-default\">\n\t\t\t\t\t<div class=\"elementor-column elementor-col-100 elementor-top-column elementor-element elementor-element-299813e7\" data-id=\"299813e7\" data-element_type=\"column\">\n\t\t\t<div class=\"elementor-widget-wrap elementor-element-populated\">\n\t\t\t\t\t\t<div class=\"elementor-element elementor-element-3ec495a9 elementor-widget elementor-widget-heading\" data-id=\"3ec495a9\" data-element_type=\"widget\" data-widget_type=\"heading.default\">\n\t\t\t\t<div class=\"elementor-widget-container\">\n\t\t\t\t\t<h2 class=\"elementor-heading-title elementor-size-default\">Formlar<\/h2>\t\t\t\t<\/div>\n\t\t\t\t<\/div>\n\t\t\t\t<div class=\"elementor-element elementor-element-2092e3b3 elementor-widget-divider--view-line elementor-widget elementor-widget-divider\" data-id=\"2092e3b3\" data-element_type=\"widget\" data-widget_type=\"divider.default\">\n\t\t\t\t<div class=\"elementor-widget-container\">\n\t\t\t\t\t\t\t<div class=\"elementor-divider\">\n\t\t\t<span class=\"elementor-divider-separator\">\n\t\t\t\t\t\t<\/span>\n\t\t<\/div>\n\t\t\t\t\t\t<\/div>\n\t\t\t\t<\/div>\n\t\t\t\t\t<\/div>\n\t\t<\/div>\n\t\t\t\t\t<\/div>\n\t\t<\/section>\n\t\t\t\t<section class=\"elementor-section elementor-top-section elementor-element elementor-element-ec5523f elementor-section-boxed elementor-section-height-default elementor-section-height-default\" data-id=\"ec5523f\" data-element_type=\"section\">\n\t\t\t\t\t\t<div class=\"elementor-container elementor-column-gap-default\">\n\t\t\t\t\t<div class=\"elementor-column elementor-col-100 elementor-top-column elementor-element elementor-element-60ffefd\" data-id=\"60ffefd\" data-element_type=\"column\">\n\t\t\t<div class=\"elementor-widget-wrap elementor-element-populated\">\n\t\t\t\t\t\t<div class=\"elementor-element elementor-element-a49a9c5 elementor-widget elementor-widget-text-editor\" data-id=\"a49a9c5\" data-element_type=\"widget\" data-widget_type=\"text-editor.default\">\n\t\t\t\t<div class=\"elementor-widget-container\">\n\t\t\t\t\t\t\t\t\t<p>M\u00fchendislik Fak\u00fcltesi \u00f6\u011frencileri ve akademik personeli i\u00e7in gerekli formlar bu b\u00f6l\u00fcmde bulunmaktad\u0131r. A\u015fa\u011f\u0131daki formlar\u0131 indirerek doldurup ilgili birime teslim edebilirsiniz.<\/p>\n<ul>\n  <li>\u00d6\u011frenci Kay\u0131t Formu<\/li>\n  <li>Transkript Talep Formu<\/li>\n  <li>Di\u011fer Kurumlarla Ortak Program Ba\u015fvuru Formu<\/li>\n  <li>Ara\u015ft\u0131rma Projeleri \u0130\u00e7in Gereken Belgeler<\/li>\n  <li>Tez \u00d6nerisi ve Y\u00fcr\u00fctme Plan\u0131 Formu<\/li>\n  <li>Bilimsel Ara\u015ft\u0131rma Projesi Ba\u015fvuru Formu<\/li>\n  <li>Laboratuvar Kullan\u0131m Talep Formu<\/li>\n  <li>Staj Ba\u015fvuru ve De\u011ferlendirme Formu<\/li>\n<\/ul>\n<p>L\u00fctfen ilgili formlar\u0131 dikkatlice doldurup, gerekti\u011finde ek belgeleri de ekleyiniz. T\u00fcm formlar\u0131n g\u00fcncellenmesi durumunda web sitemizi takip ediniz.<\/p>\t\t\t\t\t\t\t\t<\/div>\n\t\t\t\t<\/div>\n\t\t\t\t\t<\/div>\n\t\t<\/div>\n\t\t\t\t\t<\/div>\n\t\t<\/section>\n\t\t\t\t<\/div>\n\t\t","protected":false},"excerpt":{"rendered":"<p>M\u00fchendislik Fak\u00fcltesi \u00f6\u011frencilerinin akademik ve idari i\u015flemlerini kolayla\u015ft\u0131rmak amac\u0131yla \u00e7e\u015fitli formlar haz\u0131rlanm\u0131\u015ft\u0131r. Bu formlar, \u00f6\u011frencilerin kay\u0131tlar\u0131, ders se\u00e7imleri, staj ba\u015fvurular\u0131 gibi konularda kullan\u0131lmaktad\u0131r. A\u015fa\u011f\u0131da belirtilen formlar M\u00fchendislik Fak\u00fcltesi web sayfas\u0131nda mevcuttur: &#8211; Kay\u0131t Yenileme Formu: \u00d6\u011frencilerin her d\u00f6nem ba\u015f\u0131nda doldurmas\u0131 gereken bir formdur. Bu form ile \u00f6\u011frenciler kay\u0131tlar\u0131n\u0131 yenileyerek akademik y\u0131l\u0131n ba\u015flang\u0131c\u0131n\u0131 onaylarlar. &#8211; Ders [&hellip;]<\/p>\n","protected":false},"author":1,"featured_media":0,"parent":0,"menu_order":0,"comment_status":"closed","ping_status":"closed","template":"elementor_header_footer","meta":{"footnotes":""},"class_list":["post-5847","page","type-page","status-publish","hentry"],"_links":{"self":[{"href":"https:\/\/atauni.edu.tr\/fakulte\/wp-json\/wp\/v2\/pages\/5847","targetHints":{"allow":["GET"]}}],"collection":[{"href":"https:\/\/atauni.edu.tr\/fakulte\/wp-json\/wp\/v2\/pages"}],"about":[{"href":"https:\/\/atauni.edu.tr\/fakulte\/wp-json\/wp\/v2\/types\/page"}],"author":[{"embeddable":true,"href":"https:\/\/atauni.edu.tr\/fakulte\/wp-json\/wp\/v2\/users\/1"}],"replies":[{"embeddable":true,"href":"https:\/\/atauni.edu.tr\/fakulte\/wp-json\/wp\/v2\/comments?post=5847"}],"version-history":[{"count":14,"href":"https:\/\/atauni.edu.tr\/fakulte\/wp-json\/wp\/v2\/pages\/5847\/revisions"}],"predecessor-version":[{"id":6407,"href":"https:\/\/atauni.edu.tr\/fakulte\/wp-json\/wp\/v2\/pages\/5847\/revisions\/6407"}],"wp:attachment":[{"href":"https:\/\/atauni.edu.tr\/fakulte\/wp-json\/wp\/v2\/media?parent=5847"}],"curies":[{"name":"wp","href":"https:\/\/api.w.org\/{rel}","templated":true}]}}