{"id":5864,"date":"2021-07-13T15:10:19","date_gmt":"2021-07-13T12:10:19","guid":{"rendered":"https:\/\/portaltest.atauni.edu.tr\/muhendislik-fakultesi\/?page_id=5864"},"modified":"2021-08-27T15:39:20","modified_gmt":"2021-08-27T12:39:20","slug":"yayinlar","status":"publish","type":"page","link":"https:\/\/atauni.edu.tr\/fakulte\/yayinlar\/","title":{"rendered":"Fak\u00fclte Kurulu Kararlar\u0131"},"content":{"rendered":"\t\t<div data-elementor-type=\"wp-page\" data-elementor-id=\"5864\" class=\"elementor elementor-5864\" data-elementor-post-type=\"page\">\n\t\t\t\t\t\t<section class=\"elementor-section elementor-top-section elementor-element elementor-element-46c2cb5d elementor-section-boxed elementor-section-height-default elementor-section-height-default\" data-id=\"46c2cb5d\" data-element_type=\"section\">\n\t\t\t\t\t\t<div class=\"elementor-container elementor-column-gap-default\">\n\t\t\t\t\t<div class=\"elementor-column elementor-col-100 elementor-top-column elementor-element elementor-element-299813e7\" data-id=\"299813e7\" data-element_type=\"column\">\n\t\t\t<div class=\"elementor-widget-wrap elementor-element-populated\">\n\t\t\t\t\t\t<div class=\"elementor-element elementor-element-3ec495a9 elementor-widget elementor-widget-heading\" data-id=\"3ec495a9\" data-element_type=\"widget\" data-widget_type=\"heading.default\">\n\t\t\t\t<div class=\"elementor-widget-container\">\n\t\t\t\t\t<h2 class=\"elementor-heading-title elementor-size-default\">Fak\u00fclte Kurulu Kararlar\u0131<\/h2>\t\t\t\t<\/div>\n\t\t\t\t<\/div>\n\t\t\t\t<div class=\"elementor-element elementor-element-2092e3b3 elementor-widget-divider--view-line elementor-widget elementor-widget-divider\" data-id=\"2092e3b3\" data-element_type=\"widget\" data-widget_type=\"divider.default\">\n\t\t\t\t<div class=\"elementor-widget-container\">\n\t\t\t\t\t\t\t<div class=\"elementor-divider\">\n\t\t\t<span class=\"elementor-divider-separator\">\n\t\t\t\t\t\t<\/span>\n\t\t<\/div>\n\t\t\t\t\t\t<\/div>\n\t\t\t\t<\/div>\n\t\t\t\t\t<\/div>\n\t\t<\/div>\n\t\t\t\t\t<\/div>\n\t\t<\/section>\n\t\t\t\t<section class=\"elementor-section elementor-top-section elementor-element elementor-element-4a7c24b elementor-section-boxed elementor-section-height-default elementor-section-height-default\" data-id=\"4a7c24b\" data-element_type=\"section\">\n\t\t\t\t\t\t<div class=\"elementor-container elementor-column-gap-default\">\n\t\t\t\t\t<div class=\"elementor-column elementor-col-100 elementor-top-column elementor-element elementor-element-6963039\" data-id=\"6963039\" data-element_type=\"column\">\n\t\t\t<div class=\"elementor-widget-wrap elementor-element-populated\">\n\t\t\t\t\t\t<div class=\"elementor-element elementor-element-07fe6a4 elementor-widget elementor-widget-text-editor\" data-id=\"07fe6a4\" data-element_type=\"widget\" data-widget_type=\"text-editor.default\">\n\t\t\t\t<div class=\"elementor-widget-container\">\n\t\t\t\t\t\t\t\t\t<p>Fak&uuml;ltemiz akademik ve idari i\u015fleyi\u015fini d&uuml;zenlemek &uuml;zere Fak&uuml;lte Kurulu toplant\u0131lar\u0131 d&uuml;zenlemektedir. Bu toplant\u0131larda al\u0131nan kararlar Fak&uuml;ltemizin &ccedil;e\u015fitli birimlerine ve \u00f6\u011frenci toplulu\u011funa duyurulmaktad\u0131r.<\/p>\n<p>Fak&uuml;lte Kurulu toplant\u0131lar\u0131nda al\u0131nan kararlar akademik takvim, ders programlar\u0131, s\u0131nav tarihleri, proje &ouml;nerileri ve di\u011fer akademik konular\u0131 i&ccedil;ermektedir. Ayr\u0131ca Fak&uuml;ltemizin idari i\u015fleyi\u015fi ile ilgili kararlar da bu toplant\u0131larda al\u0131nmaktad\u0131r.<\/p>\n<p>Fak&uuml;lte Kurulu kararlar\u0131 Fak&uuml;ltemiz web sayfas\u0131nda yay\u0131mlanmakta ve \u00f6\u011frenci ve personelin eri\u015fimine a\u00e7\u0131kt\u0131r. Bu sayede Fak&uuml;ltemizdeki t\u00fcm payda\u015flar Fak&uuml;ltenin i\u015fleyi\u015fi hakk\u0131nda bilgi sahibi olabilmektedir.<\/p>\n<p>Fak&uuml;lte Kurulu toplant\u0131lar\u0131 d&uuml;zenli aral\u0131klarla yap\u0131lmaktad\u0131r ve Fak&uuml;ltemizin akademik ve idari i\u015fleyi\u015finin hi\u1ec7u qu\u1ea3 bir \u015fekilde y&uuml;r&uuml;t&uuml;lmesini sa\u011flamaktad\u0131r. Al\u0131nan kararlar Fak&uuml;ltemizdeki &ccedil;e\u015fitli birimler taraf\u0131ndan uygulanmakta ve Fak&uuml;ltemizin hedeflerine ula\u015fmas\u0131na katk\u0131da bulunmaktad\u0131r.<\/p>\t\t\t\t\t\t\t\t<\/div>\n\t\t\t\t<\/div>\n\t\t\t\t\t<\/div>\n\t\t<\/div>\n\t\t\t\t\t<\/div>\n\t\t<\/section>\n\t\t\t\t<\/div>\n\t\t","protected":false},"excerpt":{"rendered":"<p>**Fak\u00fclte Kurulu Kararlar\u0131** M\u00fchendislik Fak\u00fcltesi akademik ve idari i\u015fleyi\u015fini d\u00fczenlemek amac\u0131yla d\u00fczenli olarak toplanan Fak\u00fclte Kurulu, \u00e7e\u015fitli kararlar almaktad\u0131r. Bu kararlar fak\u00fcltemizin e\u011fitim-\u00f6\u011fretim faaliyetlerinden ara\u015ft\u0131rma projelerine, \u00f6\u011frenci ve personel konular\u0131na kadar geni\u015f bir yelpazeyi kapsar. Fak\u00fclte Kurulu, akademik personelin yan\u0131 s\u0131ra idari personelin de kat\u0131l\u0131m\u0131yla olu\u015fur ve al\u0131nan kararlar t\u00fcm \u00fcyelere duyurulur. Bu kurul, fak\u00fcltemizin [&hellip;]<\/p>\n","protected":false},"author":1,"featured_media":0,"parent":0,"menu_order":0,"comment_status":"closed","ping_status":"closed","template":"elementor_header_footer","meta":{"footnotes":""},"class_list":["post-5864","page","type-page","status-publish","hentry"],"_links":{"self":[{"href":"https:\/\/atauni.edu.tr\/fakulte\/wp-json\/wp\/v2\/pages\/5864","targetHints":{"allow":["GET"]}}],"collection":[{"href":"https:\/\/atauni.edu.tr\/fakulte\/wp-json\/wp\/v2\/pages"}],"about":[{"href":"https:\/\/atauni.edu.tr\/fakulte\/wp-json\/wp\/v2\/types\/page"}],"author":[{"embeddable":true,"href":"https:\/\/atauni.edu.tr\/fakulte\/wp-json\/wp\/v2\/users\/1"}],"replies":[{"embeddable":true,"href":"https:\/\/atauni.edu.tr\/fakulte\/wp-json\/wp\/v2\/comments?post=5864"}],"version-history":[{"count":12,"href":"https:\/\/atauni.edu.tr\/fakulte\/wp-json\/wp\/v2\/pages\/5864\/revisions"}],"predecessor-version":[{"id":6538,"href":"https:\/\/atauni.edu.tr\/fakulte\/wp-json\/wp\/v2\/pages\/5864\/revisions\/6538"}],"wp:attachment":[{"href":"https:\/\/atauni.edu.tr\/fakulte\/wp-json\/wp\/v2\/media?parent=5864"}],"curies":[{"name":"wp","href":"https:\/\/api.w.org\/{rel}","templated":true}]}}