{"id":5898,"date":"2021-07-13T15:20:50","date_gmt":"2021-07-13T12:20:50","guid":{"rendered":"https:\/\/portaltest.atauni.edu.tr\/muhendislik-fakultesi\/?page_id=5898"},"modified":"2021-09-13T10:18:58","modified_gmt":"2021-09-13T07:18:58","slug":"ogrenciler","status":"publish","type":"page","link":"https:\/\/atauni.edu.tr\/fakulte\/ogrenciler\/","title":{"rendered":"\u00d6\u011frenciler"},"content":{"rendered":"\t\t<div data-elementor-type=\"wp-page\" data-elementor-id=\"5898\" class=\"elementor elementor-5898\" data-elementor-post-type=\"page\">\n\t\t\t\t\t\t<section class=\"elementor-section elementor-top-section elementor-element elementor-element-46c2cb5d elementor-section-boxed elementor-section-height-default elementor-section-height-default\" data-id=\"46c2cb5d\" data-element_type=\"section\">\n\t\t\t\t\t\t<div class=\"elementor-container elementor-column-gap-default\">\n\t\t\t\t\t<div class=\"elementor-column elementor-col-100 elementor-top-column elementor-element elementor-element-299813e7\" data-id=\"299813e7\" data-element_type=\"column\">\n\t\t\t<div class=\"elementor-widget-wrap elementor-element-populated\">\n\t\t\t\t\t\t<div class=\"elementor-element elementor-element-3ec495a9 elementor-widget elementor-widget-heading\" data-id=\"3ec495a9\" data-element_type=\"widget\" data-widget_type=\"heading.default\">\n\t\t\t\t<div class=\"elementor-widget-container\">\n\t\t\t\t\t<h2 class=\"elementor-heading-title elementor-size-default\">\u00d6\u011frenciler<\/h2>\t\t\t\t<\/div>\n\t\t\t\t<\/div>\n\t\t\t\t<div class=\"elementor-element elementor-element-2092e3b3 elementor-widget-divider--view-line elementor-widget elementor-widget-divider\" data-id=\"2092e3b3\" data-element_type=\"widget\" data-widget_type=\"divider.default\">\n\t\t\t\t<div class=\"elementor-widget-container\">\n\t\t\t\t\t\t\t<div class=\"elementor-divider\">\n\t\t\t<span class=\"elementor-divider-separator\">\n\t\t\t\t\t\t<\/span>\n\t\t<\/div>\n\t\t\t\t\t\t<\/div>\n\t\t\t\t<\/div>\n\t\t\t\t\t<\/div>\n\t\t<\/div>\n\t\t\t\t\t<\/div>\n\t\t<\/section>\n\t\t\t\t<section class=\"elementor-section elementor-top-section elementor-element elementor-element-e1e5404 elementor-section-boxed elementor-section-height-default elementor-section-height-default\" data-id=\"e1e5404\" data-element_type=\"section\">\n\t\t\t\t\t\t<div class=\"elementor-container elementor-column-gap-default\">\n\t\t\t\t\t<div class=\"elementor-column elementor-col-100 elementor-top-column elementor-element elementor-element-afbb91a\" data-id=\"afbb91a\" data-element_type=\"column\">\n\t\t\t<div class=\"elementor-widget-wrap elementor-element-populated\">\n\t\t\t\t\t\t<div class=\"elementor-element elementor-element-b66209f elementor-widget elementor-widget-text-editor\" data-id=\"b66209f\" data-element_type=\"widget\" data-widget_type=\"text-editor.default\">\n\t\t\t\t<div class=\"elementor-widget-container\">\n\t\t\t\t\t\t\t\t\t<p>M\u00fchendislik Fak\u00fcltesi \u00f6\u011frencileri i\u00e7in \u00e7e\u015fitli kaynaklar ve bilgiler sunulmaktad\u0131r. \u00d6\u011frencilerin akademik ve sosyal geli\u015fimlerini desteklemek amac\u0131yla haz\u0131rlanan bu b\u00f6l\u00fcmde, \u00f6\u011frencilere y\u00f6nelik hizmetler ve imkanlar hakk\u0131nda bilgi verilmektedir.<\/p>\n<p>\u00d6\u011frenciler, e\u011fitim hayatlar\u0131 boyunca kar\u015f\u0131la\u015fabilecekleri sorunlara \u00e7\u00f6z\u00fcm bulmak i\u00e7in fak\u00fclte b\u00fcnyesindeki dan\u0131\u015fmanl\u0131k hizmetlerinden yararlanabilirler. Ayr\u0131ca, \u00f6\u011frencilerin sosyal ve k\u00fclt\u00fcrel geli\u015fimlerini desteklemek amac\u0131yla \u00e7e\u015fitli kul\u00fcpler ve topluluklar faaliyet g\u00f6stermektedir.<\/p>\n<p>Fak\u00fclte, \u00f6\u011frencilerine staj ve proje \u00e7al\u0131\u015fmalar\u0131nda destek olmakta, ayr\u0131ca mezuniyet sonras\u0131 kariyer geli\u015fimleri i\u00e7in gerekli ara\u00e7lar\u0131 sa\u011flamaktad\u0131r. \u00d6\u011frencilerin akademik ba\u015far\u0131lar\u0131n\u0131 te\u015fvik etmek amac\u0131yla \u00e7e\u015fitli burs ve \u00f6d\u00fcl programlar\u0131 uygulanmaktad\u0131r.<\/p>\n<p>\u00d6\u011frenci konseyi, \u00f6\u011frencilerin g\u00f6r\u00fc\u015f ve \u00f6nerilerini fak\u00fclte y\u00f6netimine iletmektedir. Bu sayede, \u00f6\u011frencilerin e\u011fitim hayatlar\u0131 boyunca kar\u015f\u0131la\u015fabilecekleri sorunlara \u00e7\u00f6z\u00fcm bulunmas\u0131 hedeflenmektedir.<\/p>\n<p>M\u00fchendislik Fak\u00fcltesi, \u00f6\u011frencilerine sundu\u011fu olanaklar ve hizmetlerle onlara ba\u015far\u0131l\u0131 bir akademik ya\u015fam s\u00fcrmeleri i\u00e7in gereken ortam\u0131 sa\u011flamaktad\u0131r. \u00d6\u011frencilerin kendilerini geli\u015ftirmeleri, topluma katk\u0131da bulunmalar\u0131 ve gelece\u011fin liderleri olmalar\u0131 hedeflenmektedir.<\/p>\t\t\t\t\t\t\t\t<\/div>\n\t\t\t\t<\/div>\n\t\t\t\t\t<\/div>\n\t\t<\/div>\n\t\t\t\t\t<\/div>\n\t\t<\/section>\n\t\t\t\t<\/div>\n\t\t","protected":false},"excerpt":{"rendered":"<p>\u00d6\u011frenciler M\u00fchendislik Fak\u00fcltemiz, \u00f6\u011frencilerine \u00fcst\u00fcn nitelikli e\u011fitim olanaklar\u0131 sunarken ayn\u0131 zamanda onlar\u0131n ki\u015fisel ve mesleki geli\u015fimlerini desteklemek i\u00e7in \u00e7e\u015fitli faaliyetler d\u00fczenlemektedir. \u00d6\u011frencilerimiz, akademik ba\u015far\u0131lar\u0131n\u0131n yan\u0131 s\u0131ra sosyal sorumluluk projelerine kat\u0131l\u0131m, kul\u00fcp ve topluluklara \u00fcyelik gibi aktivitelerle kendilerini geli\u015ftirme f\u0131rsat\u0131 bulurlar. \u00d6\u011frenci Kul\u00fcpleri Fak\u00fcltemizde \u00e7e\u015fitli \u00f6\u011frenci kul\u00fcpleri faaliyet g\u00f6stermektedir. Bu kul\u00fcpler, \u00f6\u011frencilerin ilgi alanlar\u0131na g\u00f6re grupla\u015fmalar\u0131n\u0131 [&hellip;]<\/p>\n","protected":false},"author":1,"featured_media":0,"parent":0,"menu_order":0,"comment_status":"closed","ping_status":"closed","template":"elementor_header_footer","meta":{"footnotes":""},"class_list":["post-5898","page","type-page","status-publish","hentry"],"_links":{"self":[{"href":"https:\/\/atauni.edu.tr\/fakulte\/wp-json\/wp\/v2\/pages\/5898","targetHints":{"allow":["GET"]}}],"collection":[{"href":"https:\/\/atauni.edu.tr\/fakulte\/wp-json\/wp\/v2\/pages"}],"about":[{"href":"https:\/\/atauni.edu.tr\/fakulte\/wp-json\/wp\/v2\/types\/page"}],"author":[{"embeddable":true,"href":"https:\/\/atauni.edu.tr\/fakulte\/wp-json\/wp\/v2\/users\/1"}],"replies":[{"embeddable":true,"href":"https:\/\/atauni.edu.tr\/fakulte\/wp-json\/wp\/v2\/comments?post=5898"}],"version-history":[{"count":20,"href":"https:\/\/atauni.edu.tr\/fakulte\/wp-json\/wp\/v2\/pages\/5898\/revisions"}],"predecessor-version":[{"id":6547,"href":"https:\/\/atauni.edu.tr\/fakulte\/wp-json\/wp\/v2\/pages\/5898\/revisions\/6547"}],"wp:attachment":[{"href":"https:\/\/atauni.edu.tr\/fakulte\/wp-json\/wp\/v2\/media?parent=5898"}],"curies":[{"name":"wp","href":"https:\/\/api.w.org\/{rel}","templated":true}]}}