{"id":5682,"date":"2021-07-13T10:10:01","date_gmt":"2021-07-13T07:10:01","guid":{"rendered":"https:\/\/portaltest.atauni.edu.tr\/bilgisayar-muhendisligi\/?page_id=5682"},"modified":"2021-12-09T20:52:37","modified_gmt":"2021-12-09T17:52:37","slug":"misyon-vizyon-ve-temel-degerler","status":"publish","type":"page","link":"https:\/\/atauni.edu.tr\/fars-dili-ve-edebiyati\/misyon-vizyon-ve-temel-degerler\/","title":{"rendered":"Misyon, Vizyon ve Temel De\u011ferler"},"content":{"rendered":"\t\t<div data-elementor-type=\"wp-page\" data-elementor-id=\"5682\" class=\"elementor elementor-5682\" data-elementor-post-type=\"page\">\n\t\t\t\t\t\t<section class=\"elementor-section elementor-top-section elementor-element elementor-element-730d320 elementor-section-boxed elementor-section-height-default elementor-section-height-default\" data-id=\"730d320\" data-element_type=\"section\">\n\t\t\t\t\t\t<div class=\"elementor-container elementor-column-gap-default\">\n\t\t\t\t\t<div class=\"elementor-column elementor-col-100 elementor-top-column elementor-element elementor-element-753d0860\" data-id=\"753d0860\" data-element_type=\"column\">\n\t\t\t<div class=\"elementor-widget-wrap\">\n\t\t\t\t\t\t\t<\/div>\n\t\t<\/div>\n\t\t\t\t\t<\/div>\n\t\t<\/section>\n\t\t\t\t<section class=\"elementor-section elementor-top-section elementor-element elementor-element-9be811a elementor-section-boxed elementor-section-height-default elementor-section-height-default\" data-id=\"9be811a\" data-element_type=\"section\">\n\t\t\t\t\t\t<div class=\"elementor-container elementor-column-gap-default\">\n\t\t\t\t\t<div class=\"elementor-column elementor-col-100 elementor-top-column elementor-element elementor-element-1ed847b7\" data-id=\"1ed847b7\" data-element_type=\"column\">\n\t\t\t<div class=\"elementor-widget-wrap elementor-element-populated\">\n\t\t\t\t\t\t<div class=\"elementor-element elementor-element-4ce0d07f elementor-widget elementor-widget-heading\" data-id=\"4ce0d07f\" data-element_type=\"widget\" data-widget_type=\"heading.default\">\n\t\t\t\t<div class=\"elementor-widget-container\">\n\t\t\t\t\t<h2 class=\"elementor-heading-title elementor-size-default\">Misyon, Vizyon ve Temel De\u011ferler<\/h2>\t\t\t\t<\/div>\n\t\t\t\t<\/div>\n\t\t\t\t<div class=\"elementor-element elementor-element-63260862 elementor-widget-divider--view-line elementor-widget elementor-widget-divider\" data-id=\"63260862\" data-element_type=\"widget\" data-widget_type=\"divider.default\">\n\t\t\t\t<div class=\"elementor-widget-container\">\n\t\t\t\t\t\t\t<div class=\"elementor-divider\">\n\t\t\t<span class=\"elementor-divider-separator\">\n\t\t\t\t\t\t<\/span>\n\t\t<\/div>\n\t\t\t\t\t\t<\/div>\n\t\t\t\t<\/div>\n\t\t\t\t\t<\/div>\n\t\t<\/div>\n\t\t\t\t\t<\/div>\n\t\t<\/section>\n\t\t\t\t<section class=\"elementor-section elementor-top-section elementor-element elementor-element-681db8b elementor-section-boxed elementor-section-height-default elementor-section-height-default\" data-id=\"681db8b\" data-element_type=\"section\">\n\t\t\t\t\t\t<div class=\"elementor-container elementor-column-gap-default\">\n\t\t\t\t\t<div class=\"elementor-column elementor-col-100 elementor-top-column elementor-element elementor-element-ad4dac5\" data-id=\"ad4dac5\" data-element_type=\"column\">\n\t\t\t<div class=\"elementor-widget-wrap elementor-element-populated\">\n\t\t\t\t\t\t<div class=\"elementor-element elementor-element-2f96b3d elementor-widget elementor-widget-text-editor\" data-id=\"2f96b3d\" data-element_type=\"widget\" data-widget_type=\"text-editor.default\">\n\t\t\t\t<div class=\"elementor-widget-container\">\n\t\t\t\t\t\t\t\t\t<p style=\"margin-bottom: 10px\">&nbsp;B\u00f6l\u00fcm\u00fcm\u00fcz \u00f6ncelikle bilimsel anlay\u0131\u015fl\u0131, \u00e7a\u011fda\u015f, demokrat, \u00fcretken, \u00fclke ve d\u00fcnya sorunlar\u0131na duyarl\u0131 olup \u00e7\u00f6z\u00fcm \u00fcreten, de\u011fi\u015fen ko\u015fullara ayak uydurabilen, gelece\u011fe y\u00f6nelik hedefleri olan, k\u00fclt\u00fcre ve sanata duyarl\u0131, teori ile uygulamay\u0131 birle\u015ftiren, \u00f6zg\u00fcveni ve ho\u015fg\u00f6r\u00fcs\u00fc olan, ekip \u00e7al\u0131\u015fmas\u0131, liderlik ve ileti\u015fim becerilerine sahip, ileti\u015fim ve e\u011fitim teknolojilerini kullanabilen, ya\u015fam boyu \u00f6\u011frenmeyi ve kendini yenilemeyi ilke edinmi\u015f, insan merkezli ve \u00f6zg\u00fcr d\u00fc\u015f\u00fcnen ara\u015ft\u0131rmac\u0131lar yeti\u015ftirmeyi ama\u00e7 edinmi\u015ftir. \u00d6te yandan, \u00f6\u011frencileri Arap Dili ve Edebiyat\u0131 ile Fars Dili ve Edebiyat\u0131 merkezli herhangi bir alanda verimli, etkili ve yararl\u0131 bir bi\u00e7imde g\u00f6rev alabilecek bilgi beceri ve yetenekle donatarak, onlara k\u00fclt\u00fcrel anlamda topluma verebilecek gerekli birikimi sunmakt\u0131r.<\/p><p style=\"margin-bottom: 10px\">Di\u011fer taraftan \u00dcniversitelerimiz ve Milli E\u011fitim Bakanl\u0131\u011f\u0131na ba\u011fl\u0131 kurumlar ba\u015fta olmak \u00fczere yurt i\u00e7i ve yurt d\u0131\u015f\u0131ndaki di\u011fer e\u011fitim ve k\u00fclt\u00fcr kurumlar\u0131yla i\u015fbirli\u011fi yaparak hem \u00f6\u011frencilerimizin geli\u015fmesine katk\u0131 sa\u011flamak hem de onlar\u0131n bilgi ve deneyimlerinden yararlan\u0131p beklentilerini g\u00f6z \u00f6n\u00fcnde tutarak nitelikli \u00f6\u011fretim eleman\u0131 yeti\u015ftirip, yayg\u0131n e\u011fitim etkinlilerine destek vermektir.<\/p><p style=\"margin-bottom: 10px\">&nbsp; &nbsp; Globalle\u015fen, teknolojik ve bilimsel geli\u015fmelerin son derece h\u0131zla ya\u015fand\u0131\u011f\u0131 d\u00fcnyada \u00e7e\u015fitli a\u00e7\u0131lardan \u00fclkemiz, devletimiz ve ilgili bilim \u00e7evrelerinin ihtiya\u00e7 duydu\u011fu siyas\u00ee, k\u00fclt\u00fcrel ve edeb\u00ee a\u00e7\u0131lardan gere\u011fi yads\u0131namaz olan Arap\u00e7a ve Fars\u00e7a gibi iki \u00f6nemli dili ve bu dillerin edebiyatlar\u0131n\u0131 \u00f6\u011frencilerimize m\u00fcmk\u00fcn olan en iyi \u015fekilde \u00f6\u011fretmek, hayatlar\u0131n\u0131n okuldan sonraki \u00e7e\u015fitli kademelerinde s\u00f6z konusu dilleri hatas\u0131z, eksiksiz ve uygun bi\u00e7imde kullanmalar\u0131n\u0131 sa\u011flamakt\u0131r. Dil ve k\u00fclt\u00fcr\u00fcn ayr\u0131lmaz bir ikili oldu\u011fu d\u00fc\u015f\u00fcn\u00fcld\u00fc\u011f\u00fcnde Arap\u00e7a ve Fars\u00e7a\u2019n\u0131n siyasal, k\u00fclt\u00fcrel ve edeb\u00ee alanlarda bilgi ve fikir aktar\u0131m\u0131nda bulunmak, b\u00fct\u00fcnc\u00fcl bir e\u011fitim verebilmek ve \u00fclkemizdeki bu alanlardaki ihtiyac\u0131 ile alan\u0131nda yeterli ve yetkili, ihtisas sahibi birey eksikli\u011fi g\u00f6z \u00f6n\u00fcne al\u0131nd\u0131\u011f\u0131nda, bu ihtiyac\u0131 ve eksikli\u011fi giderecek \u00f6l\u00e7\u00fcde \u00f6\u011frencilerimizi y\u00f6nlendirip bilgilendirebilmektir.<br><\/p><p style=\"margin-bottom: 10px\">&nbsp; &nbsp; &nbsp;Hedefimiz, \u00f6ncelikle \u00fclkemizdeki ba\u015fta ar\u015fivler, k\u00fct\u00fcphaneler, \u00fcniversiteler, ara\u015ft\u0131rma merkezleri olmak \u00fczere Arap\u00e7a ve Fars\u00e7a bilen eleman ve ara\u015ft\u0131rmac\u0131 a\u00e7\u0131\u011f\u0131n\u0131n kapat\u0131lmas\u0131na katk\u0131da bulunmak ve \u00f6\u011frencilerimize gerekli bilgi ve beceriyi kazand\u0131rmak konusunda en iyisini yapmak, onlara ara\u015ft\u0131rmac\u0131 bir kimlik kazand\u0131rabilmek ve lisans sonras\u0131 \u00e7e\u015fitli \u00fcniversitelerimizde y\u00fcksek lisans \u00e7al\u0131\u015fmalar\u0131 yapabilecek ve ara\u015ft\u0131rma g\u00f6revlileri, okutmanlar, \u00f6\u011fretim g\u00f6revlileri gibi \u00e7e\u015fitli kadrolarda g\u00f6rev alabilecek yetkinli\u011fi sa\u011flamakt\u0131r.<\/p><p style=\"margin-bottom: 10px\"><br style=\", sans-serif;font-size: 14px;text-align: start\"><\/p>\t\t\t\t\t\t\t\t<\/div>\n\t\t\t\t<\/div>\n\t\t\t\t\t<\/div>\n\t\t<\/div>\n\t\t\t\t\t<\/div>\n\t\t<\/section>\n\t\t\t\t<\/div>\n\t\t","protected":false},"excerpt":{"rendered":"<p>Misyon, Vizyon ve Temel De\u011ferler &nbsp;B\u00f6l\u00fcm\u00fcm\u00fcz \u00f6ncelikle bilimsel anlay\u0131\u015fl\u0131, \u00e7a\u011fda\u015f, demokrat, \u00fcretken, \u00fclke ve d\u00fcnya sorunlar\u0131na duyarl\u0131 olup \u00e7\u00f6z\u00fcm \u00fcreten, de\u011fi\u015fen ko\u015fullara ayak uydurabilen, gelece\u011fe y\u00f6nelik hedefleri olan, k\u00fclt\u00fcre ve sanata duyarl\u0131, teori ile uygulamay\u0131 birle\u015ftiren, \u00f6zg\u00fcveni ve ho\u015fg\u00f6r\u00fcs\u00fc olan, ekip \u00e7al\u0131\u015fmas\u0131, liderlik ve ileti\u015fim becerilerine sahip, ileti\u015fim ve e\u011fitim teknolojilerini kullanabilen, ya\u015fam boyu \u00f6\u011frenmeyi [&hellip;]<\/p>\n","protected":false},"author":1,"featured_media":0,"parent":0,"menu_order":0,"comment_status":"closed","ping_status":"closed","template":"elementor_header_footer","meta":{"footnotes":""},"class_list":["post-5682","page","type-page","status-publish","hentry"],"_links":{"self":[{"href":"https:\/\/atauni.edu.tr\/fars-dili-ve-edebiyati\/wp-json\/wp\/v2\/pages\/5682","targetHints":{"allow":["GET"]}}],"collection":[{"href":"https:\/\/atauni.edu.tr\/fars-dili-ve-edebiyati\/wp-json\/wp\/v2\/pages"}],"about":[{"href":"https:\/\/atauni.edu.tr\/fars-dili-ve-edebiyati\/wp-json\/wp\/v2\/types\/page"}],"author":[{"embeddable":true,"href":"https:\/\/atauni.edu.tr\/fars-dili-ve-edebiyati\/wp-json\/wp\/v2\/users\/1"}],"replies":[{"embeddable":true,"href":"https:\/\/atauni.edu.tr\/fars-dili-ve-edebiyati\/wp-json\/wp\/v2\/comments?post=5682"}],"version-history":[{"count":11,"href":"https:\/\/atauni.edu.tr\/fars-dili-ve-edebiyati\/wp-json\/wp\/v2\/pages\/5682\/revisions"}],"predecessor-version":[{"id":6214,"href":"https:\/\/atauni.edu.tr\/fars-dili-ve-edebiyati\/wp-json\/wp\/v2\/pages\/5682\/revisions\/6214"}],"wp:attachment":[{"href":"https:\/\/atauni.edu.tr\/fars-dili-ve-edebiyati\/wp-json\/wp\/v2\/media?parent=5682"}],"curies":[{"name":"wp","href":"https:\/\/api.w.org\/{rel}","templated":true}]}}