{"id":5791,"date":"2021-07-13T13:07:15","date_gmt":"2021-07-13T10:07:15","guid":{"rendered":"https:\/\/portaltest.atauni.edu.tr\/bilgisayar-muhendisligi\/?page_id=5791"},"modified":"2021-08-27T15:49:32","modified_gmt":"2021-08-27T12:49:32","slug":"staj","status":"publish","type":"page","link":"https:\/\/atauni.edu.tr\/fars-dili-ve-edebiyati\/staj\/","title":{"rendered":"Staj"},"content":{"rendered":"\t\t<div data-elementor-type=\"wp-page\" data-elementor-id=\"5791\" class=\"elementor elementor-5791\" data-elementor-post-type=\"page\">\n\t\t\t\t\t\t<section class=\"elementor-section elementor-top-section elementor-element elementor-element-730d320 elementor-section-boxed elementor-section-height-default elementor-section-height-default\" data-id=\"730d320\" data-element_type=\"section\">\n\t\t\t\t\t\t<div class=\"elementor-container elementor-column-gap-default\">\n\t\t\t\t\t<div class=\"elementor-column elementor-col-100 elementor-top-column elementor-element elementor-element-753d0860\" data-id=\"753d0860\" data-element_type=\"column\">\n\t\t\t<div class=\"elementor-widget-wrap\">\n\t\t\t\t\t\t\t<\/div>\n\t\t<\/div>\n\t\t\t\t\t<\/div>\n\t\t<\/section>\n\t\t\t\t<section class=\"elementor-section elementor-top-section elementor-element elementor-element-9be811a elementor-section-boxed elementor-section-height-default elementor-section-height-default\" data-id=\"9be811a\" data-element_type=\"section\">\n\t\t\t\t\t\t<div class=\"elementor-container elementor-column-gap-default\">\n\t\t\t\t\t<div class=\"elementor-column elementor-col-100 elementor-top-column elementor-element elementor-element-1ed847b7\" data-id=\"1ed847b7\" data-element_type=\"column\">\n\t\t\t<div class=\"elementor-widget-wrap elementor-element-populated\">\n\t\t\t\t\t\t<div class=\"elementor-element elementor-element-4ce0d07f elementor-widget elementor-widget-heading\" data-id=\"4ce0d07f\" data-element_type=\"widget\" data-widget_type=\"heading.default\">\n\t\t\t\t<div class=\"elementor-widget-container\">\n\t\t\t\t\t<h2 class=\"elementor-heading-title elementor-size-default\">Staj<\/h2>\t\t\t\t<\/div>\n\t\t\t\t<\/div>\n\t\t\t\t<div class=\"elementor-element elementor-element-63260862 elementor-widget-divider--view-line elementor-widget elementor-widget-divider\" data-id=\"63260862\" data-element_type=\"widget\" data-widget_type=\"divider.default\">\n\t\t\t\t<div class=\"elementor-widget-container\">\n\t\t\t\t\t\t\t<div class=\"elementor-divider\">\n\t\t\t<span class=\"elementor-divider-separator\">\n\t\t\t\t\t\t<\/span>\n\t\t<\/div>\n\t\t\t\t\t\t<\/div>\n\t\t\t\t<\/div>\n\t\t\t\t\t<\/div>\n\t\t<\/div>\n\t\t\t\t\t<\/div>\n\t\t<\/section>\n\t\t\t\t<section class=\"elementor-section elementor-top-section elementor-element elementor-element-10e8347 elementor-section-boxed elementor-section-height-default elementor-section-height-default\" data-id=\"10e8347\" data-element_type=\"section\">\n\t\t\t\t\t\t<div class=\"elementor-container elementor-column-gap-default\">\n\t\t\t\t\t<div class=\"elementor-column elementor-col-100 elementor-top-column elementor-element elementor-element-795ab05\" data-id=\"795ab05\" data-element_type=\"column\">\n\t\t\t<div class=\"elementor-widget-wrap elementor-element-populated\">\n\t\t\t\t\t\t<div class=\"elementor-element elementor-element-4524745 elementor-widget elementor-widget-text-editor\" data-id=\"4524745\" data-element_type=\"widget\" data-widget_type=\"text-editor.default\">\n\t\t\t\t<div class=\"elementor-widget-container\">\n\t\t\t\t\t\t\t\t\t<p>Fars Dili ve Edebiyat\u0131 b\u00f6l\u00fcm\u00fc \u00f6\u011frencileri, \u00f6\u011frenim s\u00fcrecinde edindikleri teorik bilgileri pratik anlamda peki\u015ftirmeleri i\u00e7in \u00e7e\u015fitli staj olanaklar\u0131na sahip olabilirler.<\/p>\n<p>Staj programlar\u0131, \u00f6\u011frencilerin Fars dili ve edebiyat\u0131 alan\u0131ndaki uygulamal\u0131 deneyimlerini art\u0131rmaya yard\u0131mc\u0131 olur. \u00d6\u011frenciler, bu sayede dilin kullan\u0131m\u0131n\u0131, edebi metinlerin analizi ve yorumlanmas\u0131n\u0131 daha iyi kavrayabilirler.<\/p>\n<p>Bu t\u00fcr stajlar genellikle k\u00fclt\u00fcr merkezleri, bas\u0131n yay\u0131n kurulu\u015flar\u0131, e\u011fitim kurumlar\u0131 gibi \u00e7e\u015fitli alanlarda yap\u0131labilir. \u00d6\u011frencilerin bu deneyimler sayesinde hem mesleki becerileri geli\u015fir hem de gelecekteki kariyerlerine y\u00f6nelik bir temel olu\u015fturulur.<\/p>\n<p>Stajlar\u0131n i\u00e7eri\u011fi ve s\u00fcresi b\u00f6l\u00fcm\u00fcn m\u00fcfredat\u0131na g\u00f6re belirlenir. \u00d6\u011frenciler, stajlar\u0131 boyunca edindikleri deneyim ve bilgilerini de\u011ferlendirerek, future professionnel hayata daha iyi haz\u0131rlanm\u0131\u015f olurlar.<\/p>\t\t\t\t\t\t\t\t<\/div>\n\t\t\t\t<\/div>\n\t\t\t\t\t<\/div>\n\t\t<\/div>\n\t\t\t\t\t<\/div>\n\t\t<\/section>\n\t\t\t\t<\/div>\n\t\t","protected":false},"excerpt":{"rendered":"<p>Fars Dili ve Edebiyat\u0131 \u00f6\u011frencileri i\u00e7in staj programlar\u0131, teorik e\u011fitimlerini pratik deneyimlerle zenginle\u015ftirmelerine olanak tan\u0131yan de\u011ferli f\u0131rsatlar sunar. Bu programlar sayesinde \u00f6\u011frenciler, Fars dili ve k\u00fclt\u00fcr\u00fc konusundaki bilgilerini ger\u00e7ek hayattaki uygulamalarla peki\u015ftirerek, gelecekteki kariyerlerinde ba\u015far\u0131l\u0131 olmalar\u0131na katk\u0131da bulunurlar. Staj programs\u0131nda yer alan \u00f6\u011frencilerin ba\u015fl\u0131ca faydalar\u0131 \u015funlard\u0131r: &#8211; Pratik deneyim kazanma: \u00d6\u011frenciler, Fars dili ve edebiyat\u0131na [&hellip;]<\/p>\n","protected":false},"author":1,"featured_media":0,"parent":0,"menu_order":0,"comment_status":"closed","ping_status":"closed","template":"elementor_header_footer","meta":{"footnotes":""},"class_list":["post-5791","page","type-page","status-publish","hentry"],"_links":{"self":[{"href":"https:\/\/atauni.edu.tr\/fars-dili-ve-edebiyati\/wp-json\/wp\/v2\/pages\/5791","targetHints":{"allow":["GET"]}}],"collection":[{"href":"https:\/\/atauni.edu.tr\/fars-dili-ve-edebiyati\/wp-json\/wp\/v2\/pages"}],"about":[{"href":"https:\/\/atauni.edu.tr\/fars-dili-ve-edebiyati\/wp-json\/wp\/v2\/types\/page"}],"author":[{"embeddable":true,"href":"https:\/\/atauni.edu.tr\/fars-dili-ve-edebiyati\/wp-json\/wp\/v2\/users\/1"}],"replies":[{"embeddable":true,"href":"https:\/\/atauni.edu.tr\/fars-dili-ve-edebiyati\/wp-json\/wp\/v2\/comments?post=5791"}],"version-history":[{"count":8,"href":"https:\/\/atauni.edu.tr\/fars-dili-ve-edebiyati\/wp-json\/wp\/v2\/pages\/5791\/revisions"}],"predecessor-version":[{"id":6094,"href":"https:\/\/atauni.edu.tr\/fars-dili-ve-edebiyati\/wp-json\/wp\/v2\/pages\/5791\/revisions\/6094"}],"wp:attachment":[{"href":"https:\/\/atauni.edu.tr\/fars-dili-ve-edebiyati\/wp-json\/wp\/v2\/media?parent=5791"}],"curies":[{"name":"wp","href":"https:\/\/api.w.org\/{rel}","templated":true}]}}