{"id":5800,"date":"2021-07-13T13:12:45","date_gmt":"2021-07-13T10:12:45","guid":{"rendered":"https:\/\/portaltest.atauni.edu.tr\/bilgisayar-muhendisligi\/?page_id=5800"},"modified":"2021-08-27T15:49:23","modified_gmt":"2021-08-27T12:49:23","slug":"bitirme-projeleri","status":"publish","type":"page","link":"https:\/\/atauni.edu.tr\/fars-dili-ve-edebiyati\/bitirme-projeleri\/","title":{"rendered":"Bitirme Projeleri"},"content":{"rendered":"\t\t<div data-elementor-type=\"wp-page\" data-elementor-id=\"5800\" class=\"elementor elementor-5800\" data-elementor-post-type=\"page\">\n\t\t\t\t\t\t<section class=\"elementor-section elementor-top-section elementor-element elementor-element-730d320 elementor-section-boxed elementor-section-height-default elementor-section-height-default\" data-id=\"730d320\" data-element_type=\"section\">\n\t\t\t\t\t\t<div class=\"elementor-container elementor-column-gap-default\">\n\t\t\t\t\t<div class=\"elementor-column elementor-col-100 elementor-top-column elementor-element elementor-element-753d0860\" data-id=\"753d0860\" data-element_type=\"column\">\n\t\t\t<div class=\"elementor-widget-wrap\">\n\t\t\t\t\t\t\t<\/div>\n\t\t<\/div>\n\t\t\t\t\t<\/div>\n\t\t<\/section>\n\t\t\t\t<section class=\"elementor-section elementor-top-section elementor-element elementor-element-9be811a elementor-section-boxed elementor-section-height-default elementor-section-height-default\" data-id=\"9be811a\" data-element_type=\"section\">\n\t\t\t\t\t\t<div class=\"elementor-container elementor-column-gap-default\">\n\t\t\t\t\t<div class=\"elementor-column elementor-col-100 elementor-top-column elementor-element elementor-element-1ed847b7\" data-id=\"1ed847b7\" data-element_type=\"column\">\n\t\t\t<div class=\"elementor-widget-wrap elementor-element-populated\">\n\t\t\t\t\t\t<div class=\"elementor-element elementor-element-4ce0d07f elementor-widget elementor-widget-heading\" data-id=\"4ce0d07f\" data-element_type=\"widget\" data-widget_type=\"heading.default\">\n\t\t\t\t<div class=\"elementor-widget-container\">\n\t\t\t\t\t<h2 class=\"elementor-heading-title elementor-size-default\">Bitirme Projeleri<\/h2>\t\t\t\t<\/div>\n\t\t\t\t<\/div>\n\t\t\t\t<div class=\"elementor-element elementor-element-63260862 elementor-widget-divider--view-line elementor-widget elementor-widget-divider\" data-id=\"63260862\" data-element_type=\"widget\" data-widget_type=\"divider.default\">\n\t\t\t\t<div class=\"elementor-widget-container\">\n\t\t\t\t\t\t\t<div class=\"elementor-divider\">\n\t\t\t<span class=\"elementor-divider-separator\">\n\t\t\t\t\t\t<\/span>\n\t\t<\/div>\n\t\t\t\t\t\t<\/div>\n\t\t\t\t<\/div>\n\t\t\t\t\t<\/div>\n\t\t<\/div>\n\t\t\t\t\t<\/div>\n\t\t<\/section>\n\t\t\t\t<section class=\"elementor-section elementor-top-section elementor-element elementor-element-6c18d0b elementor-section-boxed elementor-section-height-default elementor-section-height-default\" data-id=\"6c18d0b\" data-element_type=\"section\">\n\t\t\t\t\t\t<div class=\"elementor-container elementor-column-gap-default\">\n\t\t\t\t\t<div class=\"elementor-column elementor-col-100 elementor-top-column elementor-element elementor-element-5a88ff5\" data-id=\"5a88ff5\" data-element_type=\"column\">\n\t\t\t<div class=\"elementor-widget-wrap elementor-element-populated\">\n\t\t\t\t\t\t<div class=\"elementor-element elementor-element-69d7a2b elementor-widget elementor-widget-accordion\" data-id=\"69d7a2b\" data-element_type=\"widget\" data-widget_type=\"accordion.default\">\n\t\t\t\t<div class=\"elementor-widget-container\">\n\t\t\t\t\t\t\t<div class=\"elementor-accordion\">\n\t\t\t\t\t\t\t<div class=\"elementor-accordion-item\">\n\t\t\t\t\t<div id=\"elementor-tab-title-1101\" class=\"elementor-tab-title\" data-tab=\"1\" role=\"button\" aria-controls=\"elementor-tab-content-1101\" aria-expanded=\"false\">\n\t\t\t\t\t\t\t\t\t\t\t\t\t<span class=\"elementor-accordion-icon elementor-accordion-icon-left\" aria-hidden=\"true\">\n\t\t\t\t\t\t\t\t\t\t\t\t\t\t\t<span class=\"elementor-accordion-icon-closed\"><i class=\"fas fa-plus\"><\/i><\/span>\n\t\t\t\t\t\t\t\t<span class=\"elementor-accordion-icon-opened\"><i class=\"fas fa-minus\"><\/i><\/span>\n\t\t\t\t\t\t\t\t\t\t\t\t\t\t<\/span>\n\t\t\t\t\t\t\t\t\t\t\t\t<a class=\"elementor-accordion-title\" tabindex=\"0\"><p>Atat\u00fcrk \u00dcniversitesi Fars Dili ve Edebiyat\u0131 b\u00f6l\u00fcm\u00fc \u00f6\u011frencileri, e\u011fitimleri boyunca \u00e7e\u015fitli bitirme projeleri haz\u0131rlamaktad\u0131r. Bu projeler, \u00f6\u011frencilerin dilbilgisi, edebiyat ve k\u00fclt\u00fcr konular\u0131nda derinlemesine bilgi edinmelerini sa\u011flamaktad\u0131r.<\/p>\n<p>Bitirme projelerinin konusu genellikle Fars dili ve edebiyat\u0131 ile ilgili konulard\u0131r. \u00d6\u011frenciler, se\u00e7tikleri konuda derinlemesine bir ara\u015ft\u0131rma yaparlar ve elde ettikleri sonu\u00e7lar\u0131 bir rapor olarak sunarlar. Bu projeler, \u00f6\u011frencilerin ara\u015ft\u0131rma ve analiz becerilerini geli\u015ftirmelerine yard\u0131mc\u0131 olur.<\/p>\n<p>\u00d6\u011frenciler, bitirme projeleri i\u00e7in genellikle a\u015fa\u011f\u0131daki konulardan birini se\u00e7mektedirler:<\/p>\n<ul>\n<li>Fars edebiyat\u0131n\u0131nhistorik geli\u015fimi<\/li>\n<li>Fars dilinin gramer ve sintaksisi<\/li>\n<li>Fars k\u00fclt\u00fcr\u00fc ve tarihi<\/li>\n<li>Fars \u015fairleri ve yazarlar\u0131<\/li>\n<\/ul>\n<p>Bitirme projeleri, \u00f6\u011frencilerin e\u011fitim hedeflerine ula\u015fmalar\u0131nda \u00f6nemli bir ad\u0131md\u0131r. \u00d6\u011frenciler, bu projeler sayesinde Fars dili ve edebiyat\u0131na ili\u015fkin derinlemesine bilgi edinirler ve gelecekteki akademik veya profesyonel hayatlar\u0131nda ba\u015far\u0131l\u0131 olmak i\u00e7in gerekli becerileri kazan\u0131rlar.<\/p><\/a>\n\t\t\t\t\t<\/div>\n\t\t\t\t\t<div id=\"elementor-tab-content-1101\" class=\"elementor-tab-content elementor-clearfix\" data-tab=\"1\" role=\"region\" aria-labelledby=\"elementor-tab-title-1101\"><p>Atat\u00fcrk \u00dcniversitesi Fars Dili ve Edebiyat\u0131 b\u00f6l\u00fcm\u00fc \u00f6\u011frencileri, e\u011fitimleri boyunca \u00e7e\u015fitli bitirme projeleri haz\u0131rlamaktad\u0131r. Bu projeler, \u00f6\u011frencilerin dilbilgisi, edebiyat ve k\u00fclt\u00fcr konular\u0131nda derinlemesine bilgi edinmelerini sa\u011flamaktad\u0131r.<\/p>\n<p>Bitirme projelerinin konusu genellikle Fars dili ve edebiyat\u0131 ile ilgili konulard\u0131r. \u00d6\u011frenciler, se\u00e7tikleri konuda derinlemesine bir ara\u015ft\u0131rma yaparlar ve elde ettikleri sonu\u00e7lar\u0131 bir rapor olarak sunarlar. Bu projeler, \u00f6\u011frencilerin ara\u015ft\u0131rma ve analiz becerilerini geli\u015ftirmelerine yard\u0131mc\u0131 olur.<\/p>\n<p>\u00d6\u011frenciler, bitirme projeleri i\u00e7in genellikle a\u015fa\u011f\u0131daki konulardan birini se\u00e7mektedirler:<\/p>\n<ul>\n<li>Fars edebiyat\u0131n\u0131nhistorik geli\u015fimi<\/li>\n<li>Fars dilinin gramer ve sintaksisi<\/li>\n<li>Fars k\u00fclt\u00fcr\u00fc ve tarihi<\/li>\n<li>Fars \u015fairleri ve yazarlar\u0131<\/li>\n<\/ul>\n<p>Bitirme projeleri, \u00f6\u011frencilerin e\u011fitim hedeflerine ula\u015fmalar\u0131nda \u00f6nemli bir ad\u0131md\u0131r. \u00d6\u011frenciler, bu projeler sayesinde Fars dili ve edebiyat\u0131na ili\u015fkin derinlemesine bilgi edinirler ve gelecekteki akademik veya profesyonel hayatlar\u0131nda ba\u015far\u0131l\u0131 olmak i\u00e7in gerekli becerileri kazan\u0131rlar.<\/p><\/div>\n\t\t\t\t<\/div>\n\t\t\t\t\t\t\t<div class=\"elementor-accordion-item\">\n\t\t\t\t\t<div id=\"elementor-tab-title-1102\" class=\"elementor-tab-title\" data-tab=\"2\" role=\"button\" aria-controls=\"elementor-tab-content-1102\" aria-expanded=\"false\">\n\t\t\t\t\t\t\t\t\t\t\t\t\t<span class=\"elementor-accordion-icon elementor-accordion-icon-left\" aria-hidden=\"true\">\n\t\t\t\t\t\t\t\t\t\t\t\t\t\t\t<span class=\"elementor-accordion-icon-closed\"><i class=\"fas fa-plus\"><\/i><\/span>\n\t\t\t\t\t\t\t\t<span class=\"elementor-accordion-icon-opened\"><i class=\"fas fa-minus\"><\/i><\/span>\n\t\t\t\t\t\t\t\t\t\t\t\t\t\t<\/span>\n\t\t\t\t\t\t\t\t\t\t\t\t<a class=\"elementor-accordion-title\" tabindex=\"0\"><p>Atat\u00fcrk \u00dcniversitesi Fars Dili ve Edebiyat\u0131 b\u00f6l\u00fcm\u00fc \u00f6\u011frencileri, e\u011fitimleri boyunca \u00e7e\u015fitli bitirme projeleri haz\u0131rlamaktad\u0131r. Bu projeler, \u00f6\u011frencilerin dilbilgisi, edebiyat ve k\u00fclt\u00fcr konular\u0131nda derinlemesine bilgi edinmelerini sa\u011flamaktad\u0131r.<\/p>\n<p>Bitirme projelerinin konusu genellikle Fars dili ve edebiyat\u0131 ile ilgili konulard\u0131r. \u00d6\u011frenciler, se\u00e7tikleri konuda derinlemesine bir ara\u015ft\u0131rma yaparlar ve elde ettikleri sonu\u00e7lar\u0131 bir rapor olarak sunarlar. Bu projeler, \u00f6\u011frencilerin ara\u015ft\u0131rma ve analiz becerilerini geli\u015ftirmelerine yard\u0131mc\u0131 olur.<\/p>\n<p>\u00d6\u011frenciler, bitirme projeleri i\u00e7in genellikle a\u015fa\u011f\u0131daki konulardan birini se\u00e7mektedirler:<\/p>\n<ul>\n<li>Fars edebiyat\u0131n\u0131nhistorik geli\u015fimi<\/li>\n<li>Fars dilinin gramer ve sintaksisi<\/li>\n<li>Fars k\u00fclt\u00fcr\u00fc ve tarihi<\/li>\n<li>Fars \u015fairleri ve yazarlar\u0131<\/li>\n<\/ul>\n<p>Bitirme projeleri, \u00f6\u011frencilerin e\u011fitim hedeflerine ula\u015fmalar\u0131nda \u00f6nemli bir ad\u0131md\u0131r. \u00d6\u011frenciler, bu projeler sayesinde Fars dili ve edebiyat\u0131na ili\u015fkin derinlemesine bilgi edinirler ve gelecekteki akademik veya profesyonel hayatlar\u0131nda ba\u015far\u0131l\u0131 olmak i\u00e7in gerekli becerileri kazan\u0131rlar.<\/p><\/a>\n\t\t\t\t\t<\/div>\n\t\t\t\t\t<div id=\"elementor-tab-content-1102\" class=\"elementor-tab-content elementor-clearfix\" data-tab=\"2\" role=\"region\" aria-labelledby=\"elementor-tab-title-1102\"><p>Atat\u00fcrk \u00dcniversitesi Fars Dili ve Edebiyat\u0131 b\u00f6l\u00fcm\u00fc \u00f6\u011frencileri, e\u011fitimleri boyunca \u00e7e\u015fitli bitirme projeleri haz\u0131rlamaktad\u0131r. Bu projeler, \u00f6\u011frencilerin dilbilgisi, edebiyat ve k\u00fclt\u00fcr konular\u0131nda derinlemesine bilgi edinmelerini sa\u011flamaktad\u0131r.<\/p>\n<p>Bitirme projelerinin konusu genellikle Fars dili ve edebiyat\u0131 ile ilgili konulard\u0131r. \u00d6\u011frenciler, se\u00e7tikleri konuda derinlemesine bir ara\u015ft\u0131rma yaparlar ve elde ettikleri sonu\u00e7lar\u0131 bir rapor olarak sunarlar. Bu projeler, \u00f6\u011frencilerin ara\u015ft\u0131rma ve analiz becerilerini geli\u015ftirmelerine yard\u0131mc\u0131 olur.<\/p>\n<p>\u00d6\u011frenciler, bitirme projeleri i\u00e7in genellikle a\u015fa\u011f\u0131daki konulardan birini se\u00e7mektedirler:<\/p>\n<ul>\n<li>Fars edebiyat\u0131n\u0131nhistorik geli\u015fimi<\/li>\n<li>Fars dilinin gramer ve sintaksisi<\/li>\n<li>Fars k\u00fclt\u00fcr\u00fc ve tarihi<\/li>\n<li>Fars \u015fairleri ve yazarlar\u0131<\/li>\n<\/ul>\n<p>Bitirme projeleri, \u00f6\u011frencilerin e\u011fitim hedeflerine ula\u015fmalar\u0131nda \u00f6nemli bir ad\u0131md\u0131r. \u00d6\u011frenciler, bu projeler sayesinde Fars dili ve edebiyat\u0131na ili\u015fkin derinlemesine bilgi edinirler ve gelecekteki akademik veya profesyonel hayatlar\u0131nda ba\u015far\u0131l\u0131 olmak i\u00e7in gerekli becerileri kazan\u0131rlar.<\/p><\/div>\n\t\t\t\t<\/div>\n\t\t\t\t\t\t\t\t<\/div>\n\t\t\t\t\t\t<\/div>\n\t\t\t\t<\/div>\n\t\t\t\t\t<\/div>\n\t\t<\/div>\n\t\t\t\t\t<\/div>\n\t\t<\/section>\n\t\t\t\t<\/div>\n\t\t","protected":false},"excerpt":{"rendered":"<p>Fars Dili ve Edebiyat\u0131 \u00f6\u011frencileri, e\u011fitimlerinin son a\u015famas\u0131nda bitirme projelerini tamamlamaya odaklan\u0131rlar. Bu projeler, \u00f6\u011frencilerin dilbilgisi, edebiyat ve k\u00fclt\u00fcrel bilgilerini derinle\u015ftirerek akademik yetkinliklerini g\u00f6stermelerine olanak tan\u0131r. Bitirme projeleri, genellikle bir tez veya uzun bir makale \u015feklinde olabilir ve Fars Dili ve Edebiyat\u0131 alan\u0131ndaki \u00e7e\u015fitli konular\u0131 kapsayabilir. \u00d6\u011frenciler, \u00e7al\u0131\u015fmak istedikleri konuyu belirledikten sonra, ilgili literat\u00fcr\u00fc inceledikten [&hellip;]<\/p>\n","protected":false},"author":1,"featured_media":0,"parent":0,"menu_order":0,"comment_status":"closed","ping_status":"closed","template":"elementor_header_footer","meta":{"footnotes":""},"class_list":["post-5800","page","type-page","status-publish","hentry"],"_links":{"self":[{"href":"https:\/\/atauni.edu.tr\/fars-dili-ve-edebiyati\/wp-json\/wp\/v2\/pages\/5800","targetHints":{"allow":["GET"]}}],"collection":[{"href":"https:\/\/atauni.edu.tr\/fars-dili-ve-edebiyati\/wp-json\/wp\/v2\/pages"}],"about":[{"href":"https:\/\/atauni.edu.tr\/fars-dili-ve-edebiyati\/wp-json\/wp\/v2\/types\/page"}],"author":[{"embeddable":true,"href":"https:\/\/atauni.edu.tr\/fars-dili-ve-edebiyati\/wp-json\/wp\/v2\/users\/1"}],"replies":[{"embeddable":true,"href":"https:\/\/atauni.edu.tr\/fars-dili-ve-edebiyati\/wp-json\/wp\/v2\/comments?post=5800"}],"version-history":[{"count":11,"href":"https:\/\/atauni.edu.tr\/fars-dili-ve-edebiyati\/wp-json\/wp\/v2\/pages\/5800\/revisions"}],"predecessor-version":[{"id":6091,"href":"https:\/\/atauni.edu.tr\/fars-dili-ve-edebiyati\/wp-json\/wp\/v2\/pages\/5800\/revisions\/6091"}],"wp:attachment":[{"href":"https:\/\/atauni.edu.tr\/fars-dili-ve-edebiyati\/wp-json\/wp\/v2\/media?parent=5800"}],"curies":[{"name":"wp","href":"https:\/\/api.w.org\/{rel}","templated":true}]}}