{"id":7385,"date":"2023-02-02T12:18:08","date_gmt":"2023-02-02T09:18:08","guid":{"rendered":"https:\/\/birimler.atauni.edu.tr\/fars-dili-ve-edebiyati\/?page_id=7385"},"modified":"2023-02-27T11:44:14","modified_gmt":"2023-02-27T08:44:14","slug":"ogrenci-mezuniyet-anketi","status":"publish","type":"page","link":"https:\/\/atauni.edu.tr\/fars-dili-ve-edebiyati\/ogrenci-mezuniyet-anketi\/","title":{"rendered":"\u00d6\u011frenci Memnuniyet Anketi"},"content":{"rendered":"\t\t<div data-elementor-type=\"wp-page\" data-elementor-id=\"7385\" class=\"elementor elementor-7385\" data-elementor-post-type=\"page\">\n\t\t\t\t\t\t<section class=\"elementor-section elementor-top-section elementor-element elementor-element-c021115 elementor-section-boxed elementor-section-height-default elementor-section-height-default\" data-id=\"c021115\" data-element_type=\"section\">\n\t\t\t\t\t\t<div class=\"elementor-container elementor-column-gap-default\">\n\t\t\t\t\t<div class=\"elementor-column elementor-col-100 elementor-top-column elementor-element elementor-element-f80cff0\" data-id=\"f80cff0\" data-element_type=\"column\">\n\t\t\t<div class=\"elementor-widget-wrap elementor-element-populated\">\n\t\t\t\t\t\t<div class=\"elementor-element elementor-element-3349381 elementor-widget elementor-widget-text-editor\" data-id=\"3349381\" data-element_type=\"widget\" data-widget_type=\"text-editor.default\">\n\t\t\t\t<div class=\"elementor-widget-container\">\n\t\t\t\t\t\t\t\t\t<p>Fars Dili ve Edebiyat\u0131 B\u00f6l\u00fcm\u00fc \u00d6\u011frenci Memnuniyet Anketi i\u00e7in <a href=\"https:\/\/forms.gle\/5q1Tom2iqM4tQmA66\"><strong>T\u0131klay\u0131n\u0131z.<\/strong><\/a>\u00a0<\/p><p>\u00a0<\/p><p>Fars Dili ve Edebiyat\u0131 B\u00f6l\u00fcm\u00fc Mezun Memnuniyet Anketi i\u00e7in <a href=\"https:\/\/forms.gle\/VMYw5yFcDocSPwcg7\"><strong>T\u0131klay\u0131n\u0131z.<\/strong><\/a><\/p>\t\t\t\t\t\t\t\t<\/div>\n\t\t\t\t<\/div>\n\t\t\t\t\t<\/div>\n\t\t<\/div>\n\t\t\t\t\t<\/div>\n\t\t<\/section>\n\t\t\t\t<\/div>\n\t\t","protected":false},"excerpt":{"rendered":"<p>Fars Dili ve Edebiyat\u0131 B\u00f6l\u00fcm\u00fc \u00d6\u011frenci Memnuniyet Anketi i\u00e7in T\u0131klay\u0131n\u0131z.&nbsp; Fars Dili ve Edebiyat\u0131 B\u00f6l\u00fcm\u00fc Mezun Memnuniyet Anketi i\u00e7in T\u0131klay\u0131n\u0131z.<\/p>\n","protected":false},"author":93,"featured_media":0,"parent":0,"menu_order":0,"comment_status":"closed","ping_status":"closed","template":"","meta":{"footnotes":""},"class_list":["post-7385","page","type-page","status-publish","hentry"],"_links":{"self":[{"href":"https:\/\/atauni.edu.tr\/fars-dili-ve-edebiyati\/wp-json\/wp\/v2\/pages\/7385","targetHints":{"allow":["GET"]}}],"collection":[{"href":"https:\/\/atauni.edu.tr\/fars-dili-ve-edebiyati\/wp-json\/wp\/v2\/pages"}],"about":[{"href":"https:\/\/atauni.edu.tr\/fars-dili-ve-edebiyati\/wp-json\/wp\/v2\/types\/page"}],"author":[{"embeddable":true,"href":"https:\/\/atauni.edu.tr\/fars-dili-ve-edebiyati\/wp-json\/wp\/v2\/users\/93"}],"replies":[{"embeddable":true,"href":"https:\/\/atauni.edu.tr\/fars-dili-ve-edebiyati\/wp-json\/wp\/v2\/comments?post=7385"}],"version-history":[{"count":14,"href":"https:\/\/atauni.edu.tr\/fars-dili-ve-edebiyati\/wp-json\/wp\/v2\/pages\/7385\/revisions"}],"predecessor-version":[{"id":7473,"href":"https:\/\/atauni.edu.tr\/fars-dili-ve-edebiyati\/wp-json\/wp\/v2\/pages\/7385\/revisions\/7473"}],"wp:attachment":[{"href":"https:\/\/atauni.edu.tr\/fars-dili-ve-edebiyati\/wp-json\/wp\/v2\/media?parent=7385"}],"curies":[{"name":"wp","href":"https:\/\/api.w.org\/{rel}","templated":true}]}}