{"id":7585,"date":"2023-07-23T11:12:35","date_gmt":"2023-07-23T08:12:35","guid":{"rendered":"https:\/\/birimler.atauni.edu.tr\/fars-dili-ve-edebiyati\/?page_id=7585"},"modified":"2024-11-20T11:36:42","modified_gmt":"2024-11-20T08:36:42","slug":"mufredat-olcme-ve-degerlendirme-komisyonu","status":"publish","type":"page","link":"https:\/\/atauni.edu.tr\/fars-dili-ve-edebiyati\/mufredat-olcme-ve-degerlendirme-komisyonu\/","title":{"rendered":"Komisyon ve Koordinat\u00f6rl\u00fckler"},"content":{"rendered":"\t\t<div data-elementor-type=\"wp-page\" data-elementor-id=\"7585\" class=\"elementor elementor-7585\" data-elementor-post-type=\"page\">\n\t\t\t\t\t\t<section class=\"elementor-section elementor-top-section elementor-element elementor-element-45a3957 elementor-section-boxed elementor-section-height-default elementor-section-height-default\" data-id=\"45a3957\" data-element_type=\"section\">\n\t\t\t\t\t\t<div class=\"elementor-container elementor-column-gap-default\">\n\t\t\t\t\t<div class=\"elementor-column elementor-col-100 elementor-top-column elementor-element elementor-element-0f4a6a3\" data-id=\"0f4a6a3\" data-element_type=\"column\">\n\t\t\t<div class=\"elementor-widget-wrap elementor-element-populated\">\n\t\t\t\t\t\t<div class=\"elementor-element elementor-element-4e708cf elementor-widget elementor-widget-text-editor\" data-id=\"4e708cf\" data-element_type=\"widget\" data-widget_type=\"text-editor.default\">\n\t\t\t\t<div class=\"elementor-widget-container\">\n\t\t\t\t\t\t\t\t\t<p><a href=\"http:\/\/birimler.atauni.edu.tr\/fars-dili-ve-edebiyati\/wp-content\/uploads\/sites\/105\/2024\/11\/Bolum_Koordinatorlukler-ve-Komisyonlar-Fars-Dili.pdf\">B\u00f6l\u00fcm_Koordinat\u00f6rl\u00fckler ve Komisyonlar (Fars Dili)<\/a><\/p>\t\t\t\t\t\t\t\t<\/div>\n\t\t\t\t<\/div>\n\t\t\t\t\t<\/div>\n\t\t<\/div>\n\t\t\t\t\t<\/div>\n\t\t<\/section>\n\t\t\t\t<\/div>\n\t\t","protected":false},"excerpt":{"rendered":"<p>B\u00f6l\u00fcm_Koordinat\u00f6rl\u00fckler ve Komisyonlar (Fars Dili)<\/p>\n","protected":false},"author":93,"featured_media":0,"parent":0,"menu_order":0,"comment_status":"closed","ping_status":"closed","template":"","meta":{"footnotes":""},"class_list":["post-7585","page","type-page","status-publish","hentry"],"_links":{"self":[{"href":"https:\/\/atauni.edu.tr\/fars-dili-ve-edebiyati\/wp-json\/wp\/v2\/pages\/7585","targetHints":{"allow":["GET"]}}],"collection":[{"href":"https:\/\/atauni.edu.tr\/fars-dili-ve-edebiyati\/wp-json\/wp\/v2\/pages"}],"about":[{"href":"https:\/\/atauni.edu.tr\/fars-dili-ve-edebiyati\/wp-json\/wp\/v2\/types\/page"}],"author":[{"embeddable":true,"href":"https:\/\/atauni.edu.tr\/fars-dili-ve-edebiyati\/wp-json\/wp\/v2\/users\/93"}],"replies":[{"embeddable":true,"href":"https:\/\/atauni.edu.tr\/fars-dili-ve-edebiyati\/wp-json\/wp\/v2\/comments?post=7585"}],"version-history":[{"count":11,"href":"https:\/\/atauni.edu.tr\/fars-dili-ve-edebiyati\/wp-json\/wp\/v2\/pages\/7585\/revisions"}],"predecessor-version":[{"id":8663,"href":"https:\/\/atauni.edu.tr\/fars-dili-ve-edebiyati\/wp-json\/wp\/v2\/pages\/7585\/revisions\/8663"}],"wp:attachment":[{"href":"https:\/\/atauni.edu.tr\/fars-dili-ve-edebiyati\/wp-json\/wp\/v2\/media?parent=7585"}],"curies":[{"name":"wp","href":"https:\/\/api.w.org\/{rel}","templated":true}]}}