{"id":9046,"date":"2025-06-26T11:15:41","date_gmt":"2025-06-26T08:15:41","guid":{"rendered":"https:\/\/birimler.atauni.edu.tr\/fars-dili-ve-edebiyati\/?page_id=9046"},"modified":"2025-07-30T14:24:36","modified_gmt":"2025-07-30T11:24:36","slug":"etkinlikler","status":"publish","type":"page","link":"https:\/\/atauni.edu.tr\/fars-dili-ve-edebiyati\/etkinlikler\/","title":{"rendered":"Etkinlikler"},"content":{"rendered":"<form method=\"get\" class=\"row g-3\" style=\"margin-bottom: 20px;\"><div class=\"col-md-3\"><input type=\"text\" name=\"etkinlik_ara\" class=\"form-control\" placeholder=\"Etkinlik ara...\" value=\"\"><\/div><div class=\"col-md-3\"><input type=\"date\" name=\"baslangic_tarihi\" class=\"form-control\" value=\"\"><\/div><div class=\"col-md-3\"><input type=\"date\" name=\"bitis_tarihi\" class=\"form-control\" value=\"\"><\/div><div class=\"col-md-3\"><button type=\"submit\" class=\"btn btn-secondary w-50\">Filtrele<\/button><\/div><\/form><div class=\"etkinlikler-grid-container\" style=\"display: grid; grid-template-columns: repeat(3, 1fr); gap: 20px;\"><div class=\"etkinlik-grid-item\"><div class=\"etkinlik-datee\"><span class=\"day\">10<\/span><span class=\"month\">Mart<\/span><span class=\"year\">2026<\/span><\/div><a href=\"https:\/\/atauni.edu.tr\/fars-dili-ve-edebiyati\/2026\/03\/10\/ramazan-nesesi-etkinlikleri\/\" class=\"etkinlik-titlee\">Ramazan Ne\u015fesi Etkinlikleri<\/a><\/div><div class=\"etkinlik-grid-item\"><div class=\"etkinlik-thumbnail\"><img fetchpriority=\"high\" decoding=\"async\" width=\"221\" height=\"300\" src=\"https:\/\/atauni.edu.tr\/fars-dili-ve-edebiyati\/wp-content\/uploads\/sites\/105\/2025\/11\/590969370_1442721264523644_8468662341212855719_n-221x300.jpg\" class=\"img-fluid wp-post-image\" alt=\"\" srcset=\"https:\/\/atauni.edu.tr\/fars-dili-ve-edebiyati\/wp-content\/uploads\/sites\/105\/2025\/11\/590969370_1442721264523644_8468662341212855719_n-221x300.jpg 221w, https:\/\/atauni.edu.tr\/fars-dili-ve-edebiyati\/wp-content\/uploads\/sites\/105\/2025\/11\/590969370_1442721264523644_8468662341212855719_n-755x1024.jpg 755w, https:\/\/atauni.edu.tr\/fars-dili-ve-edebiyati\/wp-content\/uploads\/sites\/105\/2025\/11\/590969370_1442721264523644_8468662341212855719_n-768x1042.jpg 768w, https:\/\/atauni.edu.tr\/fars-dili-ve-edebiyati\/wp-content\/uploads\/sites\/105\/2025\/11\/590969370_1442721264523644_8468662341212855719_n-1132x1536.jpg 1132w, https:\/\/atauni.edu.tr\/fars-dili-ve-edebiyati\/wp-content\/uploads\/sites\/105\/2025\/11\/590969370_1442721264523644_8468662341212855719_n-442x600.jpg 442w, https:\/\/atauni.edu.tr\/fars-dili-ve-edebiyati\/wp-content\/uploads\/sites\/105\/2025\/11\/590969370_1442721264523644_8468662341212855719_n-413x560.jpg 413w, https:\/\/atauni.edu.tr\/fars-dili-ve-edebiyati\/wp-content\/uploads\/sites\/105\/2025\/11\/590969370_1442721264523644_8468662341212855719_n.jpg 1179w\" sizes=\"(max-width: 221px) 100vw, 221px\" \/><\/div><div class=\"etkinlik-datee\"><span class=\"day\">29<\/span><span class=\"month\">Kas\u0131m<\/span><span class=\"year\">2025<\/span><\/div><a href=\"https:\/\/atauni.edu.tr\/fars-dili-ve-edebiyati\/2025\/11\/29\/uluslararasi-allame-ikbal-sempozyumu\/\" class=\"etkinlik-titlee\">Uluslararas\u0131 Allame \u0130kbal Sempozyumu<\/a><\/div><div class=\"etkinlik-grid-item\"><div class=\"etkinlik-datee\"><span class=\"day\">31<\/span><span class=\"month\">Ekim<\/span><span class=\"year\">2025<\/span><\/div><a href=\"https:\/\/atauni.edu.tr\/fars-dili-ve-edebiyati\/2025\/10\/31\/turk-felsefi-dusuncesinin-dehasi-nizami-gencevi-uluslararasi-sempozyumu\/\" class=\"etkinlik-titlee\">T\u00dcRK FELSEF\u0130 D\u00dc\u015e\u00dcNCES\u0130N\u0130N DEHASI N\u0130ZAM\u0130 GENCEV\u00ce ULUSLARARASI SEMPOZYUMU<\/a><\/div><div class=\"etkinlik-grid-item\"><div class=\"etkinlik-thumbnail\"><img decoding=\"async\" width=\"214\" height=\"300\" src=\"https:\/\/atauni.edu.tr\/fars-dili-ve-edebiyati\/wp-content\/uploads\/sites\/105\/2025\/09\/540754950_10164112396894271_3978620445894028961_n-214x300.jpg\" class=\"img-fluid wp-post-image\" alt=\"\" srcset=\"https:\/\/atauni.edu.tr\/fars-dili-ve-edebiyati\/wp-content\/uploads\/sites\/105\/2025\/09\/540754950_10164112396894271_3978620445894028961_n-214x300.jpg 214w, https:\/\/atauni.edu.tr\/fars-dili-ve-edebiyati\/wp-content\/uploads\/sites\/105\/2025\/09\/540754950_10164112396894271_3978620445894028961_n-732x1024.jpg 732w, https:\/\/atauni.edu.tr\/fars-dili-ve-edebiyati\/wp-content\/uploads\/sites\/105\/2025\/09\/540754950_10164112396894271_3978620445894028961_n-768x1075.jpg 768w, https:\/\/atauni.edu.tr\/fars-dili-ve-edebiyati\/wp-content\/uploads\/sites\/105\/2025\/09\/540754950_10164112396894271_3978620445894028961_n-1097x1536.jpg 1097w, https:\/\/atauni.edu.tr\/fars-dili-ve-edebiyati\/wp-content\/uploads\/sites\/105\/2025\/09\/540754950_10164112396894271_3978620445894028961_n-429x600.jpg 429w, https:\/\/atauni.edu.tr\/fars-dili-ve-edebiyati\/wp-content\/uploads\/sites\/105\/2025\/09\/540754950_10164112396894271_3978620445894028961_n-400x560.jpg 400w, https:\/\/atauni.edu.tr\/fars-dili-ve-edebiyati\/wp-content\/uploads\/sites\/105\/2025\/09\/540754950_10164112396894271_3978620445894028961_n.jpg 1463w\" sizes=\"(max-width: 214px) 100vw, 214px\" \/><\/div><div class=\"etkinlik-datee\"><span class=\"day\">30<\/span><span class=\"month\">Eyl\u00fcl<\/span><span class=\"year\">2025<\/span><\/div><a href=\"https:\/\/atauni.edu.tr\/fars-dili-ve-edebiyati\/2025\/09\/30\/uluslararasi-sehriyar-kongresi\/\" class=\"etkinlik-titlee\">Uluslararas\u0131 \u015eehriyar Kongresi<\/a><\/div><div class=\"etkinlik-grid-item\"><div class=\"etkinlik-thumbnail\"><img decoding=\"async\" width=\"234\" height=\"300\" src=\"https:\/\/atauni.edu.tr\/fars-dili-ve-edebiyati\/wp-content\/uploads\/sites\/105\/2025\/07\/513473331_1299280458867726_6562534480833022679_n-234x300.jpg\" class=\"img-fluid wp-post-image\" alt=\"\" srcset=\"https:\/\/atauni.edu.tr\/fars-dili-ve-edebiyati\/wp-content\/uploads\/sites\/105\/2025\/07\/513473331_1299280458867726_6562534480833022679_n-234x300.jpg 234w, https:\/\/atauni.edu.tr\/fars-dili-ve-edebiyati\/wp-content\/uploads\/sites\/105\/2025\/07\/513473331_1299280458867726_6562534480833022679_n-799x1024.jpg 799w, https:\/\/atauni.edu.tr\/fars-dili-ve-edebiyati\/wp-content\/uploads\/sites\/105\/2025\/07\/513473331_1299280458867726_6562534480833022679_n-768x985.jpg 768w, https:\/\/atauni.edu.tr\/fars-dili-ve-edebiyati\/wp-content\/uploads\/sites\/105\/2025\/07\/513473331_1299280458867726_6562534480833022679_n-468x600.jpg 468w, https:\/\/atauni.edu.tr\/fars-dili-ve-edebiyati\/wp-content\/uploads\/sites\/105\/2025\/07\/513473331_1299280458867726_6562534480833022679_n-437x560.jpg 437w, https:\/\/atauni.edu.tr\/fars-dili-ve-edebiyati\/wp-content\/uploads\/sites\/105\/2025\/07\/513473331_1299280458867726_6562534480833022679_n.jpg 960w\" sizes=\"(max-width: 234px) 100vw, 234px\" \/><\/div><div class=\"etkinlik-datee\"><span class=\"day\">03<\/span><span class=\"month\">Temmuz<\/span><span class=\"year\">2025<\/span><\/div><a href=\"https:\/\/atauni.edu.tr\/fars-dili-ve-edebiyati\/2025\/07\/03\/dijital-turk-mitolojisi-ansiklopedisi-calistayi\/\" class=\"etkinlik-titlee\">Dijital T\u00fcrk Mitolojisi Ansiklopedisi \u00c7al\u0131\u015ftay\u0131<\/a><\/div><\/div><div class=\"pagination\" style=\"margin-top: 20px;\"><\/div>\n\n\n\n<p><\/p>\n","protected":false},"excerpt":{"rendered":"","protected":false},"author":8,"featured_media":0,"parent":0,"menu_order":0,"comment_status":"closed","ping_status":"closed","template":"","meta":{"footnotes":""},"class_list":["post-9046","page","type-page","status-publish","hentry"],"_links":{"self":[{"href":"https:\/\/atauni.edu.tr\/fars-dili-ve-edebiyati\/wp-json\/wp\/v2\/pages\/9046","targetHints":{"allow":["GET"]}}],"collection":[{"href":"https:\/\/atauni.edu.tr\/fars-dili-ve-edebiyati\/wp-json\/wp\/v2\/pages"}],"about":[{"href":"https:\/\/atauni.edu.tr\/fars-dili-ve-edebiyati\/wp-json\/wp\/v2\/types\/page"}],"author":[{"embeddable":true,"href":"https:\/\/atauni.edu.tr\/fars-dili-ve-edebiyati\/wp-json\/wp\/v2\/users\/8"}],"replies":[{"embeddable":true,"href":"https:\/\/atauni.edu.tr\/fars-dili-ve-edebiyati\/wp-json\/wp\/v2\/comments?post=9046"}],"version-history":[{"count":2,"href":"https:\/\/atauni.edu.tr\/fars-dili-ve-edebiyati\/wp-json\/wp\/v2\/pages\/9046\/revisions"}],"predecessor-version":[{"id":9074,"href":"https:\/\/atauni.edu.tr\/fars-dili-ve-edebiyati\/wp-json\/wp\/v2\/pages\/9046\/revisions\/9074"}],"wp:attachment":[{"href":"https:\/\/atauni.edu.tr\/fars-dili-ve-edebiyati\/wp-json\/wp\/v2\/media?parent=9046"}],"curies":[{"name":"wp","href":"https:\/\/api.w.org\/{rel}","templated":true}]}}